{"id":993227,"date":"2024-01-27T18:44:00","date_gmt":"2024-01-27T17:44:00","guid":{"rendered":"https:\/\/haranta.sk\/?post_type=product&#038;p=993227"},"modified":"2024-01-27T18:44:45","modified_gmt":"2024-01-27T17:44:45","slug":"navod-ako-pochopit-druhych-a-upratanie-si-okolia-2-cast","status":"publish","type":"product","link":"https:\/\/haranta.sk\/en\/product\/navod-ako-pochopit-druhych-a-upratanie-si-okolia-2-cast\/","title":{"rendered":"N\u00e1vod ako pochopi\u0165 druh\u00fdch a upratanie si okolia. 2. \u010das\u0165"},"content":{"rendered":"<div class=\"vgblk-rw-wrapper limit-wrapper\">&nbsp;<\/p>\n<p>&nbsp;<\/p>\n<p>&nbsp;<\/p><\/div>\n<p><!-- .vgblk-rw-wrapper --><\/p>","protected":false},"excerpt":{"rendered":"<p>&nbsp; &nbsp; &nbsp;<\/p>","protected":false},"featured_media":0,"comment_status":"open","ping_status":"closed","template":"","meta":{"pmpro_default_level":"","iawp_total_views":1},"product_brand":[],"product_cat":[95],"product_tag":[],"class_list":{"0":"post-993227","1":"product","2":"type-product","3":"status-publish","5":"product_cat-online-kurzy","6":"pmpro-has-access","8":"first","9":"instock","10":"downloadable","11":"virtual","12":"taxable","13":"purchasable","14":"product-type-simple"},"acf":[],"_links":{"self":[{"href":"https:\/\/haranta.sk\/en\/wp-json\/wp\/v2\/product\/993227","targetHints":{"allow":["GET"]}}],"collection":[{"href":"https:\/\/haranta.sk\/en\/wp-json\/wp\/v2\/product"}],"about":[{"href":"https:\/\/haranta.sk\/en\/wp-json\/wp\/v2\/types\/product"}],"replies":[{"embeddable":true,"href":"https:\/\/haranta.sk\/en\/wp-json\/wp\/v2\/comments?post=993227"}],"version-history":[{"count":1,"href":"https:\/\/haranta.sk\/en\/wp-json\/wp\/v2\/product\/993227\/revisions"}],"predecessor-version":[{"id":993228,"href":"https:\/\/haranta.sk\/en\/wp-json\/wp\/v2\/product\/993227\/revisions\/993228"}],"wp:attachment":[{"href":"https:\/\/haranta.sk\/en\/wp-json\/wp\/v2\/media?parent=993227"}],"wp:term":[{"taxonomy":"product_brand","embeddable":true,"href":"https:\/\/haranta.sk\/en\/wp-json\/wp\/v2\/product_brand?post=993227"},{"taxonomy":"product_cat","embeddable":true,"href":"https:\/\/haranta.sk\/en\/wp-json\/wp\/v2\/product_cat?post=993227"},{"taxonomy":"product_tag","embeddable":true,"href":"https:\/\/haranta.sk\/en\/wp-json\/wp\/v2\/product_tag?post=993227"}],"curies":[{"name":"wp","href":"https:\/\/api.w.org\/{rel}","templated":true}]}}