{"id":993223,"date":"2024-01-27T18:39:55","date_gmt":"2024-01-27T17:39:55","guid":{"rendered":"https:\/\/haranta.sk\/?post_type=product&#038;p=993223"},"modified":"2024-01-27T18:41:24","modified_gmt":"2024-01-27T17:41:24","slug":"thetahealing-manifestacia-hojnosti","status":"publish","type":"product","link":"https:\/\/haranta.sk\/en\/product\/thetahealing-manifestacia-hojnosti\/","title":{"rendered":"ThetaHealing &#8211; Manifest\u00e1cia hojnosti"},"content":{"rendered":"<div class=\"vgblk-rw-wrapper limit-wrapper\">Manifestujte si hojnos\u0165, l\u00e1sku, zdravie, kari\u00e9ru, vz\u0165ahy a \u010fal\u0161ie vo Va\u0161om \u017eivote &#8211; v theta hladine a v spolo\u010dnej skupinovej energii.<\/p>\n<p>St\u00e1le viac a viac \u013eud\u00ed si uvedomuje, ako ve\u013emi na\u0161e my\u0161lienky a sp\u00f4sob myslenia ovplyv\u0148uje n\u00e1\u0161 \u017eivot. Preto je d\u00f4le\u017eit\u00e9 ch\u00e1pa\u0165, ako smerova\u0165 my\u0161lienky k tomu, \u010do chceme ma\u0165 vo svojom \u017eivote a ako si spr\u00e1vne manifestova\u0165 &#8211; vytv\u00e1ra\u0165 a pri\u0165ahova\u0165 si do \u017eivota to, \u010do chceme \u2013 a \u010do je pre n\u00e1s d\u00f4le\u017eit\u00e9.<\/p>\n<p>Preto sme pre V\u00e1s pripravili tento skvel\u00fd a praktick\u00fd webin\u00e1r, kde si spolo\u010dne prejdeme a nau\u010d\u00edte sa, ako pracova\u0165 s my\u0161lienkami, ako si tvori\u0165 manifesta\u010dn\u00fd zoznam, povieme si o blokoch, ktor\u00e9 n\u00e1m br\u00e1nia v tom, aby sme mali v\u0161etko, \u010do chceme a hlavne si v spolo\u010dnej posilnenej skupinovej energii a cez met\u00f3du ThetaHealing budeme spolo\u010dne manifestova\u0165 v\u0161etko, po \u010dom t\u00fa\u017eite, aby sa V\u00e1m to splnilo. Zist\u00edte, ako sa zbavi\u0165 blokov v hojnosti a ako si prostredn\u00edctvom techniky ThetaHealing a medit\u00e1cie pritiahn\u00fa\u0165 do \u017eivota to, po \u010dom t\u00fa\u017eite.<\/p>\n<p>Tento webin\u00e1r je vhodn\u00fd pre v\u0161etk\u00fdch, za\u010diato\u010dn\u00edkov aj sk\u00fasen\u00fdch v manifest\u00e1ci\u00ed, ktor\u00ed maj\u00fa z\u00e1ujem za\u017ei\u0165 manifest\u00e1ciu v hladine theta (a\u017e 90% \u00fa\u010dinnos\u0165 pri manifestovan\u00ed).<\/p>\n<p>&nbsp;<\/p>\n<p>&nbsp;<\/p><\/div>\n<p><!-- .vgblk-rw-wrapper --><\/p>","protected":false},"excerpt":{"rendered":"<p>Manifestujte si hojnos\u0165, l\u00e1sku, zdravie, kari\u00e9ru, vz\u0165ahy a \u010fal\u0161ie vo Va\u0161om \u017eivote &#8211; v theta hladine a v spolo\u010dnej skupinovej energii. St\u00e1le viac a viac \u013eud\u00ed si uvedomuje, ako ve\u013emi na\u0161e my\u0161lienky a sp\u00f4sob myslenia ovplyv\u0148uje n\u00e1\u0161 \u017eivot. Preto je d\u00f4le\u017eit\u00e9 ch\u00e1pa\u0165, ako smerova\u0165 my\u0161lienky k tomu, \u010do chceme ma\u0165 vo svojom \u017eivote a ako&#8230;<\/p>","protected":false},"featured_media":0,"comment_status":"open","ping_status":"closed","template":"","meta":{"pmpro_default_level":"","iawp_total_views":0},"product_brand":[],"product_cat":[95],"product_tag":[],"class_list":{"0":"post-993223","1":"product","2":"type-product","3":"status-publish","5":"product_cat-online-kurzy","6":"pmpro-has-access","8":"first","9":"instock","10":"downloadable","11":"virtual","12":"taxable","13":"purchasable","14":"product-type-simple"},"acf":[],"_links":{"self":[{"href":"https:\/\/haranta.sk\/en\/wp-json\/wp\/v2\/product\/993223","targetHints":{"allow":["GET"]}}],"collection":[{"href":"https:\/\/haranta.sk\/en\/wp-json\/wp\/v2\/product"}],"about":[{"href":"https:\/\/haranta.sk\/en\/wp-json\/wp\/v2\/types\/product"}],"replies":[{"embeddable":true,"href":"https:\/\/haranta.sk\/en\/wp-json\/wp\/v2\/comments?post=993223"}],"version-history":[{"count":1,"href":"https:\/\/haranta.sk\/en\/wp-json\/wp\/v2\/product\/993223\/revisions"}],"predecessor-version":[{"id":993224,"href":"https:\/\/haranta.sk\/en\/wp-json\/wp\/v2\/product\/993223\/revisions\/993224"}],"wp:attachment":[{"href":"https:\/\/haranta.sk\/en\/wp-json\/wp\/v2\/media?parent=993223"}],"wp:term":[{"taxonomy":"product_brand","embeddable":true,"href":"https:\/\/haranta.sk\/en\/wp-json\/wp\/v2\/product_brand?post=993223"},{"taxonomy":"product_cat","embeddable":true,"href":"https:\/\/haranta.sk\/en\/wp-json\/wp\/v2\/product_cat?post=993223"},{"taxonomy":"product_tag","embeddable":true,"href":"https:\/\/haranta.sk\/en\/wp-json\/wp\/v2\/product_tag?post=993223"}],"curies":[{"name":"wp","href":"https:\/\/api.w.org\/{rel}","templated":true}]}}