{"id":992996,"date":"2023-11-28T01:40:46","date_gmt":"2023-11-28T00:40:46","guid":{"rendered":"https:\/\/haranta.sk\/?post_type=product&#038;p=992996"},"modified":"2023-11-28T01:41:50","modified_gmt":"2023-11-28T00:41:50","slug":"enneagram-2-cast-mysel-a-myslove-typy","status":"publish","type":"product","link":"https:\/\/haranta.sk\/en\/product\/enneagram-2-cast-mysel-a-myslove-typy\/","title":{"rendered":"Enneagram \u2013 2. \u010das\u0165 myse\u013e a mys\u013eov\u00e9 typy"},"content":{"rendered":"<div class=\"vgblk-rw-wrapper limit-wrapper\">Spoznajte sam\u00e9ho seba a svoje vz\u0165ahy v\u010faka unik\u00e1tnej osobnostnej typol\u00f3gii ENNEAGRAM\u00a0 v autentickom podan\u00ed sk\u00fasen\u00e9ho terapeuta, spisovate\u013ea a medzin\u00e1rodn\u00e9ho lektora met\u00f3dy ThetaHealing \u2013 Miroslava Harantu \u2013 ktor\u00fd o Enneagrame predn\u00e1\u0161a pre \u0161irok\u00fa verejnos\u0165, firmy, \u0161koly a univerzity u\u017e viac ako 10 rokov.<\/p>\n<p>Viac o kurze a nahlad videa si mozte pozriet na <a href=\"https:\/\/haranta.sk\/en\/course\/enneagram-2-cast-mysel-a-myslove-typy\/\" target=\"_blank\" rel=\"noopener\">Enneagram \u2013 2. \u010das\u0165 myse\u013e a mys\u013eov\u00e9 typy<\/a><\/div>\n<p><!-- .vgblk-rw-wrapper --><\/p>","protected":false},"excerpt":{"rendered":"<p>Spoznajte sam\u00e9ho seba a svoje vz\u0165ahy v\u010faka unik\u00e1tnej osobnostnej typol\u00f3gii ENNEAGRAM\u00a0 v autentickom podan\u00ed sk\u00fasen\u00e9ho terapeuta, spisovate\u013ea a medzin\u00e1rodn\u00e9ho lektora met\u00f3dy ThetaHealing \u2013 Miroslava Harantu \u2013 ktor\u00fd o Enneagrame predn\u00e1\u0161a pre \u0161irok\u00fa verejnos\u0165, firmy, \u0161koly a univerzity u\u017e viac ako 10 rokov. Viac o kurze a nahlad videa si mozte pozriet na Enneagram \u2013 2&#8230;.<\/p>","protected":false},"featured_media":0,"comment_status":"open","ping_status":"closed","template":"","meta":{"pmpro_default_level":"","iawp_total_views":6},"product_brand":[],"product_cat":[95],"product_tag":[],"class_list":{"0":"post-992996","1":"product","2":"type-product","3":"status-publish","5":"product_cat-online-kurzy","6":"pmpro-has-access","8":"first","9":"instock","10":"downloadable","11":"virtual","12":"taxable","13":"purchasable","14":"product-type-simple"},"acf":[],"_links":{"self":[{"href":"https:\/\/haranta.sk\/en\/wp-json\/wp\/v2\/product\/992996","targetHints":{"allow":["GET"]}}],"collection":[{"href":"https:\/\/haranta.sk\/en\/wp-json\/wp\/v2\/product"}],"about":[{"href":"https:\/\/haranta.sk\/en\/wp-json\/wp\/v2\/types\/product"}],"replies":[{"embeddable":true,"href":"https:\/\/haranta.sk\/en\/wp-json\/wp\/v2\/comments?post=992996"}],"version-history":[{"count":0,"href":"https:\/\/haranta.sk\/en\/wp-json\/wp\/v2\/product\/992996\/revisions"}],"wp:attachment":[{"href":"https:\/\/haranta.sk\/en\/wp-json\/wp\/v2\/media?parent=992996"}],"wp:term":[{"taxonomy":"product_brand","embeddable":true,"href":"https:\/\/haranta.sk\/en\/wp-json\/wp\/v2\/product_brand?post=992996"},{"taxonomy":"product_cat","embeddable":true,"href":"https:\/\/haranta.sk\/en\/wp-json\/wp\/v2\/product_cat?post=992996"},{"taxonomy":"product_tag","embeddable":true,"href":"https:\/\/haranta.sk\/en\/wp-json\/wp\/v2\/product_tag?post=992996"}],"curies":[{"name":"wp","href":"https:\/\/api.w.org\/{rel}","templated":true}]}}