{"id":991314,"date":"2023-09-02T15:10:30","date_gmt":"2023-09-02T13:10:30","guid":{"rendered":"https:\/\/haranta.sk\/?post_type=product&#038;p=991314"},"modified":"2024-05-16T21:37:13","modified_gmt":"2024-05-16T19:37:13","slug":"hojnost-umenie-businessu","status":"publish","type":"product","link":"https:\/\/haranta.sk\/en\/product\/hojnost-umenie-businessu\/","title":{"rendered":"Hojnos\u0165 &#038; umenie businessu"},"content":{"rendered":"\t\t<div data-elementor-type=\"product-post\" data-elementor-id=\"991314\" class=\"elementor elementor-991314\" data-elementor-post-type=\"product\">\n\t\t\t\t\t\t\t<div class=\"elementor-element elementor-element-d879b86 e-flex e-con-boxed e-con e-parent\" data-id=\"d879b86\" data-element_type=\"container\" data-settings=\"{&quot;jet_parallax_layout_list&quot;:[],&quot;content_width&quot;:&quot;boxed&quot;}\" data-core-v316-plus=\"true\">\n\t\t\t\t\t<div class=\"e-con-inner\">\n\t\t\t\t<div class=\"elementor-element elementor-element-12922e8 elementor-widget elementor-widget-heading\" data-id=\"12922e8\" data-element_type=\"widget\" data-widget_type=\"heading.default\">\n\t\t\t\t<div class=\"elementor-widget-container\">\n\t\t\t<h6 class=\"elementor-heading-title elementor-size-default\">Chcem z\u00edska\u0165 viac info o programe<\/h6>\t\t<\/div>\n\t\t\t\t<\/div>\n\t\t\t\t<div class=\"elementor-element elementor-element-fbcf9a6 elementor-widget elementor-widget-text-editor\" data-id=\"fbcf9a6\" data-element_type=\"widget\" data-widget_type=\"text-editor.default\">\n\t\t\t\t<div class=\"elementor-widget-container\">\n\t\t\t\t\t\t\t<p><span style=\"font-weight: 400;\">Unik\u00e1tny mentoringov\u00fd program Hojnos\u0165 &amp; umenie businessu<\/span><\/p>\n<p><span style=\"font-weight: 400;\">Uv\u00e1dzacia cena je 1 800 eur, hodnota programu je 2 500 eur.<\/span><\/p>\n<p><span style=\"font-weight: 400;\">Mentoringovy program zah\u0155\u0148a osobn\u00e9 vedenie a terapie zameran\u00e9 na&nbsp; bloky v hojnosti, financi\u00e1ch, osobnom \u017eivote, vz\u0165ahoch aj kari\u00e9re. V tomto programe sa zamer\u00e1me a odstr\u00e1nime hlbok\u00e9 podvedom\u00e9 bloky, ktor\u00e9 n\u00e1m br\u00e1nia napredova\u0165 v \u017eivote, v pr\u00e1ci \u010di v businesse. 15 hod\u00edn unik\u00e1tnych osobn\u00fdch alebo online stretnut\u00ed, terapi\u00ed ThetaHealing a osobn\u00e9ho coachingu zameran\u00e9ho na otvorenie hojnosti, sebahodnoty. Anal\u00fdza osobnosti, darov a poslania. Konzult\u00e1cie a podpora svojho vlastn\u00e9ho businessu.<\/span><span style=\"font-weight: 400;\"><br><\/span><span style=\"font-weight: 400;\"><br><\/span><span style=\"font-weight: 400;\">Pre viac info o programe nap\u00ed\u0161 na: <\/span><a href=\"mailto:katka@haranta.sk\"><span style=\"font-weight: 400;\">katka@haranta.sk<\/span><\/a> alebo vyplnte formul\u00e1r<\/p>\t\t\t\t\t\t<\/div>\n\t\t\t\t<\/div>\n\t\t\t\t<div class=\"vamtam-has-theme-widget-styles elementor-element elementor-element-501dcb7 elementor-button-align-stretch elementor-widget elementor-widget-form\" data-id=\"501dcb7\" data-element_type=\"widget\" data-settings=\"{&quot;step_next_label&quot;:&quot;\\u010eal\\u0161ie&quot;,&quot;step_previous_label&quot;:&quot;Predo\\u0161l\\u00e9&quot;,&quot;button_width&quot;:&quot;100&quot;,&quot;step_type&quot;:&quot;number_text&quot;,&quot;step_icon_shape&quot;:&quot;circle&quot;}\" data-widget_type=\"form.default\">\n\t\t\t\t<div class=\"elementor-widget-container\">\n\t\t\t\t\t<form class=\"elementor-form\" method=\"post\" name=\"Info Hojnost a umenie\">\n\t\t\t<input type=\"hidden\" name=\"post_id\" value=\"991314\"\/>\n\t\t\t<input type=\"hidden\" name=\"form_id\" value=\"501dcb7\"\/>\n\t\t\t<input type=\"hidden\" name=\"referer_title\" value=\"\" \/>\n\n\t\t\t\n\t\t\t<div class=\"elementor-form-fields-wrapper elementor-labels-above\">\n\t\t\t\t\t\t\t\t<div class=\"elementor-field-type-text elementor-field-group elementor-column elementor-field-group-name elementor-col-100\">\n\t\t\t\t\t\t\t\t\t\t\t\t<label for=\"form-field-name\" class=\"elementor-field-label\">\n\t\t\t\t\t\t\t\tMeno\t\t\t\t\t\t\t<\/label>\n\t\t\t\t\t\t\t\t\t\t\t\t\t\t<input size=\"1\" type=\"text\" name=\"form_fields[name]\" id=\"form-field-name\" class=\"elementor-field elementor-size-sm  elementor-field-textual\" placeholder=\"Meno\">\n\t\t\t\t\t\t\t\t\t\t\t<\/div>\n\t\t\t\t\t\t\t\t<div class=\"elementor-field-type-email elementor-field-group elementor-column elementor-field-group-email elementor-col-100 elementor-field-required elementor-mark-required\">\n\t\t\t\t\t\t\t\t\t\t\t\t<label for=\"form-field-email\" class=\"elementor-field-label\">\n\t\t\t\t\t\t\t\tEmail\t\t\t\t\t\t\t<\/label>\n\t\t\t\t\t\t\t\t\t\t\t\t\t\t<input size=\"1\" type=\"email\" name=\"form_fields[email]\" id=\"form-field-email\" class=\"elementor-field elementor-size-sm  elementor-field-textual\" placeholder=\"Email\" required=\"required\" aria-required=\"true\">\n\t\t\t\t\t\t\t\t\t\t\t<\/div>\n\t\t\t\t\t\t\t\t<div class=\"elementor-field-type-textarea elementor-field-group elementor-column elementor-field-group-message elementor-col-100\">\n\t\t\t\t\t\t\t\t\t\t\t\t<label for=\"form-field-message\" class=\"elementor-field-label\">\n\t\t\t\t\t\t\t\tSpr\u00e1va\t\t\t\t\t\t\t<\/label>\n\t\t\t\t\t\t<textarea class=\"elementor-field-textual elementor-field  elementor-size-sm\" name=\"form_fields[message]\" id=\"form-field-message\" rows=\"4\" placeholder=\"Spr\u00e1va\"><\/textarea>\t\t\t\t<\/div>\n\t\t\t\t\t\t\t\t<div class=\"elementor-field-type-recaptcha_v3 elementor-field-group elementor-column elementor-field-group-field_db496a9 elementor-col-100 recaptcha_v3-bottomright\">\n\t\t\t\t\t<div class=\"elementor-field\" id=\"form-field-field_db496a9\"><div class=\"elementor-g-recaptcha\" data-sitekey=\"6LcjQPUoAAAAAF2oaszONXjs_AP-3c5SittSqcBa\" data-type=\"v3\" data-action=\"Form\" data-badge=\"bottomright\" data-size=\"invisible\"><\/div><\/div>\t\t\t\t<\/div>\n\t\t\t\t\t\t\t\t<div class=\"elementor-field-group elementor-column elementor-field-type-submit elementor-col-100 e-form__buttons\">\n\t\t\t\t\t<button type=\"submit\" class=\"elementor-button elementor-size-sm\">\n\t\t\t\t\t\t<span >\n\t\t\t\t\t\t\t\t\t\t\t\t\t\t\t<span class=\" elementor-button-icon\">\n\t\t\t\t\t\t\t\t\t\t\t\t\t\t\t\t\t\t\t\t\t\t\t\t\t\t<\/span>\n\t\t\t\t\t\t\t\t\t\t\t\t\t\t\t\t\t\t\t\t\t\t<span class=\"elementor-button-text\">Posla\u0165<\/span>\n\t\t\t\t\t\t\t\t\t\t\t\t\t<\/span>\n\t\t\t\t\t<\/button>\n\t\t\t\t<\/div>\n\t\t\t<\/div>\n\t\t<\/form>\n\t\t\t\t<\/div>\n\t\t\t\t<\/div>\n\t\t\t\t\t<\/div>\n\t\t\t\t<\/div>\n\t\t\t\t\t\t\t<\/div>\n\t\t","protected":false},"excerpt":{"rendered":"<p>Chcem z\u00edska\u0165 viac info o programe Unik\u00e1tny mentoringov\u00fd program Hojnos\u0165 &amp; umenie businessu Uv\u00e1dzacia cena je 1 800 eur, hodnota programu je 2 500 eur. Mentoringovy program zah\u0155\u0148a osobn\u00e9 vedenie a terapie zameran\u00e9 na&nbsp; bloky v hojnosti, financi\u00e1ch, osobnom \u017eivote, vz\u0165ahoch aj kari\u00e9re. V tomto programe sa zamer\u00e1me a odstr\u00e1nime hlbok\u00e9 podvedom\u00e9 bloky, ktor\u00e9 n\u00e1m&#8230;<\/p>","protected":false},"featured_media":0,"comment_status":"open","ping_status":"closed","template":"","meta":{"pmpro_default_level":"","iawp_total_views":50},"product_brand":[],"product_cat":[83],"product_tag":[],"class_list":{"0":"post-991314","1":"product","2":"type-product","3":"status-publish","5":"product_cat-poukazka","6":"pmpro-has-access","8":"first","9":"instock","10":"virtual","11":"taxable","12":"purchasable","13":"product-type-simple"},"acf":[],"_links":{"self":[{"href":"https:\/\/haranta.sk\/en\/wp-json\/wp\/v2\/product\/991314","targetHints":{"allow":["GET"]}}],"collection":[{"href":"https:\/\/haranta.sk\/en\/wp-json\/wp\/v2\/product"}],"about":[{"href":"https:\/\/haranta.sk\/en\/wp-json\/wp\/v2\/types\/product"}],"replies":[{"embeddable":true,"href":"https:\/\/haranta.sk\/en\/wp-json\/wp\/v2\/comments?post=991314"}],"version-history":[{"count":4,"href":"https:\/\/haranta.sk\/en\/wp-json\/wp\/v2\/product\/991314\/revisions"}],"predecessor-version":[{"id":993329,"href":"https:\/\/haranta.sk\/en\/wp-json\/wp\/v2\/product\/991314\/revisions\/993329"}],"wp:attachment":[{"href":"https:\/\/haranta.sk\/en\/wp-json\/wp\/v2\/media?parent=991314"}],"wp:term":[{"taxonomy":"product_brand","embeddable":true,"href":"https:\/\/haranta.sk\/en\/wp-json\/wp\/v2\/product_brand?post=991314"},{"taxonomy":"product_cat","embeddable":true,"href":"https:\/\/haranta.sk\/en\/wp-json\/wp\/v2\/product_cat?post=991314"},{"taxonomy":"product_tag","embeddable":true,"href":"https:\/\/haranta.sk\/en\/wp-json\/wp\/v2\/product_tag?post=991314"}],"curies":[{"name":"wp","href":"https:\/\/api.w.org\/{rel}","templated":true}]}}