{"id":990910,"date":"2023-07-21T10:54:34","date_gmt":"2023-07-21T08:54:34","guid":{"rendered":"https:\/\/haranta.sk\/?post_type=product&#038;p=990910"},"modified":"2023-11-09T19:32:29","modified_gmt":"2023-11-09T18:32:29","slug":"kurz-thetahealing","status":"publish","type":"product","link":"https:\/\/haranta.sk\/en\/product\/kurz-thetahealing\/","title":{"rendered":"Kurz ThetaHealing"},"content":{"rendered":"\t\t<div data-elementor-type=\"product-post\" data-elementor-id=\"990910\" class=\"elementor elementor-990910\" data-elementor-post-type=\"product\">\n\t\t\t\t\t\t\t<div class=\"elementor-element elementor-element-11c37ae e-flex e-con-boxed e-con e-parent\" data-id=\"11c37ae\" data-element_type=\"container\" data-settings=\"{&quot;jet_parallax_layout_list&quot;:[],&quot;content_width&quot;:&quot;boxed&quot;}\" data-core-v316-plus=\"true\">\n\t\t\t\t\t<div class=\"e-con-inner\">\n\t\t\t\t<div class=\"elementor-element elementor-element-74b0015 elementor-widget elementor-widget-heading\" data-id=\"74b0015\" data-element_type=\"widget\" data-widget_type=\"heading.default\">\n\t\t\t\t<div class=\"elementor-widget-container\">\n\t\t\t<h6 class=\"elementor-heading-title elementor-size-default\">Chcem z\u00edska\u0165 viac info o programe<\/h6>\t\t<\/div>\n\t\t\t\t<\/div>\n\t\t\t\t<div class=\"elementor-element elementor-element-61c7c60 elementor-widget elementor-widget-text-editor\" data-id=\"61c7c60\" data-element_type=\"widget\" data-widget_type=\"text-editor.default\">\n\t\t\t\t<div class=\"elementor-widget-container\">\n\t\t\t\t\t\t\t<p>Dar\u010dekov\u00fd poukaz na kurz ThetaHealing<\/p><p><span style=\"font-weight: 400;\">Plat\u00ed na jeden z n\u00e1sledovn\u00fdch kurzov Z\u00e1kladn\u00fd semin\u00e1r DNA1, Pokro\u010dil\u00fd semin\u00e1r DNA2 alebo Dig Deeper<\/span><\/p><p><span style=\"font-weight: 400;\">Uv\u00e1dzacia cena je 429 eur<\/span><\/p><p><span style=\"font-weight: 400;\"><br \/><\/span><span style=\"font-weight: 400;\">Pre viac info o programe nap\u00ed\u0161 na: <\/span><a href=\"mailto:katka@haranta.sk\"><span style=\"font-weight: 400;\">katka@haranta.sk<\/span><\/a> alebo vyplnte formul\u00e1r<\/p>\t\t\t\t\t\t<\/div>\n\t\t\t\t<\/div>\n\t\t\t\t<div class=\"vamtam-has-theme-widget-styles elementor-element elementor-element-c2dda64 elementor-button-align-stretch elementor-widget elementor-widget-form\" data-id=\"c2dda64\" data-element_type=\"widget\" data-settings=\"{&quot;step_next_label&quot;:&quot;\\u010eal\\u0161ie&quot;,&quot;step_previous_label&quot;:&quot;Predo\\u0161l\\u00e9&quot;,&quot;button_width&quot;:&quot;100&quot;,&quot;step_type&quot;:&quot;number_text&quot;,&quot;step_icon_shape&quot;:&quot;circle&quot;}\" data-widget_type=\"form.default\">\n\t\t\t\t<div class=\"elementor-widget-container\">\n\t\t\t\t\t<form class=\"elementor-form\" method=\"post\" name=\"Info Hojnost a umenie\">\n\t\t\t<input type=\"hidden\" name=\"post_id\" value=\"990910\"\/>\n\t\t\t<input type=\"hidden\" name=\"form_id\" value=\"c2dda64\"\/>\n\t\t\t<input type=\"hidden\" name=\"referer_title\" value=\"\" \/>\n\n\t\t\t\n\t\t\t<div class=\"elementor-form-fields-wrapper elementor-labels-above\">\n\t\t\t\t\t\t\t\t<div class=\"elementor-field-type-text elementor-field-group elementor-column elementor-field-group-name elementor-col-100\">\n\t\t\t\t\t\t\t\t\t\t\t\t<label for=\"form-field-name\" class=\"elementor-field-label\">\n\t\t\t\t\t\t\t\tMeno\t\t\t\t\t\t\t<\/label>\n\t\t\t\t\t\t\t\t\t\t\t\t\t\t<input size=\"1\" type=\"text\" name=\"form_fields[name]\" id=\"form-field-name\" class=\"elementor-field elementor-size-sm  elementor-field-textual\" placeholder=\"Meno\">\n\t\t\t\t\t\t\t\t\t\t\t<\/div>\n\t\t\t\t\t\t\t\t<div class=\"elementor-field-type-email elementor-field-group elementor-column elementor-field-group-email elementor-col-100 elementor-field-required elementor-mark-required\">\n\t\t\t\t\t\t\t\t\t\t\t\t<label for=\"form-field-email\" class=\"elementor-field-label\">\n\t\t\t\t\t\t\t\tEmail\t\t\t\t\t\t\t<\/label>\n\t\t\t\t\t\t\t\t\t\t\t\t\t\t<input size=\"1\" type=\"email\" name=\"form_fields[email]\" id=\"form-field-email\" class=\"elementor-field elementor-size-sm  elementor-field-textual\" placeholder=\"Email\" required=\"required\" aria-required=\"true\">\n\t\t\t\t\t\t\t\t\t\t\t<\/div>\n\t\t\t\t\t\t\t\t<div class=\"elementor-field-type-textarea elementor-field-group elementor-column elementor-field-group-message elementor-col-100\">\n\t\t\t\t\t\t\t\t\t\t\t\t<label for=\"form-field-message\" class=\"elementor-field-label\">\n\t\t\t\t\t\t\t\tSpr\u00e1va\t\t\t\t\t\t\t<\/label>\n\t\t\t\t\t\t<textarea class=\"elementor-field-textual elementor-field  elementor-size-sm\" name=\"form_fields[message]\" id=\"form-field-message\" rows=\"4\" placeholder=\"Spr\u00e1va\"><\/textarea>\t\t\t\t<\/div>\n\t\t\t\t\t\t\t\t<div class=\"elementor-field-type-recaptcha_v3 elementor-field-group elementor-column elementor-field-group-field_db496a9 elementor-col-100 recaptcha_v3-bottomright\">\n\t\t\t\t\t<div class=\"elementor-field\" id=\"form-field-field_db496a9\"><div class=\"elementor-g-recaptcha\" data-sitekey=\"6LcjQPUoAAAAAF2oaszONXjs_AP-3c5SittSqcBa\" data-type=\"v3\" data-action=\"Form\" data-badge=\"bottomright\" data-size=\"invisible\"><\/div><\/div>\t\t\t\t<\/div>\n\t\t\t\t\t\t\t\t<div class=\"elementor-field-group elementor-column elementor-field-type-submit elementor-col-100 e-form__buttons\">\n\t\t\t\t\t<button type=\"submit\" class=\"elementor-button elementor-size-sm\">\n\t\t\t\t\t\t<span >\n\t\t\t\t\t\t\t\t\t\t\t\t\t\t\t<span class=\" elementor-button-icon\">\n\t\t\t\t\t\t\t\t\t\t\t\t\t\t\t\t\t\t\t\t\t\t\t\t\t\t<\/span>\n\t\t\t\t\t\t\t\t\t\t\t\t\t\t\t\t\t\t\t\t\t\t<span class=\"elementor-button-text\">Posla\u0165<\/span>\n\t\t\t\t\t\t\t\t\t\t\t\t\t<\/span>\n\t\t\t\t\t<\/button>\n\t\t\t\t<\/div>\n\t\t\t<\/div>\n\t\t<\/form>\n\t\t\t\t<\/div>\n\t\t\t\t<\/div>\n\t\t\t\t\t<\/div>\n\t\t\t\t<\/div>\n\t\t\t\t\t\t\t<\/div>\n\t\t","protected":false},"excerpt":{"rendered":"<p>Chcem z\u00edska\u0165 viac info o programe Dar\u010dekov\u00fd poukaz na kurz ThetaHealing Plat\u00ed na jeden z n\u00e1sledovn\u00fdch kurzov Z\u00e1kladn\u00fd semin\u00e1r DNA1, Pokro\u010dil\u00fd semin\u00e1r DNA2 alebo Dig Deeper Uv\u00e1dzacia cena je 429 eur Pre viac info o programe nap\u00ed\u0161 na: katka@haranta.sk alebo vyplnte formul\u00e1r<\/p>","protected":false},"featured_media":990911,"comment_status":"closed","ping_status":"closed","template":"","meta":{"pmpro_default_level":"","iawp_total_views":8},"product_brand":[],"product_cat":[83],"product_tag":[],"class_list":{"0":"post-990910","1":"product","2":"type-product","3":"status-publish","4":"has-post-thumbnail","6":"product_cat-poukazka","7":"pmpro-has-access","9":"first","10":"instock","11":"virtual","12":"taxable","13":"purchasable","14":"product-type-simple"},"acf":[],"_links":{"self":[{"href":"https:\/\/haranta.sk\/en\/wp-json\/wp\/v2\/product\/990910","targetHints":{"allow":["GET"]}}],"collection":[{"href":"https:\/\/haranta.sk\/en\/wp-json\/wp\/v2\/product"}],"about":[{"href":"https:\/\/haranta.sk\/en\/wp-json\/wp\/v2\/types\/product"}],"replies":[{"embeddable":true,"href":"https:\/\/haranta.sk\/en\/wp-json\/wp\/v2\/comments?post=990910"}],"version-history":[{"count":0,"href":"https:\/\/haranta.sk\/en\/wp-json\/wp\/v2\/product\/990910\/revisions"}],"wp:featuredmedia":[{"embeddable":true,"href":"https:\/\/haranta.sk\/en\/wp-json\/wp\/v2\/media\/990911"}],"wp:attachment":[{"href":"https:\/\/haranta.sk\/en\/wp-json\/wp\/v2\/media?parent=990910"}],"wp:term":[{"taxonomy":"product_brand","embeddable":true,"href":"https:\/\/haranta.sk\/en\/wp-json\/wp\/v2\/product_brand?post=990910"},{"taxonomy":"product_cat","embeddable":true,"href":"https:\/\/haranta.sk\/en\/wp-json\/wp\/v2\/product_cat?post=990910"},{"taxonomy":"product_tag","embeddable":true,"href":"https:\/\/haranta.sk\/en\/wp-json\/wp\/v2\/product_tag?post=990910"}],"curies":[{"name":"wp","href":"https:\/\/api.w.org\/{rel}","templated":true}]}}