{"id":990904,"date":"2023-07-21T10:50:04","date_gmt":"2023-07-21T08:50:04","guid":{"rendered":"https:\/\/haranta.sk\/?post_type=product&#038;p=990904"},"modified":"2026-04-02T13:39:26","modified_gmt":"2026-04-02T11:39:26","slug":"magicky-krasna","status":"publish","type":"product","link":"https:\/\/haranta.sk\/en\/product\/magicky-krasna\/","title":{"rendered":"Magically Beautiful"},"content":{"rendered":"\t\t<div data-elementor-type=\"product-post\" data-elementor-id=\"990904\" class=\"elementor elementor-990904\" data-elementor-post-type=\"product\">\n\t\t\t\t\t\t\t<div class=\"elementor-element elementor-element-10c03b1 e-flex e-con-boxed e-con e-parent\" data-id=\"10c03b1\" data-element_type=\"container\" data-settings=\"{&quot;jet_parallax_layout_list&quot;:[],&quot;content_width&quot;:&quot;boxed&quot;}\" data-core-v316-plus=\"true\">\n\t\t\t\t\t<div class=\"e-con-inner\">\n\t\t\t\t<div class=\"elementor-element elementor-element-89a3280 elementor-widget elementor-widget-heading\" data-id=\"89a3280\" data-element_type=\"widget\" data-widget_type=\"heading.default\">\n\t\t\t\t<div class=\"elementor-widget-container\">\n\t\t\t<h6 class=\"elementor-heading-title elementor-size-default\">Chcem z\u00edska\u0165 viac info o programe<\/h6>\t\t<\/div>\n\t\t\t\t<\/div>\n\t\t\t\t<div class=\"elementor-element elementor-element-af5684a elementor-widget elementor-widget-text-editor\" data-id=\"af5684a\" data-element_type=\"widget\" data-widget_type=\"text-editor.default\">\n\t\t\t\t<div class=\"elementor-widget-container\">\n\t\t\t\t\t\t\t<p><span style=\"font-weight: 400;\">Unik\u00e1tny mentoringov\u00fd program<\/span><\/p><p><span style=\"font-weight: 400;\">Uv\u00e1dzacia cena je\u00a0 1880 Eur\u00a0 (Hodnota programu je 2700 Eur)<\/span><\/p><p><span style=\"font-weight: 400;\">Tento program zah\u0155\u0148a 10 hod\u00edn osobn\u00e9ho mentoringu a terapi\u00ed ThetaHealing, energetick\u00e9ho lie\u010denia tela, intuit\u00edvne \u010d\u00edtanie du\u0161e. Sta\u0148 sa magicky kr\u00e1snou \u017eenou v\u010faka tomuto unik\u00e1tnemu programu, pripraven\u00e9mu na mieru pre Teba. Po\u010das 10 osobn\u00fdch \u010di online stretnut\u00ed \u0165a nau\u010d\u00edm, ako vy\u017earova\u0165 \u017eensk\u00fa energiu, prija\u0165 svoje telo a sam\u00fa seba, a z\u00e1rove\u0148 odstr\u00e1nime r\u00f4zne bloky v podvedom\u00ed, ktor\u00e9 ti br\u00e1nia c\u00edti\u0165 sa sebavedomo a milova\u0165 sa. S\u00fa\u010das\u0165ou programu je individu\u00e1lny pr\u00edstup a prax zameran\u00e1 na otv\u00e1ranie \u017eenskej energie, energetick\u00e9 lie\u010denie tela a blokov v energii.\u00a0<\/span><\/p><p>Platnos\u0165 pouk\u00e1\u017eky je: 6 mesiacov<\/p><p><span style=\"font-weight: 400;\">Pre viac info o programe nap\u00ed\u0161te na: <\/span><a href=\"mailto:katka@haranta.sk\"><span style=\"font-weight: 400;\">katka@haranta.sk<\/span><\/a> alebo vypl\u0148te formul\u00e1r<\/p>\t\t\t\t\t\t<\/div>\n\t\t\t\t<\/div>\n\t\t\t\t<div class=\"vamtam-has-theme-widget-styles elementor-element elementor-element-5855e5d elementor-button-align-stretch elementor-widget elementor-widget-form\" data-id=\"5855e5d\" data-element_type=\"widget\" data-settings=\"{&quot;step_next_label&quot;:&quot;\\u010eal\\u0161ie&quot;,&quot;step_previous_label&quot;:&quot;Predo\\u0161l\\u00e9&quot;,&quot;button_width&quot;:&quot;100&quot;,&quot;step_type&quot;:&quot;number_text&quot;,&quot;step_icon_shape&quot;:&quot;circle&quot;}\" data-widget_type=\"form.default\">\n\t\t\t\t<div class=\"elementor-widget-container\">\n\t\t\t\t\t<form class=\"elementor-form\" method=\"post\" name=\"Info Hojnost a umenie\">\n\t\t\t<input type=\"hidden\" name=\"post_id\" value=\"990904\"\/>\n\t\t\t<input type=\"hidden\" name=\"form_id\" value=\"5855e5d\"\/>\n\t\t\t<input type=\"hidden\" name=\"referer_title\" value=\"\" \/>\n\n\t\t\t\n\t\t\t<div class=\"elementor-form-fields-wrapper elementor-labels-above\">\n\t\t\t\t\t\t\t\t<div class=\"elementor-field-type-text elementor-field-group elementor-column elementor-field-group-name elementor-col-100\">\n\t\t\t\t\t\t\t\t\t\t\t\t<label for=\"form-field-name\" class=\"elementor-field-label\">\n\t\t\t\t\t\t\t\tMeno\t\t\t\t\t\t\t<\/label>\n\t\t\t\t\t\t\t\t\t\t\t\t\t\t<input size=\"1\" type=\"text\" name=\"form_fields[name]\" id=\"form-field-name\" class=\"elementor-field elementor-size-sm  elementor-field-textual\" placeholder=\"Meno\">\n\t\t\t\t\t\t\t\t\t\t\t<\/div>\n\t\t\t\t\t\t\t\t<div class=\"elementor-field-type-email elementor-field-group elementor-column elementor-field-group-email elementor-col-100 elementor-field-required elementor-mark-required\">\n\t\t\t\t\t\t\t\t\t\t\t\t<label for=\"form-field-email\" class=\"elementor-field-label\">\n\t\t\t\t\t\t\t\tEmail\t\t\t\t\t\t\t<\/label>\n\t\t\t\t\t\t\t\t\t\t\t\t\t\t<input size=\"1\" type=\"email\" name=\"form_fields[email]\" id=\"form-field-email\" class=\"elementor-field elementor-size-sm  elementor-field-textual\" placeholder=\"Email\" required=\"required\" aria-required=\"true\">\n\t\t\t\t\t\t\t\t\t\t\t<\/div>\n\t\t\t\t\t\t\t\t<div class=\"elementor-field-type-textarea elementor-field-group elementor-column elementor-field-group-message elementor-col-100\">\n\t\t\t\t\t\t\t\t\t\t\t\t<label for=\"form-field-message\" class=\"elementor-field-label\">\n\t\t\t\t\t\t\t\tSpr\u00e1va\t\t\t\t\t\t\t<\/label>\n\t\t\t\t\t\t<textarea class=\"elementor-field-textual elementor-field  elementor-size-sm\" name=\"form_fields[message]\" id=\"form-field-message\" rows=\"4\" placeholder=\"Spr\u00e1va\"><\/textarea>\t\t\t\t<\/div>\n\t\t\t\t\t\t\t\t<div class=\"elementor-field-type-recaptcha_v3 elementor-field-group elementor-column elementor-field-group-field_db496a9 elementor-col-100 recaptcha_v3-bottomright\">\n\t\t\t\t\t<div class=\"elementor-field\" id=\"form-field-field_db496a9\"><div class=\"elementor-g-recaptcha\" data-sitekey=\"6LcjQPUoAAAAAF2oaszONXjs_AP-3c5SittSqcBa\" data-type=\"v3\" data-action=\"Form\" data-badge=\"bottomright\" data-size=\"invisible\"><\/div><\/div>\t\t\t\t<\/div>\n\t\t\t\t\t\t\t\t<div class=\"elementor-field-group elementor-column elementor-field-type-submit elementor-col-100 e-form__buttons\">\n\t\t\t\t\t<button type=\"submit\" class=\"elementor-button elementor-size-sm\">\n\t\t\t\t\t\t<span >\n\t\t\t\t\t\t\t\t\t\t\t\t\t\t\t<span class=\" elementor-button-icon\">\n\t\t\t\t\t\t\t\t\t\t\t\t\t\t\t\t\t\t\t\t\t\t\t\t\t\t<\/span>\n\t\t\t\t\t\t\t\t\t\t\t\t\t\t\t\t\t\t\t\t\t\t<span class=\"elementor-button-text\">Posla\u0165<\/span>\n\t\t\t\t\t\t\t\t\t\t\t\t\t<\/span>\n\t\t\t\t\t<\/button>\n\t\t\t\t<\/div>\n\t\t\t<\/div>\n\t\t<\/form>\n\t\t\t\t<\/div>\n\t\t\t\t<\/div>\n\t\t\t\t\t<\/div>\n\t\t\t\t<\/div>\n\t\t\t\t\t\t\t<\/div>\n\t\t","protected":false},"excerpt":{"rendered":"<p>Chcem z\u00edska\u0165 viac info o programe Unik\u00e1tny mentoringov\u00fd program Uv\u00e1dzacia cena je\u00a0 1880 Eur\u00a0 (Hodnota programu je 2700 Eur) Tento program zah\u0155\u0148a 10 hod\u00edn osobn\u00e9ho mentoringu a terapi\u00ed ThetaHealing, energetick\u00e9ho lie\u010denia tela, intuit\u00edvne \u010d\u00edtanie du\u0161e. Sta\u0148 sa magicky kr\u00e1snou \u017eenou v\u010faka tomuto unik\u00e1tnemu programu, pripraven\u00e9mu na mieru pre Teba. Po\u010das 10 osobn\u00fdch \u010di online stretnut\u00ed&#8230;<\/p>","protected":false},"featured_media":994303,"comment_status":"closed","ping_status":"closed","template":"","meta":{"pmpro_default_level":"","iawp_total_views":14},"product_brand":[],"product_cat":[83],"product_tag":[],"class_list":{"0":"post-990904","1":"product","2":"type-product","3":"status-publish","4":"has-post-thumbnail","6":"product_cat-poukazka","7":"pmpro-has-access","9":"first","10":"instock","11":"sale","12":"virtual","13":"taxable","14":"purchasable","15":"product-type-simple"},"acf":[],"_links":{"self":[{"href":"https:\/\/haranta.sk\/en\/wp-json\/wp\/v2\/product\/990904","targetHints":{"allow":["GET"]}}],"collection":[{"href":"https:\/\/haranta.sk\/en\/wp-json\/wp\/v2\/product"}],"about":[{"href":"https:\/\/haranta.sk\/en\/wp-json\/wp\/v2\/types\/product"}],"replies":[{"embeddable":true,"href":"https:\/\/haranta.sk\/en\/wp-json\/wp\/v2\/comments?post=990904"}],"version-history":[{"count":7,"href":"https:\/\/haranta.sk\/en\/wp-json\/wp\/v2\/product\/990904\/revisions"}],"predecessor-version":[{"id":994386,"href":"https:\/\/haranta.sk\/en\/wp-json\/wp\/v2\/product\/990904\/revisions\/994386"}],"wp:featuredmedia":[{"embeddable":true,"href":"https:\/\/haranta.sk\/en\/wp-json\/wp\/v2\/media\/994303"}],"wp:attachment":[{"href":"https:\/\/haranta.sk\/en\/wp-json\/wp\/v2\/media?parent=990904"}],"wp:term":[{"taxonomy":"product_brand","embeddable":true,"href":"https:\/\/haranta.sk\/en\/wp-json\/wp\/v2\/product_brand?post=990904"},{"taxonomy":"product_cat","embeddable":true,"href":"https:\/\/haranta.sk\/en\/wp-json\/wp\/v2\/product_cat?post=990904"},{"taxonomy":"product_tag","embeddable":true,"href":"https:\/\/haranta.sk\/en\/wp-json\/wp\/v2\/product_tag?post=990904"}],"curies":[{"name":"wp","href":"https:\/\/api.w.org\/{rel}","templated":true}]}}