{"id":990901,"date":"2023-07-21T10:49:26","date_gmt":"2023-07-21T08:49:26","guid":{"rendered":"https:\/\/haranta.sk\/?post_type=product&#038;p=990901"},"modified":"2023-11-09T19:33:07","modified_gmt":"2023-11-09T18:33:07","slug":"unikatny-mentoringovy-program-kody-bohyne","status":"publish","type":"product","link":"https:\/\/haranta.sk\/en\/product\/unikatny-mentoringovy-program-kody-bohyne\/","title":{"rendered":"Unik\u00e1tny mentoringov\u00fd program K\u00f3dy bohyne"},"content":{"rendered":"\t\t<div data-elementor-type=\"product-post\" data-elementor-id=\"990901\" class=\"elementor elementor-990901\" data-elementor-post-type=\"product\">\n\t\t\t\t\t\t\t<div class=\"elementor-element elementor-element-f61723a e-flex e-con-boxed e-con e-parent\" data-id=\"f61723a\" data-element_type=\"container\" data-settings=\"{&quot;jet_parallax_layout_list&quot;:[],&quot;content_width&quot;:&quot;boxed&quot;}\" data-core-v316-plus=\"true\">\n\t\t\t\t\t<div class=\"e-con-inner\">\n\t\t\t\t<div class=\"elementor-element elementor-element-39d2481 elementor-widget elementor-widget-heading\" data-id=\"39d2481\" data-element_type=\"widget\" data-widget_type=\"heading.default\">\n\t\t\t\t<div class=\"elementor-widget-container\">\n\t\t\t<h6 class=\"elementor-heading-title elementor-size-default\">Chcem z\u00edska\u0165 viac info o programe<\/h6>\t\t<\/div>\n\t\t\t\t<\/div>\n\t\t\t\t<div class=\"elementor-element elementor-element-fa26ac6 elementor-widget elementor-widget-text-editor\" data-id=\"fa26ac6\" data-element_type=\"widget\" data-widget_type=\"text-editor.default\">\n\t\t\t\t<div class=\"elementor-widget-container\">\n\t\t\t\t\t\t\t<p><\/p>\n<p><span style=\"font-weight: 400;\">Unik\u00e1tny mentoringov\u00fd program<\/span><\/p>\n<p><span style=\"font-weight: 400;\">15 hod\u00edn osobn\u00e9ho mentoringu, terapi\u00ed ThetaHealing, spiritualn\u00e9ho vedenia a energetick\u00e9ho lie\u010denia tela, s mnoh\u00fdmi bonusmi.<\/span><\/p>\n<p><span style=\"font-weight: 400;\">Uv\u00e1dzacia cena je 1 499 eur<\/span><\/p>\n<p><span style=\"font-weight: 400;\">K\u00f3dy bohyne s\u00fa unik\u00e1tny mentoringov\u00fd program pre \u017eeny, ktor\u00e9 t\u00fa\u017eia objavi\u0165 v sebe bohy\u0148u, napoji\u0165 sa na zdroj svojho vn\u00fatra, svoju intu\u00edciu a vy\u017earova\u0165 sebaistotu, rados\u0165 a kr\u00e1snu \u017eensk\u00fa energiu. By\u0165 \u00faspe\u0161n\u00e9, spokojn\u00e9 a naplnen\u00e9 nielen vo vz\u0165ahoch, ale aj v pr\u00e1ci a celkovo v \u017eivote. Ako objavi\u0165 svoje svoje poslanie a nap\u013a\u0148a\u0165 ho na v\u0161etk\u00fdch \u00farovniach. Program je zameran\u00fd na sebavedomie, sebahodnotu a sebal\u00e1sku \u017eeny. V tomto programe odovzd\u00e1vam \u017een\u00e1m 10 jedine\u010dn\u00fdch k\u00f3dov &#8211; techn\u00edk, ktor\u00e9 ju posun\u00fa k \u0161\u0165astnej\u0161iemu a naplnen\u00e9mu \u017eivotu. <\/span><\/p>\n<p>Platnos\u0165 pouk\u00e1\u017eky je: 6 mesiacov<\/p>\n<p><span style=\"font-weight: 400;\">Pre viac info o programe nap\u00ed\u0161te na: <\/span><a href=\"mailto:katka@haranta.sk\"><span style=\"font-weight: 400;\">katka@haranta.sk<\/span><\/a> alebo vyplnte formul\u00e1r<\/p>\t\t\t\t\t\t<\/div>\n\t\t\t\t<\/div>\n\t\t\t\t<div class=\"vamtam-has-theme-widget-styles elementor-element elementor-element-7b12ba9 elementor-button-align-stretch elementor-widget elementor-widget-form\" data-id=\"7b12ba9\" data-element_type=\"widget\" data-settings=\"{&quot;step_next_label&quot;:&quot;\\u010eal\\u0161ie&quot;,&quot;step_previous_label&quot;:&quot;Predo\\u0161l\\u00e9&quot;,&quot;button_width&quot;:&quot;100&quot;,&quot;step_type&quot;:&quot;number_text&quot;,&quot;step_icon_shape&quot;:&quot;circle&quot;}\" data-widget_type=\"form.default\">\n\t\t\t\t<div class=\"elementor-widget-container\">\n\t\t\t\t\t<form class=\"elementor-form\" method=\"post\" name=\"Info Hojnost a umenie\">\n\t\t\t<input type=\"hidden\" name=\"post_id\" value=\"990901\"\/>\n\t\t\t<input type=\"hidden\" name=\"form_id\" value=\"7b12ba9\"\/>\n\t\t\t<input type=\"hidden\" name=\"referer_title\" value=\"\" \/>\n\n\t\t\t\n\t\t\t<div class=\"elementor-form-fields-wrapper elementor-labels-above\">\n\t\t\t\t\t\t\t\t<div class=\"elementor-field-type-text elementor-field-group elementor-column elementor-field-group-name elementor-col-100\">\n\t\t\t\t\t\t\t\t\t\t\t\t<label for=\"form-field-name\" class=\"elementor-field-label\">\n\t\t\t\t\t\t\t\tMeno\t\t\t\t\t\t\t<\/label>\n\t\t\t\t\t\t\t\t\t\t\t\t\t\t<input size=\"1\" type=\"text\" name=\"form_fields[name]\" id=\"form-field-name\" class=\"elementor-field elementor-size-sm  elementor-field-textual\" placeholder=\"Meno\">\n\t\t\t\t\t\t\t\t\t\t\t<\/div>\n\t\t\t\t\t\t\t\t<div class=\"elementor-field-type-email elementor-field-group elementor-column elementor-field-group-email elementor-col-100 elementor-field-required elementor-mark-required\">\n\t\t\t\t\t\t\t\t\t\t\t\t<label for=\"form-field-email\" class=\"elementor-field-label\">\n\t\t\t\t\t\t\t\tEmail\t\t\t\t\t\t\t<\/label>\n\t\t\t\t\t\t\t\t\t\t\t\t\t\t<input size=\"1\" type=\"email\" name=\"form_fields[email]\" id=\"form-field-email\" class=\"elementor-field elementor-size-sm  elementor-field-textual\" placeholder=\"Email\" required=\"required\" aria-required=\"true\">\n\t\t\t\t\t\t\t\t\t\t\t<\/div>\n\t\t\t\t\t\t\t\t<div class=\"elementor-field-type-textarea elementor-field-group elementor-column elementor-field-group-message elementor-col-100\">\n\t\t\t\t\t\t\t\t\t\t\t\t<label for=\"form-field-message\" class=\"elementor-field-label\">\n\t\t\t\t\t\t\t\tSpr\u00e1va\t\t\t\t\t\t\t<\/label>\n\t\t\t\t\t\t<textarea class=\"elementor-field-textual elementor-field  elementor-size-sm\" name=\"form_fields[message]\" id=\"form-field-message\" rows=\"4\" placeholder=\"Spr\u00e1va\"><\/textarea>\t\t\t\t<\/div>\n\t\t\t\t\t\t\t\t<div class=\"elementor-field-type-recaptcha_v3 elementor-field-group elementor-column elementor-field-group-field_db496a9 elementor-col-100 recaptcha_v3-bottomright\">\n\t\t\t\t\t<div class=\"elementor-field\" id=\"form-field-field_db496a9\"><div class=\"elementor-g-recaptcha\" data-sitekey=\"6LcjQPUoAAAAAF2oaszONXjs_AP-3c5SittSqcBa\" data-type=\"v3\" data-action=\"Form\" data-badge=\"bottomright\" data-size=\"invisible\"><\/div><\/div>\t\t\t\t<\/div>\n\t\t\t\t\t\t\t\t<div class=\"elementor-field-group elementor-column elementor-field-type-submit elementor-col-100 e-form__buttons\">\n\t\t\t\t\t<button type=\"submit\" class=\"elementor-button elementor-size-sm\">\n\t\t\t\t\t\t<span >\n\t\t\t\t\t\t\t\t\t\t\t\t\t\t\t<span class=\" elementor-button-icon\">\n\t\t\t\t\t\t\t\t\t\t\t\t\t\t\t\t\t\t\t\t\t\t\t\t\t\t<\/span>\n\t\t\t\t\t\t\t\t\t\t\t\t\t\t\t\t\t\t\t\t\t\t<span class=\"elementor-button-text\">Posla\u0165<\/span>\n\t\t\t\t\t\t\t\t\t\t\t\t\t<\/span>\n\t\t\t\t\t<\/button>\n\t\t\t\t<\/div>\n\t\t\t<\/div>\n\t\t<\/form>\n\t\t\t\t<\/div>\n\t\t\t\t<\/div>\n\t\t\t\t\t<\/div>\n\t\t\t\t<\/div>\n\t\t\t\t\t\t\t<\/div>\n\t\t","protected":false},"excerpt":{"rendered":"<p>Chcem z\u00edska\u0165 viac info o programe Unik\u00e1tny mentoringov\u00fd program 15 hod\u00edn osobn\u00e9ho mentoringu, terapi\u00ed ThetaHealing, spiritualn\u00e9ho vedenia a energetick\u00e9ho lie\u010denia tela, s mnoh\u00fdmi bonusmi. Uv\u00e1dzacia cena je 1 499 eur K\u00f3dy bohyne s\u00fa unik\u00e1tny mentoringov\u00fd program pre \u017eeny, ktor\u00e9 t\u00fa\u017eia objavi\u0165 v sebe bohy\u0148u, napoji\u0165 sa na zdroj svojho vn\u00fatra, svoju intu\u00edciu a vy\u017earova\u0165 sebaistotu,&#8230;<\/p>","protected":false},"featured_media":990922,"comment_status":"closed","ping_status":"closed","template":"","meta":{"pmpro_default_level":"","iawp_total_views":11},"product_brand":[],"product_cat":[83],"product_tag":[],"class_list":{"0":"post-990901","1":"product","2":"type-product","3":"status-publish","4":"has-post-thumbnail","6":"product_cat-poukazka","7":"pmpro-has-access","9":"first","10":"instock","11":"sale","12":"virtual","13":"taxable","14":"purchasable","15":"product-type-simple"},"acf":[],"_links":{"self":[{"href":"https:\/\/haranta.sk\/en\/wp-json\/wp\/v2\/product\/990901","targetHints":{"allow":["GET"]}}],"collection":[{"href":"https:\/\/haranta.sk\/en\/wp-json\/wp\/v2\/product"}],"about":[{"href":"https:\/\/haranta.sk\/en\/wp-json\/wp\/v2\/types\/product"}],"replies":[{"embeddable":true,"href":"https:\/\/haranta.sk\/en\/wp-json\/wp\/v2\/comments?post=990901"}],"version-history":[{"count":0,"href":"https:\/\/haranta.sk\/en\/wp-json\/wp\/v2\/product\/990901\/revisions"}],"wp:featuredmedia":[{"embeddable":true,"href":"https:\/\/haranta.sk\/en\/wp-json\/wp\/v2\/media\/990922"}],"wp:attachment":[{"href":"https:\/\/haranta.sk\/en\/wp-json\/wp\/v2\/media?parent=990901"}],"wp:term":[{"taxonomy":"product_brand","embeddable":true,"href":"https:\/\/haranta.sk\/en\/wp-json\/wp\/v2\/product_brand?post=990901"},{"taxonomy":"product_cat","embeddable":true,"href":"https:\/\/haranta.sk\/en\/wp-json\/wp\/v2\/product_cat?post=990901"},{"taxonomy":"product_tag","embeddable":true,"href":"https:\/\/haranta.sk\/en\/wp-json\/wp\/v2\/product_tag?post=990901"}],"curies":[{"name":"wp","href":"https:\/\/api.w.org\/{rel}","templated":true}]}}