{"id":990681,"date":"2023-06-19T23:24:37","date_gmt":"2023-06-19T21:24:37","guid":{"rendered":"https:\/\/haranta.sk\/?post_type=product&#038;p=990681"},"modified":"2023-09-02T13:19:12","modified_gmt":"2023-09-02T11:19:12","slug":"patrik","status":"publish","type":"product","link":"https:\/\/haranta.sk\/en\/product\/patrik\/","title":{"rendered":"PATRIK"},"content":{"rendered":"<div class=\"vgblk-rw-wrapper limit-wrapper\"><strong><em>Nazrite do vn\u00fatorn\u00e9ho sveta mu\u017eov a toho, \u010do sa naozaj odohr\u00e1va za r\u00f4znymi momentmi ich \u017eivota.<\/em><\/strong><\/p>\n<p>Ahojte, som spisovate\u013e a terapeut, ktor\u00fd pracuje s \u013eu\u010fmi a pom\u00e1ha im na ich ceste k sebarozvoju, naplneniu a objavovaniu ich vn\u00fatorn\u00e9ho potenci\u00e1lu. V roku 2017 som vydal svoju prv\u00fa knihu \u2013 Ol\u00edvia, \u010das\u0165 prv\u00e1 \u2013\u00a0 pr\u00edbeh o mladej \u017eene, jej \u017eivote, vn\u00fatornom svete, jej \u00faspechoch a zlyhaniach. Ol\u00edvia si prech\u00e1dza r\u00f4znymi situ\u00e1ciami a\u00a0vz\u0165ahmi, v\u00a0ktor\u00fdch sa \u010dastokr\u00e1t\u00a0c\u00edti straten\u00e1 a\u00a0zranen\u00e1. A\u017e do momentu, ke\u010f stretne jeho\u2026Patrika.<\/p>\n<p><strong><em>Patrik, \u010das\u0165 druh\u00e1, je pr\u00edbeh mlad\u00e9ho mu\u017ea pln\u00fd momentov zranite\u013enosti, sexuality a uvedomen\u00ed po\u010das jeho \u017eivota, ktor\u00e9 s\u00fa re\u00e1lne a pravdiv\u00e9. Mu\u017esk\u00fd rom\u00e1n je pokra\u010dovan\u00edm knihy Ol\u00edvia, \u010das\u0165 prv\u00e1.<\/em><\/strong><\/p>\n<p>Patrik cez svoj osobn\u00fd, \u00faprimn\u00fd a pravdiv\u00fd postoj k\u00a0\u017eivotu a cez\u00a0r\u00f4zne \u017eivotn\u00e9 situ\u00e1cie otv\u00e1ra to, \u010do sa odohr\u00e1va vo vn\u00fatri mu\u017eov, v\u00a0mu\u017eskej mysli. Poukazuje na probl\u00e9my a\u00a0starosti, o\u00a0ktor\u00fdch nikto nehovor\u00ed. \u010c\u00edm si mu\u017ei po\u010das detstva, dospievania a\u00a0dospelosti prech\u00e1dzaj\u00fa. Kniha do h\u013abky otv\u00e1ra mu\u017esk\u00fa sexualitu. To, ako r\u00f4zne presved\u010denia, v\u00fdchova a\u00a0nastavenie tejto spolo\u010dnosti ovplyv\u0148uj\u00fa vn\u00fatorn\u00e9 nastavenie mu\u017eov, sexualitu a\u00a0ich spr\u00e1vanie v\u00a0re\u00e1lnom \u017eivote a\u00a0vo vz\u0165ahoch. \u010co mu\u017ei rie\u0161ia vo svojom vn\u00fatri,\u00a0vo vz\u0165ahoch so \u017eenami a \u010do ich skuto\u010dne tr\u00e1pi na pozad\u00ed. Prin\u00e1\u0161a pochopenie pre \u017eeny, \u010do sa deje v\u00a0mu\u017eoch, \u010do je za t\u00fdm ml\u010dan\u00edm alebo hran\u00edm sa na siln\u00e9ho. A\u00a0tie\u017e, \u017ee pochopen\u00edm rozdielov\u00a0 medzi mu\u017emi a\u00a0\u017eenami sa vieme ve\u013ea nau\u010di\u0165 o\u00a0partnerovi a\u00a0ostatn\u00fdch \u013eu\u010foch, a\u00a0t\u00fdm z\u00edska\u0165 porozumenie a\u00a0pochopenie.<\/p><\/div>\n<p><!-- .vgblk-rw-wrapper --><\/p>","protected":false},"excerpt":{"rendered":"<p>Nazrite do vn\u00fatorn\u00e9ho sveta mu\u017eov a toho, \u010do sa naozaj odohr\u00e1va za r\u00f4znymi momentmi ich \u017eivota. Ahojte, som spisovate\u013e a terapeut, ktor\u00fd pracuje s \u013eu\u010fmi a pom\u00e1ha im na ich ceste k sebarozvoju, naplneniu a objavovaniu ich vn\u00fatorn\u00e9ho potenci\u00e1lu. V roku 2017 som vydal svoju prv\u00fa knihu \u2013 Ol\u00edvia, \u010das\u0165 prv\u00e1 \u2013\u00a0 pr\u00edbeh o mladej&#8230;<\/p>","protected":false},"featured_media":990682,"comment_status":"closed","ping_status":"closed","template":"","meta":{"pmpro_default_level":"","iawp_total_views":13},"product_brand":[],"product_cat":[84],"product_tag":[],"class_list":{"0":"post-990681","1":"product","2":"type-product","3":"status-publish","4":"has-post-thumbnail","6":"product_cat-knihy","7":"pmpro-has-access","9":"first","10":"instock","11":"taxable","12":"shipping-taxable","13":"purchasable","14":"product-type-simple"},"acf":[],"_links":{"self":[{"href":"https:\/\/haranta.sk\/en\/wp-json\/wp\/v2\/product\/990681","targetHints":{"allow":["GET"]}}],"collection":[{"href":"https:\/\/haranta.sk\/en\/wp-json\/wp\/v2\/product"}],"about":[{"href":"https:\/\/haranta.sk\/en\/wp-json\/wp\/v2\/types\/product"}],"replies":[{"embeddable":true,"href":"https:\/\/haranta.sk\/en\/wp-json\/wp\/v2\/comments?post=990681"}],"version-history":[{"count":0,"href":"https:\/\/haranta.sk\/en\/wp-json\/wp\/v2\/product\/990681\/revisions"}],"wp:featuredmedia":[{"embeddable":true,"href":"https:\/\/haranta.sk\/en\/wp-json\/wp\/v2\/media\/990682"}],"wp:attachment":[{"href":"https:\/\/haranta.sk\/en\/wp-json\/wp\/v2\/media?parent=990681"}],"wp:term":[{"taxonomy":"product_brand","embeddable":true,"href":"https:\/\/haranta.sk\/en\/wp-json\/wp\/v2\/product_brand?post=990681"},{"taxonomy":"product_cat","embeddable":true,"href":"https:\/\/haranta.sk\/en\/wp-json\/wp\/v2\/product_cat?post=990681"},{"taxonomy":"product_tag","embeddable":true,"href":"https:\/\/haranta.sk\/en\/wp-json\/wp\/v2\/product_tag?post=990681"}],"curies":[{"name":"wp","href":"https:\/\/api.w.org\/{rel}","templated":true}]}}