{"id":990451,"date":"2023-06-19T09:55:48","date_gmt":"2023-06-19T07:55:48","guid":{"rendered":"https:\/\/haranta.sk\/?post_type=product&#038;p=990451"},"modified":"2023-11-09T04:52:06","modified_gmt":"2023-11-09T03:52:06","slug":"olivia","status":"publish","type":"product","link":"https:\/\/haranta.sk\/en\/product\/olivia\/","title":{"rendered":"OL\u00cdVIA"},"content":{"rendered":"<div class=\"vgblk-rw-wrapper limit-wrapper\">\n<p class=\"p1\"><span class=\"s1\"><b><i>Ak h\u013ead\u00e1te vn\u00fatorn\u00e9 pochopenie sam\u00fdch seba, svoj progres smerom k \u017eitiu \u017eivota, po\u010fte do toho!<\/i><\/b><\/span><\/p>\n<p class=\"p1\"><span class=\"s1\">Ol\u00edvia, hrdinka knihy, v\u00e1m pon\u00fakne mnoho re\u00e1lnych situ\u00e1ci\u00ed \u201cbe\u017en\u00e9ho\u201d \u017eivota (\u00e1no, aj vzru\u0161uj\u00facich sexu\u00e1lnych sc\u00e9n)<span class=\"Apple-converted-space\">\u00a0\u00a0<\/span>cez vn\u00fatorn\u00fd boj v n\u00e1s. Ak si len na moment pripust\u00edme, \u010do v n\u00e1s sam\u00fdch vo vn\u00fatri be\u017e\u00ed, vrie, ak\u00e9 s\u00fa na\u0161e pocity, obavy, strachy, ubl\u00ed\u017eenia, zlyhania a uvedom\u00edme si potrebu<b>\u00a0<\/b>sa ich zbavi\u0165, \u2026 pochopili sme z\u00e1mer autora ako s Ol\u00edviou pracova\u0165. Ka\u017ed\u00fd dejov\u00fd moment, ktor\u00fd n\u00e1s spomedzi riadkov \u201cna\u0161tve\u201d, alebo vyvol\u00e1 negat\u00edvnu emocion\u00e1lnu reakciu (nie, nie je to chyba knihy alebo autora), stoj\u00ed za to, aby sme sa na\u00a0<b>na\u0148<\/b>\u00a0pozreli! Pr\u00e1ve ona \u2013 em\u00f3cia z minulosti a to, \u010do ukr\u00fdva \u2026 je presne to, \u010do n\u00e1s limituje a berie n\u00e1m slobodu \u017eitia. Prijmime vlastn\u00fa zodpovednos\u0165 za to, \u010do v\u00a0n\u00e1s t\u00e1to kniha vyvolala a\u00a0presta\u0148me sa skr\u00fdva\u0165.<\/span><\/p>\n<div id=\"branovo1-content-339\" class=\"sh-content branovo1-content sh-show\">\n<p class=\"p1\"><span class=\"s2\">Ide o prv\u00fa \u010das\u0165 z trojdielnej s\u00e9rie. Mnoh\u00ed z v\u00e1s ste ur\u010dite \u010d\u00edtali r\u00f4zne knihy na motiv\u00e1ciu, osobn\u00fd rast, sebauvedomovanie\u2026 A mo\u017eno ste narazili na to, \u017ee neviete dosta\u0165 do re\u00e1lneho \u017eivota to, \u010do ste sa do\u010d\u00edtali. Dokonca si niekedy na z\u00e1klade t\u00fdchto kn\u00edh neviete v\u00f4bec predstavi\u0165, \u010di na\u0161e konanie bolo tak\u00e9, ako sa tam popisuje alebo \u010do t\u00fdm presne autor myslel.\u00a0<b>Moj\u00edm cie\u013eom<\/b>\u00a0je sk\u013abi\u0165 to, \u010do sa do\u010d\u00edtate v takomto type literat\u00fary, do pr\u00edbehu zo \u017eivota. Aby v\u00e1m samotn\u00fd pr\u00edbeh pomohol uk\u00e1za\u0165, \u010do si sp\u00f4sobujeme, ako n\u00e1s to ovplyv\u0148uje v\u00a0na\u0161om \u017eivote a\u00a0mnoho \u010fal\u0161ieho.<\/span><\/p>\n<p class=\"p2\"><span class=\"s1\">\u010eal\u0161ie dve knihy z\u00a0tejto tril\u00f3gie vyskladaj\u00fa mozaiku, ktor\u00e1 v celku d\u00e1 mno\u017estvo odpoved\u00ed na n\u00e1\u0161 \u017eivot.<\/span><\/p>\n<\/div>\n<\/div>\n<p><!-- .vgblk-rw-wrapper --><\/p>","protected":false},"excerpt":{"rendered":"<p>Ak h\u013ead\u00e1te vn\u00fatorn\u00e9 pochopenie sam\u00fdch seba, svoj progres smerom k \u017eitiu \u017eivota, po\u010fte do toho! Ol\u00edvia, hrdinka knihy, v\u00e1m pon\u00fakne mnoho re\u00e1lnych situ\u00e1ci\u00ed \u201cbe\u017en\u00e9ho\u201d \u017eivota (\u00e1no, aj vzru\u0161uj\u00facich sexu\u00e1lnych sc\u00e9n)\u00a0\u00a0cez vn\u00fatorn\u00fd boj v n\u00e1s. Ak si len na moment pripust\u00edme, \u010do v n\u00e1s sam\u00fdch vo vn\u00fatri be\u017e\u00ed, vrie, ak\u00e9 s\u00fa na\u0161e pocity, obavy, strachy, ubl\u00ed\u017eenia,&#8230;<\/p>","protected":false},"featured_media":990452,"comment_status":"closed","ping_status":"closed","template":"","meta":{"pmpro_default_level":"","iawp_total_views":4},"product_brand":[],"product_cat":[84],"product_tag":[],"class_list":{"0":"post-990451","1":"product","2":"type-product","3":"status-publish","4":"has-post-thumbnail","6":"product_cat-knihy","7":"pmpro-has-access","9":"first","10":"instock","11":"taxable","12":"shipping-taxable","13":"purchasable","14":"product-type-simple"},"acf":[],"_links":{"self":[{"href":"https:\/\/haranta.sk\/en\/wp-json\/wp\/v2\/product\/990451","targetHints":{"allow":["GET"]}}],"collection":[{"href":"https:\/\/haranta.sk\/en\/wp-json\/wp\/v2\/product"}],"about":[{"href":"https:\/\/haranta.sk\/en\/wp-json\/wp\/v2\/types\/product"}],"replies":[{"embeddable":true,"href":"https:\/\/haranta.sk\/en\/wp-json\/wp\/v2\/comments?post=990451"}],"version-history":[{"count":0,"href":"https:\/\/haranta.sk\/en\/wp-json\/wp\/v2\/product\/990451\/revisions"}],"wp:featuredmedia":[{"embeddable":true,"href":"https:\/\/haranta.sk\/en\/wp-json\/wp\/v2\/media\/990452"}],"wp:attachment":[{"href":"https:\/\/haranta.sk\/en\/wp-json\/wp\/v2\/media?parent=990451"}],"wp:term":[{"taxonomy":"product_brand","embeddable":true,"href":"https:\/\/haranta.sk\/en\/wp-json\/wp\/v2\/product_brand?post=990451"},{"taxonomy":"product_cat","embeddable":true,"href":"https:\/\/haranta.sk\/en\/wp-json\/wp\/v2\/product_cat?post=990451"},{"taxonomy":"product_tag","embeddable":true,"href":"https:\/\/haranta.sk\/en\/wp-json\/wp\/v2\/product_tag?post=990451"}],"curies":[{"name":"wp","href":"https:\/\/api.w.org\/{rel}","templated":true}]}}