{"id":992752,"date":"2023-11-26T16:11:10","date_gmt":"2023-11-26T15:11:10","guid":{"rendered":"https:\/\/haranta.sk\/?page_id=992752"},"modified":"2023-11-28T20:52:36","modified_gmt":"2023-11-28T19:52:36","slug":"zvierata","status":"publish","type":"page","link":"https:\/\/haranta.sk\/en\/thetahealing\/zvierata\/","title":{"rendered":"Animals"},"content":{"rendered":"<div data-elementor-type=\"wp-page\" data-elementor-id=\"992752\" class=\"elementor elementor-992752\" data-elementor-post-type=\"page\">\n\t\t\t\t\t\t\t\t\t<section class=\"elementor-section elementor-top-section elementor-element elementor-element-3841723 elementor-section-boxed elementor-section-height-default elementor-section-height-default\" data-id=\"3841723\" data-element_type=\"section\" data-settings=\"{&quot;background_background&quot;:&quot;classic&quot;,&quot;jet_parallax_layout_list&quot;:[]}\">\n\t\t\t\t\t\t<div class=\"elementor-container elementor-column-gap-no\">\n\t\t\t\t\t<div class=\"elementor-column elementor-col-100 elementor-top-column elementor-element elementor-element-ebbe9e1\" data-id=\"ebbe9e1\" data-element_type=\"column\">\n\t\t\t<div class=\"elementor-widget-wrap elementor-element-populated\">\n\t\t\t\t\t\t\t\t<div class=\"elementor-element elementor-element-cb5e7a3 elementor-invisible elementor-widget elementor-widget-heading\" data-id=\"cb5e7a3\" data-element_type=\"widget\" data-settings=\"{&quot;_animation&quot;:&quot;fadeIn&quot;,&quot;_animation_tablet&quot;:&quot;none&quot;,&quot;_animation_mobile&quot;:&quot;none&quot;,&quot;_animation_delay&quot;:300}\" data-widget_type=\"heading.default\">\n\t\t\t\t<div class=\"elementor-widget-container\">\n\t\t\t<h2 class=\"elementor-heading-title elementor-size-default\">Animals<\/h2>\t\t<\/div>\n\t\t\t\t<\/div>\n\t\t\t\t\t<\/div>\n\t\t<\/div>\n\t\t\t\t\t\t\t<\/div>\n\t\t<\/section>\n\t\t\t\t<section class=\"elementor-section elementor-top-section elementor-element elementor-element-8fe867d elementor-section-boxed elementor-section-height-default elementor-section-height-default\" data-id=\"8fe867d\" data-element_type=\"section\" data-settings=\"{&quot;background_background&quot;:&quot;classic&quot;,&quot;jet_parallax_layout_list&quot;:[]}\">\n\t\t\t\t\t\t<div class=\"elementor-container elementor-column-gap-no\">\n\t\t\t\t\t<div class=\"elementor-column elementor-col-100 elementor-top-column elementor-element elementor-element-8b95155\" data-id=\"8b95155\" data-element_type=\"column\">\n\t\t\t<div class=\"elementor-widget-wrap elementor-element-populated\">\n\t\t\t\t\t\t\t\t<div class=\"elementor-element elementor-element-38a0787 elementor-widget__width-initial elementor-widget elementor-widget-text-editor\" data-id=\"38a0787\" data-element_type=\"widget\" data-widget_type=\"text-editor.default\">\n\t\t\t\t<div class=\"elementor-widget-container\">\n\t\t\t\t\t\t\t<p style=\"text-align: center;\">This unique seminar was created for those who love animals and share a deep connection and closeness<br>with all living beings. In this seminar, you will gain deeper understanding and confidence in animal restoration.<br>Dozviete sa tie\u017e, pre\u010do sa ako \u013eudia spr\u00e1vame tak, ako sa spr\u00e1vame, ako skuto\u010dne funguje na\u0161a DNA a<br>ako prostredn\u00edctvom DNA uskuto\u010dni\u0165 zmeny v na\u0161om \u017eivote.<\/p>\t\t\t\t\t\t<\/div>\n\t\t\t\t<\/div>\n\t\t\t\t\t<\/div>\n\t\t<\/div>\n\t\t\t\t\t\t\t<\/div>\n\t\t<\/section>\n\t\t\t\t<section class=\"elementor-section elementor-top-section elementor-element elementor-element-05b9797 elementor-section-boxed elementor-section-height-default elementor-section-height-default\" data-id=\"05b9797\" data-element_type=\"section\" data-settings=\"{&quot;background_background&quot;:&quot;classic&quot;,&quot;jet_parallax_layout_list&quot;:[]}\">\n\t\t\t\t\t\t<div class=\"elementor-container elementor-column-gap-no\">\n\t\t\t\t\t<div class=\"elementor-column elementor-col-50 elementor-top-column elementor-element elementor-element-45f2938\" data-id=\"45f2938\" data-element_type=\"column\">\n\t\t\t<div class=\"elementor-widget-wrap elementor-element-populated\">\n\t\t\t\t\t\t\t\t<div class=\"elementor-element elementor-element-7349de6 elementor-invisible elementor-widget elementor-widget-heading\" data-id=\"7349de6\" data-element_type=\"widget\" data-settings=\"{&quot;_animation&quot;:&quot;fadeInLeft&quot;,&quot;_animation_tablet&quot;:&quot;none&quot;,&quot;_animation_mobile&quot;:&quot;none&quot;,&quot;_animation_delay&quot;:300}\" data-widget_type=\"heading.default\">\n\t\t\t\t<div class=\"elementor-widget-container\">\n\t\t\t<h3 class=\"elementor-heading-title elementor-size-default\">More about the method<\/h3>\t\t<\/div>\n\t\t\t\t<\/div>\n\t\t\t\t<div class=\"elementor-element elementor-element-0ae7987 elementor-widget__width-initial elementor-widget-tablet__width-inherit elementor-widget elementor-widget-text-editor\" data-id=\"0ae7987\" data-element_type=\"widget\" data-widget_type=\"text-editor.default\">\n\t\t\t\t<div class=\"elementor-widget-container\">\n\t\t\t\t\t\t\t<p style=\"text-align: center;\">Na semin\u00e1ri o zvierat\u00e1ch sa dozviete podrobn\u00e9 inform\u00e1cie o tretej rovine existencie, kde \u017eijeme ako<br \/>\u013eudia a zvierat\u00e1. Mnoh\u00ed, ktor\u00ed absolvuj\u00fa tento semin\u00e1r, sa dozvedia ve\u013ek\u00e9 mno\u017estvo inform\u00e1ci\u00ed o tom,<br \/>ako komunikova\u0165 so zvieratami. Vysk\u00fa\u0161ate si nieko\u013eko cvi\u010den\u00ed, pri ktor\u00fdch sa nau\u010d\u00edte, ako pracova\u0165 so<br \/>zvieratami, \u010di u\u017e s\u00fa domestikovan\u00e9 alebo divok\u00e9, ako sa u\u010di\u0165 od zvieracej r\u00ed\u0161e a vidie\u0165 svet okolo n\u00e1s v<br \/>novom svetle. V\u010faka pochopeniu zvieracej r\u00ed\u0161e z\u00edskate mo\u017enos\u0165 nahliadnu\u0165 do vlastnej \u013eudskej<br \/>prirodzenosti a sp\u00f4sobu bytia. V\u010faka tomuto semin\u00e1ru budete m\u00f4c\u0165 roz\u0161\u00edri\u0165 svoje vedomosti a<br \/>pripravi\u0165 sa na inform\u00e1cie v semin\u00e1ri Roviny existencie.<\/p>\t\t\t\t\t\t<\/div>\n\t\t\t\t<\/div>\n\t\t\t\t\t<\/div>\n\t\t<\/div>\n\t\t\t\t<div class=\"elementor-column elementor-col-50 elementor-top-column elementor-element elementor-element-c6dc617\" data-id=\"c6dc617\" data-element_type=\"column\" data-settings=\"{&quot;background_background&quot;:&quot;classic&quot;,&quot;animation_tablet&quot;:&quot;none&quot;,&quot;animation_mobile&quot;:&quot;none&quot;}\">\n\t\t\t<div class=\"elementor-widget-wrap elementor-element-populated\">\n\t\t\t\t\t\t\t\t<div class=\"vamtam-has-theme-widget-styles elementor-element elementor-element-bed2cce elementor-invisible elementor-widget elementor-widget-image\" data-id=\"bed2cce\" data-element_type=\"widget\" data-settings=\"{&quot;_animation&quot;:&quot;imageGrowWithScaleLeft&quot;,&quot;_animation_tablet&quot;:&quot;none&quot;,&quot;_animation_mobile&quot;:&quot;none&quot;}\" data-widget_type=\"image.default\">\n\t\t\t\t<div class=\"elementor-widget-container\">\n\t\t\t\t\t\t\t<div class=\"elementor-image\">\n\t\t\t\t\t\t\t\t\t\t\t<div class=\"vamtam-image-wrapper\">\n\t\t\t\t\t\t\t\t\t\t\t\t\t\t\t\t\t\t\t\t\t<img fetchpriority=\"high\" decoding=\"async\" width=\"2560\" height=\"1152\" src=\"https:\/\/haranta.sk\/wp-content\/uploads\/2023\/03\/thetahealing-course-scaled.jpg\" class=\"attachment-full size-full wp-image-987827\" alt=\"thetahealing kurz\" srcset=\"https:\/\/haranta.sk\/wp-content\/uploads\/2023\/03\/thetahealing-course-scaled.jpg 2560w, https:\/\/haranta.sk\/wp-content\/uploads\/2023\/03\/thetahealing-course-scaled-630x284.jpg 630w, https:\/\/haranta.sk\/wp-content\/uploads\/2023\/03\/thetahealing-course-300x135.jpg 300w, https:\/\/haranta.sk\/wp-content\/uploads\/2023\/03\/thetahealing-course-1024x461.jpg 1024w, https:\/\/haranta.sk\/wp-content\/uploads\/2023\/03\/thetahealing-course-768x346.jpg 768w, https:\/\/haranta.sk\/wp-content\/uploads\/2023\/03\/thetahealing-course-1536x691.jpg 1536w, https:\/\/haranta.sk\/wp-content\/uploads\/2023\/03\/thetahealing-course-2048x922.jpg 2048w, https:\/\/haranta.sk\/wp-content\/uploads\/2023\/03\/thetahealing-course-1260x567.jpg 1260w\" sizes=\"(max-width: 2560px) 100vw, 2560px\" \/>\t\t\t\t\t\t\t\t\t\t\t\t\t\t\t\t\t\t\t\t\t\t\t\t\t\t<\/div>\n\t\t\t\t\t\t\t\t\t<\/div>\n\t\t\t\t\t\t<\/div>\n\t\t\t\t<\/div>\n\t\t\t\t\t<\/div>\n\t\t<\/div>\n\t\t\t\t\t\t\t<\/div>\n\t\t<\/section>\n\t\t<div class=\"elementor-element elementor-element-a2c3ee6 e-flex e-con-boxed e-con e-parent\" data-id=\"a2c3ee6\" data-element_type=\"container\" data-settings=\"{&quot;jet_parallax_layout_list&quot;:[],&quot;content_width&quot;:&quot;boxed&quot;}\" data-core-v316-plus=\"true\">\n\t\t\t\t\t<div class=\"e-con-inner\">\n\t\t<div class=\"elementor-element elementor-element-67d69dd e-con-full e-flex e-con e-child\" data-id=\"67d69dd\" data-element_type=\"container\" data-settings=\"{&quot;content_width&quot;:&quot;full&quot;,&quot;jet_parallax_layout_list&quot;:[]}\">\n\t\t\t\t<div class=\"elementor-element elementor-element-2faf95d elementor-widget elementor-widget-heading\" data-id=\"2faf95d\" data-element_type=\"widget\" data-widget_type=\"heading.default\">\n\t\t\t\t<div class=\"elementor-widget-container\">\n\t\t\t<h2 class=\"elementor-heading-title elementor-size-default\">Information<\/h2>\t\t<\/div>\n\t\t\t\t<\/div>\n\t\t\t\t<div class=\"elementor-element elementor-element-5ad4ce2 elementor-widget elementor-widget-text-editor\" data-id=\"5ad4ce2\" data-element_type=\"widget\" data-widget_type=\"text-editor.default\">\n\t\t\t\t<div class=\"elementor-widget-container\">\n\t\t\t\t\t\t\t<p><strong>Predpoklady:<\/strong> absolvovan\u00fd z\u00e1kladn\u00fd semin\u00e1r <strong>DNA1<\/strong>, Pokro\u010dil\u00fd semin\u00e1r <strong>DNA2<\/strong>, <strong>Dig Deeper, Vy a\u00a0stvorite\u013e <\/strong>a<strong> Intuit\u00edvna anat\u00f3mia.<\/strong><\/p><p><strong>Pre prihl\u00e1senie na kurz<\/strong> je potrebn\u00e9 vyplni\u0165 prihlasovac\u00ed formul\u00e1r.<\/p><p>V pr\u00edpade potreby je mo\u017en\u00e9 po\u017eiada\u0165 o<strong> \u0161tipendium<\/strong>.<\/p><p>V pr\u00edpade ot\u00e1zok \u010di z\u00e1ujmu o \u010fal\u0161ie inform\u00e1cie n\u00e1s kontaktujte na: <strong><a href=\"mailto:registracia@haranta.sk\">registracia@haranta.sk<\/a><\/strong><\/p><p>Po\u010det miest na kurze je <strong>limitovan\u00fd<\/strong>. Va\u0161e miesto bude z\u00e1v\u00e4zne rezervovan\u00e9 po zaslan\u00ed prihlasovacieho formul\u00e1ra a po uhraden\u00ed registra\u010dn\u00e9ho poplatku. Viac inform\u00e1ci\u00ed dostane ka\u017ed\u00fd z\u00e1ujemca do mailu.<\/p>\t\t\t\t\t\t<\/div>\n\t\t\t\t<\/div>\n\t\t\t\t<\/div>\n\t\t<div class=\"elementor-element elementor-element-289108b e-con-full e-flex e-con e-child\" data-id=\"289108b\" data-element_type=\"container\" data-settings=\"{&quot;content_width&quot;:&quot;full&quot;,&quot;jet_parallax_layout_list&quot;:[]}\">\n\t\t\t\t<div class=\"elementor-element elementor-element-157cb8c elementor-widget elementor-widget-heading\" data-id=\"157cb8c\" data-element_type=\"widget\" data-widget_type=\"heading.default\">\n\t\t\t\t<div class=\"elementor-widget-container\">\n\t\t\t<h2 class=\"elementor-heading-title elementor-size-default\">Price<\/h2>\t\t<\/div>\n\t\t\t\t<\/div>\n\t\t\t\t<div class=\"elementor-element elementor-element-7bb7768 elementor-widget elementor-widget-text-editor\" data-id=\"7bb7768\" data-element_type=\"widget\" data-widget_type=\"text-editor.default\">\n\t\t\t\t<div class=\"elementor-widget-container\">\n\t\t\t\t\t\t\t<p><strong>Cena semin\u00e1ra<\/strong> (lektorn\u00e9): <strong><span style=\"color: #d45700;\">190\u20ac<\/span><\/strong><\/p><p><strong>REGISTRATION<\/strong>: <strong style=\"color: #d45700;\">30\u20ac<\/strong><\/p><p><strong>Cena spolu za 10 dni<\/strong> <strong style=\"color: #d45700;\">220\u20ac<\/strong><span style=\"color: #000000; font-weight: 100; text-align: var(--text-align); background-color: var( --e-global-color-vamtam_accent_8 ); letter-spacing: var( --e-global-typography-vamtam_primary_font-letter-spacing ); text-transform: var(--vamtam-primary-font-transform,none);\"> (zah\u0155\u0148a: registr\u00e1ciu, lektorn\u00e9, manu\u00e1l, medzin\u00e1rodn\u00fd certifik\u00e1t, ob\u010derstvenie po\u010das semin\u00e1ra, osobn\u00fa asistenciu.)<\/span><\/p>\t\t\t\t\t\t<\/div>\n\t\t\t\t<\/div>\n\t\t\t\t<div class=\"elementor-element elementor-element-197a86e elementor-align-left elementor-widget elementor-widget-button\" data-id=\"197a86e\" data-element_type=\"widget\" data-widget_type=\"button.default\">\n\t\t\t\t<div class=\"elementor-widget-container\">\n\t\t\t\t\t<div class=\"elementor-button-wrapper\">\n\t\t\t<a class=\"elementor-button elementor-button-link elementor-size-sm\" href=\"https:\/\/haranta.sk\/en\/course\/thetahealing-zvierata\/\">\n\t\t\t\t\t\t<span class=\"elementor-button-content-wrapper\">\n\t\t\t\t\t\t<span class=\"elementor-button-text\">Register for the course<\/span>\n\t\t<\/span>\n\t\t\t\t\t<\/a>\n\t\t<\/div>\n\t\t\t\t<\/div>\n\t\t\t\t<\/div>\n\t\t\t\t<\/div>\n\t\t\t\t\t<\/div>\n\t\t\t\t<\/div>\n\t\t\t\t\t\t\t<\/div>","protected":false},"excerpt":{"rendered":"<p>Zvierata Tento v\u00fdnimo\u010dn\u00fd semin\u00e1r bol vytvoren\u00fd pre t\u00fdch, ktor\u00ed miluj\u00fa zvierat\u00e1 a maj\u00fa hlbok\u00e9 spojenie abl\u00edzkos\u0165 so v\u0161etk\u00fdm \u017eiv\u00fdm. Na tomto semin\u00e1ri z\u00edskate hlb\u0161ie porozumenie a d\u00f4veru pri lie\u010den\u00ed zvierat.Dozviete sa tie\u017e, pre\u010do sa ako \u013eudia spr\u00e1vame tak, ako sa spr\u00e1vame, ako skuto\u010dne funguje na\u0161a DNA aako prostredn\u00edctvom DNA uskuto\u010dni\u0165 zmeny v na\u0161om \u017eivote. Viac&#8230;<\/p>","protected":false},"author":1,"featured_media":0,"parent":992346,"menu_order":0,"comment_status":"closed","ping_status":"closed","template":"","meta":{"pmpro_default_level":"","iawp_total_views":2,"footnotes":""},"class_list":["post-992752","page","type-page","status-publish","hentry","pmpro-has-access"],"acf":[],"_links":{"self":[{"href":"https:\/\/haranta.sk\/en\/wp-json\/wp\/v2\/pages\/992752","targetHints":{"allow":["GET"]}}],"collection":[{"href":"https:\/\/haranta.sk\/en\/wp-json\/wp\/v2\/pages"}],"about":[{"href":"https:\/\/haranta.sk\/en\/wp-json\/wp\/v2\/types\/page"}],"author":[{"embeddable":true,"href":"https:\/\/haranta.sk\/en\/wp-json\/wp\/v2\/users\/1"}],"replies":[{"embeddable":true,"href":"https:\/\/haranta.sk\/en\/wp-json\/wp\/v2\/comments?post=992752"}],"version-history":[{"count":0,"href":"https:\/\/haranta.sk\/en\/wp-json\/wp\/v2\/pages\/992752\/revisions"}],"up":[{"embeddable":true,"href":"https:\/\/haranta.sk\/en\/wp-json\/wp\/v2\/pages\/992346"}],"wp:attachment":[{"href":"https:\/\/haranta.sk\/en\/wp-json\/wp\/v2\/media?parent=992752"}],"curies":[{"name":"wp","href":"https:\/\/api.w.org\/{rel}","templated":true}]}}