{"id":992737,"date":"2023-11-26T15:55:24","date_gmt":"2023-11-26T14:55:24","guid":{"rendered":"https:\/\/haranta.sk\/?page_id=992737"},"modified":"2023-11-28T20:51:40","modified_gmt":"2023-11-28T19:51:40","slug":"rastliny","status":"publish","type":"page","link":"https:\/\/haranta.sk\/en\/thetahealing\/rastliny\/","title":{"rendered":"Plants"},"content":{"rendered":"<div data-elementor-type=\"wp-page\" data-elementor-id=\"992737\" class=\"elementor elementor-992737\" data-elementor-post-type=\"page\">\n\t\t\t\t\t\t\t\t\t<section class=\"elementor-section elementor-top-section elementor-element elementor-element-fa13390 elementor-section-boxed elementor-section-height-default elementor-section-height-default\" data-id=\"fa13390\" data-element_type=\"section\" data-settings=\"{&quot;background_background&quot;:&quot;classic&quot;,&quot;jet_parallax_layout_list&quot;:[]}\">\n\t\t\t\t\t\t<div class=\"elementor-container elementor-column-gap-no\">\n\t\t\t\t\t<div class=\"elementor-column elementor-col-100 elementor-top-column elementor-element elementor-element-335d052\" data-id=\"335d052\" data-element_type=\"column\">\n\t\t\t<div class=\"elementor-widget-wrap elementor-element-populated\">\n\t\t\t\t\t\t\t\t<div class=\"elementor-element elementor-element-f424607 elementor-invisible elementor-widget elementor-widget-heading\" data-id=\"f424607\" data-element_type=\"widget\" data-settings=\"{&quot;_animation&quot;:&quot;fadeIn&quot;,&quot;_animation_tablet&quot;:&quot;none&quot;,&quot;_animation_mobile&quot;:&quot;none&quot;,&quot;_animation_delay&quot;:300}\" data-widget_type=\"heading.default\">\n\t\t\t\t<div class=\"elementor-widget-container\">\n\t\t\t<h2 class=\"elementor-heading-title elementor-size-default\">Plants<\/h2>\t\t<\/div>\n\t\t\t\t<\/div>\n\t\t\t\t\t<\/div>\n\t\t<\/div>\n\t\t\t\t\t\t\t<\/div>\n\t\t<\/section>\n\t\t\t\t<section class=\"elementor-section elementor-top-section elementor-element elementor-element-f4430b3 elementor-section-boxed elementor-section-height-default elementor-section-height-default\" data-id=\"f4430b3\" data-element_type=\"section\" data-settings=\"{&quot;background_background&quot;:&quot;classic&quot;,&quot;jet_parallax_layout_list&quot;:[]}\">\n\t\t\t\t\t\t<div class=\"elementor-container elementor-column-gap-no\">\n\t\t\t\t\t<div class=\"elementor-column elementor-col-100 elementor-top-column elementor-element elementor-element-de41803\" data-id=\"de41803\" data-element_type=\"column\">\n\t\t\t<div class=\"elementor-widget-wrap elementor-element-populated\">\n\t\t\t\t\t\t\t\t<div class=\"elementor-element elementor-element-6dd4848 elementor-widget__width-initial elementor-widget elementor-widget-text-editor\" data-id=\"6dd4848\" data-element_type=\"widget\" data-widget_type=\"text-editor.default\">\n\t\t\t\t<div class=\"elementor-widget-container\">\n\t\t\t\t\t\t\t<p style=\"text-align: center;\">This seminar is dedicated to the secret intuitive world of plants, trees, and elementals,<br \/>offering a deep dive into how to communicate with the plant kingdom of the Second Plane of Existence.<\/p>\t\t\t\t\t\t<\/div>\n\t\t\t\t<\/div>\n\t\t\t\t\t<\/div>\n\t\t<\/div>\n\t\t\t\t\t\t\t<\/div>\n\t\t<\/section>\n\t\t\t\t<section class=\"elementor-section elementor-top-section elementor-element elementor-element-a0d63c3 elementor-section-boxed elementor-section-height-default elementor-section-height-default\" data-id=\"a0d63c3\" data-element_type=\"section\" data-settings=\"{&quot;background_background&quot;:&quot;classic&quot;,&quot;jet_parallax_layout_list&quot;:[]}\">\n\t\t\t\t\t\t<div class=\"elementor-container elementor-column-gap-no\">\n\t\t\t\t\t<div class=\"elementor-column elementor-col-50 elementor-top-column elementor-element elementor-element-e569612\" data-id=\"e569612\" data-element_type=\"column\">\n\t\t\t<div class=\"elementor-widget-wrap elementor-element-populated\">\n\t\t\t\t\t\t\t\t<div class=\"elementor-element elementor-element-c753ed0 elementor-invisible elementor-widget elementor-widget-heading\" data-id=\"c753ed0\" data-element_type=\"widget\" data-settings=\"{&quot;_animation&quot;:&quot;fadeInLeft&quot;,&quot;_animation_tablet&quot;:&quot;none&quot;,&quot;_animation_mobile&quot;:&quot;none&quot;,&quot;_animation_delay&quot;:300}\" data-widget_type=\"heading.default\">\n\t\t\t\t<div class=\"elementor-widget-container\">\n\t\t\t<h3 class=\"elementor-heading-title elementor-size-default\">More about the method<\/h3>\t\t<\/div>\n\t\t\t\t<\/div>\n\t\t\t\t<div class=\"elementor-element elementor-element-875b314 elementor-widget__width-initial elementor-widget-tablet__width-inherit elementor-widget elementor-widget-text-editor\" data-id=\"875b314\" data-element_type=\"widget\" data-widget_type=\"text-editor.default\">\n\t\t\t\t<div class=\"elementor-widget-container\">\n\t\t\t\t\t\t\t<p style=\"text-align: center;\">Druh\u00e1 rovina existencie n\u00e1s u\u010d\u00ed by\u0165 v harm\u00f3nii s rastlinami, stromami a element\u00e1lmi. V r\u00e1mci<br \/>tejto harm\u00f3nie sa nau\u010d\u00edme prv\u00fa lekciu o tom, ako rastliny vyu\u017e\u00edvaj\u00fa sveteln\u00fa energiu na<br \/>lie\u010denie. Nau\u010dte sa, ako lie\u010di\u0165 rastlinu a ako umo\u017eni\u0165 rastlinnej r\u00ed\u0161i, aby lie\u010dila v\u00e1s.<br \/>Na tomto semin\u00e1ri sa Vianna podelila aj o svoje vedomosti o tom, ako naozaj dobre<br \/>z\u00e1hradn\u00ed\u010di\u0165 a \u010do esencie rastl\u00edn prin\u00e1\u0161aj\u00fa do n\u00e1\u0161ho tela.<\/p><p style=\"text-align: center;\">Nau\u010dte sa, ako komunikova\u0165 s rastlinami, pre\u010do s\u00fa stromy najm\u00fadrej\u0161\u00edmi bytos\u0165ami na na\u0161ej<br \/>plan\u00e9te, a ako prija\u0165 lie\u010denie od rastl\u00edn. Zistite, ak\u00fd pr\u00ednos m\u00e1 rastlinn\u00e1 r\u00ed\u0161a pre svet a pre v\u00e1s!<br \/>Pochopte, \u010do n\u00e1s rastlinn\u00e1 r\u00ed\u0161a u\u010d\u00ed o svetelnej energii a ako t\u00fato sveteln\u00fa energiu vyu\u017ei\u0165 na<br \/>v\u00fd\u017eivu n\u00e1\u0161ho tela. Ka\u017ed\u00e1 rastlina m\u00e1 in\u00e9 vibra\u010dn\u00e9 frekvencie a objavte, \u010do vytv\u00e1ra matersk\u00fd<br \/>strom, otcovsk\u00fd strom, port\u00e1lov\u00e9 stromy a mnoho r\u00f4znych druhov rastl\u00edn a ako medzi sebou<br \/>komunikuj\u00fa.<\/p>\t\t\t\t\t\t<\/div>\n\t\t\t\t<\/div>\n\t\t\t\t\t<\/div>\n\t\t<\/div>\n\t\t\t\t<div class=\"elementor-column elementor-col-50 elementor-top-column elementor-element elementor-element-6e753e5\" data-id=\"6e753e5\" data-element_type=\"column\" data-settings=\"{&quot;background_background&quot;:&quot;classic&quot;,&quot;animation_tablet&quot;:&quot;none&quot;,&quot;animation_mobile&quot;:&quot;none&quot;}\">\n\t\t\t<div class=\"elementor-widget-wrap elementor-element-populated\">\n\t\t\t\t\t\t\t\t<div class=\"vamtam-has-theme-widget-styles elementor-element elementor-element-a979548 elementor-invisible elementor-widget elementor-widget-image\" data-id=\"a979548\" data-element_type=\"widget\" data-settings=\"{&quot;_animation&quot;:&quot;imageGrowWithScaleLeft&quot;,&quot;_animation_tablet&quot;:&quot;none&quot;,&quot;_animation_mobile&quot;:&quot;none&quot;}\" data-widget_type=\"image.default\">\n\t\t\t\t<div class=\"elementor-widget-container\">\n\t\t\t\t\t\t\t<div class=\"elementor-image\">\n\t\t\t\t\t\t\t\t\t\t\t<div class=\"vamtam-image-wrapper\">\n\t\t\t\t\t\t\t\t\t\t\t\t\t\t\t\t\t\t\t\t\t<img fetchpriority=\"high\" decoding=\"async\" width=\"2560\" height=\"1152\" src=\"https:\/\/haranta.sk\/wp-content\/uploads\/2023\/03\/thetahealing-course-scaled.jpg\" class=\"attachment-full size-full wp-image-987827\" alt=\"thetahealing kurz\" srcset=\"https:\/\/haranta.sk\/wp-content\/uploads\/2023\/03\/thetahealing-course-scaled.jpg 2560w, https:\/\/haranta.sk\/wp-content\/uploads\/2023\/03\/thetahealing-course-scaled-630x284.jpg 630w, https:\/\/haranta.sk\/wp-content\/uploads\/2023\/03\/thetahealing-course-300x135.jpg 300w, https:\/\/haranta.sk\/wp-content\/uploads\/2023\/03\/thetahealing-course-1024x461.jpg 1024w, https:\/\/haranta.sk\/wp-content\/uploads\/2023\/03\/thetahealing-course-768x346.jpg 768w, https:\/\/haranta.sk\/wp-content\/uploads\/2023\/03\/thetahealing-course-1536x691.jpg 1536w, https:\/\/haranta.sk\/wp-content\/uploads\/2023\/03\/thetahealing-course-2048x922.jpg 2048w, https:\/\/haranta.sk\/wp-content\/uploads\/2023\/03\/thetahealing-course-1260x567.jpg 1260w\" sizes=\"(max-width: 2560px) 100vw, 2560px\" \/>\t\t\t\t\t\t\t\t\t\t\t\t\t\t\t\t\t\t\t\t\t\t\t\t\t\t<\/div>\n\t\t\t\t\t\t\t\t\t<\/div>\n\t\t\t\t\t\t<\/div>\n\t\t\t\t<\/div>\n\t\t\t\t\t<\/div>\n\t\t<\/div>\n\t\t\t\t\t\t\t<\/div>\n\t\t<\/section>\n\t\t<div class=\"elementor-element elementor-element-9a958ef e-flex e-con-boxed e-con e-parent\" data-id=\"9a958ef\" data-element_type=\"container\" data-settings=\"{&quot;jet_parallax_layout_list&quot;:[],&quot;content_width&quot;:&quot;boxed&quot;}\" data-core-v316-plus=\"true\">\n\t\t\t\t\t<div class=\"e-con-inner\">\n\t\t<div class=\"elementor-element elementor-element-01a51e5 e-con-full e-flex e-con e-child\" data-id=\"01a51e5\" data-element_type=\"container\" data-settings=\"{&quot;content_width&quot;:&quot;full&quot;,&quot;jet_parallax_layout_list&quot;:[]}\">\n\t\t\t\t<div class=\"elementor-element elementor-element-9554441 elementor-widget elementor-widget-heading\" data-id=\"9554441\" data-element_type=\"widget\" data-widget_type=\"heading.default\">\n\t\t\t\t<div class=\"elementor-widget-container\">\n\t\t\t<h2 class=\"elementor-heading-title elementor-size-default\">Information<\/h2>\t\t<\/div>\n\t\t\t\t<\/div>\n\t\t\t\t<div class=\"elementor-element elementor-element-93fcdc0 elementor-widget elementor-widget-text-editor\" data-id=\"93fcdc0\" data-element_type=\"widget\" data-widget_type=\"text-editor.default\">\n\t\t\t\t<div class=\"elementor-widget-container\">\n\t\t\t\t\t\t\t<p><strong>Predpoklady:<\/strong> absolvovan\u00fd z\u00e1kladn\u00fd semin\u00e1r <strong>DNA1<\/strong>, Pokro\u010dil\u00fd semin\u00e1r <strong>DNA2<\/strong>, <strong>Dig Deeper, Vy a\u00a0stvorite\u013e <\/strong>a<strong> Intuit\u00edvna anat\u00f3mia.<\/strong><\/p><p><strong>Pre prihl\u00e1senie na kurz<\/strong> je potrebn\u00e9 vyplni\u0165 prihlasovac\u00ed formul\u00e1r.<\/p><p>V pr\u00edpade potreby je mo\u017en\u00e9 po\u017eiada\u0165 o<strong> \u0161tipendium<\/strong>.<\/p><p>V pr\u00edpade ot\u00e1zok \u010di z\u00e1ujmu o \u010fal\u0161ie inform\u00e1cie n\u00e1s kontaktujte na: <strong><a href=\"mailto:registracia@haranta.sk\">registracia@haranta.sk<\/a><\/strong><\/p><p>Po\u010det miest na kurze je <strong>limitovan\u00fd<\/strong>. Va\u0161e miesto bude z\u00e1v\u00e4zne rezervovan\u00e9 po zaslan\u00ed prihlasovacieho formul\u00e1ra a po uhraden\u00ed registra\u010dn\u00e9ho poplatku. Viac inform\u00e1ci\u00ed dostane ka\u017ed\u00fd z\u00e1ujemca do mailu.<\/p>\t\t\t\t\t\t<\/div>\n\t\t\t\t<\/div>\n\t\t\t\t<\/div>\n\t\t<div class=\"elementor-element elementor-element-a0a80d4 e-con-full e-flex e-con e-child\" data-id=\"a0a80d4\" data-element_type=\"container\" data-settings=\"{&quot;content_width&quot;:&quot;full&quot;,&quot;jet_parallax_layout_list&quot;:[]}\">\n\t\t\t\t<div class=\"elementor-element elementor-element-9095234 elementor-widget elementor-widget-heading\" data-id=\"9095234\" data-element_type=\"widget\" data-widget_type=\"heading.default\">\n\t\t\t\t<div class=\"elementor-widget-container\">\n\t\t\t<h2 class=\"elementor-heading-title elementor-size-default\">Price<\/h2>\t\t<\/div>\n\t\t\t\t<\/div>\n\t\t\t\t<div class=\"elementor-element elementor-element-ef9523b elementor-widget elementor-widget-text-editor\" data-id=\"ef9523b\" data-element_type=\"widget\" data-widget_type=\"text-editor.default\">\n\t\t\t\t<div class=\"elementor-widget-container\">\n\t\t\t\t\t\t\t<p><strong>Cena semin\u00e1ra<\/strong> (lektorn\u00e9): <strong><span style=\"color: #d45700;\">190\u20ac<\/span><\/strong><\/p><p><strong>REGISTRATION<\/strong>: <strong style=\"color: #d45700;\">30\u20ac<\/strong><\/p><p><strong>Cena spolu za 10 dni<\/strong> <strong style=\"color: #d45700;\">220\u20ac<\/strong><span style=\"color: #000000; font-weight: 100; text-align: var(--text-align); background-color: var( --e-global-color-vamtam_accent_8 ); letter-spacing: var( --e-global-typography-vamtam_primary_font-letter-spacing ); text-transform: var(--vamtam-primary-font-transform,none);\"> (zah\u0155\u0148a: registr\u00e1ciu, lektorn\u00e9, manu\u00e1l, medzin\u00e1rodn\u00fd certifik\u00e1t, ob\u010derstvenie po\u010das semin\u00e1ra, osobn\u00fa asistenciu.)<\/span><\/p>\t\t\t\t\t\t<\/div>\n\t\t\t\t<\/div>\n\t\t\t\t<div class=\"elementor-element elementor-element-849ef5f elementor-align-left elementor-widget elementor-widget-button\" data-id=\"849ef5f\" data-element_type=\"widget\" data-widget_type=\"button.default\">\n\t\t\t\t<div class=\"elementor-widget-container\">\n\t\t\t\t\t<div class=\"elementor-button-wrapper\">\n\t\t\t<a class=\"elementor-button elementor-button-link elementor-size-sm\" href=\"https:\/\/haranta.sk\/en\/course\/thetahealing-rastliny\/\">\n\t\t\t\t\t\t<span class=\"elementor-button-content-wrapper\">\n\t\t\t\t\t\t<span class=\"elementor-button-text\">Register for the course<\/span>\n\t\t<\/span>\n\t\t\t\t\t<\/a>\n\t\t<\/div>\n\t\t\t\t<\/div>\n\t\t\t\t<\/div>\n\t\t\t\t<\/div>\n\t\t\t\t\t<\/div>\n\t\t\t\t<\/div>\n\t\t\t\t\t\t\t<\/div>","protected":false},"excerpt":{"rendered":"<p>Rastliny Tento semin\u00e1r je venovan\u00fd tajn\u00e9mu intuit\u00edvnemu svetu rastl\u00edn, stromov a element\u00e1lov apon\u00faka hlbok\u00fd ponor do toho, ako komunikova\u0165 s rastlinnou r\u00ed\u0161ou druhej roviny existencie. Viac o met\u00f3de Druh\u00e1 rovina existencie n\u00e1s u\u010d\u00ed by\u0165 v harm\u00f3nii s rastlinami, stromami a element\u00e1lmi. V r\u00e1mcitejto harm\u00f3nie sa nau\u010d\u00edme prv\u00fa lekciu o tom, ako rastliny vyu\u017e\u00edvaj\u00fa sveteln\u00fa energiu&#8230;<\/p>","protected":false},"author":1,"featured_media":0,"parent":992346,"menu_order":0,"comment_status":"closed","ping_status":"closed","template":"","meta":{"pmpro_default_level":"","iawp_total_views":2,"footnotes":""},"class_list":["post-992737","page","type-page","status-publish","hentry","pmpro-has-access"],"acf":[],"_links":{"self":[{"href":"https:\/\/haranta.sk\/en\/wp-json\/wp\/v2\/pages\/992737","targetHints":{"allow":["GET"]}}],"collection":[{"href":"https:\/\/haranta.sk\/en\/wp-json\/wp\/v2\/pages"}],"about":[{"href":"https:\/\/haranta.sk\/en\/wp-json\/wp\/v2\/types\/page"}],"author":[{"embeddable":true,"href":"https:\/\/haranta.sk\/en\/wp-json\/wp\/v2\/users\/1"}],"replies":[{"embeddable":true,"href":"https:\/\/haranta.sk\/en\/wp-json\/wp\/v2\/comments?post=992737"}],"version-history":[{"count":0,"href":"https:\/\/haranta.sk\/en\/wp-json\/wp\/v2\/pages\/992737\/revisions"}],"up":[{"embeddable":true,"href":"https:\/\/haranta.sk\/en\/wp-json\/wp\/v2\/pages\/992346"}],"wp:attachment":[{"href":"https:\/\/haranta.sk\/en\/wp-json\/wp\/v2\/media?parent=992737"}],"curies":[{"name":"wp","href":"https:\/\/api.w.org\/{rel}","templated":true}]}}