{"id":992345,"date":"2021-03-09T10:28:10","date_gmt":"2021-03-09T09:28:10","guid":{"rendered":"https:\/\/haranta.dusanrybar.sk\/?page_id=3569"},"modified":"2026-04-19T20:17:19","modified_gmt":"2026-04-19T18:17:19","slug":"miroslav-haranta","status":"publish","type":"page","link":"https:\/\/haranta.sk\/en\/miroslav-haranta\/","title":{"rendered":"Aryadeva Miroslav Haranta"},"content":{"rendered":"\t\t<div data-elementor-type=\"wp-page\" data-elementor-id=\"992345\" class=\"elementor elementor-992345\" data-elementor-post-type=\"page\">\n\t\t\t\t\t\t\t\t\t<section class=\"elementor-section elementor-top-section elementor-element elementor-element-89a486c elementor-section-boxed elementor-section-height-default elementor-section-height-default\" data-id=\"89a486c\" data-element_type=\"section\" data-settings=\"{&quot;jet_parallax_layout_list&quot;:[]}\">\n\t\t\t\t\t\t<div class=\"elementor-container elementor-column-gap-no\">\n\t\t\t\t\t<div class=\"elementor-column elementor-col-100 elementor-top-column elementor-element elementor-element-51b0c1d\" data-id=\"51b0c1d\" data-element_type=\"column\">\n\t\t\t<div class=\"elementor-widget-wrap elementor-element-populated\">\n\t\t\t\t\t\t\t\t<div class=\"elementor-element elementor-element-9dc01af elementor-invisible elementor-widget elementor-widget-heading\" data-id=\"9dc01af\" data-element_type=\"widget\" data-settings=\"{&quot;_animation&quot;:&quot;fadeIn&quot;,&quot;_animation_tablet&quot;:&quot;none&quot;,&quot;_animation_mobile&quot;:&quot;none&quot;}\" data-widget_type=\"heading.default\">\n\t\t\t\t<div class=\"elementor-widget-container\">\n\t\t\t<h1 class=\"elementor-heading-title elementor-size-default\">U\u010dite\u013e<\/h1>\t\t<\/div>\n\t\t\t\t<\/div>\n\t\t\t\t\t<\/div>\n\t\t<\/div>\n\t\t\t\t\t\t\t<\/div>\n\t\t<\/section>\n\t\t\t\t<section class=\"elementor-section elementor-top-section elementor-element elementor-element-11e3a05 elementor-section-boxed elementor-section-height-default elementor-section-height-default\" data-id=\"11e3a05\" data-element_type=\"section\" data-settings=\"{&quot;jet_parallax_layout_list&quot;:[]}\">\n\t\t\t\t\t\t<div class=\"elementor-container elementor-column-gap-no\">\n\t\t\t\t\t<div class=\"elementor-column elementor-col-50 elementor-top-column elementor-element elementor-element-e19f95f item-wrapper\" data-id=\"e19f95f\" data-element_type=\"column\">\n\t\t\t<div class=\"elementor-widget-wrap elementor-element-populated\">\n\t\t\t\t\t\t\t\t<div class=\"vamtam-has-theme-widget-styles elementor-element elementor-element-dd91d59 elementor-invisible elementor-widget elementor-widget-image\" data-id=\"dd91d59\" data-element_type=\"widget\" data-settings=\"{&quot;_animation&quot;:&quot;pulse&quot;,&quot;_animation_tablet&quot;:&quot;none&quot;,&quot;_animation_mobile&quot;:&quot;none&quot;,&quot;_animation_delay&quot;:600}\" data-e-bg-lazyload=\".elementor-widget-container\" data-widget_type=\"image.default\">\n\t\t\t\t<div class=\"elementor-widget-container\">\n\t\t\t\t\t\t\t<div class=\"elementor-image\">\n\t\t\t\t\t\t\t\t\t\t\t\t\t\t\t\t\t\t\t\t\t<img fetchpriority=\"high\" decoding=\"async\" width=\"1400\" height=\"1476\" src=\"https:\/\/haranta.sk\/wp-content\/uploads\/2026\/03\/Titulna-fotka-vysek.png\" class=\"elementor-animation-float attachment-full size-full wp-image-994238\" alt=\"\" srcset=\"https:\/\/haranta.sk\/wp-content\/uploads\/2026\/03\/Titulna-fotka-vysek.png 1400w, https:\/\/haranta.sk\/wp-content\/uploads\/2026\/03\/Titulna-fotka-vysek-285x300.png 285w, https:\/\/haranta.sk\/wp-content\/uploads\/2026\/03\/Titulna-fotka-vysek-971x1024.png 971w, https:\/\/haranta.sk\/wp-content\/uploads\/2026\/03\/Titulna-fotka-vysek-768x810.png 768w, https:\/\/haranta.sk\/wp-content\/uploads\/2026\/03\/Titulna-fotka-vysek-11x12.png 11w, https:\/\/haranta.sk\/wp-content\/uploads\/2026\/03\/Titulna-fotka-vysek-1260x1328.png 1260w, https:\/\/haranta.sk\/wp-content\/uploads\/2026\/03\/Titulna-fotka-vysek-630x664.png 630w\" sizes=\"(max-width: 1400px) 100vw, 1400px\" \/>\t\t\t\t\t\t\t\t\t\t\t\t\t\t\t\t\t\t\t\t\t\t\t\t<\/div>\n\t\t\t\t\t\t<\/div>\n\t\t\t\t<\/div>\n\t\t\t\t\t<\/div>\n\t\t<\/div>\n\t\t\t\t<div class=\"elementor-column elementor-col-50 elementor-top-column elementor-element elementor-element-af7d10e\" data-id=\"af7d10e\" data-element_type=\"column\">\n\t\t\t<div class=\"elementor-widget-wrap elementor-element-populated\">\n\t\t\t\t\t\t\t\t<div class=\"elementor-element elementor-element-bfe7373 elementor-widget elementor-widget-heading\" data-id=\"bfe7373\" data-element_type=\"widget\" data-widget_type=\"heading.default\">\n\t\t\t\t<div class=\"elementor-widget-container\">\n\t\t\t<h2 class=\"elementor-heading-title elementor-size-default\">Aryadeva <br>(Miroslav Haranta)<\/h2>\t\t<\/div>\n\t\t\t\t<\/div>\n\t\t\t\t<div class=\"elementor-element elementor-element-61b21a5 elementor-widget elementor-widget-heading\" data-id=\"61b21a5\" data-element_type=\"widget\" data-widget_type=\"heading.default\">\n\t\t\t\t<div class=\"elementor-widget-container\">\n\t\t\t<h6 class=\"elementor-heading-title elementor-size-default\"><span style=\"font-family: Gotu, Arial; font-size: 18px; font-style: normal; font-variant-ligatures: normal; font-variant-caps: normal; font-weight: 400;\">Founder of Vijaya spiritual school<br>\nTantra, Yoga and meditation teacher <br>\n<\/span><span style=\"font-family: Gotu, Arial; font-size: 18px; font-style: normal; font-variant-ligatures: normal; font-variant-caps: normal; font-weight: 400;\">Certificate of Science | <\/span><span style=\"font-family: Gotu, Arial; font-size: 18px; font-style: normal; font-variant-ligatures: normal; font-variant-caps: normal; font-weight: 400;\">Master of ThetaHealing<\/span><\/h6>\t\t<\/div>\n\t\t\t\t<\/div>\n\t\t\t\t<div class=\"vamtam-has-theme-widget-styles elementor-element elementor-element-fce4eed elementor-widget elementor-widget-image\" data-id=\"fce4eed\" data-element_type=\"widget\" data-settings=\"{&quot;motion_fx_motion_fx_scrolling&quot;:&quot;yes&quot;,&quot;motion_fx_rotateZ_effect&quot;:&quot;yes&quot;,&quot;motion_fx_devices&quot;:[&quot;desktop&quot;],&quot;motion_fx_rotateZ_speed&quot;:{&quot;unit&quot;:&quot;px&quot;,&quot;size&quot;:1,&quot;sizes&quot;:[]},&quot;motion_fx_rotateZ_affectedRange&quot;:{&quot;unit&quot;:&quot;%&quot;,&quot;size&quot;:&quot;&quot;,&quot;sizes&quot;:{&quot;start&quot;:0,&quot;end&quot;:100}}}\" data-widget_type=\"image.default\">\n\t\t\t\t<div class=\"elementor-widget-container\">\n\t\t\t\t\t\t\t<div class=\"elementor-image\">\n\t\t\t\t\t\t\t\t\t\t\t\t\t\t\t\t\t\t\t\t\t<img decoding=\"async\" width=\"130\" height=\"95\" src=\"https:\/\/haranta.sk\/wp-content\/uploads\/2021\/02\/illustration-woman-2-2.svg\" class=\"attachment-full size-full wp-image-15\" alt=\"\" \/>\t\t\t\t\t\t\t\t\t\t\t\t\t\t\t\t\t\t\t\t\t\t\t\t<\/div>\n\t\t\t\t\t\t<\/div>\n\t\t\t\t<\/div>\n\t\t\t\t<div class=\"elementor-element elementor-element-83d29db elementor-widget elementor-widget-text-editor\" data-id=\"83d29db\" data-element_type=\"widget\" data-widget_type=\"text-editor.default\">\n\t\t\t\t<div class=\"elementor-widget-container\">\n\t\t\t\t\t\t\t<p><span style=\"font-weight: 400;\">Je terapeut, lektor a spisovate\u013e. Pracuje s klientmi na ich osobnom rozvoji a objavovan\u00ed sam\u00fdch seba, lie\u010dbe chor\u00f4b, strachov, odstra\u0148ovan\u00ed tr\u00e1um a bolest\u00ed. Aby boli zmeny trval\u00e9, pracuje s nimi hlavne cez ich podvedomie, kde ich r\u00f4znymi n\u00e1strojmi zbavuje star\u00fdch negat\u00edvnych a\u00a0\u010dastokr\u00e1t hlbok\u00fdch presved\u010den\u00ed. Venuje sa problematike partnerstvu, \u017eenskej zranite\u013enosti, vz\u0165ahov, v\u00fdchove det\u00ed, ako vies\u0165 \u0161\u0165astn\u00fd a naplnen\u00fd \u017eivot. Predn\u00e1\u0161a na univerzit\u00e1ch, \u0161kol\u00e1ch a\u00a0konferenci\u00e1ch, v\u00a0r\u00e1mci firiem \u0161kol\u00ed na t\u00e9my ako vedom\u00e1 komunik\u00e1cia, mana\u017e\u00e9rske zru\u010dnosti, hodnoty, vz\u0165ahy, em\u00f3cie a\u00a0\u010fal\u0161ie.\u00a0<\/span><\/p><p style=\"font-style: normal; font-variant-ligatures: normal; font-variant-caps: normal; font-weight: 400; font-size: 16px; font-family: Archivo, Arial; letter-spacing: 0.3px;\"><span style=\"font-weight: bold;\">Autentick\u00e1 Tantra<\/span><\/p><p style=\"font-style: normal; font-variant-ligatures: normal; font-variant-caps: normal; font-weight: 400; font-size: 16px; font-family: Archivo, Arial; letter-spacing: 0.3px;\"><span style=\"font-weight: 400;\">Pr\u00e1ci so sexualitou a telom sa venuje od roku 2014. Z\u00e1mer mal v\u0161ak pochopi\u0165 na\u0161e telo a energiu hlb\u0161ie a tieto u\u010denia autentickej tantry prinies\u0165 aj na Slovensko. Umeniu tantry a pr\u00e1ce s energiou sa za\u010dal u\u010di\u0165 u tantrick\u00fdch jog\u00ednskych majstrov. Cesta za posv\u00e4tnou sexualitou a tantrou ho zaviedla do Ju\u017enej Ameriky, Indie a \u010fal\u0161\u00edch kraj\u00edn vo svete, kde si pre\u0161iel viacer\u00fdmi celosvetovo certifikovan\u00fdmi v\u00fdcvikmi. Pom\u00e1ha jednotlivcom aj p\u00e1rom objavova\u0165 a lie\u010di\u0165 sexu\u00e1lnu energiu, meni\u0165 kvalitu \u017eivota a pos\u00fava\u0165 sa tak na vy\u0161\u0161iu spiritu\u00e1lnu \u00farove\u0148.<\/span><\/p><p><strong>ThetaHealing\u00ae<\/strong><\/p><p><span style=\"font-weight: 400;\">Certificate of Science, Master of ThetaHealing\u00ae, medzin\u00e1rodn\u00fd certifikovan\u00fd lektor a terapeut ThetaHealing. Kurzami ThetaHealing predviedol u\u017e viac ako 1100 \u013eud\u00ed, odu\u010dil 80 kurzov doma aj v zahrani\u010d\u00ed. Je expertom na techniku dolovania met\u00f3dou ThetaHealing. V r\u00e1mci klientskej praxe m\u00e1 sk\u00fasenosti s tis\u00edckami klientov, ktor\u00e9 \u010falej pred\u00e1va \u00fa\u010dastn\u00edkom na semin\u00e1roch ThetaHealing. Je zakladate\u013eom najv\u00e4\u010d\u0161ej ThetaHealing komunity na Slovensku. Ide o skupinu podobne zm\u00fd\u0161\u013eaj\u00facich \u013eud\u00ed, ktor\u00ed maj\u00fa z\u00e1ujem osobne, duchovne aj \u013eudsky r\u00e1s\u0165.<\/span><\/p><p><strong>SOULY\u00ae<\/strong><\/p><p><span style=\"font-weight: 400;\">zakladate\u013e nov\u00e9ho projektu SOULY\u00ae, neust\u00e1le probl\u00e9my a\u00a0tr\u00e1penia klientov n\u00e1js\u0165 si kompatibiln\u00e9ho partnera ho viedli k\u00a0vytvoreniu unik\u00e1tnej zoznamky, kde v\u010faka jedine\u010dn\u00e9mu partnersk\u00e9mu dotazn\u00edku v\u00e1m SOULY vypo\u010d\u00edta kompatibilitu s\u00a0potenci\u00e1lnymi partnermi. www.souly.love<\/span><\/p><p><strong>Enneagram<\/strong><\/p><p><span style=\"font-weight: 400;\">Organizuje unik\u00e1tne semin\u00e1re typol\u00f3gie osobnosti pre \u0161irok\u00fa aj odborn\u00fa verejnos\u0165 \u2013 ENNEAGRAM. Semin\u00e1rmi Enneagram predviedol nieko\u013eko stoviek \u013eud\u00ed, doma aj v\u00a0zahrani\u010d\u00ed. Tieto \u00fa\u017easn\u00e9 n\u00e1stroje a\u00a0inform\u00e1cie, prin\u00e1\u0161aj\u00fa zlep\u0161enie vz\u0165ahov, poh\u013ead na zmysel \u017eivota, hlb\u0161ie pochopenie seba a\u00a0svojho spr\u00e1vania, porozumenie na\u0161ich bl\u00edzkych a\u00a0okolia, a prispievaj\u00fa k\u00a0\u017eitiu spokojn\u00e9ho a naplnen\u00e9ho \u017eivota.<\/span><\/p>\t\t\t\t\t\t<\/div>\n\t\t\t\t<\/div>\n\t\t\t\t<div class=\"elementor-element elementor-element-75e6d76 e-grid-align-left elementor-shape-rounded elementor-grid-0 elementor-widget elementor-widget-social-icons\" data-id=\"75e6d76\" data-element_type=\"widget\" data-widget_type=\"social-icons.default\">\n\t\t\t\t<div class=\"elementor-widget-container\">\n\t\t\t\t\t<div class=\"elementor-social-icons-wrapper elementor-grid\">\n\t\t\t\t\t\t\t<span class=\"elementor-grid-item\">\n\t\t\t\t\t<a class=\"elementor-icon elementor-social-icon elementor-social-icon-facebook elementor-repeater-item-5602cd9\" href=\"https:\/\/www.facebook.com\/miroslavharanta\/\" target=\"_blank\">\n\t\t\t\t\t\t<span class=\"elementor-screen-only\">Facebook<\/span>\n\t\t\t\t\t\t<svg class=\"e-font-icon-svg e-fab-facebook\" viewBox=\"0 0 512 512\" xmlns=\"http:\/\/www.w3.org\/2000\/svg\"><path d=\"M504 256C504 119 393 8 256 8S8 119 8 256c0 123.78 90.69 226.38 209.25 245V327.69h-63V256h63v-54.64c0-62.15 37-96.48 93.67-96.48 27.14 0 55.52 4.84 55.52 4.84v61h-31.28c-30.8 0-40.41 19.12-40.41 38.73V256h68.78l-11 71.69h-57.78V501C413.31 482.38 504 379.78 504 256z\"><\/path><\/svg>\t\t\t\t\t<\/a>\n\t\t\t\t<\/span>\n\t\t\t\t\t\t\t<span class=\"elementor-grid-item\">\n\t\t\t\t\t<a class=\"elementor-icon elementor-social-icon elementor-social-icon-instagram elementor-repeater-item-94bd788\" href=\"https:\/\/www.instagram.com\/_aryadeva_\/\" target=\"_blank\">\n\t\t\t\t\t\t<span class=\"elementor-screen-only\">Instagram<\/span>\n\t\t\t\t\t\t<svg class=\"e-font-icon-svg e-fab-instagram\" viewBox=\"0 0 448 512\" xmlns=\"http:\/\/www.w3.org\/2000\/svg\"><path d=\"M224.1 141c-63.6 0-114.9 51.3-114.9 114.9s51.3 114.9 114.9 114.9S339 319.5 339 255.9 287.7 141 224.1 141zm0 189.6c-41.1 0-74.7-33.5-74.7-74.7s33.5-74.7 74.7-74.7 74.7 33.5 74.7 74.7-33.6 74.7-74.7 74.7zm146.4-194.3c0 14.9-12 26.8-26.8 26.8-14.9 0-26.8-12-26.8-26.8s12-26.8 26.8-26.8 26.8 12 26.8 26.8zm76.1 27.2c-1.7-35.9-9.9-67.7-36.2-93.9-26.2-26.2-58-34.4-93.9-36.2-37-2.1-147.9-2.1-184.9 0-35.8 1.7-67.6 9.9-93.9 36.1s-34.4 58-36.2 93.9c-2.1 37-2.1 147.9 0 184.9 1.7 35.9 9.9 67.7 36.2 93.9s58 34.4 93.9 36.2c37 2.1 147.9 2.1 184.9 0 35.9-1.7 67.7-9.9 93.9-36.2 26.2-26.2 34.4-58 36.2-93.9 2.1-37 2.1-147.8 0-184.8zM398.8 388c-7.8 19.6-22.9 34.7-42.6 42.6-29.5 11.7-99.5 9-132.1 9s-102.7 2.6-132.1-9c-19.6-7.8-34.7-22.9-42.6-42.6-11.7-29.5-9-99.5-9-132.1s-2.6-102.7 9-132.1c7.8-19.6 22.9-34.7 42.6-42.6 29.5-11.7 99.5-9 132.1-9s102.7-2.6 132.1 9c19.6 7.8 34.7 22.9 42.6 42.6 11.7 29.5 9 99.5 9 132.1s2.7 102.7-9 132.1z\"><\/path><\/svg>\t\t\t\t\t<\/a>\n\t\t\t\t<\/span>\n\t\t\t\t\t<\/div>\n\t\t\t\t<\/div>\n\t\t\t\t<\/div>\n\t\t\t\t<div class=\"elementor-element elementor-element-6c9eed7 elementor-widget elementor-widget-button\" data-id=\"6c9eed7\" data-element_type=\"widget\" data-widget_type=\"button.default\">\n\t\t\t\t<div class=\"elementor-widget-container\">\n\t\t\t\t\t<div class=\"elementor-button-wrapper\">\n\t\t\t<a class=\"elementor-button elementor-button-link elementor-size-sm\" href=\"\/kontakt\">\n\t\t\t\t\t\t<span class=\"elementor-button-content-wrapper\">\n\t\t\t\t\t\t<span class=\"elementor-button-icon elementor-align-icon-left\">\n\t\t\t\t<i aria-hidden=\"true\" class=\"vamtamtheme- vamtam-theme-star\"><\/i>\t\t\t<\/span>\n\t\t\t\t\t\t<span class=\"elementor-button-text\">Kontaktova\u0165<\/span>\n\t\t<\/span>\n\t\t\t\t\t<\/a>\n\t\t<\/div>\n\t\t\t\t<\/div>\n\t\t\t\t<\/div>\n\t\t\t\t\t<\/div>\n\t\t<\/div>\n\t\t\t\t\t\t\t<\/div>\n\t\t<\/section>\n\t\t\t\t\t\t\t<\/div>\n\t\t","protected":false},"excerpt":{"rendered":"<p>U\u010dite\u013e Aryadeva (Miroslav Haranta) Founder of Vijaya spiritual school Tantra, Yoga and meditation teacher Certificate of Science | Master of ThetaHealing Je terapeut, lektor a spisovate\u013e. Pracuje s klientmi na ich osobnom rozvoji a objavovan\u00ed sam\u00fdch seba, lie\u010dbe chor\u00f4b, strachov, odstra\u0148ovan\u00ed tr\u00e1um a bolest\u00ed. Aby boli zmeny trval\u00e9, pracuje s nimi hlavne cez ich podvedomie,&#8230;<\/p>","protected":false},"author":1,"featured_media":0,"parent":0,"menu_order":0,"comment_status":"closed","ping_status":"closed","template":"","meta":{"pmpro_default_level":"","iawp_total_views":47,"footnotes":""},"class_list":["post-992345","page","type-page","status-publish","hentry","pmpro-has-access"],"acf":[],"_links":{"self":[{"href":"https:\/\/haranta.sk\/en\/wp-json\/wp\/v2\/pages\/992345","targetHints":{"allow":["GET"]}}],"collection":[{"href":"https:\/\/haranta.sk\/en\/wp-json\/wp\/v2\/pages"}],"about":[{"href":"https:\/\/haranta.sk\/en\/wp-json\/wp\/v2\/types\/page"}],"author":[{"embeddable":true,"href":"https:\/\/haranta.sk\/en\/wp-json\/wp\/v2\/users\/1"}],"replies":[{"embeddable":true,"href":"https:\/\/haranta.sk\/en\/wp-json\/wp\/v2\/comments?post=992345"}],"version-history":[{"count":50,"href":"https:\/\/haranta.sk\/en\/wp-json\/wp\/v2\/pages\/992345\/revisions"}],"predecessor-version":[{"id":994452,"href":"https:\/\/haranta.sk\/en\/wp-json\/wp\/v2\/pages\/992345\/revisions\/994452"}],"wp:attachment":[{"href":"https:\/\/haranta.sk\/en\/wp-json\/wp\/v2\/media?parent=992345"}],"curies":[{"name":"wp","href":"https:\/\/api.w.org\/{rel}","templated":true}]}}