{"id":992344,"date":"2021-03-09T10:08:14","date_gmt":"2021-03-09T09:08:14","guid":{"rendered":"https:\/\/haranta.dusanrybar.sk\/?page_id=3539"},"modified":"2026-04-19T20:49:12","modified_gmt":"2026-04-19T18:49:12","slug":"katarina-sayana-balog","status":"publish","type":"page","link":"https:\/\/haranta.sk\/en\/katarina-sayana-balog\/","title":{"rendered":"Katar\u00edna Sayana Balog"},"content":{"rendered":"\t\t<div data-elementor-type=\"wp-page\" data-elementor-id=\"992344\" class=\"elementor elementor-992344\" data-elementor-post-type=\"page\">\n\t\t\t\t\t\t\t\t\t<section class=\"elementor-section elementor-top-section elementor-element elementor-element-5baf9f1 elementor-section-boxed elementor-section-height-default elementor-section-height-default\" data-id=\"5baf9f1\" data-element_type=\"section\" data-settings=\"{&quot;jet_parallax_layout_list&quot;:[]}\">\n\t\t\t\t\t\t<div class=\"elementor-container elementor-column-gap-no\">\n\t\t\t\t\t<div class=\"elementor-column elementor-col-100 elementor-top-column elementor-element elementor-element-a2d8def\" data-id=\"a2d8def\" data-element_type=\"column\">\n\t\t\t<div class=\"elementor-widget-wrap elementor-element-populated\">\n\t\t\t\t\t\t\t\t<div class=\"elementor-element elementor-element-92f4852 elementor-invisible elementor-widget elementor-widget-heading\" data-id=\"92f4852\" data-element_type=\"widget\" data-settings=\"{&quot;_animation&quot;:&quot;fadeIn&quot;,&quot;_animation_tablet&quot;:&quot;none&quot;,&quot;_animation_mobile&quot;:&quot;none&quot;}\" data-widget_type=\"heading.default\">\n\t\t\t\t<div class=\"elementor-widget-container\">\n\t\t\t<h1 class=\"elementor-heading-title elementor-size-default\">U\u010dite\u013eka<\/h1>\t\t<\/div>\n\t\t\t\t<\/div>\n\t\t\t\t\t<\/div>\n\t\t<\/div>\n\t\t\t\t\t\t\t<\/div>\n\t\t<\/section>\n\t\t\t\t<section class=\"elementor-section elementor-top-section elementor-element elementor-element-8af398d trainer-wrapper elementor-section-boxed elementor-section-height-default elementor-section-height-default\" data-id=\"8af398d\" data-element_type=\"section\" data-settings=\"{&quot;jet_parallax_layout_list&quot;:[]}\">\n\t\t\t\t\t\t<div class=\"elementor-container elementor-column-gap-no\">\n\t\t\t\t\t<div class=\"elementor-column elementor-col-50 elementor-top-column elementor-element elementor-element-1da991c item-wrapper\" data-id=\"1da991c\" data-element_type=\"column\">\n\t\t\t<div class=\"elementor-widget-wrap elementor-element-populated\">\n\t\t\t\t\t\t\t\t<div class=\"vamtam-has-theme-widget-styles elementor-element elementor-element-df3bcde elementor-invisible elementor-widget elementor-widget-image\" data-id=\"df3bcde\" data-element_type=\"widget\" data-settings=\"{&quot;_animation&quot;:&quot;pulse&quot;,&quot;_animation_tablet&quot;:&quot;none&quot;,&quot;_animation_mobile&quot;:&quot;none&quot;,&quot;_animation_delay&quot;:600}\" data-e-bg-lazyload=\".elementor-widget-container\" data-widget_type=\"image.default\">\n\t\t\t\t<div class=\"elementor-widget-container\">\n\t\t\t\t\t\t\t<div class=\"elementor-image\">\n\t\t\t\t\t\t\t\t\t\t\t\t\t\t\t\t\t\t\t\t\t<img fetchpriority=\"high\" decoding=\"async\" width=\"1400\" height=\"1476\" src=\"https:\/\/haranta.sk\/wp-content\/uploads\/2026\/03\/Kamyani-profilova.png\" class=\"elementor-animation-float attachment-full size-full wp-image-994228\" alt=\"\" srcset=\"https:\/\/haranta.sk\/wp-content\/uploads\/2026\/03\/Kamyani-profilova.png 1400w, https:\/\/haranta.sk\/wp-content\/uploads\/2026\/03\/Kamyani-profilova-285x300.png 285w, https:\/\/haranta.sk\/wp-content\/uploads\/2026\/03\/Kamyani-profilova-971x1024.png 971w, https:\/\/haranta.sk\/wp-content\/uploads\/2026\/03\/Kamyani-profilova-768x810.png 768w, https:\/\/haranta.sk\/wp-content\/uploads\/2026\/03\/Kamyani-profilova-11x12.png 11w, https:\/\/haranta.sk\/wp-content\/uploads\/2026\/03\/Kamyani-profilova-1260x1328.png 1260w, https:\/\/haranta.sk\/wp-content\/uploads\/2026\/03\/Kamyani-profilova-630x664.png 630w\" sizes=\"(max-width: 1400px) 100vw, 1400px\" \/>\t\t\t\t\t\t\t\t\t\t\t\t\t\t\t\t\t\t\t\t\t\t\t\t<\/div>\n\t\t\t\t\t\t<\/div>\n\t\t\t\t<\/div>\n\t\t\t\t\t<\/div>\n\t\t<\/div>\n\t\t\t\t<div class=\"elementor-column elementor-col-50 elementor-top-column elementor-element elementor-element-9a9a2cc item-wrapper\" data-id=\"9a9a2cc\" data-element_type=\"column\">\n\t\t\t<div class=\"elementor-widget-wrap elementor-element-populated\">\n\t\t\t\t\t\t\t\t<div class=\"elementor-element elementor-element-cb763cd elementor-widget elementor-widget-heading\" data-id=\"cb763cd\" data-element_type=\"widget\" data-widget_type=\"heading.default\">\n\t\t\t\t<div class=\"elementor-widget-container\">\n\t\t\t<h3 class=\"elementor-heading-title elementor-size-default\">Kamyani<br>(Katar\u00edna Balog)<\/h3>\t\t<\/div>\n\t\t\t\t<\/div>\n\t\t\t\t<div class=\"elementor-element elementor-element-4f78761 elementor-widget elementor-widget-heading\" data-id=\"4f78761\" data-element_type=\"widget\" data-widget_type=\"heading.default\">\n\t\t\t\t<div class=\"elementor-widget-container\">\n\t\t\t<h6 class=\"elementor-heading-title elementor-size-default\"><span style=\"font-family: Gotu, Arial; font-size: 18px; font-style: normal; font-variant-ligatures: normal; font-variant-caps: normal; font-weight: 400;\">Founder of Vijaya spiritual school<br>\nTantra, Yoga and meditation teacher <br>\n<\/span><span style=\"font-family: Gotu, Arial; font-size: 18px; font-style: normal; font-variant-ligatures: normal; font-variant-caps: normal; font-weight: 400;\">Certificate of Science | <\/span><span style=\"font-family: Gotu, Arial; font-size: 18px; font-style: normal; font-variant-ligatures: normal; font-variant-caps: normal; font-weight: 400;\">Master of ThetaHealing<\/span><\/h6>\t\t<\/div>\n\t\t\t\t<\/div>\n\t\t\t\t<div class=\"vamtam-has-theme-widget-styles elementor-element elementor-element-407fc97 elementor-widget elementor-widget-image\" data-id=\"407fc97\" data-element_type=\"widget\" data-settings=\"{&quot;motion_fx_motion_fx_scrolling&quot;:&quot;yes&quot;,&quot;motion_fx_rotateZ_effect&quot;:&quot;yes&quot;,&quot;motion_fx_devices&quot;:[&quot;desktop&quot;],&quot;motion_fx_rotateZ_speed&quot;:{&quot;unit&quot;:&quot;px&quot;,&quot;size&quot;:1,&quot;sizes&quot;:[]},&quot;motion_fx_rotateZ_affectedRange&quot;:{&quot;unit&quot;:&quot;%&quot;,&quot;size&quot;:&quot;&quot;,&quot;sizes&quot;:{&quot;start&quot;:0,&quot;end&quot;:100}}}\" data-widget_type=\"image.default\">\n\t\t\t\t<div class=\"elementor-widget-container\">\n\t\t\t\t\t\t\t<div class=\"elementor-image\">\n\t\t\t\t\t\t\t\t\t\t\t\t\t\t\t\t\t\t\t\t\t<img decoding=\"async\" width=\"121\" height=\"100\" src=\"https:\/\/haranta.sk\/wp-content\/uploads\/2021\/02\/illustration-woman-3-1.svg\" class=\"attachment-full size-full wp-image-992294\" alt=\"\" \/>\t\t\t\t\t\t\t\t\t\t\t\t\t\t\t\t\t\t\t\t\t\t\t\t<\/div>\n\t\t\t\t\t\t<\/div>\n\t\t\t\t<\/div>\n\t\t\t\t<div class=\"elementor-element elementor-element-974e5fe elementor-widget elementor-widget-text-editor\" data-id=\"974e5fe\" data-element_type=\"widget\" data-widget_type=\"text-editor.default\">\n\t\t\t\t<div class=\"elementor-widget-container\">\n\t\t\t\t\t\t\t<p data-path-to-node=\"12\">Je terapeutka, mentorka v oblasti sexuality a vz\u0165ahov, medzin\u00e1rodne certifikovan\u00e1 in\u0161truktorka ThetaHealing a certifikovan\u00e1 u\u010dite\u013eka autentickej Tantry.<\/p><p data-path-to-node=\"13\">Spolo\u010dne so svoj\u00edm partnerom vyu\u010duje a vedie kurzy autentickej Tantry (tantrick\u00e9 mas\u00e1\u017ee, tantrick\u00e1 sexualita), kurzy jogy a ThetaHealing\u00ae, ako aj z\u00e1\u017eitkov\u00e9 semin\u00e1re pre p\u00e1ry a jednotlivcov.<\/p><p><span style=\"font-weight: 400;\">Viac o mne:<\/span><\/p><p>Moje meno je Kamyani a som \u017eena, ktor\u00e1 u\u017e dlh\u00e9 roky objavuje samu seba, svoju \u017eensk\u00fa esenciu a podstatu. Mojou t\u00fa\u017ebou a cie\u013eom bolo \u2013 prostredn\u00edctvom r\u00f4znych techn\u00edk sebarozvoja a pr\u00e1ce na sebe \u2013 dosiahnu\u0165 \u00farove\u0148 bytia, v ktorej sa m\u00f4\u017eem c\u00edti\u0165 naplnen\u00e1 a radostn\u00e1 ka\u017ed\u00fd de\u0148. Dok\u00e1za\u0165 si naplno u\u017e\u00edva\u0165 samu seba a svoju \u017eensk\u00fa energiu. Odhali\u0165 tajomstvo, ktor\u00e9 n\u00e1s (nielen \u017eeny, ale v\u0161etky \u013eudsk\u00e9 bytosti) rob\u00ed kr\u00e1snymi, \u017eiariv\u00fdmi a magick\u00fdmi \u2013 a potom to dok\u00e1za\u0165 \u017ei\u0165 v ka\u017edodennom \u017eivote. Vytvori\u0165 si vo vlastnom \u017eivote priestor pre hlbok\u00e9 vn\u00fatorn\u00e9 \u0161\u0165astie, naplnenie, rados\u0165 a hojnos\u0165. \u013dudsk\u00e9 telo vn\u00edmam ako dar a na\u0161u energiu ako n\u00e1stroj, ktor\u00fd otv\u00e1ra obrovsk\u00fd potenci\u00e1l pre naplnenie, pote\u0161enie a spojenie s Bo\u017esk\u00fdm vedom\u00edm, ktor\u00e9 je v\u0161ade okolo n\u00e1s aj v n\u00e1s.<\/p><p>V roku 2018 mi do \u017eivota vst\u00fapila technika ThetaHealing\u00ae. V tom \u010dase som u\u017e mala za sebou nieko\u013eko v\u00fdcvikov, ale sp\u00f4sob, ak\u00fdm t\u00e1to technika pracuje, ma oslovil tak\u00fdm hlbok\u00fdm a siln\u00fdm sp\u00f4sobom, \u017ee som sa rozhodla jej naplno venova\u0165. Odvtedy som absolvovala viac ako 50 certifikovan\u00fdch \u0161kolen\u00ed ThetaHealing\u00ae (vr\u00e1tane lektorsk\u00fdch \u00farovn\u00ed) a podie\u013eala som sa aj na ich organiz\u00e1cii. Od roku 2020 vyu\u010dujem semin\u00e1re ThetaHealing\u00ae ako akreditovan\u00e1 in\u0161truktorka spolo\u010dne so svoj\u00edm partnerom. Medzit\u00fdm som pracovala a na\u010falej pracujem so stovkami klientov. Absolvovala som tie\u017e stovky Theta seden\u00ed sama na sebe, preto\u017ee ver\u00edm, \u017ee \u010d\u00edm viac pracujem na sebe a otv\u00e1ram svoje srdce, t\u00fdm viac dok\u00e1\u017eem pom\u00f4c\u0165 in\u00fdm \u013eu\u010fom a svojim klientom. ThetaHealing\u00ae zmenil m\u00f4j \u017eivot a pomohol mi n\u00e1js\u0165 moju cestu a \u017eivotn\u00e9 poslanie. Pre m\u0148a je symbolom slobody, sily, radosti a naplnenia.<\/p><p data-path-to-node=\"16\">V roku 2020 mi do \u017eivota vst\u00fapila autentick\u00e1 Tantra. Predt\u00fdm som sa Tantry akt\u00edvne z\u00fa\u010dast\u0148ovala nieko\u013eko rokov; pre\u0161la som mnoh\u00fdmi v\u00fdcvikmi u medzin\u00e1rodn\u00fdch u\u010dite\u013eov, ako aj pokro\u010dil\u00fdm sexuologick\u00fdm v\u00fdcvikom. T\u00fa\u017eba spozna\u0165 samu seba a princ\u00edp fungovania posv\u00e4tnej energie ma priviedla na mnoh\u00e9 miesta vo svete, kde som pod veden\u00edm viacer\u00fdch u\u010dite\u013eov a p\u00f4vodn\u00fdch jog\u00ednskych majstrov objavovala r\u00f4zne techniky pr\u00e1ce s telom a energiou. V roku 2021 sme sa s partnerom v Ju\u017enej Amerike stretli s na\u0161\u00edm prv\u00fdm u\u010dite\u013eom autentickej tantry (osvieten\u00fdm majstrom). Tieto u\u010denia autentickej tantry a pr\u00e1ce s energiou n\u00e1m \u00faplne zmenili poh\u013ead na svet a n\u00e1\u0161 \u017eivot. Odvtedy sme sa v Indii, \u00c1zii a Ju\u017enej Amerike zamerali predov\u0161etk\u00fdm na \u0161t\u00fadium p\u00f4vodn\u00fdch autentick\u00fdch tantrick\u00fdch jog\u00ednskych u\u010den\u00ed, ajurv\u00e9dy a energetick\u00fdch dr\u00e1h v tele, ako aj na lie\u010div\u00fd, otv\u00e1raj\u00faci dotyk a mas\u00e1\u017ee. Kr\u00e1tko nato sme stretli najv\u00e4\u010d\u0161\u00edch u\u010dite\u013eov a duchovn\u00fdch osvieten\u00fdch majstrov, u ktor\u00fdch sme \u0161tudovali autentick\u00e9 duchovn\u00e9 u\u010denia a naplno vst\u00fapili na na\u0161u duchovn\u00fa cestu.<\/p><p data-path-to-node=\"17\">Kamyani pracuje so svojimi klientmi skupinovo aj individu\u00e1lne prostredn\u00edctvom telov\u00fdch terapi\u00ed a terapi\u00ed ThetaHealing\u00ae, ktor\u00e9 s\u00fa zameran\u00e9 na transform\u00e1ciu r\u00f4znych podvedom\u00fdch blokov, otv\u00e1ranie energie a \u017eenskosti, odstra\u0148ovanie blokov v tele a sexu\u00e1lnych tr\u00e1um, a na schopnos\u0165 c\u00edti\u0165 a vn\u00edma\u0165 seba sam\u00e9ho a svoje telo.<\/p><p data-path-to-node=\"18\"><strong>Vydajte sa so mnou na cestu hojnosti, slobody a naplnenia.<\/strong><\/p>\t\t\t\t\t\t<\/div>\n\t\t\t\t<\/div>\n\t\t\t\t<div class=\"elementor-element elementor-element-4d14540 e-grid-align-left elementor-shape-rounded elementor-grid-0 elementor-widget elementor-widget-social-icons\" data-id=\"4d14540\" data-element_type=\"widget\" data-widget_type=\"social-icons.default\">\n\t\t\t\t<div class=\"elementor-widget-container\">\n\t\t\t\t\t<div class=\"elementor-social-icons-wrapper elementor-grid\">\n\t\t\t\t\t\t\t<span class=\"elementor-grid-item\">\n\t\t\t\t\t<a class=\"elementor-icon elementor-social-icon elementor-social-icon-facebook elementor-repeater-item-5602cd9\" href=\"https:\/\/www.facebook.com\/katarina.vajsova.3\" target=\"_blank\">\n\t\t\t\t\t\t<span class=\"elementor-screen-only\">Facebook<\/span>\n\t\t\t\t\t\t<svg class=\"e-font-icon-svg e-fab-facebook\" viewBox=\"0 0 512 512\" xmlns=\"http:\/\/www.w3.org\/2000\/svg\"><path d=\"M504 256C504 119 393 8 256 8S8 119 8 256c0 123.78 90.69 226.38 209.25 245V327.69h-63V256h63v-54.64c0-62.15 37-96.48 93.67-96.48 27.14 0 55.52 4.84 55.52 4.84v61h-31.28c-30.8 0-40.41 19.12-40.41 38.73V256h68.78l-11 71.69h-57.78V501C413.31 482.38 504 379.78 504 256z\"><\/path><\/svg>\t\t\t\t\t<\/a>\n\t\t\t\t<\/span>\n\t\t\t\t\t\t\t<span class=\"elementor-grid-item\">\n\t\t\t\t\t<a class=\"elementor-icon elementor-social-icon elementor-social-icon-instagram elementor-repeater-item-94bd788\" href=\"https:\/\/www.instagram.com\/kamyani_spirituality\/\" target=\"_blank\">\n\t\t\t\t\t\t<span class=\"elementor-screen-only\">Instagram<\/span>\n\t\t\t\t\t\t<svg class=\"e-font-icon-svg e-fab-instagram\" viewBox=\"0 0 448 512\" xmlns=\"http:\/\/www.w3.org\/2000\/svg\"><path d=\"M224.1 141c-63.6 0-114.9 51.3-114.9 114.9s51.3 114.9 114.9 114.9S339 319.5 339 255.9 287.7 141 224.1 141zm0 189.6c-41.1 0-74.7-33.5-74.7-74.7s33.5-74.7 74.7-74.7 74.7 33.5 74.7 74.7-33.6 74.7-74.7 74.7zm146.4-194.3c0 14.9-12 26.8-26.8 26.8-14.9 0-26.8-12-26.8-26.8s12-26.8 26.8-26.8 26.8 12 26.8 26.8zm76.1 27.2c-1.7-35.9-9.9-67.7-36.2-93.9-26.2-26.2-58-34.4-93.9-36.2-37-2.1-147.9-2.1-184.9 0-35.8 1.7-67.6 9.9-93.9 36.1s-34.4 58-36.2 93.9c-2.1 37-2.1 147.9 0 184.9 1.7 35.9 9.9 67.7 36.2 93.9s58 34.4 93.9 36.2c37 2.1 147.9 2.1 184.9 0 35.9-1.7 67.7-9.9 93.9-36.2 26.2-26.2 34.4-58 36.2-93.9 2.1-37 2.1-147.8 0-184.8zM398.8 388c-7.8 19.6-22.9 34.7-42.6 42.6-29.5 11.7-99.5 9-132.1 9s-102.7 2.6-132.1-9c-19.6-7.8-34.7-22.9-42.6-42.6-11.7-29.5-9-99.5-9-132.1s-2.6-102.7 9-132.1c7.8-19.6 22.9-34.7 42.6-42.6 29.5-11.7 99.5-9 132.1-9s102.7-2.6 132.1 9c19.6 7.8 34.7 22.9 42.6 42.6 11.7 29.5 9 99.5 9 132.1s2.7 102.7-9 132.1z\"><\/path><\/svg>\t\t\t\t\t<\/a>\n\t\t\t\t<\/span>\n\t\t\t\t\t<\/div>\n\t\t\t\t<\/div>\n\t\t\t\t<\/div>\n\t\t\t\t<div class=\"elementor-element elementor-element-9e0638a elementor-tablet-align-center elementor-widget elementor-widget-button\" data-id=\"9e0638a\" data-element_type=\"widget\" data-widget_type=\"button.default\">\n\t\t\t\t<div class=\"elementor-widget-container\">\n\t\t\t\t\t<div class=\"elementor-button-wrapper\">\n\t\t\t<a class=\"elementor-button elementor-button-link elementor-size-sm\" href=\"\/kontakt\">\n\t\t\t\t\t\t<span class=\"elementor-button-content-wrapper\">\n\t\t\t\t\t\t<span class=\"elementor-button-icon elementor-align-icon-left\">\n\t\t\t\t<i aria-hidden=\"true\" class=\"vamtamtheme- vamtam-theme-star\"><\/i>\t\t\t<\/span>\n\t\t\t\t\t\t<span class=\"elementor-button-text\">Kontaktova\u0165<\/span>\n\t\t<\/span>\n\t\t\t\t\t<\/a>\n\t\t<\/div>\n\t\t\t\t<\/div>\n\t\t\t\t<\/div>\n\t\t\t\t\t<\/div>\n\t\t<\/div>\n\t\t\t\t\t\t\t<\/div>\n\t\t<\/section>\n\t\t\t\t\t\t\t<\/div>\n\t\t","protected":false},"excerpt":{"rendered":"<p>U\u010dite\u013eka Kamyani(Katar\u00edna Balog) Founder of Vijaya spiritual school Tantra, Yoga and meditation teacher Certificate of Science | Master of ThetaHealing Je terapeutka, mentorka v oblasti sexuality a vz\u0165ahov, medzin\u00e1rodne certifikovan\u00e1 in\u0161truktorka ThetaHealing a certifikovan\u00e1 u\u010dite\u013eka autentickej Tantry. Spolo\u010dne so svoj\u00edm partnerom vyu\u010duje a vedie kurzy autentickej Tantry (tantrick\u00e9 mas\u00e1\u017ee, tantrick\u00e1 sexualita), kurzy jogy a ThetaHealing\u00ae,&#8230;<\/p>","protected":false},"author":1,"featured_media":0,"parent":0,"menu_order":0,"comment_status":"closed","ping_status":"closed","template":"","meta":{"pmpro_default_level":"","iawp_total_views":49,"footnotes":""},"class_list":["post-992344","page","type-page","status-publish","hentry","pmpro-has-access"],"acf":[],"_links":{"self":[{"href":"https:\/\/haranta.sk\/en\/wp-json\/wp\/v2\/pages\/992344","targetHints":{"allow":["GET"]}}],"collection":[{"href":"https:\/\/haranta.sk\/en\/wp-json\/wp\/v2\/pages"}],"about":[{"href":"https:\/\/haranta.sk\/en\/wp-json\/wp\/v2\/types\/page"}],"author":[{"embeddable":true,"href":"https:\/\/haranta.sk\/en\/wp-json\/wp\/v2\/users\/1"}],"replies":[{"embeddable":true,"href":"https:\/\/haranta.sk\/en\/wp-json\/wp\/v2\/comments?post=992344"}],"version-history":[{"count":21,"href":"https:\/\/haranta.sk\/en\/wp-json\/wp\/v2\/pages\/992344\/revisions"}],"predecessor-version":[{"id":994469,"href":"https:\/\/haranta.sk\/en\/wp-json\/wp\/v2\/pages\/992344\/revisions\/994469"}],"wp:attachment":[{"href":"https:\/\/haranta.sk\/en\/wp-json\/wp\/v2\/media?parent=992344"}],"curies":[{"name":"wp","href":"https:\/\/api.w.org\/{rel}","templated":true}]}}