{"id":990674,"date":"2023-06-19T23:19:36","date_gmt":"2023-06-19T21:19:36","guid":{"rendered":"http:\/\/haranta.dusanrybar.sk\/?page_id=990674"},"modified":"2023-11-28T01:33:45","modified_gmt":"2023-11-28T00:33:45","slug":"dalsie-pre-vas","status":"publish","type":"page","link":"https:\/\/haranta.sk\/en\/dalsie-pre-vas\/","title":{"rendered":"More for You"},"content":{"rendered":"<div data-elementor-type=\"wp-page\" data-elementor-id=\"990674\" class=\"elementor elementor-990674\" data-elementor-post-type=\"page\">\n\t\t\t\t\t\t\t\t\t<section class=\"elementor-section elementor-top-section elementor-element elementor-element-a96b46d elementor-section-boxed elementor-section-height-default elementor-section-height-default\" data-id=\"a96b46d\" data-element_type=\"section\" data-settings=\"{&quot;background_background&quot;:&quot;classic&quot;,&quot;jet_parallax_layout_list&quot;:[]}\">\n\t\t\t\t\t\t<div class=\"elementor-container elementor-column-gap-no\">\n\t\t\t\t\t<div class=\"elementor-column elementor-col-100 elementor-top-column elementor-element elementor-element-3d5867b\" data-id=\"3d5867b\" data-element_type=\"column\">\n\t\t\t<div class=\"elementor-widget-wrap elementor-element-populated\">\n\t\t\t\t\t\t\t\t<div class=\"elementor-element elementor-element-a9ac907 elementor-invisible elementor-widget elementor-widget-heading\" data-id=\"a9ac907\" data-element_type=\"widget\" data-settings=\"{&quot;_animation&quot;:&quot;fadeIn&quot;,&quot;_animation_tablet&quot;:&quot;none&quot;,&quot;_animation_mobile&quot;:&quot;none&quot;,&quot;_animation_delay&quot;:300}\" data-widget_type=\"heading.default\">\n\t\t\t\t<div class=\"elementor-widget-container\">\n\t\t\t<h2 class=\"elementor-heading-title elementor-size-default\">More for You<\/h2>\t\t<\/div>\n\t\t\t\t<\/div>\n\t\t\t\t\t<\/div>\n\t\t<\/div>\n\t\t\t\t\t\t\t<\/div>\n\t\t<\/section>\n\t\t\t\t<section class=\"elementor-section elementor-top-section elementor-element elementor-element-02c8f4a elementor-section-boxed elementor-section-height-default elementor-section-height-default\" data-id=\"02c8f4a\" data-element_type=\"section\" data-settings=\"{&quot;background_background&quot;:&quot;classic&quot;,&quot;jet_parallax_layout_list&quot;:[]}\">\n\t\t\t\t\t\t<div class=\"elementor-container elementor-column-gap-no\">\n\t\t\t\t\t<div class=\"elementor-column elementor-col-100 elementor-top-column elementor-element elementor-element-15b5c4c\" data-id=\"15b5c4c\" data-element_type=\"column\">\n\t\t\t<div class=\"elementor-widget-wrap elementor-element-populated\">\n\t\t\t\t\t\t\t\t<div class=\"elementor-element elementor-element-3e2cbc5 elementor-widget__width-initial elementor-widget elementor-widget-text-editor\" data-id=\"3e2cbc5\" data-element_type=\"widget\" data-widget_type=\"text-editor.default\">\n\t\t\t\t<div class=\"elementor-widget-container\">\n\t\t\t\t\t\t\t<p style=\"text-align: center;\">We are preparing more inspiring courses for you.<\/p><p style=\"text-align: center;\">Learn the art of meditation and authentic Hatha Yoga with us.<\/p><p style=\"text-align: center;\">For more information, please contact us at: registracia@haranta.sk <strong>registracia@haranta.sk<\/strong><\/p>\t\t\t\t\t\t<\/div>\n\t\t\t\t<\/div>\n\t\t\t\t\t<\/div>\n\t\t<\/div>\n\t\t\t\t\t\t\t<\/div>\n\t\t<\/section>\n\t\t\t\t<section class=\"elementor-section elementor-top-section elementor-element elementor-element-8b021d8 elementor-section-boxed elementor-section-height-default elementor-section-height-default\" data-id=\"8b021d8\" data-element_type=\"section\" data-settings=\"{&quot;background_background&quot;:&quot;classic&quot;,&quot;jet_parallax_layout_list&quot;:[]}\">\n\t\t\t\t\t\t<div class=\"elementor-container elementor-column-gap-no\">\n\t\t\t\t\t<div class=\"elementor-column elementor-col-100 elementor-top-column elementor-element elementor-element-80be18f\" data-id=\"80be18f\" data-element_type=\"column\">\n\t\t\t<div class=\"elementor-widget-wrap elementor-element-populated\">\n\t\t\t\t\t\t\t\t<div class=\"elementor-element elementor-element-a7151d5 elementor-widget__width-initial elementor-widget elementor-widget-text-editor\" data-id=\"a7151d5\" data-element_type=\"widget\" data-widget_type=\"text-editor.default\">\n\t\t\t\t<div class=\"elementor-widget-container\">\n\t\t\t\t\t\t\t<p style=\"text-align: center;\">The first step toward connecting with the universe is creating a harmonious environment within ourselves, in our<br \/>inner being.<br \/>Partners should continuously work on their relationship and apply tools to transform<br \/>their life force into a higher level of love within their bond.\u00a0<br \/>Partneri by mali neust\u00e1le pracova\u0165 na vz\u0165ahu a uplat\u0148ova\u0165 n\u00e1stroje, ako premeni\u0165 svoju \u017eivotn\u00fa silu<br \/>na vy\u0161\u0161iu \u00farove\u0148 l\u00e1sky vo v vz\u0165ahu.<br \/>Tantra enables partners to constantly deepen their happiness as a couple and teaches both partners how<br \/>to mutually discover inexhaustible pleasure within one another.\u00a0<br \/>There is no reason why love should grow old or a partnership grow cold. Tantra brings<br \/>fulfillment, harmony, passion, and pleasure into your life and your relationships.\u00a0<br \/>Without the cultivation of sexual energy, it is impossible to achieve emotional balance and stability in life.<\/p>\t\t\t\t\t\t<\/div>\n\t\t\t\t<\/div>\n\t\t\t\t\t<\/div>\n\t\t<\/div>\n\t\t\t\t\t\t\t<\/div>\n\t\t<\/section>\n\t\t\t\t\t\t\t<\/div>","protected":false},"excerpt":{"rendered":"<p>\u010eal\u0161ie pre V\u00e1s Pripravujeme pre v\u00e1s \u010fal\u0161ie zauj\u00edmav\u00e9 kurzy. Nau\u010d sa s nami umeniu medit\u00e1cie a autentickej hatha yogy. Pre viac info n\u00e1m nap\u00ed\u0161te na: registracia@haranta.sk Prv\u00fdm krokom k spojeniu s vesm\u00edrom je navodenie harmonick\u00e9ho prostredia v n\u00e1s sam\u00fdch, v na\u0161omvn\u00fatri.Va\u0161a \u017eivotn\u00e1 energia je v\u00fdsledn\u00fdm spoj\u00edtkom medzi va\u0161\u00edm telom, mys\u013eou a duchom. Pokia\u013e nie je&#8230;<\/p>","protected":false},"author":1,"featured_media":0,"parent":0,"menu_order":0,"comment_status":"closed","ping_status":"closed","template":"","meta":{"pmpro_default_level":"","iawp_total_views":10,"footnotes":""},"class_list":["post-990674","page","type-page","status-publish","hentry","pmpro-has-access"],"acf":[],"_links":{"self":[{"href":"https:\/\/haranta.sk\/en\/wp-json\/wp\/v2\/pages\/990674","targetHints":{"allow":["GET"]}}],"collection":[{"href":"https:\/\/haranta.sk\/en\/wp-json\/wp\/v2\/pages"}],"about":[{"href":"https:\/\/haranta.sk\/en\/wp-json\/wp\/v2\/types\/page"}],"author":[{"embeddable":true,"href":"https:\/\/haranta.sk\/en\/wp-json\/wp\/v2\/users\/1"}],"replies":[{"embeddable":true,"href":"https:\/\/haranta.sk\/en\/wp-json\/wp\/v2\/comments?post=990674"}],"version-history":[{"count":0,"href":"https:\/\/haranta.sk\/en\/wp-json\/wp\/v2\/pages\/990674\/revisions"}],"wp:attachment":[{"href":"https:\/\/haranta.sk\/en\/wp-json\/wp\/v2\/media?parent=990674"}],"curies":[{"name":"wp","href":"https:\/\/api.w.org\/{rel}","templated":true}]}}