{"id":989985,"date":"2023-06-01T21:52:56","date_gmt":"2023-06-01T19:52:56","guid":{"rendered":"http:\/\/haranta.dusanrybar.sk\/?page_id=989985"},"modified":"2026-02-08T22:15:55","modified_gmt":"2026-02-08T21:15:55","slug":"zive-kurzy","status":"publish","type":"page","link":"https:\/\/haranta.sk\/en\/zive-kurzy\/","title":{"rendered":"Live courses"},"content":{"rendered":"<div data-elementor-type=\"wp-page\" data-elementor-id=\"989985\" class=\"elementor elementor-989985\" data-elementor-post-type=\"page\">\n\t\t\t\t\t\t\t\t\t<section class=\"elementor-section elementor-top-section elementor-element elementor-element-6404652 elementor-section-boxed elementor-section-height-default elementor-section-height-default\" data-id=\"6404652\" data-element_type=\"section\" data-settings=\"{&quot;background_background&quot;:&quot;classic&quot;,&quot;jet_parallax_layout_list&quot;:[]}\">\n\t\t\t\t\t\t<div class=\"elementor-container elementor-column-gap-no\">\n\t\t\t\t\t<div class=\"elementor-column elementor-col-100 elementor-top-column elementor-element elementor-element-ca08f23\" data-id=\"ca08f23\" data-element_type=\"column\">\n\t\t\t<div class=\"elementor-widget-wrap elementor-element-populated\">\n\t\t\t\t\t\t\t\t<div class=\"elementor-element elementor-element-1e9ec16 elementor-invisible elementor-widget elementor-widget-heading\" data-id=\"1e9ec16\" data-element_type=\"widget\" data-settings=\"{&quot;_animation&quot;:&quot;fadeIn&quot;,&quot;_animation_tablet&quot;:&quot;none&quot;,&quot;_animation_mobile&quot;:&quot;none&quot;,&quot;_animation_delay&quot;:300}\" data-widget_type=\"heading.default\">\n\t\t\t\t<div class=\"elementor-widget-container\">\n\t\t\t<h2 class=\"elementor-heading-title elementor-size-default\">Live courses<\/h2>\t\t<\/div>\n\t\t\t\t<\/div>\n\t\t\t\t\t<\/div>\n\t\t<\/div>\n\t\t\t\t\t\t\t<\/div>\n\t\t<\/section>\n\t\t<div class=\"elementor-element elementor-element-8a4ca9b e-flex e-con-boxed e-con e-parent\" data-id=\"8a4ca9b\" data-element_type=\"container\" data-settings=\"{&quot;jet_parallax_layout_list&quot;:[],&quot;content_width&quot;:&quot;boxed&quot;}\" data-core-v316-plus=\"true\">\n\t\t\t\t\t<div class=\"e-con-inner\">\n\t\t\t\t<div class=\"elementor-element elementor-element-0bf85c4 elementor-invisible elementor-widget elementor-widget-ucaddon_post_list_copy\" data-id=\"0bf85c4\" data-element_type=\"widget\" data-settings=\"{&quot;_animation&quot;:&quot;fadeInRight&quot;}\" data-widget_type=\"ucaddon_post_list_copy.default\">\n\t\t\t\t<div class=\"elementor-widget-container\">\n\t\t\t<!-- start Kurzy -->\n\t\t<link id='font-awesome-css' href='https:\/\/haranta.sk\/wp-content\/plugins\/unlimited-elements-for-elementor-premium\/assets_libraries\/font-awesome5\/css\/fontawesome-all.min.css' type='text\/css' rel='stylesheet' >\n\t\t<link id='font-awesome-4-shim-css' href='https:\/\/haranta.sk\/wp-content\/plugins\/unlimited-elements-for-elementor-premium\/assets_libraries\/font-awesome5\/css\/fontawesome-v4-shims.css' type='text\/css' rel='stylesheet' >\n\n\t\t\t<style type=\"text\/css\">\/* widget: Kurzy *\/\n\n\n\n#uc_post_list_copy_elementor_0bf85c4\n{\n  display:grid;\n}\n\n\n#uc_post_list_copy_elementor_0bf85c4 .uc_post_list_image div\n{\n  background-size:cover;\n  background-position:center;\n}\n\n\n.uc_post_list .uc_post_list_box{\n\tposition: relative;\n\toverflow: hidden;\n\tdisplay: flex;\n}\n\n#uc_post_list_copy_elementor_0bf85c4 .uc_post_list_image\n{\n  flex-grow:0;\n  flex-shrink:0;\n}\n\n#uc_post_list_copy_elementor_0bf85c4 .uc_post_list_image img\n{\n  width:100%;\n  display:block;\n  transition:0.3s;\n  \n}\n\n\n.uc_post_list_title a{\n\tcolor: #333333;\n}\n.uc_post_list_date{\n\tfont-size: 12px;\n}\n\n#uc_post_list_copy_elementor_0bf85c4 .uc_post_list_content\n{\n  display:flex;\n  flex-direction:column;\n  flex:1;\n}\n\n#uc_post_list_copy_elementor_0bf85c4 .uc_more_btn{\n\n  text-align:center;\n  text-decoration:none;\n  transition:0.3s;\n}\n\n#uc_post_list_copy_elementor_0bf85c4 .button-on-side\n{\n  display:flex;\n  align-items:center;\n}\n\n\n.ue-grid-item-category a\n{\n  display:inline-block;\n  font-size:10px;\n  text-transform:uppercase;\n}\n\n#uc_post_list_copy_elementor_0bf85c4 .ue-meta-data\n{\n  \n  display:flex;\n\n  flex-wrap: wrap;\n  line-height:1em;\n}\n\n#uc_post_list_copy_elementor_0bf85c4 .ue-grid-item-meta-data\n{\n      display:inline-flex;\n      align-items:center;\n}\n\n.ue-grid-item-meta-data\n{\n  font-size:12px;\n}\n\n#uc_post_list_copy_elementor_0bf85c4 .ue-grid-item-meta-data-icon\n{\n  line-height:1em;\n}\n\n#uc_post_list_copy_elementor_0bf85c4 .ue-grid-item-meta-data-icon svg\n{\n  width:1em;\n  height:1em;\n}\n\n\n\n#uc_post_list_copy_elementor_0bf85c4 .ue-debug-meta\n{\n  padding:10px;\n  border:1px solid red;\n  position:relative;\n  line-height:1.5em;\n  font-size:11px;\n  width:100%;\n}\n\n.uc-remote-parent .uc_post_list_box{\n\tcursor:pointer;\n}\n\n#uc_post_list_copy_elementor_0bf85c4 .ue-post-link-overlay\n{\n  display:block;\n  position:absolute;\n  top:0;\n  bottom:0;\n  right:0;\n  left:0;\n}\n\n<\/style>\n\n\t\t\t<div class=\"uc_post_list uc-items-wrapper\" id=\"uc_post_list_copy_elementor_0bf85c4\"  >    \t\n  <div class=\"uc_post_list_box\">\n    \n  \t\t\n  \n    <div class=\"uc_post_list_content\">\n      <div class=\"uc_post_list_content_inside\">\n        <div class=\"uc_post_list_title\"><a target=\"_self\" href=\"https:\/\/haranta.sk\/en\/course\/meditacny-retreat-v-tichosti\/\" title=\"Meditation silent retreat\">Meditation silent retreat<\/a><\/div>\t\n      \n                    <div class=\"ue-meta-data\">\n                <div class=\"ue-grid-item-meta-data-label\">Course Date<\/div>\n                <div class=\"ue-grid-item-meta-data\">24\/04\/2026 - 01\/05\/2026<\/div>\n            <\/div>\n                \n                    <div class=\"ue-meta-data\">\n                <div class=\"ue-grid-item-meta-data-label\">Duration in days:<\/div>\n                <div class=\"ue-grid-item-meta-data\">8<\/div>\n            <\/div>\n                \n                \n                \n                    <div class=\"ue-meta-data\">\n                <div class=\"ue-grid-item-meta-data-label\">Tuition fee<\/div>\n                <div class=\"ue-grid-item-meta-data\"> 650\u20ac<\/div>\n            <\/div>\n                \n                \n                    <div class=\"ue-meta-data\">\n                <div class=\"ue-grid-item-meta-data-label\">Total Price<\/div>\n                <div class=\"ue-grid-item-meta-data\"> 650\u20ac<\/div>\n            <\/div>\n                \n                    <div class=\"ue-meta-data\">\n                <div class=\"ue-grid-item-meta-data-label\">Location<\/div>\n                <div class=\"ue-grid-item-meta-data\"> Medita\u010dn\u00e9 centrum Javorie, okres Detva<\/div>\n            <\/div>\n        \n         <div class=\"uc_post_content\">Term\u00edn konania\n            24. apr\u00edl \u2014 1. m\u00e1j 2026\n        \n\n\n            Lokalita\n            Medita\u010dn\u00e9...<\/div>        \n                 \n      <\/div>\n    <\/div>\n     \n       \n  \n   <\/div>\n<div class=\"uc_post_list_box\">\n    \n  \t\t\n  \n    <div class=\"uc_post_list_content\">\n      <div class=\"uc_post_list_content_inside\">\n        <div class=\"uc_post_list_title\"><a target=\"_self\" href=\"https:\/\/haranta.sk\/en\/course\/thetahealing-zakladny-seminar-dna-1\/\" title=\"Thetahealing\u00ae Basic DNA 1\">Thetahealing\u00ae Basic DNA 1<\/a><\/div>\t\n      \n                    <div class=\"ue-meta-data\">\n                <div class=\"ue-grid-item-meta-data-label\">Course Date<\/div>\n                <div class=\"ue-grid-item-meta-data\">01\/05\/2026 - 03\/05\/2026<\/div>\n            <\/div>\n                \n                    <div class=\"ue-meta-data\">\n                <div class=\"ue-grid-item-meta-data-label\">Duration in days:<\/div>\n                <div class=\"ue-grid-item-meta-data\">3<\/div>\n            <\/div>\n                \n                    <div class=\"ue-meta-data\">\n                <div class=\"ue-grid-item-meta-data-label\">Course start<\/div>\n                <div class=\"ue-grid-item-meta-data\">9:00 - 15:00<\/div>\n            <\/div>\n                \n                \n                    <div class=\"ue-meta-data\">\n                <div class=\"ue-grid-item-meta-data-label\">Tuition fee<\/div>\n                <div class=\"ue-grid-item-meta-data\"> 360\u20ac<\/div>\n            <\/div>\n                \n                    <div class=\"ue-meta-data\">\n                <div class=\"ue-grid-item-meta-data-label\">Registration<\/div>\n                <div class=\"ue-grid-item-meta-data\"> 90\u20ac<\/div>\n            <\/div>\n                \n                    <div class=\"ue-meta-data\">\n                <div class=\"ue-grid-item-meta-data-label\">Total Price<\/div>\n                <div class=\"ue-grid-item-meta-data\"> 450\u20ac<\/div>\n            <\/div>\n                \n                    <div class=\"ue-meta-data\">\n                <div class=\"ue-grid-item-meta-data-label\">Location<\/div>\n                <div class=\"ue-grid-item-meta-data\"> ONLINE via Zoom<\/div>\n            <\/div>\n        \n         <div class=\"uc_post_content\">Course date 1. - 3. May 2026, 9:00 - 15:00 CET<\/div>        \n                 \n      <\/div>\n    <\/div>\n     \n       \n  \n   <\/div>\n<div class=\"uc_post_list_box\">\n    \n  \t\t\n  \n    <div class=\"uc_post_list_content\">\n      <div class=\"uc_post_list_content_inside\">\n        <div class=\"uc_post_list_title\"><a target=\"_self\" href=\"https:\/\/haranta.sk\/en\/course\/autenticka-tantra-umenie-dotyku\/\" title=\"Autentic Tantra &amp; Art of touch\">Autentic Tantra &amp; Art of touch<\/a><\/div>\t\n      \n                    <div class=\"ue-meta-data\">\n                <div class=\"ue-grid-item-meta-data-label\">Course Date<\/div>\n                <div class=\"ue-grid-item-meta-data\">13\/05\/2026 - 17\/05\/2026<\/div>\n            <\/div>\n                \n                    <div class=\"ue-meta-data\">\n                <div class=\"ue-grid-item-meta-data-label\">Duration in days:<\/div>\n                <div class=\"ue-grid-item-meta-data\">5<\/div>\n            <\/div>\n                \n                \n                \n                    <div class=\"ue-meta-data\">\n                <div class=\"ue-grid-item-meta-data-label\">Tuition fee<\/div>\n                <div class=\"ue-grid-item-meta-data\"> 649\u20ac<\/div>\n            <\/div>\n                \n                \n                \n                    <div class=\"ue-meta-data\">\n                <div class=\"ue-grid-item-meta-data-label\">Location<\/div>\n                <div class=\"ue-grid-item-meta-data\"> v kr\u00e1snom medita\u010dnom centre Javorie<\/div>\n            <\/div>\n        \n         <div class=\"uc_post_content\">Term\u00edn konania\n            13. \u2014 17. m\u00e1ja 2026\n            5-d\u0148ov\u00fd pobytov\u00fd retreat...<\/div>        \n                 \n      <\/div>\n    <\/div>\n     \n       \n  \n   <\/div>\n<div class=\"uc_post_list_box\">\n    \n  \t\t\n  \n    <div class=\"uc_post_list_content\">\n      <div class=\"uc_post_list_content_inside\">\n        <div class=\"uc_post_list_title\"><a target=\"_self\" href=\"https:\/\/haranta.sk\/en\/course\/thetahealing-vy-a-zem\/\" title=\"Thetahealing\u00ae - You and the earth\">Thetahealing\u00ae - You and the earth<\/a><\/div>\t\n      \n                    <div class=\"ue-meta-data\">\n                <div class=\"ue-grid-item-meta-data-label\">Course Date<\/div>\n                <div class=\"ue-grid-item-meta-data\">23\/05\/2026 - 24\/05\/2026<\/div>\n            <\/div>\n                \n                    <div class=\"ue-meta-data\">\n                <div class=\"ue-grid-item-meta-data-label\">Duration in days:<\/div>\n                <div class=\"ue-grid-item-meta-data\">2<\/div>\n            <\/div>\n                \n                    <div class=\"ue-meta-data\">\n                <div class=\"ue-grid-item-meta-data-label\">Course start<\/div>\n                <div class=\"ue-grid-item-meta-data\">9:00 - 15:00<\/div>\n            <\/div>\n                \n                \n                    <div class=\"ue-meta-data\">\n                <div class=\"ue-grid-item-meta-data-label\">Tuition fee<\/div>\n                <div class=\"ue-grid-item-meta-data\"> 360\u20ac<\/div>\n            <\/div>\n                \n                    <div class=\"ue-meta-data\">\n                <div class=\"ue-grid-item-meta-data-label\">Registration<\/div>\n                <div class=\"ue-grid-item-meta-data\"> 80\u20ac<\/div>\n            <\/div>\n                \n                    <div class=\"ue-meta-data\">\n                <div class=\"ue-grid-item-meta-data-label\">Total Price<\/div>\n                <div class=\"ue-grid-item-meta-data\"> 440\u20ac<\/div>\n            <\/div>\n                \n        \n         <div class=\"uc_post_content\">Term\u00edn konania\n            23.5. &#8211; 24.5. 2026\n            2-d\u0148ov\u00fd semin\u00e1r...<\/div>        \n                 \n      <\/div>\n    <\/div>\n     \n       \n  \n   <\/div>\n<div class=\"uc_post_list_box\">\n    \n  \t\t\n  \n    <div class=\"uc_post_list_content\">\n      <div class=\"uc_post_list_content_inside\">\n        <div class=\"uc_post_list_title\"><a target=\"_self\" href=\"https:\/\/haranta.sk\/en\/course\/autenticka-tantra-yoga-level-1-osobne\/\" title=\"Authentic Hatha Yoga - Level 1\">Authentic Hatha Yoga - Level 1<\/a><\/div>\t\n      \n                    <div class=\"ue-meta-data\">\n                <div class=\"ue-grid-item-meta-data-label\">Course Date<\/div>\n                <div class=\"ue-grid-item-meta-data\">02\/06\/2026 - 07\/06\/2026<\/div>\n            <\/div>\n                \n                    <div class=\"ue-meta-data\">\n                <div class=\"ue-grid-item-meta-data-label\">Duration in days:<\/div>\n                <div class=\"ue-grid-item-meta-data\">6<\/div>\n            <\/div>\n                \n                \n                \n                    <div class=\"ue-meta-data\">\n                <div class=\"ue-grid-item-meta-data-label\">Tuition fee<\/div>\n                <div class=\"ue-grid-item-meta-data\"> 699\u20ac<\/div>\n            <\/div>\n                \n                \n                \n                    <div class=\"ue-meta-data\">\n                <div class=\"ue-grid-item-meta-data-label\">Location<\/div>\n                <div class=\"ue-grid-item-meta-data\"> Osobne v medita\u010dnom centre Javorie, okres Detva<\/div>\n            <\/div>\n        \n         <div class=\"uc_post_content\">Term\u00edn konania\n            2. \u2013 7. j\u00fana 2026\n            6-d\u0148ov\u00fd pobytov\u00fd kurz...<\/div>        \n                 \n      <\/div>\n    <\/div>\n     \n       \n  \n   <\/div>\n<div class=\"uc_post_list_box\">\n    \n  \t\t\n  \n    <div class=\"uc_post_list_content\">\n      <div class=\"uc_post_list_content_inside\">\n        <div class=\"uc_post_list_title\"><a target=\"_self\" href=\"https:\/\/haranta.sk\/en\/course\/tantricka-zena-sila-shakti\/\" title=\"The Tantric Woman &amp; the Power of Shakti\">The Tantric Woman &amp; the Power of Shakti<\/a><\/div>\t\n      \n                    <div class=\"ue-meta-data\">\n                <div class=\"ue-grid-item-meta-data-label\">Course Date<\/div>\n                <div class=\"ue-grid-item-meta-data\">14\/08\/2026 - 23\/08\/2026<\/div>\n            <\/div>\n                \n                    <div class=\"ue-meta-data\">\n                <div class=\"ue-grid-item-meta-data-label\">Duration in days:<\/div>\n                <div class=\"ue-grid-item-meta-data\">10<\/div>\n            <\/div>\n                \n                    <div class=\"ue-meta-data\">\n                <div class=\"ue-grid-item-meta-data-label\">Course start<\/div>\n                <div class=\"ue-grid-item-meta-data\">8:00 - 16:00<\/div>\n            <\/div>\n                \n                \n                    <div class=\"ue-meta-data\">\n                <div class=\"ue-grid-item-meta-data-label\">Tuition fee<\/div>\n                <div class=\"ue-grid-item-meta-data\"> 880\u20ac<\/div>\n            <\/div>\n                \n                \n                    <div class=\"ue-meta-data\">\n                <div class=\"ue-grid-item-meta-data-label\">Total Price<\/div>\n                <div class=\"ue-grid-item-meta-data\"> 880\u20ac<\/div>\n            <\/div>\n                \n                    <div class=\"ue-meta-data\">\n                <div class=\"ue-grid-item-meta-data-label\">Location<\/div>\n                <div class=\"ue-grid-item-meta-data\"> Medita\u010dn\u00e9 centrum v pr\u00edrode Javorie, okres Detva<\/div>\n            <\/div>\n        \n         <div class=\"uc_post_content\">Mil\u00ed priatelia,\n\n\nAk\u00e1 je skuto\u010dn\u00e1 sila \u017eeny a sila mu\u017ea? Pre\u010do sme tak rozdielni, a z\u00e1rove\u0148 tvor\u00edme jedno,...<\/div>        \n                 \n      <\/div>\n    <\/div>\n     \n       \n  \n   <\/div>\n<div class=\"uc_post_list_box\">\n    \n  \t\t\n  \n    <div class=\"uc_post_list_content\">\n      <div class=\"uc_post_list_content_inside\">\n        <div class=\"uc_post_list_title\"><a target=\"_self\" href=\"https:\/\/haranta.sk\/en\/course\/cesta-hrdinu\/\" title=\"Hero\u2019s Journey: Who am I truly?\">Hero\u2019s Journey: Who am I truly?<\/a><\/div>\t\n      \n                    <div class=\"ue-meta-data\">\n                <div class=\"ue-grid-item-meta-data-label\">Course Date<\/div>\n                <div class=\"ue-grid-item-meta-data\">14\/08\/2026 - 23\/08\/2026<\/div>\n            <\/div>\n                \n                    <div class=\"ue-meta-data\">\n                <div class=\"ue-grid-item-meta-data-label\">Duration in days:<\/div>\n                <div class=\"ue-grid-item-meta-data\">10<\/div>\n            <\/div>\n                \n                    <div class=\"ue-meta-data\">\n                <div class=\"ue-grid-item-meta-data-label\">Course start<\/div>\n                <div class=\"ue-grid-item-meta-data\">8:00 - 16:00<\/div>\n            <\/div>\n                \n                \n                    <div class=\"ue-meta-data\">\n                <div class=\"ue-grid-item-meta-data-label\">Tuition fee<\/div>\n                <div class=\"ue-grid-item-meta-data\"> 880\u20ac<\/div>\n            <\/div>\n                \n                \n                    <div class=\"ue-meta-data\">\n                <div class=\"ue-grid-item-meta-data-label\">Total Price<\/div>\n                <div class=\"ue-grid-item-meta-data\"> 880\u20ac<\/div>\n            <\/div>\n                \n                    <div class=\"ue-meta-data\">\n                <div class=\"ue-grid-item-meta-data-label\">Location<\/div>\n                <div class=\"ue-grid-item-meta-data\"> Medita\u010dn\u00e9 centrum v pr\u00edrode Javorie, okres Detva<\/div>\n            <\/div>\n        \n         <div class=\"uc_post_content\">Mil\u00ed priatelia,\n\n\nAk\u00e1 je skuto\u010dn\u00e1 sila mu\u017ea a sila \u017eeny?&nbsp;Pre\u010do sme tak rozdielni, a z\u00e1rove\u0148 tvor\u00edme...<\/div>        \n                 \n      <\/div>\n    <\/div>\n     \n       \n  \n   <\/div>\n<div class=\"uc_post_list_box\">\n    \n  \t\t\n  \n    <div class=\"uc_post_list_content\">\n      <div class=\"uc_post_list_content_inside\">\n        <div class=\"uc_post_list_title\"><a target=\"_self\" href=\"https:\/\/haranta.sk\/en\/course\/autenticka-tantra-tantricka-sexualita-2\/\" title=\"Authentic Tantra &amp; Tantric Sexuality\">Authentic Tantra &amp; Tantric Sexuality<\/a><\/div>\t\n      \n                    <div class=\"ue-meta-data\">\n                <div class=\"ue-grid-item-meta-data-label\">Course Date<\/div>\n                <div class=\"ue-grid-item-meta-data\">02\/09\/2026 - 06\/09\/2026<\/div>\n            <\/div>\n                \n                    <div class=\"ue-meta-data\">\n                <div class=\"ue-grid-item-meta-data-label\">Duration in days:<\/div>\n                <div class=\"ue-grid-item-meta-data\">5<\/div>\n            <\/div>\n                \n                \n                \n                    <div class=\"ue-meta-data\">\n                <div class=\"ue-grid-item-meta-data-label\">Tuition fee<\/div>\n                <div class=\"ue-grid-item-meta-data\"> 699\u20ac<\/div>\n            <\/div>\n                \n                \n                \n                    <div class=\"ue-meta-data\">\n                <div class=\"ue-grid-item-meta-data-label\">Location<\/div>\n                <div class=\"ue-grid-item-meta-data\"> Osobne v medita\u010dnom centre Javorie<\/div>\n            <\/div>\n        \n         <div class=\"uc_post_content\">Poz\u00fdvame v\u00e1s na n\u00e1\u0161 unik\u00e1tny tantrick\u00fd kurz a 5-d\u0148ov\u00fd pobyt v kr\u00e1snom medita\u010dnom centre Javorie.\n\n\nTento...<\/div>        \n                 \n      <\/div>\n    <\/div>\n     \n       \n  \n   <\/div>\n\n<\/div>\n\n\n  <div id=\"uc_post_list_copy_elementor_0bf85c4_empty_message\" class=\"ue-no-posts-found\"  style=\"display:none\" >No live courses<\/div>\n\n\n\t\t\t<!-- end Kurzy -->\t\t<\/div>\n\t\t\t\t<\/div>\n\t\t\t\t\t<\/div>\n\t\t\t\t<\/div>\n\t\t\t\t\t\t\t<\/div>","protected":false},"excerpt":{"rendered":"<p>\u017div\u00e9 kurzy Autentick\u00e1 Hatha Yoga &#8211; Level 1 online Mil\u00ed priatelia \ud83e\udde1, poz\u00fdvame v\u00e1s na online kurz Autentickej Hatha Yogy, level 1 \u2013 od 18. 1. 2025, ka\u017ed\u00fa&#8230; Energetick\u00e9 lie\u010denie &#8211; medit\u00e1cia ThetaHealing &#8211; zdarma online Poz\u00fdvame v\u00e1s na spolo\u010dn\u00fd workshop, medit\u00e1ciu a energetick\u00e9 lie\u010denie, kde v\u00e1s predvedieme procesom jemnej&#8230; Za hranicami pote\u0161enia: Tantrick\u00fd pr\u00edstup&#8230;<\/p>","protected":false},"author":1,"featured_media":0,"parent":0,"menu_order":0,"comment_status":"closed","ping_status":"closed","template":"","meta":{"pmpro_default_level":"","iawp_total_views":812,"footnotes":""},"class_list":["post-989985","page","type-page","status-publish","hentry","pmpro-has-access"],"acf":[],"_links":{"self":[{"href":"https:\/\/haranta.sk\/en\/wp-json\/wp\/v2\/pages\/989985","targetHints":{"allow":["GET"]}}],"collection":[{"href":"https:\/\/haranta.sk\/en\/wp-json\/wp\/v2\/pages"}],"about":[{"href":"https:\/\/haranta.sk\/en\/wp-json\/wp\/v2\/types\/page"}],"author":[{"embeddable":true,"href":"https:\/\/haranta.sk\/en\/wp-json\/wp\/v2\/users\/1"}],"replies":[{"embeddable":true,"href":"https:\/\/haranta.sk\/en\/wp-json\/wp\/v2\/comments?post=989985"}],"version-history":[{"count":9,"href":"https:\/\/haranta.sk\/en\/wp-json\/wp\/v2\/pages\/989985\/revisions"}],"predecessor-version":[{"id":993847,"href":"https:\/\/haranta.sk\/en\/wp-json\/wp\/v2\/pages\/989985\/revisions\/993847"}],"wp:attachment":[{"href":"https:\/\/haranta.sk\/en\/wp-json\/wp\/v2\/media?parent=989985"}],"curies":[{"name":"wp","href":"https:\/\/api.w.org\/{rel}","templated":true}]}}