{"id":989979,"date":"2023-06-01T21:48:45","date_gmt":"2023-06-01T19:48:45","guid":{"rendered":"http:\/\/haranta.dusanrybar.sk\/?page_id=989979"},"modified":"2023-11-20T03:16:25","modified_gmt":"2023-11-20T02:16:25","slug":"online-kurzy","status":"publish","type":"page","link":"https:\/\/haranta.sk\/en\/online-kurzy\/","title":{"rendered":"Online courses"},"content":{"rendered":"<div data-elementor-type=\"wp-page\" data-elementor-id=\"989979\" class=\"elementor elementor-989979\" data-elementor-post-type=\"page\">\n\t\t\t\t\t\t\t<div class=\"elementor-element elementor-element-959f930 e-flex e-con-boxed e-con e-parent\" data-id=\"959f930\" data-element_type=\"container\" data-settings=\"{&quot;jet_parallax_layout_list&quot;:[],&quot;content_width&quot;:&quot;boxed&quot;}\" data-core-v316-plus=\"true\">\n\t\t\t\t\t<div class=\"e-con-inner\">\n\t\t\t\t<div class=\"elementor-element elementor-element-1582078 elementor-invisible elementor-widget elementor-widget-ucaddon_post_list_copy\" data-id=\"1582078\" data-element_type=\"widget\" data-settings=\"{&quot;_animation&quot;:&quot;fadeInRight&quot;}\" data-widget_type=\"ucaddon_post_list_copy.default\">\n\t\t\t\t<div class=\"elementor-widget-container\">\n\t\t\t<!-- start Kurzy -->\n\t\t<link id='font-awesome-css' href='https:\/\/haranta.sk\/wp-content\/plugins\/unlimited-elements-for-elementor-premium\/assets_libraries\/font-awesome5\/css\/fontawesome-all.min.css' type='text\/css' rel='stylesheet' >\n\t\t<link id='font-awesome-4-shim-css' href='https:\/\/haranta.sk\/wp-content\/plugins\/unlimited-elements-for-elementor-premium\/assets_libraries\/font-awesome5\/css\/fontawesome-v4-shims.css' type='text\/css' rel='stylesheet' >\n\n\t\t\t<style type=\"text\/css\">\/* widget: Kurzy *\/\n\n\n\n#uc_post_list_copy_elementor_1582078\n{\n  display:grid;\n}\n\n\n#uc_post_list_copy_elementor_1582078 .uc_post_list_image div\n{\n  background-size:cover;\n  background-position:center;\n}\n\n\n.uc_post_list .uc_post_list_box{\n\tposition: relative;\n\toverflow: hidden;\n\tdisplay: flex;\n}\n\n#uc_post_list_copy_elementor_1582078 .uc_post_list_image\n{\n  flex-grow:0;\n  flex-shrink:0;\n}\n\n#uc_post_list_copy_elementor_1582078 .uc_post_list_image img\n{\n  width:100%;\n  display:block;\n  transition:0.3s;\n  \n}\n\n\n.uc_post_list_title a{\n\tcolor: #333333;\n}\n.uc_post_list_date{\n\tfont-size: 12px;\n}\n\n#uc_post_list_copy_elementor_1582078 .uc_post_list_content\n{\n  display:flex;\n  flex-direction:column;\n  flex:1;\n}\n\n#uc_post_list_copy_elementor_1582078 .uc_more_btn{\n\n  text-align:center;\n  text-decoration:none;\n  transition:0.3s;\n}\n\n#uc_post_list_copy_elementor_1582078 .button-on-side\n{\n  display:flex;\n  align-items:center;\n}\n\n\n.ue-grid-item-category a\n{\n  display:inline-block;\n  font-size:10px;\n  text-transform:uppercase;\n}\n\n#uc_post_list_copy_elementor_1582078 .ue-meta-data\n{\n  \n  display:flex;\n\n  flex-wrap: wrap;\n  line-height:1em;\n}\n\n#uc_post_list_copy_elementor_1582078 .ue-grid-item-meta-data\n{\n      display:inline-flex;\n      align-items:center;\n}\n\n.ue-grid-item-meta-data\n{\n  font-size:12px;\n}\n\n#uc_post_list_copy_elementor_1582078 .ue-grid-item-meta-data-icon\n{\n  line-height:1em;\n}\n\n#uc_post_list_copy_elementor_1582078 .ue-grid-item-meta-data-icon svg\n{\n  width:1em;\n  height:1em;\n}\n\n\n\n#uc_post_list_copy_elementor_1582078 .ue-debug-meta\n{\n  padding:10px;\n  border:1px solid red;\n  position:relative;\n  line-height:1.5em;\n  font-size:11px;\n  width:100%;\n}\n\n.uc-remote-parent .uc_post_list_box{\n\tcursor:pointer;\n}\n\n#uc_post_list_copy_elementor_1582078 .ue-post-link-overlay\n{\n  display:block;\n  position:absolute;\n  top:0;\n  bottom:0;\n  right:0;\n  left:0;\n}\n\n<\/style>\n\n\t\t\t<div class=\"uc_post_list uc-items-wrapper\" id=\"uc_post_list_copy_elementor_1582078\"  >    \t\n  <div class=\"uc_post_list_box\">\n    \n  \t\t\n  \n    <div class=\"uc_post_list_content\">\n      <div class=\"uc_post_list_content_inside\">\n        <div class=\"uc_post_list_title\"><a target=\"_self\" href=\"https:\/\/haranta.sk\/en\/course\/autenticka-tantra-online-kurz\/\" title=\"Autentick\u00e1 tantra - online kurz\">Autentick\u00e1 tantra - online kurz<\/a><\/div>\t\n      \n                \n                \n                \n                \n                    <div class=\"ue-meta-data\">\n                <div class=\"ue-grid-item-meta-data-label\">Cena od:<\/div>\n                <div class=\"ue-grid-item-meta-data\"> 25\u20ac<\/div>\n            <\/div>\n                \n                \n                \n        \n         <div class=\"uc_post_content\">Online workshop, Cena workshopu je 25 eur.\n\n\nTento \u017eiv\u00fd online workshop je ochutn\u00e1vkou tantry a autentickej...<\/div>        \n                 \n      <\/div>\n    <\/div>\n     \n       \n  \n   <\/div>\n<div class=\"uc_post_list_box\">\n    \n  \t\t\n  \n    <div class=\"uc_post_list_content\">\n      <div class=\"uc_post_list_content_inside\">\n        <div class=\"uc_post_list_title\"><a target=\"_self\" href=\"https:\/\/haranta.sk\/en\/course\/enneagram-1-cast-emocne-typy\/\" title=\"Enneagram - 1. \u010das\u0165 emo\u010dn\u00e9 typy\">Enneagram - 1. \u010das\u0165 emo\u010dn\u00e9 typy<\/a><\/div>\t\n      \n                \n                \n                \n                    <div class=\"ue-meta-data\">\n                <div class=\"ue-grid-item-meta-data-label\">Trvanie od: <\/div>\n                <div class=\"ue-grid-item-meta-data\"> 2.5 - 3 hod\u00edn<\/div>\n            <\/div>\n                \n                    <div class=\"ue-meta-data\">\n                <div class=\"ue-grid-item-meta-data-label\">Cena od:<\/div>\n                <div class=\"ue-grid-item-meta-data\"> 69\u20ac<\/div>\n            <\/div>\n                \n                \n                \n        \n         <div class=\"uc_post_content\">Spoznajte sam\u00e9ho seba a svoje vz\u0165ahy v\u010faka unik\u00e1tnej osobnostnej typol\u00f3gii ENNEAGRAM&nbsp; v autentickom...<\/div>        \n                 \n      <\/div>\n    <\/div>\n     \n       \n  \n   <\/div>\n<div class=\"uc_post_list_box\">\n    \n  \t\t\n  \n    <div class=\"uc_post_list_content\">\n      <div class=\"uc_post_list_content_inside\">\n        <div class=\"uc_post_list_title\"><a target=\"_self\" href=\"https:\/\/haranta.sk\/en\/course\/enneagram-2-cast-mysel-a-myslove-typy\/\" title=\"Enneagram - 2. \u010das\u0165 myse\u013e a mys\u013eov\u00e9 typy\">Enneagram - 2. \u010das\u0165 myse\u013e a mys\u013eov\u00e9 typy<\/a><\/div>\t\n      \n                \n                \n                \n                    <div class=\"ue-meta-data\">\n                <div class=\"ue-grid-item-meta-data-label\">Trvanie od: <\/div>\n                <div class=\"ue-grid-item-meta-data\"> 2.5 - 3 hod\u00edn<\/div>\n            <\/div>\n                \n                    <div class=\"ue-meta-data\">\n                <div class=\"ue-grid-item-meta-data-label\">Cena od:<\/div>\n                <div class=\"ue-grid-item-meta-data\"> 69\u20ac<\/div>\n            <\/div>\n                \n                \n                \n        \n         <div class=\"uc_post_content\">Spoznajte sam\u00e9ho seba a svoje vz\u0165ahy v\u010faka unik\u00e1tnej osobnostnej typol\u00f3gii ENNEAGRAM&nbsp; v autentickom...<\/div>        \n                 \n      <\/div>\n    <\/div>\n     \n       \n  \n   <\/div>\n<div class=\"uc_post_list_box\">\n    \n  \t\t\n  \n    <div class=\"uc_post_list_content\">\n      <div class=\"uc_post_list_content_inside\">\n        <div class=\"uc_post_list_title\"><a target=\"_self\" href=\"https:\/\/haranta.sk\/en\/course\/enneagram-3-cast-telesne-typy\/\" title=\"Enneagram - 3. \u010das\u0165 telesn\u00e9 typy\">Enneagram - 3. \u010das\u0165 telesn\u00e9 typy<\/a><\/div>\t\n      \n                \n                \n                \n                    <div class=\"ue-meta-data\">\n                <div class=\"ue-grid-item-meta-data-label\">Trvanie od: <\/div>\n                <div class=\"ue-grid-item-meta-data\"> 2.5 - 3 hod\u00edn<\/div>\n            <\/div>\n                \n                    <div class=\"ue-meta-data\">\n                <div class=\"ue-grid-item-meta-data-label\">Cena od:<\/div>\n                <div class=\"ue-grid-item-meta-data\"> 69\u20ac<\/div>\n            <\/div>\n                \n                \n                \n        \n         <div class=\"uc_post_content\">Spoznajte sam\u00e9ho seba a svoje vz\u0165ahy v\u010faka unik\u00e1tnej osobnostnej typol\u00f3gii ENNEAGRAM&nbsp; v autentickom...<\/div>        \n                 \n      <\/div>\n    <\/div>\n     \n       \n  \n   <\/div>\n<div class=\"uc_post_list_box\">\n    \n  \t\t\n  \n    <div class=\"uc_post_list_content\">\n      <div class=\"uc_post_list_content_inside\">\n        <div class=\"uc_post_list_title\"><a target=\"_self\" href=\"https:\/\/haranta.sk\/en\/course\/enneagram-4-cast-sumarizacia-prepojenia-jednotlivych-typov\/\" title=\"Enneagram - 4. \u010das\u0165 sumariz\u00e1cia, prepojenia jednotliv\u00fdch typov\">Enneagram - 4. \u010das\u0165 sumariz\u00e1cia, prepojenia jednotliv\u00fdch typov<\/a><\/div>\t\n      \n                \n                \n                \n                    <div class=\"ue-meta-data\">\n                <div class=\"ue-grid-item-meta-data-label\">Trvanie od: <\/div>\n                <div class=\"ue-grid-item-meta-data\"> 2.5 - 3 hod\u00edn<\/div>\n            <\/div>\n                \n                    <div class=\"ue-meta-data\">\n                <div class=\"ue-grid-item-meta-data-label\">Cena od:<\/div>\n                <div class=\"ue-grid-item-meta-data\"> 69\u20ac<\/div>\n            <\/div>\n                \n                \n                \n        \n         <div class=\"uc_post_content\">Spoznajte sam\u00e9ho seba a svoje vz\u0165ahy v\u010faka unik\u00e1tnej osobnostnej typol\u00f3gii ENNEAGRAM&nbsp; v autentickom...<\/div>        \n                 \n      <\/div>\n    <\/div>\n     \n       \n  \n   <\/div>\n<div class=\"uc_post_list_box\">\n    \n  \t\t\n  \n    <div class=\"uc_post_list_content\">\n      <div class=\"uc_post_list_content_inside\">\n        <div class=\"uc_post_list_title\"><a target=\"_self\" href=\"https:\/\/haranta.sk\/en\/course\/navod-ako-pochopit-druhych-a-upratanie-si-okolia-1-cast\/\" title=\"N\u00e1vod ako pochopi\u0165 druh\u00fdch a upratanie si okolia. 1. \u010das\u0165\">N\u00e1vod ako pochopi\u0165 druh\u00fdch a upratanie si okolia. 1. \u010das\u0165<\/a><\/div>\t\n      \n                \n                \n                \n                \n                    <div class=\"ue-meta-data\">\n                <div class=\"ue-grid-item-meta-data-label\">Cena od:<\/div>\n                <div class=\"ue-grid-item-meta-data\"> 28\u20ac<\/div>\n            <\/div>\n                \n                \n                \n        \n         <div class=\"uc_post_content\"><\/div>        \n                 \n      <\/div>\n    <\/div>\n     \n       \n  \n   <\/div>\n<div class=\"uc_post_list_box\">\n    \n  \t\t\n  \n    <div class=\"uc_post_list_content\">\n      <div class=\"uc_post_list_content_inside\">\n        <div class=\"uc_post_list_title\"><a target=\"_self\" href=\"https:\/\/haranta.sk\/en\/course\/navod-ako-pochopit-druhych-a-upratanie-si-okolia-2-cast\/\" title=\"N\u00e1vod ako pochopi\u0165 druh\u00fdch a upratanie si okolia. 2. \u010das\u0165\">N\u00e1vod ako pochopi\u0165 druh\u00fdch a upratanie si okolia. 2. \u010das\u0165<\/a><\/div>\t\n      \n                \n                \n                \n                \n                    <div class=\"ue-meta-data\">\n                <div class=\"ue-grid-item-meta-data-label\">Cena od:<\/div>\n                <div class=\"ue-grid-item-meta-data\"> 28\u20ac<\/div>\n            <\/div>\n                \n                \n                \n        \n         <div class=\"uc_post_content\"><\/div>        \n                 \n      <\/div>\n    <\/div>\n     \n       \n  \n   <\/div>\n<div class=\"uc_post_list_box\">\n    \n  \t\t\n  \n    <div class=\"uc_post_list_content\">\n      <div class=\"uc_post_list_content_inside\">\n        <div class=\"uc_post_list_title\"><a target=\"_self\" href=\"https:\/\/haranta.sk\/en\/course\/thetahealing-manifestacia-hojnosti-2\/\" title=\"ThetaHealing - Manifest\u00e1cia hojnosti\">ThetaHealing - Manifest\u00e1cia hojnosti<\/a><\/div>\t\n      \n                \n                \n                \n                \n                    <div class=\"ue-meta-data\">\n                <div class=\"ue-grid-item-meta-data-label\">Cena od:<\/div>\n                <div class=\"ue-grid-item-meta-data\"> 28\u20ac<\/div>\n            <\/div>\n                \n                \n                \n        \n         <div class=\"uc_post_content\">Manifestujte si hojnos\u0165, l\u00e1sku, zdravie, kari\u00e9ru, vz\u0165ahy a \u010fal\u0161ie vo Va\u0161om \u017eivote &#8211; v theta hladine...<\/div>        \n                 \n      <\/div>\n    <\/div>\n     \n       \n  \n   <\/div>\n<div class=\"uc_post_list_box\">\n    \n  \t\t\n  \n    <div class=\"uc_post_list_content\">\n      <div class=\"uc_post_list_content_inside\">\n        <div class=\"uc_post_list_title\"><a target=\"_self\" href=\"https:\/\/haranta.sk\/en\/course\/thetahealing-trening-a-meditacia\/\" title=\"ThetaHealing tr\u00e9ning a medit\u00e1cia\">ThetaHealing tr\u00e9ning a medit\u00e1cia<\/a><\/div>\t\n      \n                \n                \n                \n                \n                    <div class=\"ue-meta-data\">\n                <div class=\"ue-grid-item-meta-data-label\">Cena od:<\/div>\n                <div class=\"ue-grid-item-meta-data\"> 0\u20ac<\/div>\n            <\/div>\n                \n                \n                \n        \n         <div class=\"uc_post_content\">online stretnutie, medit\u00e1cia, spolo\u010dn\u00e9 lie\u010denie a THETAHEALING TR\u00c9NING \u2013 zdie\u013eanie avz\u00e1jomn\u00e9 v\u00fdmeny terapi\u00ed.\n\n\nCena...<\/div>        \n                 \n      <\/div>\n    <\/div>\n     \n       \n  \n   <\/div>\n\n<\/div>\n\n\n  <div id=\"uc_post_list_copy_elementor_1582078_empty_message\" class=\"ue-no-posts-found\"  style=\"display:none\" >No live courses<\/div>\n\n\n\t\t\t<!-- end Kurzy -->\t\t<\/div>\n\t\t\t\t<\/div>\n\t\t\t\t\t<\/div>\n\t\t\t\t<\/div>\n\t\t\t\t\t\t\t<\/div>","protected":false},"excerpt":{"rendered":"<p>Autentick\u00e1 tantra &#8211; online kurz Trvanie od: &#8211; Cena od: \u20ac Online workshop, Cena workshopu je 25 eur. Tento \u017eiv\u00fd online workshop je ochutn\u00e1vkou tantry a autentickej&#8230; Enneagram &#8211; 1. \u010das\u0165 emo\u010dn\u00e9 typy Trvanie od: &#8211; Cena od: \u20ac Spoznajte sam\u00e9ho seba a svoje vz\u0165ahy v\u010faka unik\u00e1tnej osobnostnej typol\u00f3gii ENNEAGRAM&nbsp; v autentickom&#8230; Enneagram &#8211; 2&#8230;.<\/p>","protected":false},"author":1,"featured_media":0,"parent":0,"menu_order":0,"comment_status":"closed","ping_status":"closed","template":"","meta":{"pmpro_default_level":"","iawp_total_views":134,"footnotes":""},"class_list":["post-989979","page","type-page","status-publish","hentry","pmpro-has-access"],"acf":[],"_links":{"self":[{"href":"https:\/\/haranta.sk\/en\/wp-json\/wp\/v2\/pages\/989979","targetHints":{"allow":["GET"]}}],"collection":[{"href":"https:\/\/haranta.sk\/en\/wp-json\/wp\/v2\/pages"}],"about":[{"href":"https:\/\/haranta.sk\/en\/wp-json\/wp\/v2\/types\/page"}],"author":[{"embeddable":true,"href":"https:\/\/haranta.sk\/en\/wp-json\/wp\/v2\/users\/1"}],"replies":[{"embeddable":true,"href":"https:\/\/haranta.sk\/en\/wp-json\/wp\/v2\/comments?post=989979"}],"version-history":[{"count":0,"href":"https:\/\/haranta.sk\/en\/wp-json\/wp\/v2\/pages\/989979\/revisions"}],"wp:attachment":[{"href":"https:\/\/haranta.sk\/en\/wp-json\/wp\/v2\/media?parent=989979"}],"curies":[{"name":"wp","href":"https:\/\/api.w.org\/{rel}","templated":true}]}}