{"id":989942,"date":"2023-06-01T21:06:04","date_gmt":"2023-06-01T19:06:04","guid":{"rendered":"http:\/\/haranta.dusanrybar.sk\/?page_id=989942"},"modified":"2026-04-19T23:12:17","modified_gmt":"2026-04-19T21:12:17","slug":"enneagram","status":"publish","type":"page","link":"https:\/\/haranta.sk\/en\/enneagram\/","title":{"rendered":"The Enneagram"},"content":{"rendered":"<div data-elementor-type=\"wp-page\" data-elementor-id=\"989942\" class=\"elementor elementor-989942\" data-elementor-post-type=\"page\">\n\t\t\t\t\t\t\t\t\t<section class=\"elementor-section elementor-top-section elementor-element elementor-element-9d8d803 elementor-section-boxed elementor-section-height-default elementor-section-height-default\" data-id=\"9d8d803\" data-element_type=\"section\" data-settings=\"{&quot;background_background&quot;:&quot;classic&quot;,&quot;jet_parallax_layout_list&quot;:[]}\">\n\t\t\t\t\t\t<div class=\"elementor-container elementor-column-gap-no\">\n\t\t\t\t\t<div class=\"elementor-column elementor-col-100 elementor-top-column elementor-element elementor-element-780c663\" data-id=\"780c663\" data-element_type=\"column\">\n\t\t\t<div class=\"elementor-widget-wrap elementor-element-populated\">\n\t\t\t\t\t\t\t\t<div class=\"elementor-element elementor-element-fa0ef43 elementor-invisible elementor-widget elementor-widget-heading\" data-id=\"fa0ef43\" data-element_type=\"widget\" data-settings=\"{&quot;_animation&quot;:&quot;fadeIn&quot;,&quot;_animation_tablet&quot;:&quot;none&quot;,&quot;_animation_mobile&quot;:&quot;none&quot;,&quot;_animation_delay&quot;:300}\" data-widget_type=\"heading.default\">\n\t\t\t\t<div class=\"elementor-widget-container\">\n\t\t\t<h2 class=\"elementor-heading-title elementor-size-default\">The Enneagram<\/h2>\t\t<\/div>\n\t\t\t\t<\/div>\n\t\t\t\t\t<\/div>\n\t\t<\/div>\n\t\t\t\t\t\t\t<\/div>\n\t\t<\/section>\n\t\t\t\t<section class=\"elementor-section elementor-top-section elementor-element elementor-element-1358c1f elementor-section-boxed elementor-section-height-default elementor-section-height-default\" data-id=\"1358c1f\" data-element_type=\"section\" data-settings=\"{&quot;background_background&quot;:&quot;classic&quot;,&quot;jet_parallax_layout_list&quot;:[]}\">\n\t\t\t\t\t\t<div class=\"elementor-container elementor-column-gap-no\">\n\t\t\t\t\t<div class=\"elementor-column elementor-col-100 elementor-top-column elementor-element elementor-element-bc2528d\" data-id=\"bc2528d\" data-element_type=\"column\">\n\t\t\t<div class=\"elementor-widget-wrap elementor-element-populated\">\n\t\t\t\t\t\t\t\t<div class=\"elementor-element elementor-element-02060a4 elementor-widget elementor-widget-heading\" data-id=\"02060a4\" data-element_type=\"widget\" data-widget_type=\"heading.default\">\n\t\t\t\t<div class=\"elementor-widget-container\">\n\t\t\t<h2 class=\"elementor-heading-title elementor-size-default\">What is the Enneagram?<\/h2>\t\t<\/div>\n\t\t\t\t<\/div>\n\t\t\t\t<div class=\"elementor-element elementor-element-435753d elementor-widget__width-initial elementor-widget elementor-widget-text-editor\" data-id=\"435753d\" data-element_type=\"widget\" data-widget_type=\"text-editor.default\">\n\t\t\t\t<div class=\"elementor-widget-container\">\n\t\t\t\t\t\t\t<p style=\"text-align: center;\"><span style=\"font-weight: 400;\">In my practice, I frequently utilize the Enneagram, a personality typology with roots stretching far into the ancient past (approx. 2,000 years).<\/span><\/p><p style=\"text-align: center;\"><span style=\"font-weight: 400;\">The Enneagram is a system that divides personalities into nine interconnected types. These types are designated by numbers to emphasize that no single type is better or worse than another.<\/span><\/p><p style=\"text-align: center;\"><span style=\"font-weight: 400;\">I work with the Enneagram almost every day, both in consultations with clients and within therapeutic sessions. I perceive this tool as something unique for understanding and revealing who we truly are. Having led dozens of seminars on this topic, I look forward to our shared experiences in discovering the Enneagram during our upcoming seminar.<\/span><\/p>\t\t\t\t\t\t<\/div>\n\t\t\t\t<\/div>\n\t\t\t\t\t<\/div>\n\t\t<\/div>\n\t\t\t\t\t\t\t<\/div>\n\t\t<\/section>\n\t\t\t\t<section class=\"elementor-section elementor-top-section elementor-element elementor-element-eaf96b3 elementor-section-boxed elementor-section-height-default elementor-section-height-default\" data-id=\"eaf96b3\" data-element_type=\"section\" data-settings=\"{&quot;background_background&quot;:&quot;classic&quot;,&quot;jet_parallax_layout_list&quot;:[]}\">\n\t\t\t\t\t\t<div class=\"elementor-container elementor-column-gap-no\">\n\t\t\t\t\t<div class=\"elementor-column elementor-col-50 elementor-top-column elementor-element elementor-element-0ae8adf\" data-id=\"0ae8adf\" data-element_type=\"column\">\n\t\t\t<div class=\"elementor-widget-wrap elementor-element-populated\">\n\t\t\t\t\t\t\t\t<div class=\"elementor-element elementor-element-9b41cef elementor-widget__width-initial elementor-invisible elementor-widget elementor-widget-heading\" data-id=\"9b41cef\" data-element_type=\"widget\" data-settings=\"{&quot;_animation&quot;:&quot;fadeInLeft&quot;,&quot;_animation_tablet&quot;:&quot;none&quot;,&quot;_animation_mobile&quot;:&quot;none&quot;,&quot;_animation_delay&quot;:300}\" data-widget_type=\"heading.default\">\n\t\t\t\t<div class=\"elementor-widget-container\">\n\t\t\t<h3 class=\"elementor-heading-title elementor-size-default\">Why Enneagram?<\/h3>\t\t<\/div>\n\t\t\t\t<\/div>\n\t\t\t\t<div class=\"elementor-element elementor-element-b096b64 elementor-widget__width-initial elementor-widget elementor-widget-text-editor\" data-id=\"b096b64\" data-element_type=\"widget\" data-widget_type=\"text-editor.default\">\n\t\t\t\t<div class=\"elementor-widget-container\">\n\t\t\t\t\t\t\t<p style=\"text-align: center;\"><span style=\"font-weight: 400;\">The Enneagram is unique because it reflects not only outward behavior but goes much deeper\u2014into the drivers and motives that initiate that behavior. For this reason, it is a powerful tool for achieving lasting change in our lives, especially in areas that bind us: whether it is constant fear, anxiety, procrastination, outbursts of anger, or the fear of expressing \"negative\" feelings (such as rage or terror). It also addresses subconscious manipulation, dependency on others, jealousy, envy, recurring states of exhaustion or burnout, and the inability to stop and rest.<\/span><\/p><p style=\"text-align: center;\"><span style=\"font-weight: 400;\">By looking at the root of our behavior\u2014what lies beneath it (why I cannot stop, why I am afraid to express or feel a certain emotion, why I freeze in situations where I should act)\u2014and realizing the cause, change begins to flow into this behavior automatically. Unlike other typologies, it is not necessary to \"adopt\" a new type of behavior. We do not need to learn new techniques or cover our behavior with another layer of learned actions\u2014those rarely last. It is enough to understand your motives and drivers, become aware of them, and consciously notice them daily. That which binds us and prevents us from living life more fully and joyfully will gradually fall away.<\/span><\/p>\t\t\t\t\t\t<\/div>\n\t\t\t\t<\/div>\n\t\t\t\t\t<\/div>\n\t\t<\/div>\n\t\t\t\t<div class=\"elementor-column elementor-col-50 elementor-top-column elementor-element elementor-element-59be02e\" data-id=\"59be02e\" data-element_type=\"column\" data-settings=\"{&quot;background_background&quot;:&quot;classic&quot;,&quot;animation_tablet&quot;:&quot;none&quot;,&quot;animation_mobile&quot;:&quot;none&quot;}\">\n\t\t\t<div class=\"elementor-widget-wrap elementor-element-populated\">\n\t\t\t\t\t\t\t\t<div class=\"vamtam-has-theme-widget-styles elementor-element elementor-element-53c57b7 elementor-invisible elementor-widget elementor-widget-image\" data-id=\"53c57b7\" data-element_type=\"widget\" data-settings=\"{&quot;_animation&quot;:&quot;imageGrowWithScaleLeft&quot;,&quot;_animation_tablet&quot;:&quot;none&quot;,&quot;_animation_mobile&quot;:&quot;none&quot;}\" data-widget_type=\"image.default\">\n\t\t\t\t<div class=\"elementor-widget-container\">\n\t\t\t\t\t\t\t<div class=\"elementor-image\">\n\t\t\t\t\t\t\t\t\t\t\t<div class=\"vamtam-image-wrapper\">\n\t\t\t\t\t\t\t\t\t\t\t\t\t\t\t\t\t\t\t\t\t<img fetchpriority=\"high\" decoding=\"async\" width=\"1135\" height=\"1164\" src=\"https:\/\/haranta.sk\/wp-content\/uploads\/2023\/11\/enneagram-cisla-u.jpg\" class=\"attachment-full size-full wp-image-991947\" alt=\"\" srcset=\"https:\/\/haranta.sk\/wp-content\/uploads\/2023\/11\/enneagram-cisla-u.jpg 1135w, https:\/\/haranta.sk\/wp-content\/uploads\/2023\/11\/enneagram-cisla-u-630x646.jpg 630w, https:\/\/haranta.sk\/wp-content\/uploads\/2023\/11\/enneagram-cisla-u-293x300.jpg 293w, https:\/\/haranta.sk\/wp-content\/uploads\/2023\/11\/enneagram-cisla-u-998x1024.jpg 998w, https:\/\/haranta.sk\/wp-content\/uploads\/2023\/11\/enneagram-cisla-u-768x788.jpg 768w\" sizes=\"(max-width: 1135px) 100vw, 1135px\" \/>\t\t\t\t\t\t\t\t\t\t\t\t\t\t\t\t\t\t\t\t\t\t\t\t\t\t<\/div>\n\t\t\t\t\t\t\t\t\t<\/div>\n\t\t\t\t\t\t<\/div>\n\t\t\t\t<\/div>\n\t\t\t\t\t<\/div>\n\t\t<\/div>\n\t\t\t\t\t\t\t<\/div>\n\t\t<\/section>\n\t\t\t\t<section class=\"elementor-section elementor-top-section elementor-element elementor-element-0bb5c67 elementor-section-boxed elementor-section-height-default elementor-section-height-default\" data-id=\"0bb5c67\" data-element_type=\"section\" data-settings=\"{&quot;background_background&quot;:&quot;classic&quot;,&quot;jet_parallax_layout_list&quot;:[]}\">\n\t\t\t\t\t\t<div class=\"elementor-container elementor-column-gap-no\">\n\t\t\t\t\t<div class=\"elementor-column elementor-col-100 elementor-top-column elementor-element elementor-element-7248c1f\" data-id=\"7248c1f\" data-element_type=\"column\">\n\t\t\t<div class=\"elementor-widget-wrap elementor-element-populated\">\n\t\t\t\t\t\t\t\t<div class=\"elementor-element elementor-element-5dc7cc4 elementor-widget elementor-widget-heading\" data-id=\"5dc7cc4\" data-element_type=\"widget\" data-widget_type=\"heading.default\">\n\t\t\t\t<div class=\"elementor-widget-container\">\n\t\t\t<h2 class=\"elementor-heading-title elementor-size-default\">How to work with the Enneagram?<\/h2>\t\t<\/div>\n\t\t\t\t<\/div>\n\t\t\t\t<div class=\"elementor-element elementor-element-689ee08 elementor-widget__width-initial elementor-widget elementor-widget-text-editor\" data-id=\"689ee08\" data-element_type=\"widget\" data-widget_type=\"text-editor.default\">\n\t\t\t\t<div class=\"elementor-widget-container\">\n\t\t\t\t\t\t\t<p style=\"text-align: center;\"><span style=\"font-weight: 400;\">Once you become familiar with this typology, a path of self-discovery from a new perspective opens before you. You no longer stay at the surface of behavior, which is merely an expression of something subconscious. Instead, you go directly into the subconscious and bring it into the light of consciousness. Awareness is where every change begins.<\/span><\/p><p style=\"text-align: center;\"><span style=\"font-weight: 400;\">By understanding yourself and others\u2014why they act the way they do\u2014your communication and, subsequently, your relationships will transform. You will also understand that your emotions and drivers are not necessarily what holds you in their grip; you stand above them. From this perspective of detachment, it is possible to achieve permanent changes in behavior. While this is not a path for the impatient, significant progress can be achieved quickly.<\/span><\/p>\t\t\t\t\t\t<\/div>\n\t\t\t\t<\/div>\n\t\t\t\t\t<\/div>\n\t\t<\/div>\n\t\t\t\t\t\t\t<\/div>\n\t\t<\/section>\n\t\t<div class=\"elementor-element elementor-element-dad40dc e-con-full e-flex e-con e-parent\" data-id=\"dad40dc\" data-element_type=\"container\" data-settings=\"{&quot;content_width&quot;:&quot;full&quot;,&quot;jet_parallax_layout_list&quot;:[],&quot;background_background&quot;:&quot;classic&quot;}\" data-core-v316-plus=\"true\">\n\t\t\t\t<div class=\"elementor-element elementor-element-15cd366 elementor-widget elementor-widget-ucaddon_widget_recenzie\" data-id=\"15cd366\" data-element_type=\"widget\" data-widget_type=\"ucaddon_widget_recenzie.default\">\n\t\t\t\t<div class=\"elementor-widget-container\">\n\t\t\t<!-- start Recenzie -->\n\t\t<link id='font-awesome-css' href='https:\/\/haranta.sk\/wp-content\/plugins\/unlimited-elements-for-elementor-premium\/assets_libraries\/font-awesome5\/css\/fontawesome-all.min.css' type='text\/css' rel='stylesheet' >\n\t\t<link id='font-awesome-4-shim-css' href='https:\/\/haranta.sk\/wp-content\/plugins\/unlimited-elements-for-elementor-premium\/assets_libraries\/font-awesome5\/css\/fontawesome-v4-shims.css' type='text\/css' rel='stylesheet' >\n\t\t<link id='owl-carousel-css' href='https:\/\/haranta.sk\/wp-content\/plugins\/unlimited-elements-for-elementor-premium\/assets_libraries\/owl-carousel-new\/assets\/owl.carousel.css' type='text\/css' rel='stylesheet' >\n\t\t<link id='uc_ac_assets_file_animate_css_77907-css' href='https:\/\/haranta.sk\/wp-content\/uploads\/ac_assets\/uc_fixed_box_postslider\/animate.css' type='text\/css' rel='stylesheet' >\n\n\t\t\t<style type=\"text\/css\">\/* widget: Recenzie *\/\n\n#uc_widget_recenzie_elementor_15cd366 *{\n\tbox-sizing: border-box;\n}\n#widget-wrapper-uc_widget_recenzie_elementor_15cd366\n{\n    min-height:1px;\n}\n\n\n#uc_widget_recenzie_elementor_15cd366{\n  min-height:1px;\n}\n\n#uc_widget_recenzie_elementor_15cd366 .ue_post_slider_overlay\n{\n  position:absolute;\n  top:0;\n  bottom:0;\n  left:0;\n  right:0;\n\n}\n\n#uc_widget_recenzie_elementor_15cd366  .uc_fbps_slide{\n\tbackground-repeat:no-repeat;\n\tbackground-position:center center;\n    display:flex;\n    align-items:center;\n    justify-content:center;\n    background-blend-mode: normal;\n    overflow:hidden;\n\t}\t\n\t\n#uc_widget_recenzie_elementor_15cd366 .uc_fbps_slide .uc_fbps_content{\n\t\n\tposition:relative;\n \t}\n\t\n.ue-post-slider-containeruc_widget_recenzie_elementor_15cd366 {\n  \ttext-align: center;\n  \tcolor: ;\n}\n\n#uc_widget_recenzie_elementor_15cd366 .uc_more_btn\n{\n  display:inline-block;\n  text-decoration:none;\n}\n\n#uc_widget_recenzie_elementor_15cd366 .owl-nav .owl-prev{\n    position:absolute;\n    left:0px;\n    display:inline-block;\n    text-align:center;\n    transition:1s;\n}\n#uc_widget_recenzie_elementor_15cd366 .owl-nav .owl-next{\n  position:absolute;\n    right:0px;\n  display:inline-block;\n  text-align:center;\n  transition:1s;\n}\n\n\n#uc_widget_recenzie_elementor_15cd366 .owl-dots {\noverflow:hidden;\ndisplay:true !important;\ntext-align:center;\n}\n\n#uc_widget_recenzie_elementor_15cd366 .owl-dot {\nborder-radius:50%;\ndisplay:inline-block;\n}\n\n.uc_fbps_container_title\n{\n  font-size:24px;\n}\n\n.uc_fbps_container_meta\n{\n  font-size:12px;\n}\n\n#uc_widget_recenzie_elementor_15cd366 .ue-post-terms a\n{\n  display:inline-block;\n}\n\n.uc_fbps_container a\n{\n  text-decoration:none;\n}\n\n<\/style>\n\n\t\t\t<div class=\"uc_fixed_box_postslider\" id=\"widget-wrapper-uc_widget_recenzie_elementor_15cd366\"  style=\"direction:ltr;\"> \n \n\n        <div class=\"uc_fbps_container ue-post-slider-containeruc_widget_recenzie_elementor_15cd366\">\n            <div id=\"uc_widget_recenzie_elementor_15cd366\" class=\"owl-carousel uc-items-wrapper\"  data-custom-sethtml=\"true\" >\n            \t<div class=\"uc_fbps_slide\" style=\"background-image:url();\">\n  <div class=\"ue_post_slider_overlay\"><\/div>\n  <div class=\"uc_fbps_content\">\n    \n        \n    \n       \n\n\n\n\n    \n        <div class=\"uc_fbps_container_title\"><a href=\"https:\/\/haranta.sk\/en\/recenzia\/simona\/\">Simona<\/a><\/div>\n    \n        \n    \n        <div class=\"uc_fbps_container_desc\">The Enneagram course was very useful for me. I learned how to better understand my emotions and behavior and how to improve my relationships with others. Now, I am able to achieve my goals more effectively.<\/div>\n    \n        <a href=\"https:\/\/haranta.sk\/en\/recenzia\/simona\/\" class=\"uc_fbps_cta uc_more_btn\">Read more<\/a>\n      <\/div>\n<\/div>\n<div class=\"uc_fbps_slide\" style=\"background-image:url();\">\n  <div class=\"ue_post_slider_overlay\"><\/div>\n  <div class=\"uc_fbps_content\">\n    \n        \n    \n       \n\n\n\n\n    \n        <div class=\"uc_fbps_container_title\"><a href=\"https:\/\/haranta.sk\/en\/recenzia\/zuzka-4\/\">Zuzka<\/a><\/div>\n    \n        \n    \n        <div class=\"uc_fbps_container_desc\">I took this course under the guidance of Mirek Haranta twice, and it was the second time that situations started to connect more clearly for me. There were many \"aha\" moments, especially through this amazing method showing that each of us is a specific personality type\u2014specifically, there are nine of them. I...<\/div>\n    \n        <a href=\"https:\/\/haranta.sk\/en\/recenzia\/zuzka-4\/\" class=\"uc_fbps_cta uc_more_btn\">Read more<\/a>\n      <\/div>\n<\/div>\n<div class=\"uc_fbps_slide\" style=\"background-image:url();\">\n  <div class=\"ue_post_slider_overlay\"><\/div>\n  <div class=\"uc_fbps_content\">\n    \n        \n    \n       \n\n\n\n\n    \n        <div class=\"uc_fbps_container_title\"><a href=\"https:\/\/haranta.sk\/en\/recenzia\/martin\/\">Martin<\/a><\/div>\n    \n        \n    \n        <div class=\"uc_fbps_container_desc\">The Enneagram course was an incredible experience for me. I learned how to better understand my personality and my relationships with others. Now, I am able to communicate better with others and understand myself much better.<\/div>\n    \n        <a href=\"https:\/\/haranta.sk\/en\/recenzia\/martin\/\" class=\"uc_fbps_cta uc_more_btn\">Read more<\/a>\n      <\/div>\n<\/div>\n\n            <\/div>\n        <\/div>\n    <\/div>\n\t\t\t<!-- end Recenzie -->\t\t<\/div>\n\t\t\t\t<\/div>\n\t\t\t\t<\/div>\n\t\t\t\t\t\t\t<\/div>","protected":false},"excerpt":{"rendered":"<p>Enneagram \u010co je Enneagram? V mojej praxi \u010dasto pou\u017e\u00edvam typol\u00f3giu osobnosti, Enneagram, ktorej korene siahaj\u00fa do \u010falekej minulosti. (cca. 2000 rokov) Enneagram je typol\u00f3gia rozde\u013euj\u00faca osobnosti do deviatich, navz\u00e1jom prepojen\u00fdch typov. Tieto typy s\u00fa ozna\u010den\u00e9 \u010d\u00edslami na zd\u00f4raznenie toho, \u017ee ani jeden typ nie je hor\u0161\u00ed ani lep\u0161\u00ed. S Enneagramom pracujem takmer ka\u017ed\u00fd de\u0148 pri&#8230;<\/p>","protected":false},"author":1,"featured_media":0,"parent":0,"menu_order":0,"comment_status":"closed","ping_status":"closed","template":"","meta":{"pmpro_default_level":"","iawp_total_views":43,"footnotes":""},"class_list":["post-989942","page","type-page","status-publish","hentry","pmpro-has-access"],"acf":[],"_links":{"self":[{"href":"https:\/\/haranta.sk\/en\/wp-json\/wp\/v2\/pages\/989942","targetHints":{"allow":["GET"]}}],"collection":[{"href":"https:\/\/haranta.sk\/en\/wp-json\/wp\/v2\/pages"}],"about":[{"href":"https:\/\/haranta.sk\/en\/wp-json\/wp\/v2\/types\/page"}],"author":[{"embeddable":true,"href":"https:\/\/haranta.sk\/en\/wp-json\/wp\/v2\/users\/1"}],"replies":[{"embeddable":true,"href":"https:\/\/haranta.sk\/en\/wp-json\/wp\/v2\/comments?post=989942"}],"version-history":[{"count":3,"href":"https:\/\/haranta.sk\/en\/wp-json\/wp\/v2\/pages\/989942\/revisions"}],"predecessor-version":[{"id":994516,"href":"https:\/\/haranta.sk\/en\/wp-json\/wp\/v2\/pages\/989942\/revisions\/994516"}],"wp:attachment":[{"href":"https:\/\/haranta.sk\/en\/wp-json\/wp\/v2\/media?parent=989942"}],"curies":[{"name":"wp","href":"https:\/\/api.w.org\/{rel}","templated":true}]}}