{"id":989180,"date":"2023-05-29T21:35:11","date_gmt":"2023-05-29T19:35:11","guid":{"rendered":"http:\/\/haranta.dusanrybar.sk\/?page_id=989180"},"modified":"2023-11-20T21:41:56","modified_gmt":"2023-11-20T20:41:56","slug":"sedem-urovni-existencie","status":"publish","type":"page","link":"https:\/\/haranta.sk\/en\/thetahealing\/sedem-urovni-existencie\/","title":{"rendered":"Sedem \u00farovn\u00ed existencie"},"content":{"rendered":"<div data-elementor-type=\"wp-page\" data-elementor-id=\"989180\" class=\"elementor elementor-989180\" data-elementor-post-type=\"page\">\n\t\t\t\t\t\t\t\t\t<section class=\"elementor-section elementor-top-section elementor-element elementor-element-7a7788b elementor-section-boxed elementor-section-height-default elementor-section-height-default\" data-id=\"7a7788b\" data-element_type=\"section\" data-settings=\"{&quot;background_background&quot;:&quot;classic&quot;,&quot;jet_parallax_layout_list&quot;:[]}\">\n\t\t\t\t\t\t<div class=\"elementor-container elementor-column-gap-no\">\n\t\t\t\t\t<div class=\"elementor-column elementor-col-100 elementor-top-column elementor-element elementor-element-eadd054\" data-id=\"eadd054\" data-element_type=\"column\">\n\t\t\t<div class=\"elementor-widget-wrap elementor-element-populated\">\n\t\t\t\t\t\t\t\t<div class=\"elementor-element elementor-element-9377cc0 elementor-invisible elementor-widget elementor-widget-heading\" data-id=\"9377cc0\" data-element_type=\"widget\" data-settings=\"{&quot;_animation&quot;:&quot;fadeIn&quot;,&quot;_animation_tablet&quot;:&quot;none&quot;,&quot;_animation_mobile&quot;:&quot;none&quot;,&quot;_animation_delay&quot;:300}\" data-widget_type=\"heading.default\">\n\t\t\t\t<div class=\"elementor-widget-container\">\n\t\t\t<h2 class=\"elementor-heading-title elementor-size-default\">Sedem \u00farovn\u00ed existencie<\/h2>\t\t<\/div>\n\t\t\t\t<\/div>\n\t\t\t\t\t<\/div>\n\t\t<\/div>\n\t\t\t\t\t\t\t<\/div>\n\t\t<\/section>\n\t\t\t\t<section class=\"elementor-section elementor-top-section elementor-element elementor-element-2632684 elementor-section-boxed elementor-section-height-default elementor-section-height-default\" data-id=\"2632684\" data-element_type=\"section\" data-settings=\"{&quot;background_background&quot;:&quot;classic&quot;,&quot;jet_parallax_layout_list&quot;:[]}\">\n\t\t\t\t\t\t<div class=\"elementor-container elementor-column-gap-no\">\n\t\t\t\t\t<div class=\"elementor-column elementor-col-100 elementor-top-column elementor-element elementor-element-f4701c6\" data-id=\"f4701c6\" data-element_type=\"column\">\n\t\t\t<div class=\"elementor-widget-wrap elementor-element-populated\">\n\t\t\t\t\t\t\t\t<div class=\"elementor-element elementor-element-2f50c7f elementor-widget__width-initial elementor-widget elementor-widget-text-editor\" data-id=\"2f50c7f\" data-element_type=\"widget\" data-widget_type=\"text-editor.default\">\n\t\t\t\t<div class=\"elementor-widget-container\">\n\t\t\t\t\t\t\t<p style=\"text-align: center;\">\u00darovne existencie s\u00fa prame\u0148om filozofie, ktor\u00e1 stoj\u00ed za v\u0161etk\u00fdmi semin\u00e1rmi a knihami ThetaHealing\u00ae. Spoznan\u00edm \u0161trukt\u00fary \u00farovn\u00ed existencie Vianna uk\u00e1zala, \u017ee v tomto \u017eivote je mo\u017en\u00e9 si vytv\u00e1ra\u0165 nov\u00fa realitu a pre\u010do si vo svojom \u017eivote vytv\u00e1rame \u0165a\u017ek\u00e9 situ\u00e1cie.<\/p>\t\t\t\t\t\t<\/div>\n\t\t\t\t<\/div>\n\t\t\t\t\t<\/div>\n\t\t<\/div>\n\t\t\t\t\t\t\t<\/div>\n\t\t<\/section>\n\t\t\t\t<section class=\"elementor-section elementor-top-section elementor-element elementor-element-12b1e3d elementor-section-boxed elementor-section-height-default elementor-section-height-default\" data-id=\"12b1e3d\" data-element_type=\"section\" data-settings=\"{&quot;background_background&quot;:&quot;classic&quot;,&quot;jet_parallax_layout_list&quot;:[]}\">\n\t\t\t\t\t\t<div class=\"elementor-container elementor-column-gap-no\">\n\t\t\t\t\t<div class=\"elementor-column elementor-col-50 elementor-top-column elementor-element elementor-element-2a72f9e\" data-id=\"2a72f9e\" data-element_type=\"column\">\n\t\t\t<div class=\"elementor-widget-wrap elementor-element-populated\">\n\t\t\t\t\t\t\t\t<div class=\"elementor-element elementor-element-e2f485b elementor-invisible elementor-widget elementor-widget-heading\" data-id=\"e2f485b\" data-element_type=\"widget\" data-settings=\"{&quot;_animation&quot;:&quot;fadeInLeft&quot;,&quot;_animation_tablet&quot;:&quot;none&quot;,&quot;_animation_mobile&quot;:&quot;none&quot;,&quot;_animation_delay&quot;:300}\" data-widget_type=\"heading.default\">\n\t\t\t\t<div class=\"elementor-widget-container\">\n\t\t\t<h3 class=\"elementor-heading-title elementor-size-default\">More about the method<\/h3>\t\t<\/div>\n\t\t\t\t<\/div>\n\t\t\t\t<div class=\"elementor-element elementor-element-6c954b4 elementor-widget__width-initial elementor-widget-tablet__width-inherit elementor-widget elementor-widget-text-editor\" data-id=\"6c954b4\" data-element_type=\"widget\" data-widget_type=\"text-editor.default\">\n\t\t\t\t<div class=\"elementor-widget-container\">\n\t\t\t\t\t\t\t<p style=\"text-align: center;\">Na tomto semin\u00e1ri v\u00e1s Vianna vezme do dimenzi\u00ed mimo tohto vesm\u00edru&#8230; do toho, \u010do pova\u017euje za za\u010diatky \u017eivota samotn\u00e9ho.<\/p><p style=\"text-align: center;\">Vianna v\u00e1s vezme na cestu, ktor\u00e1 vedie von cez vesm\u00edr&#8230; aby v\u00e1m pon\u00fakla predstavu, \u017ee s theta stavom mysle je mo\u017en\u00e9 prekro\u010di\u0165 r\u00fdchlos\u0165 svetla so silou my\u0161lienky &#8230; napoji\u0165 sa na bo\u017esk\u00fa energiu sk\u00f4r, ako sa stane \u010doko\u013evek v tomto vesm\u00edre.<\/p><p style=\"text-align: center;\">Prostredn\u00edctvom ka\u017edej z rov\u00edn existencie za\u017eijete mno\u017estvo inform\u00e1ci\u00ed a cvi\u010den\u00ed, ktor\u00e9 vylep\u0161ia ka\u017ed\u00fa z rov\u00edn.<\/p>\t\t\t\t\t\t<\/div>\n\t\t\t\t<\/div>\n\t\t\t\t\t<\/div>\n\t\t<\/div>\n\t\t\t\t<div class=\"elementor-column elementor-col-50 elementor-top-column elementor-element elementor-element-6108c5d\" data-id=\"6108c5d\" data-element_type=\"column\" data-settings=\"{&quot;background_background&quot;:&quot;classic&quot;,&quot;animation_tablet&quot;:&quot;none&quot;,&quot;animation_mobile&quot;:&quot;none&quot;}\">\n\t\t\t<div class=\"elementor-widget-wrap elementor-element-populated\">\n\t\t\t\t\t\t\t\t<div class=\"vamtam-has-theme-widget-styles elementor-element elementor-element-ca551f8 elementor-invisible elementor-widget elementor-widget-image\" data-id=\"ca551f8\" data-element_type=\"widget\" data-settings=\"{&quot;_animation&quot;:&quot;imageGrowWithScaleLeft&quot;,&quot;_animation_tablet&quot;:&quot;none&quot;,&quot;_animation_mobile&quot;:&quot;none&quot;}\" data-widget_type=\"image.default\">\n\t\t\t\t<div class=\"elementor-widget-container\">\n\t\t\t\t\t\t\t<div class=\"elementor-image\">\n\t\t\t\t\t\t\t\t\t\t\t<div class=\"vamtam-image-wrapper\">\n\t\t\t\t\t\t\t\t\t\t\t\t\t\t\t\t\t\t\t\t\t<img fetchpriority=\"high\" decoding=\"async\" width=\"2560\" height=\"1152\" src=\"https:\/\/haranta.sk\/wp-content\/uploads\/2023\/03\/thetahealing-course-scaled.jpg\" class=\"attachment-full size-full wp-image-987827\" alt=\"thetahealing kurz\" srcset=\"https:\/\/haranta.sk\/wp-content\/uploads\/2023\/03\/thetahealing-course-scaled.jpg 2560w, https:\/\/haranta.sk\/wp-content\/uploads\/2023\/03\/thetahealing-course-scaled-630x284.jpg 630w, https:\/\/haranta.sk\/wp-content\/uploads\/2023\/03\/thetahealing-course-300x135.jpg 300w, https:\/\/haranta.sk\/wp-content\/uploads\/2023\/03\/thetahealing-course-1024x461.jpg 1024w, https:\/\/haranta.sk\/wp-content\/uploads\/2023\/03\/thetahealing-course-768x346.jpg 768w, https:\/\/haranta.sk\/wp-content\/uploads\/2023\/03\/thetahealing-course-1536x691.jpg 1536w, https:\/\/haranta.sk\/wp-content\/uploads\/2023\/03\/thetahealing-course-2048x922.jpg 2048w, https:\/\/haranta.sk\/wp-content\/uploads\/2023\/03\/thetahealing-course-1260x567.jpg 1260w\" sizes=\"(max-width: 2560px) 100vw, 2560px\" \/>\t\t\t\t\t\t\t\t\t\t\t\t\t\t\t\t\t\t\t\t\t\t\t\t\t\t<\/div>\n\t\t\t\t\t\t\t\t\t<\/div>\n\t\t\t\t\t\t<\/div>\n\t\t\t\t<\/div>\n\t\t\t\t\t<\/div>\n\t\t<\/div>\n\t\t\t\t\t\t\t<\/div>\n\t\t<\/section>\n\t\t\t\t<section class=\"elementor-section elementor-top-section elementor-element elementor-element-c705dbe elementor-section-boxed elementor-section-height-default elementor-section-height-default\" data-id=\"c705dbe\" data-element_type=\"section\" data-settings=\"{&quot;background_background&quot;:&quot;classic&quot;,&quot;jet_parallax_layout_list&quot;:[]}\">\n\t\t\t\t\t\t<div class=\"elementor-container elementor-column-gap-no\">\n\t\t\t\t\t<div class=\"elementor-column elementor-col-100 elementor-top-column elementor-element elementor-element-ca1cd3b\" data-id=\"ca1cd3b\" data-element_type=\"column\">\n\t\t\t<div class=\"elementor-widget-wrap elementor-element-populated\">\n\t\t\t\t\t\t\t\t<div class=\"elementor-element elementor-element-234b189 elementor-invisible elementor-widget elementor-widget-heading\" data-id=\"234b189\" data-element_type=\"widget\" data-settings=\"{&quot;_animation&quot;:&quot;fadeIn&quot;,&quot;_animation_tablet&quot;:&quot;none&quot;,&quot;_animation_mobile&quot;:&quot;none&quot;,&quot;_animation_delay&quot;:300}\" data-widget_type=\"heading.default\">\n\t\t\t\t<div class=\"elementor-widget-container\">\n\t\t\t<h2 class=\"elementor-heading-title elementor-size-default\">Ako \u0161tudent za\u017eijete<\/h2>\t\t<\/div>\n\t\t\t\t<\/div>\n\t\t\t\t\t<\/div>\n\t\t<\/div>\n\t\t\t\t\t\t\t<\/div>\n\t\t<\/section>\n\t\t<div class=\"elementor-element elementor-element-97eebfb e-flex e-con-boxed e-con e-parent\" data-id=\"97eebfb\" data-element_type=\"container\" id=\"zoznam\" data-settings=\"{&quot;background_background&quot;:&quot;classic&quot;,&quot;jet_parallax_layout_list&quot;:[],&quot;content_width&quot;:&quot;boxed&quot;}\" data-core-v316-plus=\"true\">\n\t\t\t\t\t<div class=\"e-con-inner\">\n\t\t<div class=\"elementor-element elementor-element-699d1b6 e-flex e-con-boxed e-con e-child\" data-id=\"699d1b6\" data-element_type=\"container\" data-settings=\"{&quot;jet_parallax_layout_list&quot;:[],&quot;content_width&quot;:&quot;boxed&quot;}\">\n\t\t\t\t\t<div class=\"e-con-inner\">\n\t\t\t\t<div class=\"elementor-element elementor-element-0bd357e elementor-align-left elementor-widget elementor-widget-button\" data-id=\"0bd357e\" data-element_type=\"widget\" data-widget_type=\"button.default\">\n\t\t\t\t<div class=\"elementor-widget-container\">\n\t\t\t\t\t<div class=\"elementor-button-wrapper\">\n\t\t\t<a class=\"elementor-button elementor-size-xs\" role=\"button\">\n\t\t\t\t\t\t<span class=\"elementor-button-content-wrapper\">\n\t\t\t\t\t\t<span class=\"elementor-button-icon elementor-align-icon-left\">\n\t\t\t\t<svg aria-hidden=\"true\" class=\"e-font-icon-svg e-fas-check\" viewbox=\"0 0 512 512\" xmlns=\"http:\/\/www.w3.org\/2000\/svg\"><path d=\"M173.898 439.404l-166.4-166.4c-9.997-9.997-9.997-26.206 0-36.204l36.203-36.204c9.997-9.998 26.207-9.998 36.204 0L192 312.69 432.095 72.596c9.997-9.997 26.207-9.997 36.204 0l36.203 36.204c9.997 9.997 9.997 26.206 0 36.204l-294.4 294.401c-9.998 9.997-26.207 9.997-36.204-.001z\"><\/path><\/svg>\t\t\t<\/span>\n\t\t\t\t\t\t<span class=\"elementor-button-text\">Spojenie so siedmou \u00farov\u0148ou, so Stvorite\u013eom v\u0161etk\u00e9ho \u010do je, cez v\u0161etky \u00farovne,<\/span>\n\t\t<\/span>\n\t\t\t\t\t<\/a>\n\t\t<\/div>\n\t\t\t\t<\/div>\n\t\t\t\t<\/div>\n\t\t\t\t<div class=\"elementor-element elementor-element-aed1779 elementor-align-left elementor-widget elementor-widget-button\" data-id=\"aed1779\" data-element_type=\"widget\" data-widget_type=\"button.default\">\n\t\t\t\t<div class=\"elementor-widget-container\">\n\t\t\t\t\t<div class=\"elementor-button-wrapper\">\n\t\t\t<a class=\"elementor-button elementor-size-xs\" role=\"button\">\n\t\t\t\t\t\t<span class=\"elementor-button-content-wrapper\">\n\t\t\t\t\t\t<span class=\"elementor-button-icon elementor-align-icon-left\">\n\t\t\t\t<svg aria-hidden=\"true\" class=\"e-font-icon-svg e-fas-check\" viewbox=\"0 0 512 512\" xmlns=\"http:\/\/www.w3.org\/2000\/svg\"><path d=\"M173.898 439.404l-166.4-166.4c-9.997-9.997-9.997-26.206 0-36.204l36.203-36.204c9.997-9.998 26.207-9.998 36.204 0L192 312.69 432.095 72.596c9.997-9.997 26.207-9.997 36.204 0l36.203 36.204c9.997 9.997 9.997 26.206 0 36.204l-294.4 294.401c-9.998 9.997-26.207 9.997-36.204-.001z\"><\/path><\/svg>\t\t\t<\/span>\n\t\t\t\t\t\t<span class=\"elementor-button-text\">Na \u0161iestej \u00farovn\u00ed, u\u010denie sa o m\u00fadrosti z\u00e1konov a cnost\u00ed,<\/span>\n\t\t<\/span>\n\t\t\t\t\t<\/a>\n\t\t<\/div>\n\t\t\t\t<\/div>\n\t\t\t\t<\/div>\n\t\t\t\t<div class=\"elementor-element elementor-element-bf4d6c3 elementor-align-left elementor-widget elementor-widget-button\" data-id=\"bf4d6c3\" data-element_type=\"widget\" data-widget_type=\"button.default\">\n\t\t\t\t<div class=\"elementor-widget-container\">\n\t\t\t\t\t<div class=\"elementor-button-wrapper\">\n\t\t\t<a class=\"elementor-button elementor-size-xs\" role=\"button\">\n\t\t\t\t\t\t<span class=\"elementor-button-content-wrapper\">\n\t\t\t\t\t\t<span class=\"elementor-button-icon elementor-align-icon-left\">\n\t\t\t\t<svg aria-hidden=\"true\" class=\"e-font-icon-svg e-fas-check\" viewbox=\"0 0 512 512\" xmlns=\"http:\/\/www.w3.org\/2000\/svg\"><path d=\"M173.898 439.404l-166.4-166.4c-9.997-9.997-9.997-26.206 0-36.204l36.203-36.204c9.997-9.998 26.207-9.998 36.204 0L192 312.69 432.095 72.596c9.997-9.997 26.207-9.997 36.204 0l36.203 36.204c9.997 9.997 9.997 26.206 0 36.204l-294.4 294.401c-9.998 9.997-26.207 9.997-36.204-.001z\"><\/path><\/svg>\t\t\t<\/span>\n\t\t\t\t\t\t<span class=\"elementor-button-text\">Piatu \u00farove\u0148 anjelov a nanebovzat\u00fdch majstrov, dimenzi\u00ed a alternat\u00edvnych real\u00edt,<\/span>\n\t\t<\/span>\n\t\t\t\t\t<\/a>\n\t\t<\/div>\n\t\t\t\t<\/div>\n\t\t\t\t<\/div>\n\t\t\t\t\t<\/div>\n\t\t\t\t<\/div>\n\t\t<div class=\"elementor-element elementor-element-05e1823 e-flex e-con-boxed e-con e-child\" data-id=\"05e1823\" data-element_type=\"container\" data-settings=\"{&quot;jet_parallax_layout_list&quot;:[],&quot;content_width&quot;:&quot;boxed&quot;}\">\n\t\t\t\t\t<div class=\"e-con-inner\">\n\t\t\t\t<div class=\"elementor-element elementor-element-4b62c38 elementor-align-left elementor-widget elementor-widget-button\" data-id=\"4b62c38\" data-element_type=\"widget\" data-widget_type=\"button.default\">\n\t\t\t\t<div class=\"elementor-widget-container\">\n\t\t\t\t\t<div class=\"elementor-button-wrapper\">\n\t\t\t<a class=\"elementor-button elementor-size-xs\" role=\"button\">\n\t\t\t\t\t\t<span class=\"elementor-button-content-wrapper\">\n\t\t\t\t\t\t<span class=\"elementor-button-icon elementor-align-icon-left\">\n\t\t\t\t<svg aria-hidden=\"true\" class=\"e-font-icon-svg e-fas-check\" viewbox=\"0 0 512 512\" xmlns=\"http:\/\/www.w3.org\/2000\/svg\"><path d=\"M173.898 439.404l-166.4-166.4c-9.997-9.997-9.997-26.206 0-36.204l36.203-36.204c9.997-9.998 26.207-9.998 36.204 0L192 312.69 432.095 72.596c9.997-9.997 26.207-9.997 36.204 0l36.203 36.204c9.997 9.997 9.997 26.206 0 36.204l-294.4 294.401c-9.998 9.997-26.207 9.997-36.204-.001z\"><\/path><\/svg>\t\t\t<\/span>\n\t\t\t\t\t\t<span class=\"elementor-button-text\">\u0160tvrt\u00fa \u00farove\u0148 predkov a u\u010denia,<\/span>\n\t\t<\/span>\n\t\t\t\t\t<\/a>\n\t\t<\/div>\n\t\t\t\t<\/div>\n\t\t\t\t<\/div>\n\t\t\t\t<div class=\"elementor-element elementor-element-9e7937a elementor-align-left elementor-widget elementor-widget-button\" data-id=\"9e7937a\" data-element_type=\"widget\" data-widget_type=\"button.default\">\n\t\t\t\t<div class=\"elementor-widget-container\">\n\t\t\t\t\t<div class=\"elementor-button-wrapper\">\n\t\t\t<a class=\"elementor-button elementor-size-xs\" role=\"button\">\n\t\t\t\t\t\t<span class=\"elementor-button-content-wrapper\">\n\t\t\t\t\t\t<span class=\"elementor-button-icon elementor-align-icon-left\">\n\t\t\t\t<svg aria-hidden=\"true\" class=\"e-font-icon-svg e-fas-check\" viewbox=\"0 0 512 512\" xmlns=\"http:\/\/www.w3.org\/2000\/svg\"><path d=\"M173.898 439.404l-166.4-166.4c-9.997-9.997-9.997-26.206 0-36.204l36.203-36.204c9.997-9.998 26.207-9.998 36.204 0L192 312.69 432.095 72.596c9.997-9.997 26.207-9.997 36.204 0l36.203 36.204c9.997 9.997 9.997 26.206 0 36.204l-294.4 294.401c-9.998 9.997-26.207 9.997-36.204-.001z\"><\/path><\/svg>\t\t\t<\/span>\n\t\t\t\t\t\t<span class=\"elementor-button-text\">Tretiu \u00farove\u0148 \u013eud\u00ed a pre\u010do rob\u00edme to, \u010do rob\u00edme,<\/span>\n\t\t<\/span>\n\t\t\t\t\t<\/a>\n\t\t<\/div>\n\t\t\t\t<\/div>\n\t\t\t\t<\/div>\n\t\t\t\t<div class=\"elementor-element elementor-element-9be5929 elementor-align-left elementor-widget elementor-widget-button\" data-id=\"9be5929\" data-element_type=\"widget\" data-widget_type=\"button.default\">\n\t\t\t\t<div class=\"elementor-widget-container\">\n\t\t\t\t\t<div class=\"elementor-button-wrapper\">\n\t\t\t<a class=\"elementor-button elementor-size-xs\" role=\"button\">\n\t\t\t\t\t\t<span class=\"elementor-button-content-wrapper\">\n\t\t\t\t\t\t<span class=\"elementor-button-icon elementor-align-icon-left\">\n\t\t\t\t<svg aria-hidden=\"true\" class=\"e-font-icon-svg e-fas-check\" viewbox=\"0 0 512 512\" xmlns=\"http:\/\/www.w3.org\/2000\/svg\"><path d=\"M173.898 439.404l-166.4-166.4c-9.997-9.997-9.997-26.206 0-36.204l36.203-36.204c9.997-9.998 26.207-9.998 36.204 0L192 312.69 432.095 72.596c9.997-9.997 26.207-9.997 36.204 0l36.203 36.204c9.997 9.997 9.997 26.206 0 36.204l-294.4 294.401c-9.998 9.997-26.207 9.997-36.204-.001z\"><\/path><\/svg>\t\t\t<\/span>\n\t\t\t\t\t\t<span class=\"elementor-button-text\">Druh\u00fa \u00farove\u0148 rastl\u00edn a ich lie\u010div\u00fdch vlastnost\u00ed,<\/span>\n\t\t<\/span>\n\t\t\t\t\t<\/a>\n\t\t<\/div>\n\t\t\t\t<\/div>\n\t\t\t\t<\/div>\n\t\t\t\t\t<\/div>\n\t\t\t\t<\/div>\n\t\t<div class=\"elementor-element elementor-element-07f5f8c e-flex e-con-boxed e-con e-child\" data-id=\"07f5f8c\" data-element_type=\"container\" data-settings=\"{&quot;jet_parallax_layout_list&quot;:[],&quot;content_width&quot;:&quot;boxed&quot;}\">\n\t\t\t\t\t<div class=\"e-con-inner\">\n\t\t\t\t<div class=\"elementor-element elementor-element-8a86aee elementor-align-left elementor-widget elementor-widget-button\" data-id=\"8a86aee\" data-element_type=\"widget\" data-widget_type=\"button.default\">\n\t\t\t\t<div class=\"elementor-widget-container\">\n\t\t\t\t\t<div class=\"elementor-button-wrapper\">\n\t\t\t<a class=\"elementor-button elementor-size-xs\" role=\"button\">\n\t\t\t\t\t\t<span class=\"elementor-button-content-wrapper\">\n\t\t\t\t\t\t<span class=\"elementor-button-icon elementor-align-icon-left\">\n\t\t\t\t<svg aria-hidden=\"true\" class=\"e-font-icon-svg e-fas-check\" viewbox=\"0 0 512 512\" xmlns=\"http:\/\/www.w3.org\/2000\/svg\"><path d=\"M173.898 439.404l-166.4-166.4c-9.997-9.997-9.997-26.206 0-36.204l36.203-36.204c9.997-9.998 26.207-9.998 36.204 0L192 312.69 432.095 72.596c9.997-9.997 26.207-9.997 36.204 0l36.203 36.204c9.997 9.997 9.997 26.206 0 36.204l-294.4 294.401c-9.998 9.997-26.207 9.997-36.204-.001z\"><\/path><\/svg>\t\t\t<\/span>\n\t\t\t\t\t\t<span class=\"elementor-button-text\">Prv\u00fa \u00farove\u0148 zeme, p\u00f4dy a sk\u00e1l,<\/span>\n\t\t<\/span>\n\t\t\t\t\t<\/a>\n\t\t<\/div>\n\t\t\t\t<\/div>\n\t\t\t\t<\/div>\n\t\t\t\t<div class=\"elementor-element elementor-element-2399d95 elementor-align-left elementor-widget elementor-widget-button\" data-id=\"2399d95\" data-element_type=\"widget\" data-widget_type=\"button.default\">\n\t\t\t\t<div class=\"elementor-widget-container\">\n\t\t\t\t\t<div class=\"elementor-button-wrapper\">\n\t\t\t<a class=\"elementor-button elementor-size-xs\" role=\"button\">\n\t\t\t\t\t\t<span class=\"elementor-button-content-wrapper\">\n\t\t\t\t\t\t<span class=\"elementor-button-icon elementor-align-icon-left\">\n\t\t\t\t<svg aria-hidden=\"true\" class=\"e-font-icon-svg e-fas-check\" viewbox=\"0 0 512 512\" xmlns=\"http:\/\/www.w3.org\/2000\/svg\"><path d=\"M173.898 439.404l-166.4-166.4c-9.997-9.997-9.997-26.206 0-36.204l36.203-36.204c9.997-9.998 26.207-9.998 36.204 0L192 312.69 432.095 72.596c9.997-9.997 26.207-9.997 36.204 0l36.203 36.204c9.997 9.997 9.997 26.206 0 36.204l-294.4 294.401c-9.998 9.997-26.207 9.997-36.204-.001z\"><\/path><\/svg>\t\t\t<\/span>\n\t\t\t\t\t\t<span class=\"elementor-button-text\">Za\u010d\u00edname proces rozv\u00edjania svojho vlastn\u00e9ho majstrovstva<\/span>\n\t\t<\/span>\n\t\t\t\t\t<\/a>\n\t\t<\/div>\n\t\t\t\t<\/div>\n\t\t\t\t<\/div>\n\t\t\t\t\t<\/div>\n\t\t\t\t<\/div>\n\t\t\t\t\t<\/div>\n\t\t\t\t<\/div>\n\t\t<div class=\"elementor-element elementor-element-6a3b45f9 e-flex e-con-boxed e-con e-parent\" data-id=\"6a3b45f9\" data-element_type=\"container\" data-settings=\"{&quot;jet_parallax_layout_list&quot;:[],&quot;content_width&quot;:&quot;boxed&quot;}\" data-core-v316-plus=\"true\">\n\t\t\t\t\t<div class=\"e-con-inner\">\n\t\t<div class=\"elementor-element elementor-element-3a9c2fe9 e-con-full e-flex e-con e-child\" data-id=\"3a9c2fe9\" data-element_type=\"container\" data-settings=\"{&quot;content_width&quot;:&quot;full&quot;,&quot;jet_parallax_layout_list&quot;:[]}\">\n\t\t\t\t<div class=\"elementor-element elementor-element-74acef0c elementor-widget elementor-widget-heading\" data-id=\"74acef0c\" data-element_type=\"widget\" data-widget_type=\"heading.default\">\n\t\t\t\t<div class=\"elementor-widget-container\">\n\t\t\t<h2 class=\"elementor-heading-title elementor-size-default\">Information<\/h2>\t\t<\/div>\n\t\t\t\t<\/div>\n\t\t\t\t<div class=\"elementor-element elementor-element-704caba1 elementor-widget elementor-widget-text-editor\" data-id=\"704caba1\" data-element_type=\"widget\" data-widget_type=\"text-editor.default\">\n\t\t\t\t<div class=\"elementor-widget-container\">\n\t\t\t\t\t\t\t<p><strong>Predpoklady:<\/strong> absolvovan\u00fd z\u00e1kladn\u00fd semin\u00e1r <strong>DNA1<\/strong>, Pokro\u010dil\u00fd semin\u00e1r <strong>DNA2<\/strong>, <strong>Dig<\/strong> <strong>Deeper<\/strong>, <strong>Vy a\u00a0stvorite\u013e<\/strong> a <strong>Intuit\u00edvna anat\u00f3mia<\/strong><\/p><p>alebo<strong><br \/><\/strong>absolvovan\u00fd z\u00e1kladn\u00fd semin\u00e1r <strong>DNA1, <\/strong>Advanced <strong>DNA2, Dig Deeper, Vy a\u00a0stvorite\u013e, Vy a\u00a0v\u00e1\u0161 okruh bl\u00edzkych, Svetov\u00e9 vz\u0165ahy<\/strong><\/p><p><strong>Pre prihl\u00e1senie na kurz<\/strong> je potrebn\u00e9 vyplni\u0165 prihlasovac\u00ed formul\u00e1r.<\/p><p>V pr\u00edpade potreby je mo\u017en\u00e9 po\u017eiada\u0165 o<strong> \u0161tipendium<\/strong>.<\/p><p>V pr\u00edpade ot\u00e1zok \u010di z\u00e1ujmu o \u010fal\u0161ie inform\u00e1cie n\u00e1s kontaktujte na: <strong><a href=\"mailto:registracia@haranta.sk\">registracia@haranta.sk<\/a><\/strong><\/p><p>Po\u010det miest na kurze je <strong>limitovan\u00fd<\/strong>. Va\u0161e miesto bude z\u00e1v\u00e4zne rezervovan\u00e9 po zaslan\u00ed prihlasovacieho formul\u00e1ra a po uhraden\u00ed registra\u010dn\u00e9ho poplatku. Viac inform\u00e1ci\u00ed dostane ka\u017ed\u00fd z\u00e1ujemca do mailu.<\/p>\t\t\t\t\t\t<\/div>\n\t\t\t\t<\/div>\n\t\t\t\t<\/div>\n\t\t<div class=\"elementor-element elementor-element-5063230e e-con-full e-flex e-con e-child\" data-id=\"5063230e\" data-element_type=\"container\" data-settings=\"{&quot;content_width&quot;:&quot;full&quot;,&quot;jet_parallax_layout_list&quot;:[]}\">\n\t\t\t\t<div class=\"elementor-element elementor-element-654bcfc8 elementor-widget elementor-widget-heading\" data-id=\"654bcfc8\" data-element_type=\"widget\" data-widget_type=\"heading.default\">\n\t\t\t\t<div class=\"elementor-widget-container\">\n\t\t\t<h2 class=\"elementor-heading-title elementor-size-default\">Price<\/h2>\t\t<\/div>\n\t\t\t\t<\/div>\n\t\t\t\t<div class=\"elementor-element elementor-element-3f5ba11a elementor-widget elementor-widget-text-editor\" data-id=\"3f5ba11a\" data-element_type=\"widget\" data-widget_type=\"text-editor.default\">\n\t\t\t\t<div class=\"elementor-widget-container\">\n\t\t\t\t\t\t\t<p><strong>Cena semin\u00e1ra<\/strong> (lektorn\u00e9): <strong><span style=\"color: #d45700;\">870\u20ac<\/span><\/strong><\/p><p><strong>REGISTRATION<\/strong>: <strong style=\"color: #d45700;\">110\u20ac<\/strong><\/p><p><strong>Cena spolu za 5 dni<\/strong> <strong style=\"color: #d45700;\">980\u20ac<\/strong><span style=\"color: #000000; font-weight: 100; text-align: var(--text-align); background-color: var( --e-global-color-vamtam_accent_8 ); letter-spacing: var( --e-global-typography-vamtam_primary_font-letter-spacing ); text-transform: var(--vamtam-primary-font-transform,none);\"> (zah\u0155\u0148a: registr\u00e1ciu, lektorn\u00e9, knihu, medzin\u00e1rodn\u00fd certifik\u00e1t, ob\u010derstvenie po\u010das semin\u00e1ra, osobn\u00fa asistenciu.)<\/span><\/p>\t\t\t\t\t\t<\/div>\n\t\t\t\t<\/div>\n\t\t\t\t<div class=\"elementor-element elementor-element-41e1c2ef elementor-align-left elementor-widget elementor-widget-button\" data-id=\"41e1c2ef\" data-element_type=\"widget\" data-widget_type=\"button.default\">\n\t\t\t\t<div class=\"elementor-widget-container\">\n\t\t\t\t\t<div class=\"elementor-button-wrapper\">\n\t\t\t<a class=\"elementor-button elementor-button-link elementor-size-sm\" href=\"https:\/\/haranta.sk\/en\/course\/thetahealing-7-urovni-existencie\/\">\n\t\t\t\t\t\t<span class=\"elementor-button-content-wrapper\">\n\t\t\t\t\t\t<span class=\"elementor-button-text\">Register for the course<\/span>\n\t\t<\/span>\n\t\t\t\t\t<\/a>\n\t\t<\/div>\n\t\t\t\t<\/div>\n\t\t\t\t<\/div>\n\t\t\t\t<\/div>\n\t\t\t\t\t<\/div>\n\t\t\t\t<\/div>\n\t\t\t\t\t\t\t<\/div>","protected":false},"excerpt":{"rendered":"<p>Sedem \u00farovn\u00ed existencie \u00darovne existencie s\u00fa prame\u0148om filozofie, ktor\u00e1 stoj\u00ed za v\u0161etk\u00fdmi semin\u00e1rmi a knihami ThetaHealing\u00ae. Spoznan\u00edm \u0161trukt\u00fary \u00farovn\u00ed existencie Vianna uk\u00e1zala, \u017ee v tomto \u017eivote je mo\u017en\u00e9 si vytv\u00e1ra\u0165 nov\u00fa realitu a pre\u010do si vo svojom \u017eivote vytv\u00e1rame \u0165a\u017ek\u00e9 situ\u00e1cie. Viac o met\u00f3de Na tomto semin\u00e1ri v\u00e1s Vianna vezme do dimenzi\u00ed mimo tohto vesm\u00edru&#8230;&#8230;<\/p>","protected":false},"author":1,"featured_media":0,"parent":992346,"menu_order":0,"comment_status":"closed","ping_status":"closed","template":"","meta":{"pmpro_default_level":"","iawp_total_views":6,"footnotes":""},"class_list":["post-989180","page","type-page","status-publish","hentry","pmpro-has-access"],"acf":[],"_links":{"self":[{"href":"https:\/\/haranta.sk\/en\/wp-json\/wp\/v2\/pages\/989180","targetHints":{"allow":["GET"]}}],"collection":[{"href":"https:\/\/haranta.sk\/en\/wp-json\/wp\/v2\/pages"}],"about":[{"href":"https:\/\/haranta.sk\/en\/wp-json\/wp\/v2\/types\/page"}],"author":[{"embeddable":true,"href":"https:\/\/haranta.sk\/en\/wp-json\/wp\/v2\/users\/1"}],"replies":[{"embeddable":true,"href":"https:\/\/haranta.sk\/en\/wp-json\/wp\/v2\/comments?post=989180"}],"version-history":[{"count":0,"href":"https:\/\/haranta.sk\/en\/wp-json\/wp\/v2\/pages\/989180\/revisions"}],"up":[{"embeddable":true,"href":"https:\/\/haranta.sk\/en\/wp-json\/wp\/v2\/pages\/992346"}],"wp:attachment":[{"href":"https:\/\/haranta.sk\/en\/wp-json\/wp\/v2\/media?parent=989180"}],"curies":[{"name":"wp","href":"https:\/\/api.w.org\/{rel}","templated":true}]}}