{"id":989176,"date":"2023-05-29T21:33:38","date_gmt":"2023-05-29T19:33:38","guid":{"rendered":"http:\/\/haranta.dusanrybar.sk\/?page_id=989176"},"modified":"2023-11-28T01:16:46","modified_gmt":"2023-11-28T00:16:46","slug":"choroby-a-poruchy","status":"publish","type":"page","link":"https:\/\/haranta.sk\/en\/thetahealing\/choroby-a-poruchy\/","title":{"rendered":"Choroby a\u00a0poruchy"},"content":{"rendered":"<div data-elementor-type=\"wp-page\" data-elementor-id=\"989176\" class=\"elementor elementor-989176\" data-elementor-post-type=\"page\">\n\t\t\t\t\t\t\t\t\t<section class=\"elementor-section elementor-top-section elementor-element elementor-element-351872b elementor-section-boxed elementor-section-height-default elementor-section-height-default\" data-id=\"351872b\" data-element_type=\"section\" data-settings=\"{&quot;background_background&quot;:&quot;classic&quot;,&quot;jet_parallax_layout_list&quot;:[]}\">\n\t\t\t\t\t\t<div class=\"elementor-container elementor-column-gap-no\">\n\t\t\t\t\t<div class=\"elementor-column elementor-col-100 elementor-top-column elementor-element elementor-element-a23256b\" data-id=\"a23256b\" data-element_type=\"column\">\n\t\t\t<div class=\"elementor-widget-wrap elementor-element-populated\">\n\t\t\t\t\t\t\t\t<div class=\"elementor-element elementor-element-1018b70 elementor-invisible elementor-widget elementor-widget-heading\" data-id=\"1018b70\" data-element_type=\"widget\" data-settings=\"{&quot;_animation&quot;:&quot;fadeIn&quot;,&quot;_animation_tablet&quot;:&quot;none&quot;,&quot;_animation_mobile&quot;:&quot;none&quot;,&quot;_animation_delay&quot;:300}\" data-widget_type=\"heading.default\">\n\t\t\t\t<div class=\"elementor-widget-container\">\n\t\t\t<h2 class=\"elementor-heading-title elementor-size-default\">Choroby a poruchy<\/h2>\t\t<\/div>\n\t\t\t\t<\/div>\n\t\t\t\t\t<\/div>\n\t\t<\/div>\n\t\t\t\t\t\t\t<\/div>\n\t\t<\/section>\n\t\t\t\t<section class=\"elementor-section elementor-top-section elementor-element elementor-element-2612866 elementor-section-boxed elementor-section-height-default elementor-section-height-default\" data-id=\"2612866\" data-element_type=\"section\" data-settings=\"{&quot;background_background&quot;:&quot;classic&quot;,&quot;jet_parallax_layout_list&quot;:[]}\">\n\t\t\t\t\t\t<div class=\"elementor-container elementor-column-gap-no\">\n\t\t\t\t\t<div class=\"elementor-column elementor-col-100 elementor-top-column elementor-element elementor-element-b2f3c13\" data-id=\"b2f3c13\" data-element_type=\"column\">\n\t\t\t<div class=\"elementor-widget-wrap elementor-element-populated\">\n\t\t\t\t\t\t\t\t<div class=\"elementor-element elementor-element-8da3fe3 elementor-widget__width-initial elementor-widget elementor-widget-text-editor\" data-id=\"8da3fe3\" data-element_type=\"widget\" data-widget_type=\"text-editor.default\">\n\t\t\t\t<div class=\"elementor-widget-container\">\n\t\t\t\t\t\t\t<p style=\"text-align: center;\">Tento semin\u00e1r zah\u0155\u0148a vysvetlenie viacer\u00fdch syst\u00e9mov tela, poh\u013ead na viac ako 100 chor\u00f4b a\u00a0por\u00fach, byliniek a miner\u00e1lov.<\/p><p style=\"text-align: center;\">Budeme odha\u013eova\u0165 skryt\u00e9 syst\u00e9my presved\u010den\u00ed, ktor\u00e9 m\u00e1te vo\u010di chorob\u00e1m a ktor\u00e9 m\u00f4\u017eu brzdi\u0165 va\u0161e schopnosti lie\u010di\u0165 emocion\u00e1lnu nerovnov\u00e1hu u ostatn\u00fdch i u seba. St\u00e1le plat\u00ed, \u010domu ver\u00edme vo vn\u00fatri, to sa n\u00e1m deje.<\/p>\t\t\t\t\t\t<\/div>\n\t\t\t\t<\/div>\n\t\t\t\t\t<\/div>\n\t\t<\/div>\n\t\t\t\t\t\t\t<\/div>\n\t\t<\/section>\n\t\t\t\t<section class=\"elementor-section elementor-top-section elementor-element elementor-element-6847b50 elementor-section-boxed elementor-section-height-default elementor-section-height-default\" data-id=\"6847b50\" data-element_type=\"section\" data-settings=\"{&quot;background_background&quot;:&quot;classic&quot;,&quot;jet_parallax_layout_list&quot;:[]}\">\n\t\t\t\t\t\t<div class=\"elementor-container elementor-column-gap-no\">\n\t\t\t\t\t<div class=\"elementor-column elementor-col-50 elementor-top-column elementor-element elementor-element-a7d4e7b\" data-id=\"a7d4e7b\" data-element_type=\"column\">\n\t\t\t<div class=\"elementor-widget-wrap elementor-element-populated\">\n\t\t\t\t\t\t\t\t<div class=\"elementor-element elementor-element-27e351d elementor-invisible elementor-widget elementor-widget-heading\" data-id=\"27e351d\" data-element_type=\"widget\" data-settings=\"{&quot;_animation&quot;:&quot;fadeInLeft&quot;,&quot;_animation_tablet&quot;:&quot;none&quot;,&quot;_animation_mobile&quot;:&quot;none&quot;,&quot;_animation_delay&quot;:300}\" data-widget_type=\"heading.default\">\n\t\t\t\t<div class=\"elementor-widget-container\">\n\t\t\t<h3 class=\"elementor-heading-title elementor-size-default\">More about the method<\/h3>\t\t<\/div>\n\t\t\t\t<\/div>\n\t\t\t\t<div class=\"elementor-element elementor-element-d4ca94a elementor-widget__width-initial elementor-widget-tablet__width-inherit elementor-widget elementor-widget-text-editor\" data-id=\"d4ca94a\" data-element_type=\"widget\" data-widget_type=\"text-editor.default\">\n\t\t\t\t<div class=\"elementor-widget-container\">\n\t\t\t\t\t\t\t<p style=\"text-align: center;\">Na kurze budeme pracova\u0165 na blokoch s\u00favisiacich s r\u00f4znymi chorobami a ochoreniami. Zbaven\u00edm sa t\u00fdchto blokov sa nielen chr\u00e1nime pred t\u00fdmi chorobami, ale taktie\u017e odstra\u0148ujeme mnoho limituj\u00facich presved\u010den\u00ed ktor\u00e9 n\u00e1m br\u00e1nia v\u00a0posunu vpred. Pom\u00f4\u017ee n\u00e1m to vedie\u0165 si lep\u0161ie pom\u00f4c\u0165 a\u00a0aj druh\u00fdm, t\u00fdm, \u017ee sa zbavujeme hlavne genetick\u00fdch a historick\u00fdch programov o\u00a0chorob\u00e1ch. Tie\u017e budeme diskutova\u0165 o chorob\u00e1ch, s ktor\u00fdmi m\u00e1te sk\u00fasenosti, s cie\u013eom poskytn\u00fa\u0165 n\u00e1h\u013ead na fyzick\u00e9, du\u0161evn\u00e9 a emo\u010dn\u00e9 zlo\u017eky chor\u00f4b.<\/p><p style=\"text-align: center;\">Budeme sa zameriava\u0165 na preh\u013abenie schopnosti by\u0165 svedkom okam\u017eit\u00e9ho lie\u010denia a\u00a0e\u0161te efekt\u00edvnej\u0161ie vedie\u0165 pom\u00f4c\u0165 sebe a\u00a0aj druh\u00fdm.<\/p><p style=\"text-align: center;\">Povieme si programy, syst\u00e9my presved\u010den\u00ed, intuit\u00edvne postrehy, lieky a doplnky, ktor\u00e9 Vianna pova\u017eovala za hodnotn\u00e9, preto\u017ee sa t\u00fdkaj\u00fa ur\u010dit\u00fdch chor\u00f4b a por\u00fach.<\/p><p style=\"text-align: center;\">Choroby a\u00a0poruchy je intenz\u00edvny semin\u00e1r po\u010das ktor\u00fdch prebehne minim\u00e1lne 20 terapeutick\u00fdch v\u00fdmen a\u00a0m\u00f4\u017ee v\u00e1m pom\u00f4c\u0165 spravi\u0165 \u010fal\u0161\u00ed v\u00fdrazn\u00fd krok vo va\u0161om duchovnom rozvoji, k\u00a0sebe sam\u00fdm a\u00a0k\u00a0e\u0161te lep\u0161iemu zdraviu.<\/p>\t\t\t\t\t\t<\/div>\n\t\t\t\t<\/div>\n\t\t\t\t\t<\/div>\n\t\t<\/div>\n\t\t\t\t<div class=\"elementor-column elementor-col-50 elementor-top-column elementor-element elementor-element-e0509e2\" data-id=\"e0509e2\" data-element_type=\"column\" data-settings=\"{&quot;background_background&quot;:&quot;classic&quot;,&quot;animation_tablet&quot;:&quot;none&quot;,&quot;animation_mobile&quot;:&quot;none&quot;}\">\n\t\t\t<div class=\"elementor-widget-wrap elementor-element-populated\">\n\t\t\t\t\t\t\t\t<div class=\"vamtam-has-theme-widget-styles elementor-element elementor-element-fb92bd9 elementor-invisible elementor-widget elementor-widget-image\" data-id=\"fb92bd9\" data-element_type=\"widget\" data-settings=\"{&quot;_animation&quot;:&quot;imageGrowWithScaleLeft&quot;,&quot;_animation_tablet&quot;:&quot;none&quot;,&quot;_animation_mobile&quot;:&quot;none&quot;}\" data-widget_type=\"image.default\">\n\t\t\t\t<div class=\"elementor-widget-container\">\n\t\t\t\t\t\t\t<div class=\"elementor-image\">\n\t\t\t\t\t\t\t\t\t\t\t<div class=\"vamtam-image-wrapper\">\n\t\t\t\t\t\t\t\t\t\t\t\t\t\t\t\t\t\t\t\t\t<img fetchpriority=\"high\" decoding=\"async\" width=\"2560\" height=\"1152\" src=\"https:\/\/haranta.sk\/wp-content\/uploads\/2023\/03\/thetahealing-course-scaled.jpg\" class=\"attachment-full size-full wp-image-987827\" alt=\"thetahealing kurz\" srcset=\"https:\/\/haranta.sk\/wp-content\/uploads\/2023\/03\/thetahealing-course-scaled.jpg 2560w, https:\/\/haranta.sk\/wp-content\/uploads\/2023\/03\/thetahealing-course-scaled-630x284.jpg 630w, https:\/\/haranta.sk\/wp-content\/uploads\/2023\/03\/thetahealing-course-300x135.jpg 300w, https:\/\/haranta.sk\/wp-content\/uploads\/2023\/03\/thetahealing-course-1024x461.jpg 1024w, https:\/\/haranta.sk\/wp-content\/uploads\/2023\/03\/thetahealing-course-768x346.jpg 768w, https:\/\/haranta.sk\/wp-content\/uploads\/2023\/03\/thetahealing-course-1536x691.jpg 1536w, https:\/\/haranta.sk\/wp-content\/uploads\/2023\/03\/thetahealing-course-2048x922.jpg 2048w, https:\/\/haranta.sk\/wp-content\/uploads\/2023\/03\/thetahealing-course-1260x567.jpg 1260w\" sizes=\"(max-width: 2560px) 100vw, 2560px\" \/>\t\t\t\t\t\t\t\t\t\t\t\t\t\t\t\t\t\t\t\t\t\t\t\t\t\t<\/div>\n\t\t\t\t\t\t\t\t\t<\/div>\n\t\t\t\t\t\t<\/div>\n\t\t\t\t<\/div>\n\t\t\t\t\t<\/div>\n\t\t<\/div>\n\t\t\t\t\t\t\t<\/div>\n\t\t<\/section>\n\t\t<div class=\"elementor-element elementor-element-e55210b e-flex e-con-boxed e-con e-parent\" data-id=\"e55210b\" data-element_type=\"container\" data-settings=\"{&quot;jet_parallax_layout_list&quot;:[],&quot;content_width&quot;:&quot;boxed&quot;}\" data-core-v316-plus=\"true\">\n\t\t\t\t\t<div class=\"e-con-inner\">\n\t\t<div class=\"elementor-element elementor-element-405527dc e-con-full e-flex e-con e-child\" data-id=\"405527dc\" data-element_type=\"container\" data-settings=\"{&quot;content_width&quot;:&quot;full&quot;,&quot;jet_parallax_layout_list&quot;:[]}\">\n\t\t\t\t<div class=\"elementor-element elementor-element-3ff5b28e elementor-widget elementor-widget-heading\" data-id=\"3ff5b28e\" data-element_type=\"widget\" data-widget_type=\"heading.default\">\n\t\t\t\t<div class=\"elementor-widget-container\">\n\t\t\t<h2 class=\"elementor-heading-title elementor-size-default\">Information<\/h2>\t\t<\/div>\n\t\t\t\t<\/div>\n\t\t\t\t<div class=\"elementor-element elementor-element-48e33020 elementor-widget elementor-widget-text-editor\" data-id=\"48e33020\" data-element_type=\"widget\" data-widget_type=\"text-editor.default\">\n\t\t\t\t<div class=\"elementor-widget-container\">\n\t\t\t\t\t\t\t<p><strong>Predpoklady:<\/strong> absolvovan\u00fd z\u00e1kladn\u00fd semin\u00e1r <strong>DNA1<\/strong>, Pokro\u010dil\u00fd semin\u00e1r <strong>DNA2<\/strong>, <strong>Dig Deeper, Vy a\u00a0stvorite\u013e <\/strong>a<strong> Intuit\u00edvna anat\u00f3mia.<\/strong><\/p><p><strong>Pre prihl\u00e1senie na kurz<\/strong> je potrebn\u00e9 vyplni\u0165 prihlasovac\u00ed formul\u00e1r.<\/p><p>V pr\u00edpade potreby je mo\u017en\u00e9 po\u017eiada\u0165 o<strong> \u0161tipendium<\/strong>.<\/p><p>V pr\u00edpade ot\u00e1zok \u010di z\u00e1ujmu o \u010fal\u0161ie inform\u00e1cie n\u00e1s kontaktujte na: <strong><a href=\"mailto:registracia@haranta.sk\">registracia@haranta.sk<\/a><\/strong><\/p><p>Po\u010det miest na kurze je <strong>limitovan\u00fd<\/strong>. Va\u0161e miesto bude z\u00e1v\u00e4zne rezervovan\u00e9 po zaslan\u00ed prihlasovacieho formul\u00e1ra a po uhraden\u00ed registra\u010dn\u00e9ho poplatku. Viac inform\u00e1ci\u00ed dostane ka\u017ed\u00fd z\u00e1ujemca do mailu.<\/p>\t\t\t\t\t\t<\/div>\n\t\t\t\t<\/div>\n\t\t\t\t<\/div>\n\t\t<div class=\"elementor-element elementor-element-3f36a288 e-con-full e-flex e-con e-child\" data-id=\"3f36a288\" data-element_type=\"container\" data-settings=\"{&quot;content_width&quot;:&quot;full&quot;,&quot;jet_parallax_layout_list&quot;:[]}\">\n\t\t\t\t<div class=\"elementor-element elementor-element-33605b5c elementor-widget elementor-widget-heading\" data-id=\"33605b5c\" data-element_type=\"widget\" data-widget_type=\"heading.default\">\n\t\t\t\t<div class=\"elementor-widget-container\">\n\t\t\t<h2 class=\"elementor-heading-title elementor-size-default\">Price<\/h2>\t\t<\/div>\n\t\t\t\t<\/div>\n\t\t\t\t<div class=\"elementor-element elementor-element-4ef3e241 elementor-widget elementor-widget-text-editor\" data-id=\"4ef3e241\" data-element_type=\"widget\" data-widget_type=\"text-editor.default\">\n\t\t\t\t<div class=\"elementor-widget-container\">\n\t\t\t\t\t\t\t<p><strong>Cena semin\u00e1ra<\/strong> (lektorn\u00e9): <strong><span style=\"color: #d45700;\">1250\u20ac<\/span><\/strong><\/p>\n<p><strong>REGISTRATION<\/strong>: <strong style=\"color: #d45700;\">180\u20ac<\/strong><\/p>\n<p><strong>Cena spolu za 10 dni<\/strong> <strong style=\"color: #d45700;\">1430\u20ac<\/strong><span style=\"color: #000000; font-weight: 100; text-align: var(--text-align); background-color: var( --e-global-color-vamtam_accent_8 ); letter-spacing: var( --e-global-typography-vamtam_primary_font-letter-spacing ); text-transform: var(--vamtam-primary-font-transform,none);\"> (zah\u0155\u0148a: registr\u00e1ciu, lektorn\u00e9, manu\u00e1l, medzin\u00e1rodn\u00fd certifik\u00e1t, ob\u010derstvenie po\u010das semin\u00e1ra, osobn\u00fa asistenciu.)<\/span><\/p>\t\t\t\t\t\t<\/div>\n\t\t\t\t<\/div>\n\t\t\t\t<div class=\"elementor-element elementor-element-1e0fefef elementor-align-left elementor-widget elementor-widget-button\" data-id=\"1e0fefef\" data-element_type=\"widget\" data-widget_type=\"button.default\">\n\t\t\t\t<div class=\"elementor-widget-container\">\n\t\t\t\t\t<div class=\"elementor-button-wrapper\">\n\t\t\t<a class=\"elementor-button elementor-button-link elementor-size-sm\" href=\"https:\/\/haranta.sk\/en\/course\/thetahealing-choroby-a-poruchy\/\">\n\t\t\t\t\t\t<span class=\"elementor-button-content-wrapper\">\n\t\t\t\t\t\t<span class=\"elementor-button-text\">Register for the course<\/span>\n\t\t<\/span>\n\t\t\t\t\t<\/a>\n\t\t<\/div>\n\t\t\t\t<\/div>\n\t\t\t\t<\/div>\n\t\t\t\t<\/div>\n\t\t\t\t\t<\/div>\n\t\t\t\t<\/div>\n\t\t\t\t\t\t\t<\/div>","protected":false},"excerpt":{"rendered":"<p>Choroby a poruchy Tento semin\u00e1r zah\u0155\u0148a vysvetlenie viacer\u00fdch syst\u00e9mov tela, poh\u013ead na viac ako 100 chor\u00f4b a\u00a0por\u00fach, byliniek a miner\u00e1lov. Budeme odha\u013eova\u0165 skryt\u00e9 syst\u00e9my presved\u010den\u00ed, ktor\u00e9 m\u00e1te vo\u010di chorob\u00e1m a ktor\u00e9 m\u00f4\u017eu brzdi\u0165 va\u0161e schopnosti lie\u010di\u0165 emocion\u00e1lnu nerovnov\u00e1hu u ostatn\u00fdch i u seba. St\u00e1le plat\u00ed, \u010domu ver\u00edme vo vn\u00fatri, to sa n\u00e1m deje. Viac o&#8230;<\/p>","protected":false},"author":1,"featured_media":0,"parent":992346,"menu_order":0,"comment_status":"closed","ping_status":"closed","template":"","meta":{"pmpro_default_level":"","iawp_total_views":4,"footnotes":""},"class_list":["post-989176","page","type-page","status-publish","hentry","pmpro-has-access"],"acf":[],"_links":{"self":[{"href":"https:\/\/haranta.sk\/en\/wp-json\/wp\/v2\/pages\/989176","targetHints":{"allow":["GET"]}}],"collection":[{"href":"https:\/\/haranta.sk\/en\/wp-json\/wp\/v2\/pages"}],"about":[{"href":"https:\/\/haranta.sk\/en\/wp-json\/wp\/v2\/types\/page"}],"author":[{"embeddable":true,"href":"https:\/\/haranta.sk\/en\/wp-json\/wp\/v2\/users\/1"}],"replies":[{"embeddable":true,"href":"https:\/\/haranta.sk\/en\/wp-json\/wp\/v2\/comments?post=989176"}],"version-history":[{"count":0,"href":"https:\/\/haranta.sk\/en\/wp-json\/wp\/v2\/pages\/989176\/revisions"}],"up":[{"embeddable":true,"href":"https:\/\/haranta.sk\/en\/wp-json\/wp\/v2\/pages\/992346"}],"wp:attachment":[{"href":"https:\/\/haranta.sk\/en\/wp-json\/wp\/v2\/media?parent=989176"}],"curies":[{"name":"wp","href":"https:\/\/api.w.org\/{rel}","templated":true}]}}