{"id":989174,"date":"2023-05-29T21:32:57","date_gmt":"2023-05-29T19:32:57","guid":{"rendered":"http:\/\/haranta.dusanrybar.sk\/?page_id=989174"},"modified":"2023-11-28T01:14:52","modified_gmt":"2023-11-28T00:14:52","slug":"rytmus-tela-k-perfektnej-vahe","status":"publish","type":"page","link":"https:\/\/haranta.sk\/en\/thetahealing\/rytmus-tela-k-perfektnej-vahe\/","title":{"rendered":"Rytmus tela k\u00a0perfektnej v\u00e1he"},"content":{"rendered":"<div data-elementor-type=\"wp-page\" data-elementor-id=\"989174\" class=\"elementor elementor-989174\" data-elementor-post-type=\"page\">\n\t\t\t\t\t\t\t\t\t<section class=\"elementor-section elementor-top-section elementor-element elementor-element-fb373e7 elementor-section-boxed elementor-section-height-default elementor-section-height-default\" data-id=\"fb373e7\" data-element_type=\"section\" data-settings=\"{&quot;background_background&quot;:&quot;classic&quot;,&quot;jet_parallax_layout_list&quot;:[]}\">\n\t\t\t\t\t\t<div class=\"elementor-container elementor-column-gap-no\">\n\t\t\t\t\t<div class=\"elementor-column elementor-col-100 elementor-top-column elementor-element elementor-element-3d6521c\" data-id=\"3d6521c\" data-element_type=\"column\">\n\t\t\t<div class=\"elementor-widget-wrap elementor-element-populated\">\n\t\t\t\t\t\t\t\t<div class=\"elementor-element elementor-element-fddbac7 elementor-invisible elementor-widget elementor-widget-heading\" data-id=\"fddbac7\" data-element_type=\"widget\" data-settings=\"{&quot;_animation&quot;:&quot;fadeIn&quot;,&quot;_animation_tablet&quot;:&quot;none&quot;,&quot;_animation_mobile&quot;:&quot;none&quot;,&quot;_animation_delay&quot;:300}\" data-widget_type=\"heading.default\">\n\t\t\t\t<div class=\"elementor-widget-container\">\n\t\t\t<h2 class=\"elementor-heading-title elementor-size-default\">Rytmus tela k perfektnej v\u00e1he<\/h2>\t\t<\/div>\n\t\t\t\t<\/div>\n\t\t\t\t\t<\/div>\n\t\t<\/div>\n\t\t\t\t\t\t\t<\/div>\n\t\t<\/section>\n\t\t\t\t<section class=\"elementor-section elementor-top-section elementor-element elementor-element-ff21b8e elementor-section-boxed elementor-section-height-default elementor-section-height-default\" data-id=\"ff21b8e\" data-element_type=\"section\" data-settings=\"{&quot;background_background&quot;:&quot;classic&quot;,&quot;jet_parallax_layout_list&quot;:[]}\">\n\t\t\t\t\t\t<div class=\"elementor-container elementor-column-gap-no\">\n\t\t\t\t\t<div class=\"elementor-column elementor-col-100 elementor-top-column elementor-element elementor-element-cabb4b3\" data-id=\"cabb4b3\" data-element_type=\"column\">\n\t\t\t<div class=\"elementor-widget-wrap elementor-element-populated\">\n\t\t\t\t\t\t\t\t<div class=\"elementor-element elementor-element-ef6a49b elementor-widget__width-initial elementor-widget elementor-widget-text-editor\" data-id=\"ef6a49b\" data-element_type=\"widget\" data-widget_type=\"text-editor.default\">\n\t\t\t\t<div class=\"elementor-widget-container\">\n\t\t\t\t\t\t\t<p style=\"text-align: center;\">Are you ready to find your body's true rhythm?<\/p><p style=\"text-align: center;\">Zme\u0148te svoje presved\u010denia a osvojte si nov\u00fd vzru\u0161uj\u00faci sp\u00f4sob chudnutia a preniknutia do svojho vn\u00fatorn\u00e9ho pokoja. Toto nie je iba semin\u00e1r o chudnut\u00ed!\u00a0 Je to n\u00e1jdenie skuto\u010dn\u00e9ho rytmu pre va\u0161u myse\u013e, telo a ducha a z\u00e1rove\u0148 prenikanie do va\u0161ej vn\u00fatornej kr\u00e1sy a l\u00e1sky k sebe sam\u00e9mu prostredn\u00edctvom va\u0161ich vlastn\u00fdch snov a t\u00fa\u017eob!\u00a0 Tento semin\u00e1r u\u010d\u00ed tajomstv\u00e1 Vianny v chudnut\u00ed.<\/p>\t\t\t\t\t\t<\/div>\n\t\t\t\t<\/div>\n\t\t\t\t\t<\/div>\n\t\t<\/div>\n\t\t\t\t\t\t\t<\/div>\n\t\t<\/section>\n\t\t\t\t<section class=\"elementor-section elementor-top-section elementor-element elementor-element-09345b3 elementor-section-boxed elementor-section-height-default elementor-section-height-default\" data-id=\"09345b3\" data-element_type=\"section\" data-settings=\"{&quot;background_background&quot;:&quot;classic&quot;,&quot;jet_parallax_layout_list&quot;:[]}\">\n\t\t\t\t\t\t<div class=\"elementor-container elementor-column-gap-no\">\n\t\t\t\t\t<div class=\"elementor-column elementor-col-50 elementor-top-column elementor-element elementor-element-d2ac8e5\" data-id=\"d2ac8e5\" data-element_type=\"column\">\n\t\t\t<div class=\"elementor-widget-wrap elementor-element-populated\">\n\t\t\t\t\t\t\t\t<div class=\"elementor-element elementor-element-d7e57a1 elementor-invisible elementor-widget elementor-widget-heading\" data-id=\"d7e57a1\" data-element_type=\"widget\" data-settings=\"{&quot;_animation&quot;:&quot;fadeInLeft&quot;,&quot;_animation_tablet&quot;:&quot;none&quot;,&quot;_animation_mobile&quot;:&quot;none&quot;,&quot;_animation_delay&quot;:300}\" data-widget_type=\"heading.default\">\n\t\t\t\t<div class=\"elementor-widget-container\">\n\t\t\t<h3 class=\"elementor-heading-title elementor-size-default\">More about the method<\/h3>\t\t<\/div>\n\t\t\t\t<\/div>\n\t\t\t\t<div class=\"elementor-element elementor-element-bcd52f7 elementor-widget__width-initial elementor-widget-tablet__width-inherit elementor-widget elementor-widget-text-editor\" data-id=\"bcd52f7\" data-element_type=\"widget\" data-widget_type=\"text-editor.default\">\n\t\t\t\t<div class=\"elementor-widget-container\">\n\t\t\t\t\t\t\t<p>Nejde o to, kto je najchud\u0161\u00ed alebo najkraj\u0161\u00ed!\u00a0 Ide o to, aby ste sa c\u00edtili vo svojom vlastnom tele pohodlne a aby ste na\u0161li vn\u00fatorn\u00fd pokoj a \u0161\u0165astie prijat\u00edm toho, k\u00fdm ste, a objat\u00edm Bo\u017eej v\u00f4le pre v\u00e1s!<\/p><p>Presk\u00famajte svoje vn\u00fatro a sta\u0148te sa tou najskvostnej\u0161ou verziou v\u00e1s, akou m\u00f4\u017eete by\u0165. Objavte, ako k\u0155mi\u0165 telo t\u00fdmi najlep\u0161\u00edmi pocitmi a jedlami, za ktor\u00e9 sa v\u00e1m telo odmen\u00ed.<\/p><p>Odhal\u00edme tajn\u00e9 cvi\u010denie Vianny a pravidlo 8 min\u00fat.<\/p>\t\t\t\t\t\t<\/div>\n\t\t\t\t<\/div>\n\t\t\t\t\t<\/div>\n\t\t<\/div>\n\t\t\t\t<div class=\"elementor-column elementor-col-50 elementor-top-column elementor-element elementor-element-fb92292\" data-id=\"fb92292\" data-element_type=\"column\" data-settings=\"{&quot;background_background&quot;:&quot;classic&quot;,&quot;animation_tablet&quot;:&quot;none&quot;,&quot;animation_mobile&quot;:&quot;none&quot;}\">\n\t\t\t<div class=\"elementor-widget-wrap elementor-element-populated\">\n\t\t\t\t\t\t\t\t<div class=\"vamtam-has-theme-widget-styles elementor-element elementor-element-fc89437 elementor-invisible elementor-widget elementor-widget-image\" data-id=\"fc89437\" data-element_type=\"widget\" data-settings=\"{&quot;_animation&quot;:&quot;imageGrowWithScaleLeft&quot;,&quot;_animation_tablet&quot;:&quot;none&quot;,&quot;_animation_mobile&quot;:&quot;none&quot;}\" data-widget_type=\"image.default\">\n\t\t\t\t<div class=\"elementor-widget-container\">\n\t\t\t\t\t\t\t<div class=\"elementor-image\">\n\t\t\t\t\t\t\t\t\t\t\t<div class=\"vamtam-image-wrapper\">\n\t\t\t\t\t\t\t\t\t\t\t\t\t\t\t\t\t\t\t\t\t<img fetchpriority=\"high\" decoding=\"async\" width=\"2560\" height=\"1928\" src=\"https:\/\/haranta.sk\/wp-content\/uploads\/2023\/08\/PXL_20221029_105437080.PORTRAIT-scaled.jpg\" class=\"attachment-full size-full wp-image-991121\" alt=\"\" srcset=\"https:\/\/haranta.sk\/wp-content\/uploads\/2023\/08\/PXL_20221029_105437080.PORTRAIT-scaled.jpg 2560w, https:\/\/haranta.sk\/wp-content\/uploads\/2023\/08\/PXL_20221029_105437080.PORTRAIT-scaled-630x474.jpg 630w, https:\/\/haranta.sk\/wp-content\/uploads\/2023\/08\/PXL_20221029_105437080.PORTRAIT-300x226.jpg 300w, https:\/\/haranta.sk\/wp-content\/uploads\/2023\/08\/PXL_20221029_105437080.PORTRAIT-1024x771.jpg 1024w, https:\/\/haranta.sk\/wp-content\/uploads\/2023\/08\/PXL_20221029_105437080.PORTRAIT-768x578.jpg 768w, https:\/\/haranta.sk\/wp-content\/uploads\/2023\/08\/PXL_20221029_105437080.PORTRAIT-1536x1157.jpg 1536w, https:\/\/haranta.sk\/wp-content\/uploads\/2023\/08\/PXL_20221029_105437080.PORTRAIT-2048x1542.jpg 2048w, https:\/\/haranta.sk\/wp-content\/uploads\/2023\/08\/PXL_20221029_105437080.PORTRAIT-1260x949.jpg 1260w\" sizes=\"(max-width: 2560px) 100vw, 2560px\" \/>\t\t\t\t\t\t\t\t\t\t\t\t\t\t\t\t\t\t\t\t\t\t\t\t\t\t<\/div>\n\t\t\t\t\t\t\t\t\t<\/div>\n\t\t\t\t\t\t<\/div>\n\t\t\t\t<\/div>\n\t\t\t\t\t<\/div>\n\t\t<\/div>\n\t\t\t\t\t\t\t<\/div>\n\t\t<\/section>\n\t\t<div class=\"elementor-element elementor-element-2b3a1365 e-flex e-con-boxed e-con e-parent\" data-id=\"2b3a1365\" data-element_type=\"container\" data-settings=\"{&quot;jet_parallax_layout_list&quot;:[],&quot;content_width&quot;:&quot;boxed&quot;}\" data-core-v316-plus=\"true\">\n\t\t\t\t\t<div class=\"e-con-inner\">\n\t\t<div class=\"elementor-element elementor-element-ea607ca e-con-full e-flex e-con e-child\" data-id=\"ea607ca\" data-element_type=\"container\" data-settings=\"{&quot;content_width&quot;:&quot;full&quot;,&quot;jet_parallax_layout_list&quot;:[]}\">\n\t\t\t\t<div class=\"elementor-element elementor-element-63409900 elementor-widget elementor-widget-heading\" data-id=\"63409900\" data-element_type=\"widget\" data-widget_type=\"heading.default\">\n\t\t\t\t<div class=\"elementor-widget-container\">\n\t\t\t<h2 class=\"elementor-heading-title elementor-size-default\">Information<\/h2>\t\t<\/div>\n\t\t\t\t<\/div>\n\t\t\t\t<div class=\"elementor-element elementor-element-18d19c71 elementor-widget elementor-widget-text-editor\" data-id=\"18d19c71\" data-element_type=\"widget\" data-widget_type=\"text-editor.default\">\n\t\t\t\t<div class=\"elementor-widget-container\">\n\t\t\t\t\t\t\t<p><strong>Predpoklady:<\/strong> absolvovan\u00fd z\u00e1kladn\u00fd semin\u00e1r <strong>DNA1<\/strong>, Pokro\u010dil\u00fd semin\u00e1r <strong>DNA2<\/strong> a <strong>Dig Deeper<\/strong>.<\/p><p><strong>Pre prihl\u00e1senie na kurz<\/strong> je potrebn\u00e9 vyplni\u0165 prihlasovac\u00ed formul\u00e1r.<\/p><p>V pr\u00edpade potreby je mo\u017en\u00e9 po\u017eiada\u0165 o<strong> \u0161tipendium<\/strong>.<\/p><p>V pr\u00edpade ot\u00e1zok \u010di z\u00e1ujmu o \u010fal\u0161ie inform\u00e1cie n\u00e1s kontaktujte na: <strong><a href=\"mailto:registracia@haranta.sk\">registracia@haranta.sk<\/a><\/strong><\/p><p>Po\u010det miest na kurze je <strong>limitovan\u00fd<\/strong>. Va\u0161e miesto bude z\u00e1v\u00e4zne rezervovan\u00e9 po zaslan\u00ed prihlasovacieho formul\u00e1ra a po uhraden\u00ed registra\u010dn\u00e9ho poplatku. Viac inform\u00e1ci\u00ed dostane ka\u017ed\u00fd z\u00e1ujemca do mailu.<\/p>\t\t\t\t\t\t<\/div>\n\t\t\t\t<\/div>\n\t\t\t\t<\/div>\n\t\t<div class=\"elementor-element elementor-element-7e931e87 e-con-full e-flex e-con e-child\" data-id=\"7e931e87\" data-element_type=\"container\" data-settings=\"{&quot;content_width&quot;:&quot;full&quot;,&quot;jet_parallax_layout_list&quot;:[]}\">\n\t\t\t\t<div class=\"elementor-element elementor-element-28c3b678 elementor-widget elementor-widget-heading\" data-id=\"28c3b678\" data-element_type=\"widget\" data-widget_type=\"heading.default\">\n\t\t\t\t<div class=\"elementor-widget-container\">\n\t\t\t<h2 class=\"elementor-heading-title elementor-size-default\">Price<\/h2>\t\t<\/div>\n\t\t\t\t<\/div>\n\t\t\t\t<div class=\"elementor-element elementor-element-5b0ef50a elementor-widget elementor-widget-text-editor\" data-id=\"5b0ef50a\" data-element_type=\"widget\" data-widget_type=\"text-editor.default\">\n\t\t\t\t<div class=\"elementor-widget-container\">\n\t\t\t\t\t\t\t<p><strong>Cena semin\u00e1ra<\/strong> (lektorn\u00e9): <strong><span style=\"color: #d45700;\">90\u20ac<\/span><\/strong><\/p><p><strong>REGISTRATION<\/strong>: <strong style=\"color: #d45700;\">16\u20ac<\/strong><\/p><p><strong>Cena spolu za 4 hodiny<\/strong>\u00a0<strong style=\"color: #d45700;\">106\u20ac<\/strong><span style=\"color: #000000; font-weight: 100; text-align: var(--text-align); background-color: var( --e-global-color-vamtam_accent_8 ); letter-spacing: var( --e-global-typography-vamtam_primary_font-letter-spacing ); text-transform: var(--vamtam-primary-font-transform,none);\"> (zah\u0155\u0148a: registr\u00e1ciu, lektorn\u00e9, manu\u00e1l, medzin\u00e1rodn\u00fd certifik\u00e1t.)<\/span><\/p>\t\t\t\t\t\t<\/div>\n\t\t\t\t<\/div>\n\t\t\t\t<div class=\"elementor-element elementor-element-4a6586ec elementor-align-left elementor-widget elementor-widget-button\" data-id=\"4a6586ec\" data-element_type=\"widget\" data-widget_type=\"button.default\">\n\t\t\t\t<div class=\"elementor-widget-container\">\n\t\t\t\t\t<div class=\"elementor-button-wrapper\">\n\t\t\t<a class=\"elementor-button elementor-button-link elementor-size-sm\" href=\"https:\/\/haranta.sk\/en\/course\/thetahealing-rytmus-tela-k-perfektnej-vahe\/\">\n\t\t\t\t\t\t<span class=\"elementor-button-content-wrapper\">\n\t\t\t\t\t\t<span class=\"elementor-button-text\">Register for the course<\/span>\n\t\t<\/span>\n\t\t\t\t\t<\/a>\n\t\t<\/div>\n\t\t\t\t<\/div>\n\t\t\t\t<\/div>\n\t\t\t\t<\/div>\n\t\t\t\t\t<\/div>\n\t\t\t\t<\/div>\n\t\t\t\t\t\t\t<\/div>","protected":false},"excerpt":{"rendered":"<p>Rytmus tela k perfektnej v\u00e1he Ste pripraven\u00fd n\u00e1js\u0165 skuto\u010dn\u00fd rytmus svojho tela? Zme\u0148te svoje presved\u010denia a osvojte si nov\u00fd vzru\u0161uj\u00faci sp\u00f4sob chudnutia a preniknutia do svojho vn\u00fatorn\u00e9ho pokoja. Toto nie je iba semin\u00e1r o chudnut\u00ed!\u00a0 Je to n\u00e1jdenie skuto\u010dn\u00e9ho rytmu pre va\u0161u myse\u013e, telo a ducha a z\u00e1rove\u0148 prenikanie do va\u0161ej vn\u00fatornej kr\u00e1sy a l\u00e1sky&#8230;<\/p>","protected":false},"author":1,"featured_media":0,"parent":992346,"menu_order":0,"comment_status":"closed","ping_status":"closed","template":"","meta":{"pmpro_default_level":"","iawp_total_views":3,"footnotes":""},"class_list":["post-989174","page","type-page","status-publish","hentry","pmpro-has-access"],"acf":[],"_links":{"self":[{"href":"https:\/\/haranta.sk\/en\/wp-json\/wp\/v2\/pages\/989174","targetHints":{"allow":["GET"]}}],"collection":[{"href":"https:\/\/haranta.sk\/en\/wp-json\/wp\/v2\/pages"}],"about":[{"href":"https:\/\/haranta.sk\/en\/wp-json\/wp\/v2\/types\/page"}],"author":[{"embeddable":true,"href":"https:\/\/haranta.sk\/en\/wp-json\/wp\/v2\/users\/1"}],"replies":[{"embeddable":true,"href":"https:\/\/haranta.sk\/en\/wp-json\/wp\/v2\/comments?post=989174"}],"version-history":[{"count":0,"href":"https:\/\/haranta.sk\/en\/wp-json\/wp\/v2\/pages\/989174\/revisions"}],"up":[{"embeddable":true,"href":"https:\/\/haranta.sk\/en\/wp-json\/wp\/v2\/pages\/992346"}],"wp:attachment":[{"href":"https:\/\/haranta.sk\/en\/wp-json\/wp\/v2\/media?parent=989174"}],"curies":[{"name":"wp","href":"https:\/\/api.w.org\/{rel}","templated":true}]}}