{"id":989172,"date":"2023-05-29T21:32:25","date_gmt":"2023-05-29T19:32:25","guid":{"rendered":"http:\/\/haranta.dusanrybar.sk\/?page_id=989172"},"modified":"2023-11-28T20:48:08","modified_gmt":"2023-11-28T19:48:08","slug":"soulmate","status":"publish","type":"page","link":"https:\/\/haranta.sk\/en\/thetahealing\/soulmate\/","title":{"rendered":"Soul Mate"},"content":{"rendered":"<div data-elementor-type=\"wp-page\" data-elementor-id=\"989172\" class=\"elementor elementor-989172\" data-elementor-post-type=\"page\">\n\t\t\t\t\t\t\t\t\t<section class=\"elementor-section elementor-top-section elementor-element elementor-element-a3110ba elementor-section-boxed elementor-section-height-default elementor-section-height-default\" data-id=\"a3110ba\" data-element_type=\"section\" data-settings=\"{&quot;background_background&quot;:&quot;classic&quot;,&quot;jet_parallax_layout_list&quot;:[]}\">\n\t\t\t\t\t\t<div class=\"elementor-container elementor-column-gap-no\">\n\t\t\t\t\t<div class=\"elementor-column elementor-col-100 elementor-top-column elementor-element elementor-element-df2819d\" data-id=\"df2819d\" data-element_type=\"column\">\n\t\t\t<div class=\"elementor-widget-wrap elementor-element-populated\">\n\t\t\t\t\t\t\t\t<div class=\"elementor-element elementor-element-0d481ce elementor-invisible elementor-widget elementor-widget-heading\" data-id=\"0d481ce\" data-element_type=\"widget\" data-settings=\"{&quot;_animation&quot;:&quot;fadeIn&quot;,&quot;_animation_tablet&quot;:&quot;none&quot;,&quot;_animation_mobile&quot;:&quot;none&quot;,&quot;_animation_delay&quot;:300}\" data-widget_type=\"heading.default\">\n\t\t\t\t<div class=\"elementor-widget-container\">\n\t\t\t<h2 class=\"elementor-heading-title elementor-size-default\">Soul Mate<\/h2>\t\t<\/div>\n\t\t\t\t<\/div>\n\t\t\t\t\t<\/div>\n\t\t<\/div>\n\t\t\t\t\t\t\t<\/div>\n\t\t<\/section>\n\t\t\t\t<section class=\"elementor-section elementor-top-section elementor-element elementor-element-b86fd7d elementor-section-boxed elementor-section-height-default elementor-section-height-default\" data-id=\"b86fd7d\" data-element_type=\"section\" data-settings=\"{&quot;background_background&quot;:&quot;classic&quot;,&quot;jet_parallax_layout_list&quot;:[]}\">\n\t\t\t\t\t\t<div class=\"elementor-container elementor-column-gap-no\">\n\t\t\t\t\t<div class=\"elementor-column elementor-col-100 elementor-top-column elementor-element elementor-element-7a2cb89\" data-id=\"7a2cb89\" data-element_type=\"column\">\n\t\t\t<div class=\"elementor-widget-wrap elementor-element-populated\">\n\t\t\t\t\t\t\t\t<div class=\"elementor-element elementor-element-2c58f5d elementor-widget__width-initial elementor-widget elementor-widget-text-editor\" data-id=\"2c58f5d\" data-element_type=\"widget\" data-widget_type=\"text-editor.default\">\n\t\t\t\t<div class=\"elementor-widget-container\">\n\t\t\t\t\t\t\t<p style=\"text-align: center;\">Pritiahni si svoju spriaznen\u00fa du\u0161u bez toho, aby si ju h\u013eadal.\u00a0 Objav, \u010do ch\u00fdba v tvojom partnerstve a otvor sa vy\u017earovaniu l\u00e1sky, hodnoty a sebavedomia.<\/p>\t\t\t\t\t\t<\/div>\n\t\t\t\t<\/div>\n\t\t\t\t\t<\/div>\n\t\t<\/div>\n\t\t\t\t\t\t\t<\/div>\n\t\t<\/section>\n\t\t\t\t<section class=\"elementor-section elementor-top-section elementor-element elementor-element-9794135 elementor-section-boxed elementor-section-height-default elementor-section-height-default\" data-id=\"9794135\" data-element_type=\"section\" data-settings=\"{&quot;background_background&quot;:&quot;classic&quot;,&quot;jet_parallax_layout_list&quot;:[]}\">\n\t\t\t\t\t\t<div class=\"elementor-container elementor-column-gap-no\">\n\t\t\t\t\t<div class=\"elementor-column elementor-col-50 elementor-top-column elementor-element elementor-element-a21b101\" data-id=\"a21b101\" data-element_type=\"column\">\n\t\t\t<div class=\"elementor-widget-wrap elementor-element-populated\">\n\t\t\t\t\t\t\t\t<div class=\"elementor-element elementor-element-8365276 elementor-invisible elementor-widget elementor-widget-heading\" data-id=\"8365276\" data-element_type=\"widget\" data-settings=\"{&quot;_animation&quot;:&quot;fadeInLeft&quot;,&quot;_animation_tablet&quot;:&quot;none&quot;,&quot;_animation_mobile&quot;:&quot;none&quot;,&quot;_animation_delay&quot;:300}\" data-widget_type=\"heading.default\">\n\t\t\t\t<div class=\"elementor-widget-container\">\n\t\t\t<h3 class=\"elementor-heading-title elementor-size-default\">More about the method<\/h3>\t\t<\/div>\n\t\t\t\t<\/div>\n\t\t\t\t<div class=\"elementor-element elementor-element-76381ea elementor-widget__width-initial elementor-widget-tablet__width-inherit elementor-widget elementor-widget-text-editor\" data-id=\"76381ea\" data-element_type=\"widget\" data-widget_type=\"text-editor.default\">\n\t\t\t\t<div class=\"elementor-widget-container\">\n\t\t\t\t\t\t\t<p style=\"text-align: center;\">Tento \u00fa\u017easn\u00fd pokro\u010dil\u00fd kurz v\u00e1s nau\u010d\u00ed, ako si v \u017eivote manifestova\u0165 a pritiahnu\u0165 svoju SoulMate &#8211; spriaznen\u00fa du\u0161u. Ak\u00e9 druhy spriaznen\u00fdch du\u0161\u00ed s\u00fa (7), ako ich rozl\u00ed\u0161i\u0165, \u010do n\u00e1s blokuje n\u00e1js\u0165 si spr\u00e1vneho partnera alebo otvori\u0165 sa s\u00fa\u010dasn\u00e9mu partnerovi, a ako sa otv\u00e1ra\u0165 sebad\u00f4vere a sebal\u00e1ske vo vz\u0165ahu vo\u010di sebe sam\u00e9mu. \u010co ak va\u0161a spriaznen\u00e1 du\u0161a po va\u0161om boku u\u017e je, len vy ste to e\u0161te nezistili, a ako to zist\u00edte? Tento kurz je \u00fa\u017easn\u00fd sp\u00f4sob, ako zisti\u0165, \u010do v partnerstve skuto\u010dne h\u013ead\u00e1te, ak\u00e9ho partnera alebo spriaznen\u00fa du\u0161u vo svojom \u017eivote potrebujete a ako pril\u00e1ka\u0165 t\u00fato kr\u00e1snu energiu bez toho, aby ste ju h\u013eadali! Objavte, \u010do vo va\u0161om vz\u0165ahu ch\u00fdba. Semin\u00e1r sa zameriava viac na dolovanie, \u010distenie a odstr\u00e1nenie negat\u00edvnych presved\u010den\u00ed, programov a blokov, t\u00fdkaj\u00facich sa n\u00e1jdenia va\u0161ej spriaznenej du\u0161e &#8211; partnera va\u0161ej du\u0161e. Budeme pracova\u0165 na vy\u017earovan\u00ed a zvy\u0161ovan\u00ed sebahodnoty, sebal\u00e1sky a sebavedomia u jednotlivcov aj partnerov.<\/p><p style=\"text-align: center;\">S\u00fa\u010das\u0165ou semin\u00e1ra je kniha SOUL MATES od Vianny Stibal.<\/p>\t\t\t\t\t\t<\/div>\n\t\t\t\t<\/div>\n\t\t\t\t\t<\/div>\n\t\t<\/div>\n\t\t\t\t<div class=\"elementor-column elementor-col-50 elementor-top-column elementor-element elementor-element-6ba29b3\" data-id=\"6ba29b3\" data-element_type=\"column\" data-settings=\"{&quot;background_background&quot;:&quot;classic&quot;,&quot;animation_tablet&quot;:&quot;none&quot;,&quot;animation_mobile&quot;:&quot;none&quot;}\">\n\t\t\t<div class=\"elementor-widget-wrap elementor-element-populated\">\n\t\t\t\t\t\t\t\t<div class=\"vamtam-has-theme-widget-styles elementor-element elementor-element-12c5681 elementor-invisible elementor-widget elementor-widget-image\" data-id=\"12c5681\" data-element_type=\"widget\" data-settings=\"{&quot;_animation&quot;:&quot;imageGrowWithScaleLeft&quot;,&quot;_animation_tablet&quot;:&quot;none&quot;,&quot;_animation_mobile&quot;:&quot;none&quot;}\" data-widget_type=\"image.default\">\n\t\t\t\t<div class=\"elementor-widget-container\">\n\t\t\t\t\t\t\t<div class=\"elementor-image\">\n\t\t\t\t\t\t\t\t\t\t\t<div class=\"vamtam-image-wrapper\">\n\t\t\t\t\t\t\t\t\t\t\t\t\t\t\t\t\t\t\t\t\t<img fetchpriority=\"high\" decoding=\"async\" width=\"2560\" height=\"1928\" src=\"https:\/\/haranta.sk\/wp-content\/uploads\/2023\/08\/PXL_20221029_112342634.MP_-scaled.jpg\" class=\"attachment-full size-full wp-image-991125\" alt=\"\" srcset=\"https:\/\/haranta.sk\/wp-content\/uploads\/2023\/08\/PXL_20221029_112342634.MP_-scaled.jpg 2560w, https:\/\/haranta.sk\/wp-content\/uploads\/2023\/08\/PXL_20221029_112342634.MP_-scaled-630x474.jpg 630w, https:\/\/haranta.sk\/wp-content\/uploads\/2023\/08\/PXL_20221029_112342634.MP_-300x226.jpg 300w, https:\/\/haranta.sk\/wp-content\/uploads\/2023\/08\/PXL_20221029_112342634.MP_-1024x771.jpg 1024w, https:\/\/haranta.sk\/wp-content\/uploads\/2023\/08\/PXL_20221029_112342634.MP_-768x578.jpg 768w, https:\/\/haranta.sk\/wp-content\/uploads\/2023\/08\/PXL_20221029_112342634.MP_-1536x1157.jpg 1536w, https:\/\/haranta.sk\/wp-content\/uploads\/2023\/08\/PXL_20221029_112342634.MP_-2048x1542.jpg 2048w, https:\/\/haranta.sk\/wp-content\/uploads\/2023\/08\/PXL_20221029_112342634.MP_-1260x949.jpg 1260w\" sizes=\"(max-width: 2560px) 100vw, 2560px\" \/>\t\t\t\t\t\t\t\t\t\t\t\t\t\t\t\t\t\t\t\t\t\t\t\t\t\t<\/div>\n\t\t\t\t\t\t\t\t\t<\/div>\n\t\t\t\t\t\t<\/div>\n\t\t\t\t<\/div>\n\t\t\t\t\t<\/div>\n\t\t<\/div>\n\t\t\t\t\t\t\t<\/div>\n\t\t<\/section>\n\t\t<div class=\"elementor-element elementor-element-2f940095 e-flex e-con-boxed e-con e-parent\" data-id=\"2f940095\" data-element_type=\"container\" data-settings=\"{&quot;jet_parallax_layout_list&quot;:[],&quot;content_width&quot;:&quot;boxed&quot;}\" data-core-v316-plus=\"true\">\n\t\t\t\t\t<div class=\"e-con-inner\">\n\t\t<div class=\"elementor-element elementor-element-2115ee60 e-con-full e-flex e-con e-child\" data-id=\"2115ee60\" data-element_type=\"container\" data-settings=\"{&quot;content_width&quot;:&quot;full&quot;,&quot;jet_parallax_layout_list&quot;:[]}\">\n\t\t\t\t<div class=\"elementor-element elementor-element-320cec5e elementor-widget elementor-widget-heading\" data-id=\"320cec5e\" data-element_type=\"widget\" data-widget_type=\"heading.default\">\n\t\t\t\t<div class=\"elementor-widget-container\">\n\t\t\t<h2 class=\"elementor-heading-title elementor-size-default\">Information<\/h2>\t\t<\/div>\n\t\t\t\t<\/div>\n\t\t\t\t<div class=\"elementor-element elementor-element-3903fb8c elementor-widget elementor-widget-text-editor\" data-id=\"3903fb8c\" data-element_type=\"widget\" data-widget_type=\"text-editor.default\">\n\t\t\t\t<div class=\"elementor-widget-container\">\n\t\t\t\t\t\t\t<p><strong>Predpoklady:<\/strong> absolvovan\u00fd z\u00e1kladn\u00fd semin\u00e1r <strong>DNA1<\/strong>, Pokro\u010dil\u00fd semin\u00e1r <strong>DNA2<\/strong> a <strong>Dig Deeper<\/strong>.<\/p><p><strong>Pre prihl\u00e1senie na kurz<\/strong> je potrebn\u00e9 vyplni\u0165 prihlasovac\u00ed formul\u00e1r.<\/p><p>V pr\u00edpade potreby je mo\u017en\u00e9 po\u017eiada\u0165 o<strong> \u0161tipendium<\/strong>.<\/p><p>V pr\u00edpade ot\u00e1zok \u010di z\u00e1ujmu o \u010fal\u0161ie inform\u00e1cie n\u00e1s kontaktujte na: <strong><a href=\"mailto:registracia@haranta.sk\">registracia@haranta.sk<\/a><\/strong><\/p><p>Po\u010det miest na kurze je <strong>limitovan\u00fd<\/strong>. Va\u0161e miesto bude z\u00e1v\u00e4zne rezervovan\u00e9 po zaslan\u00ed prihlasovacieho formul\u00e1ra a po uhraden\u00ed registra\u010dn\u00e9ho poplatku. Viac inform\u00e1ci\u00ed dostane ka\u017ed\u00fd z\u00e1ujemca do mailu.<\/p>\t\t\t\t\t\t<\/div>\n\t\t\t\t<\/div>\n\t\t\t\t<\/div>\n\t\t<div class=\"elementor-element elementor-element-316b58f5 e-con-full e-flex e-con e-child\" data-id=\"316b58f5\" data-element_type=\"container\" data-settings=\"{&quot;content_width&quot;:&quot;full&quot;,&quot;jet_parallax_layout_list&quot;:[]}\">\n\t\t\t\t<div class=\"elementor-element elementor-element-639bd331 elementor-widget elementor-widget-heading\" data-id=\"639bd331\" data-element_type=\"widget\" data-widget_type=\"heading.default\">\n\t\t\t\t<div class=\"elementor-widget-container\">\n\t\t\t<h2 class=\"elementor-heading-title elementor-size-default\">Price<\/h2>\t\t<\/div>\n\t\t\t\t<\/div>\n\t\t\t\t<div class=\"elementor-element elementor-element-17d8f61e elementor-widget elementor-widget-text-editor\" data-id=\"17d8f61e\" data-element_type=\"widget\" data-widget_type=\"text-editor.default\">\n\t\t\t\t<div class=\"elementor-widget-container\">\n\t\t\t\t\t\t\t<p><strong>Cena semin\u00e1ra<\/strong> (lektorn\u00e9): <strong><span style=\"color: #d45700;\">360\u20ac<\/span><\/strong><\/p><p><strong>REGISTRATION<\/strong>: <strong style=\"color: #d45700;\">69\u20ac<\/strong><\/p><p><strong>Cena spolu za 2 dni<\/strong> <strong style=\"color: #d45700;\">429\u20ac<\/strong><span style=\"color: #000000; font-weight: 100; text-align: var(--text-align); background-color: var( --e-global-color-vamtam_accent_8 ); letter-spacing: var( --e-global-typography-vamtam_primary_font-letter-spacing ); text-transform: var(--vamtam-primary-font-transform,none);\"> (zah\u0155\u0148a: registr\u00e1ciu, lektorn\u00e9, manu\u00e1l, medzin\u00e1rodn\u00fd certifik\u00e1t, ob\u010derstvenie po\u010das semin\u00e1ra, osobn\u00fa asistenciu.)<\/span><\/p>\t\t\t\t\t\t<\/div>\n\t\t\t\t<\/div>\n\t\t\t\t<div class=\"elementor-element elementor-element-676586c elementor-align-left elementor-widget elementor-widget-button\" data-id=\"676586c\" data-element_type=\"widget\" data-widget_type=\"button.default\">\n\t\t\t\t<div class=\"elementor-widget-container\">\n\t\t\t\t\t<div class=\"elementor-button-wrapper\">\n\t\t\t<a class=\"elementor-button elementor-button-link elementor-size-sm\" href=\"https:\/\/haranta.sk\/en\/course\/thetahealing-spriaznene-duse\/\">\n\t\t\t\t\t\t<span class=\"elementor-button-content-wrapper\">\n\t\t\t\t\t\t<span class=\"elementor-button-text\">Register for the course<\/span>\n\t\t<\/span>\n\t\t\t\t\t<\/a>\n\t\t<\/div>\n\t\t\t\t<\/div>\n\t\t\t\t<\/div>\n\t\t\t\t<\/div>\n\t\t\t\t\t<\/div>\n\t\t\t\t<\/div>\n\t\t\t\t\t\t\t<\/div>","protected":false},"excerpt":{"rendered":"<p>Spriaznen\u00e9 du\u0161e Pritiahni si svoju spriaznen\u00fa du\u0161u bez toho, aby si ju h\u013eadal.\u00a0 Objav, \u010do ch\u00fdba v tvojom partnerstve a otvor sa vy\u017earovaniu l\u00e1sky, hodnoty a sebavedomia. Viac o met\u00f3de Tento \u00fa\u017easn\u00fd pokro\u010dil\u00fd kurz v\u00e1s nau\u010d\u00ed, ako si v \u017eivote manifestova\u0165 a pritiahnu\u0165 svoju SoulMate &#8211; spriaznen\u00fa du\u0161u. Ak\u00e9 druhy spriaznen\u00fdch du\u0161\u00ed s\u00fa (7), ako&#8230;<\/p>","protected":false},"author":1,"featured_media":0,"parent":992346,"menu_order":0,"comment_status":"closed","ping_status":"closed","template":"","meta":{"pmpro_default_level":"","iawp_total_views":7,"footnotes":""},"class_list":["post-989172","page","type-page","status-publish","hentry","pmpro-has-access"],"acf":[],"_links":{"self":[{"href":"https:\/\/haranta.sk\/en\/wp-json\/wp\/v2\/pages\/989172","targetHints":{"allow":["GET"]}}],"collection":[{"href":"https:\/\/haranta.sk\/en\/wp-json\/wp\/v2\/pages"}],"about":[{"href":"https:\/\/haranta.sk\/en\/wp-json\/wp\/v2\/types\/page"}],"author":[{"embeddable":true,"href":"https:\/\/haranta.sk\/en\/wp-json\/wp\/v2\/users\/1"}],"replies":[{"embeddable":true,"href":"https:\/\/haranta.sk\/en\/wp-json\/wp\/v2\/comments?post=989172"}],"version-history":[{"count":0,"href":"https:\/\/haranta.sk\/en\/wp-json\/wp\/v2\/pages\/989172\/revisions"}],"up":[{"embeddable":true,"href":"https:\/\/haranta.sk\/en\/wp-json\/wp\/v2\/pages\/992346"}],"wp:attachment":[{"href":"https:\/\/haranta.sk\/en\/wp-json\/wp\/v2\/media?parent=989172"}],"curies":[{"name":"wp","href":"https:\/\/api.w.org\/{rel}","templated":true}]}}