{"id":989170,"date":"2023-05-29T21:31:52","date_gmt":"2023-05-29T19:31:52","guid":{"rendered":"http:\/\/haranta.dusanrybar.sk\/?page_id=989170"},"modified":"2023-11-20T21:39:52","modified_gmt":"2023-11-20T20:39:52","slug":"intuitivna-anatomia","status":"publish","type":"page","link":"https:\/\/haranta.sk\/en\/thetahealing\/intuitivna-anatomia\/","title":{"rendered":"Intuit\u00edvna anat\u00f3mia"},"content":{"rendered":"<div data-elementor-type=\"wp-page\" data-elementor-id=\"989170\" class=\"elementor elementor-989170\" data-elementor-post-type=\"page\">\n\t\t\t\t\t\t\t\t\t<section class=\"elementor-section elementor-top-section elementor-element elementor-element-2329dea elementor-section-boxed elementor-section-height-default elementor-section-height-default\" data-id=\"2329dea\" data-element_type=\"section\" data-settings=\"{&quot;background_background&quot;:&quot;classic&quot;,&quot;jet_parallax_layout_list&quot;:[]}\">\n\t\t\t\t\t\t<div class=\"elementor-container elementor-column-gap-no\">\n\t\t\t\t\t<div class=\"elementor-column elementor-col-100 elementor-top-column elementor-element elementor-element-6be8db4\" data-id=\"6be8db4\" data-element_type=\"column\">\n\t\t\t<div class=\"elementor-widget-wrap elementor-element-populated\">\n\t\t\t\t\t\t\t\t<div class=\"elementor-element elementor-element-d83ca92 elementor-invisible elementor-widget elementor-widget-heading\" data-id=\"d83ca92\" data-element_type=\"widget\" data-settings=\"{&quot;_animation&quot;:&quot;fadeIn&quot;,&quot;_animation_tablet&quot;:&quot;none&quot;,&quot;_animation_mobile&quot;:&quot;none&quot;,&quot;_animation_delay&quot;:300}\" data-widget_type=\"heading.default\">\n\t\t\t\t<div class=\"elementor-widget-container\">\n\t\t\t<h2 class=\"elementor-heading-title elementor-size-default\">Intuit\u00edvna anat\u00f3mia<\/h2>\t\t<\/div>\n\t\t\t\t<\/div>\n\t\t\t\t\t<\/div>\n\t\t<\/div>\n\t\t\t\t\t\t\t<\/div>\n\t\t<\/section>\n\t\t\t\t<section class=\"elementor-section elementor-top-section elementor-element elementor-element-d38f86b elementor-section-boxed elementor-section-height-default elementor-section-height-default\" data-id=\"d38f86b\" data-element_type=\"section\" data-settings=\"{&quot;background_background&quot;:&quot;classic&quot;,&quot;jet_parallax_layout_list&quot;:[]}\">\n\t\t\t\t\t\t<div class=\"elementor-container elementor-column-gap-no\">\n\t\t\t\t\t<div class=\"elementor-column elementor-col-100 elementor-top-column elementor-element elementor-element-d7b0298\" data-id=\"d7b0298\" data-element_type=\"column\">\n\t\t\t<div class=\"elementor-widget-wrap elementor-element-populated\">\n\t\t\t\t\t\t\t\t<div class=\"elementor-element elementor-element-5e6434b elementor-widget__width-initial elementor-widget elementor-widget-text-editor\" data-id=\"5e6434b\" data-element_type=\"widget\" data-widget_type=\"text-editor.default\">\n\t\t\t\t<div class=\"elementor-widget-container\">\n\t\t\t\t\t\t\t<p style=\"text-align: center;\">Nau\u010d\u00edte sa k\u00fazlo \u013eudsk\u00e9ho tela a porozumie\u0165-lie\u010di\u0165 svoje telo na hlbokej \u00farovni. Zistite, \u017ee choroby a poruchy id\u00fa ruka v ruke s demon\u0161tr\u00e1ciou em\u00f3ci\u00ed. Pochop\u00edte, \u017ee em\u00f3cie s\u00fa sign\u00e1ly toho, \u017ee telo je v nerovnov\u00e1he.<\/p><p style=\"text-align: center;\">Objav\u00edte nov\u00e9 emocion\u00e1lne programy a presved\u010denia, ktor\u00e9 s\u00fa pripojen\u00e9 ku ka\u017ed\u00e9mu syst\u00e9mu tela a spozn\u00e1te konkr\u00e9tne programy, ktor\u00e9 prich\u00e1dzaj\u00fa s chorobami. Cvi\u010d\u00edte vn\u00edmanie a vn\u00fatorn\u00fd zrak \u2013 schopnos\u0165 vidie\u0165 do tela &#8211; pomocou skenov tela<\/p>\t\t\t\t\t\t<\/div>\n\t\t\t\t<\/div>\n\t\t\t\t\t<\/div>\n\t\t<\/div>\n\t\t\t\t\t\t\t<\/div>\n\t\t<\/section>\n\t\t\t\t<section class=\"elementor-section elementor-top-section elementor-element elementor-element-c9049b2 elementor-section-boxed elementor-section-height-default elementor-section-height-default\" data-id=\"c9049b2\" data-element_type=\"section\" data-settings=\"{&quot;background_background&quot;:&quot;classic&quot;,&quot;jet_parallax_layout_list&quot;:[]}\">\n\t\t\t\t\t\t<div class=\"elementor-container elementor-column-gap-no\">\n\t\t\t\t\t<div class=\"elementor-column elementor-col-50 elementor-top-column elementor-element elementor-element-f8ef672\" data-id=\"f8ef672\" data-element_type=\"column\">\n\t\t\t<div class=\"elementor-widget-wrap elementor-element-populated\">\n\t\t\t\t\t\t\t\t<div class=\"elementor-element elementor-element-21f2022 elementor-invisible elementor-widget elementor-widget-heading\" data-id=\"21f2022\" data-element_type=\"widget\" data-settings=\"{&quot;_animation&quot;:&quot;fadeInLeft&quot;,&quot;_animation_tablet&quot;:&quot;none&quot;,&quot;_animation_mobile&quot;:&quot;none&quot;,&quot;_animation_delay&quot;:300}\" data-widget_type=\"heading.default\">\n\t\t\t\t<div class=\"elementor-widget-container\">\n\t\t\t<h3 class=\"elementor-heading-title elementor-size-default\">More about the method<\/h3>\t\t<\/div>\n\t\t\t\t<\/div>\n\t\t\t\t<div class=\"elementor-element elementor-element-14f96f9 elementor-widget__width-initial elementor-widget-tablet__width-inherit elementor-widget elementor-widget-text-editor\" data-id=\"14f96f9\" data-element_type=\"widget\" data-widget_type=\"text-editor.default\">\n\t\t\t\t<div class=\"elementor-widget-container\">\n\t\t\t\t\t\t\t<p style=\"text-align: center;\"><strong>Intuit\u00edvna anat\u00f3mia<\/strong> je 15-d\u0148ov\u00e1 h\u013abkov\u00e1 cesta, kde sa nau\u010d\u00edte, ako komplexne lie\u010di\u0165 cel\u00e9 svoje telo (ako aj tel\u00e1 va\u0161ich klientov), jednotliv\u00e9 org\u00e1ny v tele, ako vy\u010disti\u0165 hlbok\u00e9 skryt\u00e9 programy a em\u00f3cie ulo\u017een\u00e9 v tele, org\u00e1noch, kostiach, at\u010f., ako do h\u013abky pozna\u0165 a lie\u010di\u0165 nervov\u00fa, obehov\u00fa, kostn\u00fa a \u010fal\u0161ie s\u00fastavy v tele, imunitn\u00fd, tr\u00e1viaci, d\u00fdchac\u00ed, endokrinn\u00fd, obehov\u00fd syst\u00e9m, tkaniv\u00e1, ko\u017eu a mnoho \u010fal\u0161ieho.<\/p><p style=\"text-align: center;\">Kurz Intuit\u00edvna anat\u00f3mia v\u00e1s prevedie va\u0161\u00edm telom a umo\u017en\u00ed v\u00e1m int\u00edmne a intuit\u00edvne porozumie\u0165 svojmu telu. Z\u00edskate vedomosti o tom, ako udr\u017ea\u0165 va\u0161e telo zdrav\u00e9 a ako lie\u010di\u0165 choroby. Z\u00edskate odborn\u00e9 znalosti o tom, ako je uzdravenie a vyrovnanie v\u00e1\u0161ho tela d\u00f4le\u017eitou s\u00fa\u010das\u0165ou v\u00e1\u0161ho duchovn\u00e9ho v\u00fdvoja. Prostredn\u00edctvom tohto kurzu budete roz\u0161irova\u0165 svoje schopnosti a transformova\u0165 svoje presved\u010denia. Budete schopn\u00ed zisti\u0165, kde s\u00fa presved\u010denia dr\u017ean\u00e9 v ka\u017edom syst\u00e9me a org\u00e1ne v\u00e1\u0161ho tela, zmeni\u0165 ich a oslobodi\u0165 sa od svojich obmedzen\u00ed a z\u00e1rove\u0148 sa otvori\u0165 svojmu najvy\u0161\u0161iemu potenci\u00e1lu.<\/p>\t\t\t\t\t\t<\/div>\n\t\t\t\t<\/div>\n\t\t\t\t\t<\/div>\n\t\t<\/div>\n\t\t\t\t<div class=\"elementor-column elementor-col-50 elementor-top-column elementor-element elementor-element-4568d4e\" data-id=\"4568d4e\" data-element_type=\"column\" data-settings=\"{&quot;background_background&quot;:&quot;classic&quot;,&quot;animation_tablet&quot;:&quot;none&quot;,&quot;animation_mobile&quot;:&quot;none&quot;}\">\n\t\t\t<div class=\"elementor-widget-wrap elementor-element-populated\">\n\t\t\t\t\t\t\t\t<div class=\"vamtam-has-theme-widget-styles elementor-element elementor-element-7b81a45 elementor-invisible elementor-widget elementor-widget-image\" data-id=\"7b81a45\" data-element_type=\"widget\" data-settings=\"{&quot;_animation&quot;:&quot;imageGrowWithScaleLeft&quot;,&quot;_animation_tablet&quot;:&quot;none&quot;,&quot;_animation_mobile&quot;:&quot;none&quot;}\" data-widget_type=\"image.default\">\n\t\t\t\t<div class=\"elementor-widget-container\">\n\t\t\t\t\t\t\t<div class=\"elementor-image\">\n\t\t\t\t\t\t\t\t\t\t\t<div class=\"vamtam-image-wrapper\">\n\t\t\t\t\t\t\t\t\t\t\t\t\t\t\t\t\t\t\t\t\t<img fetchpriority=\"high\" decoding=\"async\" width=\"2560\" height=\"1152\" src=\"https:\/\/haranta.sk\/wp-content\/uploads\/2023\/03\/thetahealing-course-scaled.jpg\" class=\"attachment-full size-full wp-image-987827\" alt=\"thetahealing kurz\" srcset=\"https:\/\/haranta.sk\/wp-content\/uploads\/2023\/03\/thetahealing-course-scaled.jpg 2560w, https:\/\/haranta.sk\/wp-content\/uploads\/2023\/03\/thetahealing-course-scaled-630x284.jpg 630w, https:\/\/haranta.sk\/wp-content\/uploads\/2023\/03\/thetahealing-course-300x135.jpg 300w, https:\/\/haranta.sk\/wp-content\/uploads\/2023\/03\/thetahealing-course-1024x461.jpg 1024w, https:\/\/haranta.sk\/wp-content\/uploads\/2023\/03\/thetahealing-course-768x346.jpg 768w, https:\/\/haranta.sk\/wp-content\/uploads\/2023\/03\/thetahealing-course-1536x691.jpg 1536w, https:\/\/haranta.sk\/wp-content\/uploads\/2023\/03\/thetahealing-course-2048x922.jpg 2048w, https:\/\/haranta.sk\/wp-content\/uploads\/2023\/03\/thetahealing-course-1260x567.jpg 1260w\" sizes=\"(max-width: 2560px) 100vw, 2560px\" \/>\t\t\t\t\t\t\t\t\t\t\t\t\t\t\t\t\t\t\t\t\t\t\t\t\t\t<\/div>\n\t\t\t\t\t\t\t\t\t<\/div>\n\t\t\t\t\t\t<\/div>\n\t\t\t\t<\/div>\n\t\t\t\t\t<\/div>\n\t\t<\/div>\n\t\t\t\t\t\t\t<\/div>\n\t\t<\/section>\n\t\t<div class=\"elementor-element elementor-element-6c231da8 e-flex e-con-boxed e-con e-parent\" data-id=\"6c231da8\" data-element_type=\"container\" data-settings=\"{&quot;jet_parallax_layout_list&quot;:[],&quot;content_width&quot;:&quot;boxed&quot;}\" data-core-v316-plus=\"true\">\n\t\t\t\t\t<div class=\"e-con-inner\">\n\t\t<div class=\"elementor-element elementor-element-50a596bf e-con-full e-flex e-con e-child\" data-id=\"50a596bf\" data-element_type=\"container\" data-settings=\"{&quot;content_width&quot;:&quot;full&quot;,&quot;jet_parallax_layout_list&quot;:[]}\">\n\t\t\t\t<div class=\"elementor-element elementor-element-4225175e elementor-widget elementor-widget-heading\" data-id=\"4225175e\" data-element_type=\"widget\" data-widget_type=\"heading.default\">\n\t\t\t\t<div class=\"elementor-widget-container\">\n\t\t\t<h2 class=\"elementor-heading-title elementor-size-default\">Information<\/h2>\t\t<\/div>\n\t\t\t\t<\/div>\n\t\t\t\t<div class=\"elementor-element elementor-element-29b0a028 elementor-widget elementor-widget-text-editor\" data-id=\"29b0a028\" data-element_type=\"widget\" data-widget_type=\"text-editor.default\">\n\t\t\t\t<div class=\"elementor-widget-container\">\n\t\t\t\t\t\t\t<p><strong>Predpoklady:<\/strong> absolvovan\u00fd z\u00e1kladn\u00fd semin\u00e1r <strong>DNA1<\/strong>, Pokro\u010dil\u00fd semin\u00e1r <strong>DNA2<\/strong>, <strong>Dig Deeper<\/strong> a <strong>Vy a\u00a0stvorite\u013e<\/strong>.<\/p><p><strong>Pre prihl\u00e1senie na kurz<\/strong> je potrebn\u00e9 vyplni\u0165 prihlasovac\u00ed formul\u00e1r.<\/p><p>V pr\u00edpade potreby je mo\u017en\u00e9 po\u017eiada\u0165 o<strong> \u0161tipendium<\/strong>.<\/p><p>V pr\u00edpade ot\u00e1zok \u010di z\u00e1ujmu o \u010fal\u0161ie inform\u00e1cie n\u00e1s kontaktujte na: <strong><a href=\"mailto:registracia@haranta.sk\">registracia@haranta.sk<\/a><\/strong><\/p><p>Po\u010det miest na kurze je <strong>limitovan\u00fd<\/strong>. Va\u0161e miesto bude z\u00e1v\u00e4zne rezervovan\u00e9 po zaslan\u00ed prihlasovacieho formul\u00e1ra a po uhraden\u00ed registra\u010dn\u00e9ho poplatku. Viac inform\u00e1ci\u00ed dostane ka\u017ed\u00fd z\u00e1ujemca do mailu.<\/p>\t\t\t\t\t\t<\/div>\n\t\t\t\t<\/div>\n\t\t\t\t<\/div>\n\t\t<div class=\"elementor-element elementor-element-4d2b09ea e-con-full e-flex e-con e-child\" data-id=\"4d2b09ea\" data-element_type=\"container\" data-settings=\"{&quot;content_width&quot;:&quot;full&quot;,&quot;jet_parallax_layout_list&quot;:[]}\">\n\t\t\t\t<div class=\"elementor-element elementor-element-24e4a154 elementor-widget elementor-widget-heading\" data-id=\"24e4a154\" data-element_type=\"widget\" data-widget_type=\"heading.default\">\n\t\t\t\t<div class=\"elementor-widget-container\">\n\t\t\t<h2 class=\"elementor-heading-title elementor-size-default\">Price<\/h2>\t\t<\/div>\n\t\t\t\t<\/div>\n\t\t\t\t<div class=\"elementor-element elementor-element-26f69f3a elementor-widget elementor-widget-text-editor\" data-id=\"26f69f3a\" data-element_type=\"widget\" data-widget_type=\"text-editor.default\">\n\t\t\t\t<div class=\"elementor-widget-container\">\n\t\t\t\t\t\t\t<p><strong>Cena semin\u00e1ra<\/strong> (lektorn\u00e9): <strong><span style=\"color: #d45700;\">1600\u20ac<\/span><\/strong><\/p><p><strong>REGISTRATION<\/strong>: <strong style=\"color: #d45700;\">250\u20ac<\/strong><\/p><p><strong>Cena spolu za 5 dni<\/strong> <strong style=\"color: #d45700;\">1850\u20ac<\/strong><span class=\"price-subtitle\" style=\"font-weight: 100; color: #000000;\"> (zah\u0155\u0148a: registr\u00e1ciu, lektorn\u00e9, manu\u00e1l, medzin\u00e1rodn\u00fd certifik\u00e1t, ob\u010derstvenie po\u010das semin\u00e1ra, osobn\u00fa asistenciu.)<\/span><\/p>\t\t\t\t\t\t<\/div>\n\t\t\t\t<\/div>\n\t\t\t\t<div class=\"elementor-element elementor-element-2ca40853 elementor-align-left elementor-widget elementor-widget-button\" data-id=\"2ca40853\" data-element_type=\"widget\" data-widget_type=\"button.default\">\n\t\t\t\t<div class=\"elementor-widget-container\">\n\t\t\t\t\t<div class=\"elementor-button-wrapper\">\n\t\t\t<a class=\"elementor-button elementor-button-link elementor-size-sm\" href=\"https:\/\/haranta.sk\/en\/course\/thetahealing-intutitivna-anatomia\/\">\n\t\t\t\t\t\t<span class=\"elementor-button-content-wrapper\">\n\t\t\t\t\t\t<span class=\"elementor-button-text\">Register for the course<\/span>\n\t\t<\/span>\n\t\t\t\t\t<\/a>\n\t\t<\/div>\n\t\t\t\t<\/div>\n\t\t\t\t<\/div>\n\t\t\t\t<\/div>\n\t\t\t\t\t<\/div>\n\t\t\t\t<\/div>\n\t\t\t\t\t\t\t<\/div>","protected":false},"excerpt":{"rendered":"<p>Intuit\u00edvna anat\u00f3mia Nau\u010d\u00edte sa k\u00fazlo \u013eudsk\u00e9ho tela a porozumie\u0165-lie\u010di\u0165 svoje telo na hlbokej \u00farovni. Zistite, \u017ee choroby a poruchy id\u00fa ruka v ruke s demon\u0161tr\u00e1ciou em\u00f3ci\u00ed. Pochop\u00edte, \u017ee em\u00f3cie s\u00fa sign\u00e1ly toho, \u017ee telo je v nerovnov\u00e1he. Objav\u00edte nov\u00e9 emocion\u00e1lne programy a presved\u010denia, ktor\u00e9 s\u00fa pripojen\u00e9 ku ka\u017ed\u00e9mu syst\u00e9mu tela a spozn\u00e1te konkr\u00e9tne programy, ktor\u00e9&#8230;<\/p>","protected":false},"author":1,"featured_media":0,"parent":992346,"menu_order":0,"comment_status":"closed","ping_status":"closed","template":"","meta":{"pmpro_default_level":"","iawp_total_views":1,"footnotes":""},"class_list":["post-989170","page","type-page","status-publish","hentry","pmpro-has-access"],"acf":[],"_links":{"self":[{"href":"https:\/\/haranta.sk\/en\/wp-json\/wp\/v2\/pages\/989170","targetHints":{"allow":["GET"]}}],"collection":[{"href":"https:\/\/haranta.sk\/en\/wp-json\/wp\/v2\/pages"}],"about":[{"href":"https:\/\/haranta.sk\/en\/wp-json\/wp\/v2\/types\/page"}],"author":[{"embeddable":true,"href":"https:\/\/haranta.sk\/en\/wp-json\/wp\/v2\/users\/1"}],"replies":[{"embeddable":true,"href":"https:\/\/haranta.sk\/en\/wp-json\/wp\/v2\/comments?post=989170"}],"version-history":[{"count":0,"href":"https:\/\/haranta.sk\/en\/wp-json\/wp\/v2\/pages\/989170\/revisions"}],"up":[{"embeddable":true,"href":"https:\/\/haranta.sk\/en\/wp-json\/wp\/v2\/pages\/992346"}],"wp:attachment":[{"href":"https:\/\/haranta.sk\/en\/wp-json\/wp\/v2\/media?parent=989170"}],"curies":[{"name":"wp","href":"https:\/\/api.w.org\/{rel}","templated":true}]}}