{"id":989168,"date":"2023-05-29T21:31:23","date_gmt":"2023-05-29T19:31:23","guid":{"rendered":"http:\/\/haranta.dusanrybar.sk\/?page_id=989168"},"modified":"2023-11-20T21:38:32","modified_gmt":"2023-11-20T20:38:32","slug":"svetove-vztahy","status":"publish","type":"page","link":"https:\/\/haranta.sk\/en\/thetahealing\/svetove-vztahy\/","title":{"rendered":"Svetov\u00e9 vz\u0165ahy"},"content":{"rendered":"<div data-elementor-type=\"wp-page\" data-elementor-id=\"989168\" class=\"elementor elementor-989168\" data-elementor-post-type=\"page\">\n\t\t\t\t\t\t\t\t\t<section class=\"elementor-section elementor-top-section elementor-element elementor-element-4ecc983 elementor-section-boxed elementor-section-height-default elementor-section-height-default\" data-id=\"4ecc983\" data-element_type=\"section\" data-settings=\"{&quot;background_background&quot;:&quot;classic&quot;,&quot;jet_parallax_layout_list&quot;:[]}\">\n\t\t\t\t\t\t<div class=\"elementor-container elementor-column-gap-no\">\n\t\t\t\t\t<div class=\"elementor-column elementor-col-100 elementor-top-column elementor-element elementor-element-977ba74\" data-id=\"977ba74\" data-element_type=\"column\">\n\t\t\t<div class=\"elementor-widget-wrap elementor-element-populated\">\n\t\t\t\t\t\t\t\t<div class=\"elementor-element elementor-element-9bda8c8 elementor-invisible elementor-widget elementor-widget-heading\" data-id=\"9bda8c8\" data-element_type=\"widget\" data-settings=\"{&quot;_animation&quot;:&quot;fadeIn&quot;,&quot;_animation_tablet&quot;:&quot;none&quot;,&quot;_animation_mobile&quot;:&quot;none&quot;,&quot;_animation_delay&quot;:300}\" data-widget_type=\"heading.default\">\n\t\t\t\t<div class=\"elementor-widget-container\">\n\t\t\t<h2 class=\"elementor-heading-title elementor-size-default\">Svetov\u00e9 vz\u0165ahy<\/h2>\t\t<\/div>\n\t\t\t\t<\/div>\n\t\t\t\t\t<\/div>\n\t\t<\/div>\n\t\t\t\t\t\t\t<\/div>\n\t\t<\/section>\n\t\t\t\t<section class=\"elementor-section elementor-top-section elementor-element elementor-element-dce397b elementor-section-boxed elementor-section-height-default elementor-section-height-default\" data-id=\"dce397b\" data-element_type=\"section\" data-settings=\"{&quot;background_background&quot;:&quot;classic&quot;,&quot;jet_parallax_layout_list&quot;:[]}\">\n\t\t\t\t\t\t<div class=\"elementor-container elementor-column-gap-no\">\n\t\t\t\t\t<div class=\"elementor-column elementor-col-100 elementor-top-column elementor-element elementor-element-6e55bac\" data-id=\"6e55bac\" data-element_type=\"column\">\n\t\t\t<div class=\"elementor-widget-wrap elementor-element-populated\">\n\t\t\t\t\t\t\t\t<div class=\"elementor-element elementor-element-038cfb6 elementor-widget__width-initial elementor-widget elementor-widget-text-editor\" data-id=\"038cfb6\" data-element_type=\"widget\" data-widget_type=\"text-editor.default\">\n\t\t\t\t<div class=\"elementor-widget-container\">\n\t\t\t\t\t\t\t<p style=\"text-align: center;\">Semin\u00e1r svetov\u00e9 vz\u0165ahy ThetaHealing\u00ae sa zameriava na \u0161pecifick\u00e9 kult\u00fary a presved\u010denia, ktor\u00e9 vyvol\u00e1vaj\u00fa s\u00fa\u010dasn\u00e9 a minul\u00e9 probl\u00e9my s rasami, n\u00e1bo\u017eenstvami a \u013eu\u010fmi. Ke\u010f sa tieto programy a presved\u010denia objavia, vyjd\u00fa na povrch. Skryt\u00e1 nen\u00e1vis\u0165 a odpor, ktor\u00e9 siahaj\u00fa po storo\u010dia, bud\u00fa prepusten\u00e9 a uvo\u013enen\u00e9. \u00da\u010dastn\u00edkom to umo\u017en\u00ed prija\u0165 seba, \u013eud\u00ed a kult\u00fary sveta so skuto\u010dnou bezpodmiene\u010dnou l\u00e1skou.<\/p>\t\t\t\t\t\t<\/div>\n\t\t\t\t<\/div>\n\t\t\t\t\t<\/div>\n\t\t<\/div>\n\t\t\t\t\t\t\t<\/div>\n\t\t<\/section>\n\t\t\t\t<section class=\"elementor-section elementor-top-section elementor-element elementor-element-bc5c055 elementor-section-boxed elementor-section-height-default elementor-section-height-default\" data-id=\"bc5c055\" data-element_type=\"section\" data-settings=\"{&quot;background_background&quot;:&quot;classic&quot;,&quot;jet_parallax_layout_list&quot;:[]}\">\n\t\t\t\t\t\t<div class=\"elementor-container elementor-column-gap-no\">\n\t\t\t\t\t<div class=\"elementor-column elementor-col-50 elementor-top-column elementor-element elementor-element-41d869e\" data-id=\"41d869e\" data-element_type=\"column\">\n\t\t\t<div class=\"elementor-widget-wrap elementor-element-populated\">\n\t\t\t\t\t\t\t\t<div class=\"elementor-element elementor-element-837166f elementor-invisible elementor-widget elementor-widget-heading\" data-id=\"837166f\" data-element_type=\"widget\" data-settings=\"{&quot;_animation&quot;:&quot;fadeInLeft&quot;,&quot;_animation_tablet&quot;:&quot;none&quot;,&quot;_animation_mobile&quot;:&quot;none&quot;,&quot;_animation_delay&quot;:300}\" data-widget_type=\"heading.default\">\n\t\t\t\t<div class=\"elementor-widget-container\">\n\t\t\t<h3 class=\"elementor-heading-title elementor-size-default\">More about the method<\/h3>\t\t<\/div>\n\t\t\t\t<\/div>\n\t\t\t\t<div class=\"elementor-element elementor-element-78b2dd7 elementor-widget__width-initial elementor-widget-tablet__width-inherit elementor-widget elementor-widget-text-editor\" data-id=\"78b2dd7\" data-element_type=\"widget\" data-widget_type=\"text-editor.default\">\n\t\t\t\t<div class=\"elementor-widget-container\">\n\t\t\t\t\t\t\t<p style=\"text-align: center;\">Prv\u00fd a druh\u00fd de\u0148 sa zameriavaj\u00fa na krajiny sveta s preh\u013eadom ich viery a zvykov. \u0160tudenti sa z\u00fa\u010dastnia praktickej pr\u00e1ce s presved\u010deniami, aby na\u0161li a uvo\u013enili negat\u00edvne pocity a programy in\u00fdch kult\u00far a \u013eud\u00ed na celom svete.<\/p><p style=\"text-align: center;\">De\u0148 tret\u00ed je zameran\u00fd na \u0161trukt\u00fary viery a funk\u010dnos\u0165 alternat\u00edvneho sveta lie\u010denia.<\/p><p style=\"text-align: center;\">\u0160tvrt\u00fd a piaty de\u0148 sa zameriavaj\u00fa na n\u00e1bo\u017eenstv\u00e1 sveta, ich vieru a ich prijatie s pravou bezpodmiene\u010dnou l\u00e1skou.<\/p><p style=\"text-align: center;\">V dne\u0161nej dobe sa svet stal ove\u013ea men\u0161\u00edm miestom. Kult\u00fary s\u00fa ove\u013ea lep\u0161ie schopn\u00e9 pr\u00eds\u0165 do styku kv\u00f4li cestovaniu lietadlom a dobe inform\u00e1ci\u00ed. Z tohto d\u00f4vodu je naliehavo potrebn\u00e9 porozumie\u0165 a prija\u0165 \u010fal\u0161ie kult\u00fary. \u0160tudenti, ktor\u00ed sa z\u00fa\u010dastnili prv\u00e9ho semin\u00e1ra o svetov\u00fdch vz\u0165ahoch, boli prekvapen\u00ed, ko\u013eko negat\u00edvnych nevedom\u00fdch my\u0161lienok, pocitov a em\u00f3ci\u00ed vy\u0161lo najavo pri cvi\u010deniach a testovan\u00ed presved\u010den\u00ed na z\u00e1kladnej, genetickej a historickej \u00farovni. V mnoh\u00fdch pr\u00edpadoch i\u0161lo o genetick\u00e9 (rodov\u00e9) presved\u010denia spojen\u00e9 so strachom, nen\u00e1vis\u0165ou a hnevom vo\u010di in\u00fdm krajin\u00e1m a ich \u013eu\u010fom, ktor\u00e9 nikdy nevedeli. Kurz svetov\u00e9 vz\u0165ahy je mocn\u00fdm n\u00e1strojom na odstr\u00e1nenie vn\u00fatorn\u00fdch a vonkaj\u0161\u00edch konfliktov v sebe samom a vo\u010di in\u00fdm.<\/p>\t\t\t\t\t\t<\/div>\n\t\t\t\t<\/div>\n\t\t\t\t\t<\/div>\n\t\t<\/div>\n\t\t\t\t<div class=\"elementor-column elementor-col-50 elementor-top-column elementor-element elementor-element-134e07d\" data-id=\"134e07d\" data-element_type=\"column\" data-settings=\"{&quot;background_background&quot;:&quot;classic&quot;,&quot;animation_tablet&quot;:&quot;none&quot;,&quot;animation_mobile&quot;:&quot;none&quot;}\">\n\t\t\t<div class=\"elementor-widget-wrap elementor-element-populated\">\n\t\t\t\t\t\t\t\t<div class=\"vamtam-has-theme-widget-styles elementor-element elementor-element-13434af elementor-invisible elementor-widget elementor-widget-image\" data-id=\"13434af\" data-element_type=\"widget\" data-settings=\"{&quot;_animation&quot;:&quot;imageGrowWithScaleLeft&quot;,&quot;_animation_tablet&quot;:&quot;none&quot;,&quot;_animation_mobile&quot;:&quot;none&quot;}\" data-widget_type=\"image.default\">\n\t\t\t\t<div class=\"elementor-widget-container\">\n\t\t\t\t\t\t\t<div class=\"elementor-image\">\n\t\t\t\t\t\t\t\t\t\t\t<div class=\"vamtam-image-wrapper\">\n\t\t\t\t\t\t\t\t\t\t\t\t\t\t\t\t\t\t\t\t\t<img fetchpriority=\"high\" decoding=\"async\" width=\"2560\" height=\"1928\" src=\"https:\/\/haranta.sk\/wp-content\/uploads\/2023\/08\/PXL_20221029_143736521.PORTRAIT-scaled.jpg\" class=\"attachment-full size-full wp-image-991129\" alt=\"\" srcset=\"https:\/\/haranta.sk\/wp-content\/uploads\/2023\/08\/PXL_20221029_143736521.PORTRAIT-scaled.jpg 2560w, https:\/\/haranta.sk\/wp-content\/uploads\/2023\/08\/PXL_20221029_143736521.PORTRAIT-scaled-630x474.jpg 630w, https:\/\/haranta.sk\/wp-content\/uploads\/2023\/08\/PXL_20221029_143736521.PORTRAIT-300x226.jpg 300w, https:\/\/haranta.sk\/wp-content\/uploads\/2023\/08\/PXL_20221029_143736521.PORTRAIT-1024x771.jpg 1024w, https:\/\/haranta.sk\/wp-content\/uploads\/2023\/08\/PXL_20221029_143736521.PORTRAIT-768x578.jpg 768w, https:\/\/haranta.sk\/wp-content\/uploads\/2023\/08\/PXL_20221029_143736521.PORTRAIT-1536x1157.jpg 1536w, https:\/\/haranta.sk\/wp-content\/uploads\/2023\/08\/PXL_20221029_143736521.PORTRAIT-2048x1542.jpg 2048w, https:\/\/haranta.sk\/wp-content\/uploads\/2023\/08\/PXL_20221029_143736521.PORTRAIT-1260x949.jpg 1260w\" sizes=\"(max-width: 2560px) 100vw, 2560px\" \/>\t\t\t\t\t\t\t\t\t\t\t\t\t\t\t\t\t\t\t\t\t\t\t\t\t\t<\/div>\n\t\t\t\t\t\t\t\t\t<\/div>\n\t\t\t\t\t\t<\/div>\n\t\t\t\t<\/div>\n\t\t\t\t\t<\/div>\n\t\t<\/div>\n\t\t\t\t\t\t\t<\/div>\n\t\t<\/section>\n\t\t<div class=\"elementor-element elementor-element-504fcea7 e-flex e-con-boxed e-con e-parent\" data-id=\"504fcea7\" data-element_type=\"container\" data-settings=\"{&quot;jet_parallax_layout_list&quot;:[],&quot;content_width&quot;:&quot;boxed&quot;}\" data-core-v316-plus=\"true\">\n\t\t\t\t\t<div class=\"e-con-inner\">\n\t\t<div class=\"elementor-element elementor-element-1ae9fde4 e-con-full e-flex e-con e-child\" data-id=\"1ae9fde4\" data-element_type=\"container\" data-settings=\"{&quot;content_width&quot;:&quot;full&quot;,&quot;jet_parallax_layout_list&quot;:[]}\">\n\t\t\t\t<div class=\"elementor-element elementor-element-225818e9 elementor-widget elementor-widget-heading\" data-id=\"225818e9\" data-element_type=\"widget\" data-widget_type=\"heading.default\">\n\t\t\t\t<div class=\"elementor-widget-container\">\n\t\t\t<h2 class=\"elementor-heading-title elementor-size-default\">Information<\/h2>\t\t<\/div>\n\t\t\t\t<\/div>\n\t\t\t\t<div class=\"elementor-element elementor-element-4518aa3f elementor-widget elementor-widget-text-editor\" data-id=\"4518aa3f\" data-element_type=\"widget\" data-widget_type=\"text-editor.default\">\n\t\t\t\t<div class=\"elementor-widget-container\">\n\t\t\t\t\t\t\t<p><strong>Predpoklady:<\/strong> absolvovan\u00fd z\u00e1kladn\u00fd semin\u00e1r <strong>DNA1<\/strong>, Pokro\u010dil\u00fd semin\u00e1r <strong>DNA2<\/strong> a <strong>Dig Deeper<\/strong>.<\/p><p><strong>Pre prihl\u00e1senie na kurz<\/strong> je potrebn\u00e9 vyplni\u0165 prihlasovac\u00ed formul\u00e1r.<\/p><p>V pr\u00edpade potreby je mo\u017en\u00e9 po\u017eiada\u0165 o<strong> \u0161tipendium<\/strong>.<\/p><p>V pr\u00edpade ot\u00e1zok \u010di z\u00e1ujmu o \u010fal\u0161ie inform\u00e1cie n\u00e1s kontaktujte na: <strong><a href=\"mailto:registracia@haranta.sk\">registracia@haranta.sk<\/a><\/strong><\/p><p>Po\u010det miest na kurze je <strong>limitovan\u00fd<\/strong>. Va\u0161e miesto bude z\u00e1v\u00e4zne rezervovan\u00e9 po zaslan\u00ed prihlasovacieho formul\u00e1ra a po uhraden\u00ed registra\u010dn\u00e9ho poplatku. Viac inform\u00e1ci\u00ed dostane ka\u017ed\u00fd z\u00e1ujemca do mailu.<\/p>\t\t\t\t\t\t<\/div>\n\t\t\t\t<\/div>\n\t\t\t\t<\/div>\n\t\t<div class=\"elementor-element elementor-element-16ae330a e-con-full e-flex e-con e-child\" data-id=\"16ae330a\" data-element_type=\"container\" data-settings=\"{&quot;content_width&quot;:&quot;full&quot;,&quot;jet_parallax_layout_list&quot;:[]}\">\n\t\t\t\t<div class=\"elementor-element elementor-element-5aa2bcde elementor-widget elementor-widget-heading\" data-id=\"5aa2bcde\" data-element_type=\"widget\" data-widget_type=\"heading.default\">\n\t\t\t\t<div class=\"elementor-widget-container\">\n\t\t\t<h2 class=\"elementor-heading-title elementor-size-default\">Price<\/h2>\t\t<\/div>\n\t\t\t\t<\/div>\n\t\t\t\t<div class=\"elementor-element elementor-element-78b13c1b elementor-widget elementor-widget-text-editor\" data-id=\"78b13c1b\" data-element_type=\"widget\" data-widget_type=\"text-editor.default\">\n\t\t\t\t<div class=\"elementor-widget-container\">\n\t\t\t\t\t\t\t<p><strong>Cena semin\u00e1ra<\/strong> (lektorn\u00e9): <strong><span style=\"color: #d45700;\">690\u20ac<\/span><\/strong><\/p>\n<p><strong>REGISTRATION<\/strong>: <strong style=\"color: #d45700;\">100\u20ac<\/strong><\/p>\n<p><strong>Cena spolu za 5 dni<\/strong> <strong style=\"color: #d45700;\">790\u20ac<\/strong><span style=\"color: #000000; font-weight: 100; text-align: var(--text-align); background-color: var( --e-global-color-vamtam_accent_8 ); letter-spacing: var( --e-global-typography-vamtam_primary_font-letter-spacing ); text-transform: var(--vamtam-primary-font-transform,none);\"> (zah\u0155\u0148a: registr\u00e1ciu, lektorn\u00e9, manu\u00e1l, medzin\u00e1rodn\u00fd certifik\u00e1t, ob\u010derstvenie po\u010das semin\u00e1ra, osobn\u00fa asistenciu.)<\/span><\/p>\t\t\t\t\t\t<\/div>\n\t\t\t\t<\/div>\n\t\t\t\t<div class=\"elementor-element elementor-element-47ad1bb9 elementor-align-left elementor-widget elementor-widget-button\" data-id=\"47ad1bb9\" data-element_type=\"widget\" data-widget_type=\"button.default\">\n\t\t\t\t<div class=\"elementor-widget-container\">\n\t\t\t\t\t<div class=\"elementor-button-wrapper\">\n\t\t\t<a class=\"elementor-button elementor-button-link elementor-size-sm\" href=\"https:\/\/haranta.sk\/en\/course\/svetove-vztahy\/\">\n\t\t\t\t\t\t<span class=\"elementor-button-content-wrapper\">\n\t\t\t\t\t\t<span class=\"elementor-button-text\">Register for the course<\/span>\n\t\t<\/span>\n\t\t\t\t\t<\/a>\n\t\t<\/div>\n\t\t\t\t<\/div>\n\t\t\t\t<\/div>\n\t\t\t\t<\/div>\n\t\t\t\t\t<\/div>\n\t\t\t\t<\/div>\n\t\t\t\t\t\t\t<\/div>","protected":false},"excerpt":{"rendered":"<p>Svetov\u00e9 vz\u0165ahy Semin\u00e1r svetov\u00e9 vz\u0165ahy ThetaHealing\u00ae sa zameriava na \u0161pecifick\u00e9 kult\u00fary a presved\u010denia, ktor\u00e9 vyvol\u00e1vaj\u00fa s\u00fa\u010dasn\u00e9 a minul\u00e9 probl\u00e9my s rasami, n\u00e1bo\u017eenstvami a \u013eu\u010fmi. Ke\u010f sa tieto programy a presved\u010denia objavia, vyjd\u00fa na povrch. Skryt\u00e1 nen\u00e1vis\u0165 a odpor, ktor\u00e9 siahaj\u00fa po storo\u010dia, bud\u00fa prepusten\u00e9 a uvo\u013enen\u00e9. \u00da\u010dastn\u00edkom to umo\u017en\u00ed prija\u0165 seba, \u013eud\u00ed a kult\u00fary sveta&#8230;<\/p>","protected":false},"author":1,"featured_media":0,"parent":992346,"menu_order":0,"comment_status":"closed","ping_status":"closed","template":"","meta":{"pmpro_default_level":"","iawp_total_views":4,"footnotes":""},"class_list":["post-989168","page","type-page","status-publish","hentry","pmpro-has-access"],"acf":[],"_links":{"self":[{"href":"https:\/\/haranta.sk\/en\/wp-json\/wp\/v2\/pages\/989168","targetHints":{"allow":["GET"]}}],"collection":[{"href":"https:\/\/haranta.sk\/en\/wp-json\/wp\/v2\/pages"}],"about":[{"href":"https:\/\/haranta.sk\/en\/wp-json\/wp\/v2\/types\/page"}],"author":[{"embeddable":true,"href":"https:\/\/haranta.sk\/en\/wp-json\/wp\/v2\/users\/1"}],"replies":[{"embeddable":true,"href":"https:\/\/haranta.sk\/en\/wp-json\/wp\/v2\/comments?post=989168"}],"version-history":[{"count":0,"href":"https:\/\/haranta.sk\/en\/wp-json\/wp\/v2\/pages\/989168\/revisions"}],"up":[{"embeddable":true,"href":"https:\/\/haranta.sk\/en\/wp-json\/wp\/v2\/pages\/992346"}],"wp:attachment":[{"href":"https:\/\/haranta.sk\/en\/wp-json\/wp\/v2\/media?parent=989168"}],"curies":[{"name":"wp","href":"https:\/\/api.w.org\/{rel}","templated":true}]}}