{"id":989162,"date":"2023-05-29T21:28:47","date_gmt":"2023-05-29T19:28:47","guid":{"rendered":"http:\/\/haranta.dusanrybar.sk\/?page_id=989162"},"modified":"2023-11-28T20:44:36","modified_gmt":"2023-11-28T19:44:36","slug":"vy-a-vas-okruh-blizkych","status":"publish","type":"page","link":"https:\/\/haranta.sk\/en\/thetahealing\/vy-a-vas-okruh-blizkych\/","title":{"rendered":"Vy a\u00a0v\u00e1\u0161 okruh bl\u00edzkych"},"content":{"rendered":"<div data-elementor-type=\"wp-page\" data-elementor-id=\"989162\" class=\"elementor elementor-989162\" data-elementor-post-type=\"page\">\n\t\t\t\t\t\t\t\t\t<section class=\"elementor-section elementor-top-section elementor-element elementor-element-4a5bf65 elementor-section-boxed elementor-section-height-default elementor-section-height-default\" data-id=\"4a5bf65\" data-element_type=\"section\" data-settings=\"{&quot;background_background&quot;:&quot;classic&quot;,&quot;jet_parallax_layout_list&quot;:[]}\">\n\t\t\t\t\t\t<div class=\"elementor-container elementor-column-gap-no\">\n\t\t\t\t\t<div class=\"elementor-column elementor-col-100 elementor-top-column elementor-element elementor-element-20a2e53\" data-id=\"20a2e53\" data-element_type=\"column\">\n\t\t\t<div class=\"elementor-widget-wrap elementor-element-populated\">\n\t\t\t\t\t\t\t\t<div class=\"elementor-element elementor-element-92cfd5f elementor-invisible elementor-widget elementor-widget-heading\" data-id=\"92cfd5f\" data-element_type=\"widget\" data-settings=\"{&quot;_animation&quot;:&quot;fadeIn&quot;,&quot;_animation_tablet&quot;:&quot;none&quot;,&quot;_animation_mobile&quot;:&quot;none&quot;,&quot;_animation_delay&quot;:300}\" data-widget_type=\"heading.default\">\n\t\t\t\t<div class=\"elementor-widget-container\">\n\t\t\t<h2 class=\"elementor-heading-title elementor-size-default\">Vy a v\u00e1\u0161 okruh bl\u00edzkych<\/h2>\t\t<\/div>\n\t\t\t\t<\/div>\n\t\t\t\t\t<\/div>\n\t\t<\/div>\n\t\t\t\t\t\t\t<\/div>\n\t\t<\/section>\n\t\t\t\t<section class=\"elementor-section elementor-top-section elementor-element elementor-element-cc39a0d elementor-section-boxed elementor-section-height-default elementor-section-height-default\" data-id=\"cc39a0d\" data-element_type=\"section\" data-settings=\"{&quot;background_background&quot;:&quot;classic&quot;,&quot;jet_parallax_layout_list&quot;:[]}\">\n\t\t\t\t\t\t<div class=\"elementor-container elementor-column-gap-no\">\n\t\t\t\t\t<div class=\"elementor-column elementor-col-100 elementor-top-column elementor-element elementor-element-e8491b7\" data-id=\"e8491b7\" data-element_type=\"column\">\n\t\t\t<div class=\"elementor-widget-wrap elementor-element-populated\">\n\t\t\t\t\t\t\t\t<div class=\"elementor-element elementor-element-2e6abc1 elementor-widget__width-initial elementor-widget elementor-widget-text-editor\" data-id=\"2e6abc1\" data-element_type=\"widget\" data-widget_type=\"text-editor.default\">\n\t\t\t\t<div class=\"elementor-widget-container\">\n\t\t\t\t\t\t\t<p style=\"text-align: center;\">Neust\u00e1le rastieme a vyv\u00edjame sa a po\u010das procesu rastu je ve\u013emi d\u00f4le\u017eit\u00e9 ma\u0165 zdrav\u00e9 podporn\u00e9 syst\u00e9my a vz\u0165ahy s \u013eu\u010fmi okolo n\u00e1s. Len s t\u00fdm spr\u00e1vnym podporn\u00fdm t\u00edmom m\u00f4\u017eeme s d\u00f4verou napredova\u0165 \u010falej v \u017eivote<\/p>\t\t\t\t\t\t<\/div>\n\t\t\t\t<\/div>\n\t\t\t\t\t<\/div>\n\t\t<\/div>\n\t\t\t\t\t\t\t<\/div>\n\t\t<\/section>\n\t\t\t\t<section class=\"elementor-section elementor-top-section elementor-element elementor-element-ae51c95 elementor-section-boxed elementor-section-height-default elementor-section-height-default\" data-id=\"ae51c95\" data-element_type=\"section\" data-settings=\"{&quot;background_background&quot;:&quot;classic&quot;,&quot;jet_parallax_layout_list&quot;:[]}\">\n\t\t\t\t\t\t<div class=\"elementor-container elementor-column-gap-no\">\n\t\t\t\t\t<div class=\"elementor-column elementor-col-50 elementor-top-column elementor-element elementor-element-b260edb\" data-id=\"b260edb\" data-element_type=\"column\">\n\t\t\t<div class=\"elementor-widget-wrap elementor-element-populated\">\n\t\t\t\t\t\t\t\t<div class=\"elementor-element elementor-element-f31b31d elementor-invisible elementor-widget elementor-widget-heading\" data-id=\"f31b31d\" data-element_type=\"widget\" data-settings=\"{&quot;_animation&quot;:&quot;fadeInLeft&quot;,&quot;_animation_tablet&quot;:&quot;none&quot;,&quot;_animation_mobile&quot;:&quot;none&quot;,&quot;_animation_delay&quot;:300}\" data-widget_type=\"heading.default\">\n\t\t\t\t<div class=\"elementor-widget-container\">\n\t\t\t<h3 class=\"elementor-heading-title elementor-size-default\">More about the method<\/h3>\t\t<\/div>\n\t\t\t\t<\/div>\n\t\t\t\t<div class=\"elementor-element elementor-element-924a1da elementor-widget__width-initial elementor-widget-tablet__width-inherit elementor-widget elementor-widget-text-editor\" data-id=\"924a1da\" data-element_type=\"widget\" data-widget_type=\"text-editor.default\">\n\t\t\t\t<div class=\"elementor-widget-container\">\n\t\t\t\t\t\t\t<p style=\"text-align: center;\">Tento kurz skuto\u010dne zmen\u00ed v\u00e1\u0161 \u017eivot a priprav\u00ed v\u00e1s na posun vpred t\u00fdm, \u017ee v\u00e1m d\u00e1 jasnos\u0165 a rozli\u0161ovanie o tom, kto by mal by\u0165 s\u00fa\u010das\u0165ou v\u00e1\u0161ho vn\u00fatorn\u00e9ho kruhu bl\u00edzkych a ako na sebe pracova\u0165, aby ste za\u010dali pri\u0165ahova\u0165 t\u00fdch spr\u00e1vnych a podobne zm\u00fd\u0161\u013eaj\u00facich \u013eud\u00ed, aby sa stali s\u00fa\u010das\u0165ou v\u00e1\u0161ho vn\u00fatorn\u00e9ho kruhu.<\/p><p style=\"text-align: center;\">Vy a v\u00e1\u0161 okruh \u013eud\u00ed je navrhnut\u00fd tak, aby v\u00e1m pomohol napredova\u0165 v \u00faspechu vo v\u0161etk\u00fdch aspektoch v\u00e1\u0161ho \u017eivota t\u00fdm, \u017ee okolo v\u00e1s umiestni t\u00fdch spr\u00e1vnych \u013eud\u00ed, rozpoznan\u00edm, kto by mal by\u0165 v\u00e1\u0161 najlep\u0161\u00ed priate\u013e.<\/p><p style=\"text-align: center;\">Na tomto semin\u00e1ri v\u00e1s nau\u010d\u00edme, ako spozna\u0165 v\u00e1\u0161 vn\u00fatorn\u00fd kruh a ako rozozna\u0165, na akom stupni rozvoja s\u00fa \u013eudia okolo v\u00e1s. Uk\u00e1\u017eeme v\u00e1m r\u00f4zne \u0161t\u00e1di\u00e1 mysle: detsk\u00e9 \u0161t\u00e1dium, \u0161t\u00e1dium dospelosti a \u0161t\u00e1dium mudrca<\/p><p style=\"text-align: center;\">Ako terapeuti, ak ste obklopen\u00ed \u013eu\u010fmi, ktor\u00ed potrebuj\u00fa neust\u00e1le povzbudzovanie, budete \u010doskoro vy\u010derpan\u00ed. Preto by niektor\u00ed \u013eudia vo va\u0161om vn\u00fatornom kruhu mali by\u0165 \u013eu\u010fmi, ktor\u00ed v\u00e1m to vr\u00e1tia.<\/p><p style=\"text-align: center;\">Urob\u00edte test, aby ste zistili, v ktorom ment\u00e1lnom v\u00fdvoji mysle ste. Potom sa dozviete, \u010do mus\u00edte urobi\u0165, aby ste sa dostali tam, kde chcete by\u0165.<\/p><p style=\"text-align: center;\">Nau\u010d\u00edme v\u00e1s, pre\u010do sa v\u00e1\u0161 vn\u00fatorn\u00fd kruh nato\u013eko men\u00ed, pre\u010do men\u00edte svojich priate\u013eov okolo a s ak\u00fdmi druhmi priate\u013eov, mus\u00edte by\u0165 obklopen\u00ed, aby ste boli nabit\u00ed energiou a c\u00edtili sa dobre, aby ste mali energiu vraca\u0165 sp\u00e4\u0165 svetu.<\/p><p style=\"text-align: center;\">U\u010d\u00edme v\u00e1s, ako pracova\u0165 so v\u0161etk\u00fdmi f\u00e1zami mysle. Takto pochop\u00edte svojich klientov a \u0161tudentov, kde s\u00fa a m\u00f4\u017eete im pom\u00f4c\u0165 posun\u00fa\u0165 sa vpred.<\/p>\t\t\t\t\t\t<\/div>\n\t\t\t\t<\/div>\n\t\t\t\t\t<\/div>\n\t\t<\/div>\n\t\t\t\t<div class=\"elementor-column elementor-col-50 elementor-top-column elementor-element elementor-element-633d580\" data-id=\"633d580\" data-element_type=\"column\" data-settings=\"{&quot;background_background&quot;:&quot;classic&quot;,&quot;animation_tablet&quot;:&quot;none&quot;,&quot;animation_mobile&quot;:&quot;none&quot;}\">\n\t\t\t<div class=\"elementor-widget-wrap elementor-element-populated\">\n\t\t\t\t\t\t\t\t<div class=\"vamtam-has-theme-widget-styles elementor-element elementor-element-12a233c elementor-invisible elementor-widget elementor-widget-image\" data-id=\"12a233c\" data-element_type=\"widget\" data-settings=\"{&quot;_animation&quot;:&quot;imageGrowWithScaleLeft&quot;,&quot;_animation_tablet&quot;:&quot;none&quot;,&quot;_animation_mobile&quot;:&quot;none&quot;}\" data-widget_type=\"image.default\">\n\t\t\t\t<div class=\"elementor-widget-container\">\n\t\t\t\t\t\t\t<div class=\"elementor-image\">\n\t\t\t\t\t\t\t\t\t\t\t<div class=\"vamtam-image-wrapper\">\n\t\t\t\t\t\t\t\t\t\t\t\t\t\t\t\t\t\t\t\t\t<img fetchpriority=\"high\" decoding=\"async\" width=\"2560\" height=\"1150\" src=\"https:\/\/haranta.sk\/wp-content\/uploads\/2023\/08\/IMG20220723191853-scaled.jpg\" class=\"attachment-full size-full wp-image-991102\" alt=\"\" srcset=\"https:\/\/haranta.sk\/wp-content\/uploads\/2023\/08\/IMG20220723191853-scaled.jpg 2560w, https:\/\/haranta.sk\/wp-content\/uploads\/2023\/08\/IMG20220723191853-scaled-630x283.jpg 630w, https:\/\/haranta.sk\/wp-content\/uploads\/2023\/08\/IMG20220723191853-300x135.jpg 300w, https:\/\/haranta.sk\/wp-content\/uploads\/2023\/08\/IMG20220723191853-1024x460.jpg 1024w, https:\/\/haranta.sk\/wp-content\/uploads\/2023\/08\/IMG20220723191853-768x345.jpg 768w, https:\/\/haranta.sk\/wp-content\/uploads\/2023\/08\/IMG20220723191853-1536x690.jpg 1536w, https:\/\/haranta.sk\/wp-content\/uploads\/2023\/08\/IMG20220723191853-2048x920.jpg 2048w, https:\/\/haranta.sk\/wp-content\/uploads\/2023\/08\/IMG20220723191853-1260x566.jpg 1260w\" sizes=\"(max-width: 2560px) 100vw, 2560px\" \/>\t\t\t\t\t\t\t\t\t\t\t\t\t\t\t\t\t\t\t\t\t\t\t\t\t\t<\/div>\n\t\t\t\t\t\t\t\t\t<\/div>\n\t\t\t\t\t\t<\/div>\n\t\t\t\t<\/div>\n\t\t\t\t\t<\/div>\n\t\t<\/div>\n\t\t\t\t\t\t\t<\/div>\n\t\t<\/section>\n\t\t\t\t<section class=\"elementor-section elementor-top-section elementor-element elementor-element-b8cf11f elementor-section-boxed elementor-section-height-default elementor-section-height-default\" data-id=\"b8cf11f\" data-element_type=\"section\" data-settings=\"{&quot;background_background&quot;:&quot;classic&quot;,&quot;jet_parallax_layout_list&quot;:[]}\">\n\t\t\t\t\t\t<div class=\"elementor-container elementor-column-gap-no\">\n\t\t\t\t\t<div class=\"elementor-column elementor-col-100 elementor-top-column elementor-element elementor-element-42d22e6\" data-id=\"42d22e6\" data-element_type=\"column\">\n\t\t\t<div class=\"elementor-widget-wrap elementor-element-populated\">\n\t\t\t\t\t\t\t\t<div class=\"elementor-element elementor-element-a0ba48b elementor-invisible elementor-widget elementor-widget-heading\" data-id=\"a0ba48b\" data-element_type=\"widget\" data-settings=\"{&quot;_animation&quot;:&quot;fadeIn&quot;,&quot;_animation_tablet&quot;:&quot;none&quot;,&quot;_animation_mobile&quot;:&quot;none&quot;,&quot;_animation_delay&quot;:300}\" data-widget_type=\"heading.default\">\n\t\t\t\t<div class=\"elementor-widget-container\">\n\t\t\t<h2 class=\"elementor-heading-title elementor-size-default\">Tento semin\u00e1r v\u00e1s nau\u010d\u00ed:<\/h2>\t\t<\/div>\n\t\t\t\t<\/div>\n\t\t\t\t\t<\/div>\n\t\t<\/div>\n\t\t\t\t\t\t\t<\/div>\n\t\t<\/section>\n\t\t<div class=\"elementor-element elementor-element-4c99212 e-flex e-con-boxed e-con e-parent\" data-id=\"4c99212\" data-element_type=\"container\" id=\"zoznam\" data-settings=\"{&quot;background_background&quot;:&quot;classic&quot;,&quot;jet_parallax_layout_list&quot;:[],&quot;content_width&quot;:&quot;boxed&quot;}\" data-core-v316-plus=\"true\">\n\t\t\t\t\t<div class=\"e-con-inner\">\n\t\t<div class=\"elementor-element elementor-element-25ac08e e-flex e-con-boxed e-con e-child\" data-id=\"25ac08e\" data-element_type=\"container\" data-settings=\"{&quot;jet_parallax_layout_list&quot;:[],&quot;content_width&quot;:&quot;boxed&quot;}\">\n\t\t\t\t\t<div class=\"e-con-inner\">\n\t\t\t\t<div class=\"elementor-element elementor-element-f04fe33 elementor-align-left elementor-widget elementor-widget-button\" data-id=\"f04fe33\" data-element_type=\"widget\" data-widget_type=\"button.default\">\n\t\t\t\t<div class=\"elementor-widget-container\">\n\t\t\t\t\t<div class=\"elementor-button-wrapper\">\n\t\t\t<a class=\"elementor-button elementor-size-xs\" role=\"button\">\n\t\t\t\t\t\t<span class=\"elementor-button-content-wrapper\">\n\t\t\t\t\t\t<span class=\"elementor-button-icon elementor-align-icon-left\">\n\t\t\t\t<svg aria-hidden=\"true\" class=\"e-font-icon-svg e-fas-check\" viewbox=\"0 0 512 512\" xmlns=\"http:\/\/www.w3.org\/2000\/svg\"><path d=\"M173.898 439.404l-166.4-166.4c-9.997-9.997-9.997-26.206 0-36.204l36.203-36.204c9.997-9.998 26.207-9.998 36.204 0L192 312.69 432.095 72.596c9.997-9.997 26.207-9.997 36.204 0l36.203 36.204c9.997 9.997 9.997 26.206 0 36.204l-294.4 294.401c-9.998 9.997-26.207 9.997-36.204-.001z\"><\/path><\/svg>\t\t\t<\/span>\n\t\t\t\t\t\t<span class=\"elementor-button-text\">Rozpozn\u00e1va\u0165 \u013eud\u00ed vo va\u0161om okol\u00ed<\/span>\n\t\t<\/span>\n\t\t\t\t\t<\/a>\n\t\t<\/div>\n\t\t\t\t<\/div>\n\t\t\t\t<\/div>\n\t\t\t\t<div class=\"elementor-element elementor-element-18aa079 elementor-align-left elementor-widget elementor-widget-button\" data-id=\"18aa079\" data-element_type=\"widget\" data-widget_type=\"button.default\">\n\t\t\t\t<div class=\"elementor-widget-container\">\n\t\t\t\t\t<div class=\"elementor-button-wrapper\">\n\t\t\t<a class=\"elementor-button elementor-size-xs\" role=\"button\">\n\t\t\t\t\t\t<span class=\"elementor-button-content-wrapper\">\n\t\t\t\t\t\t<span class=\"elementor-button-icon elementor-align-icon-left\">\n\t\t\t\t<svg aria-hidden=\"true\" class=\"e-font-icon-svg e-fas-check\" viewbox=\"0 0 512 512\" xmlns=\"http:\/\/www.w3.org\/2000\/svg\"><path d=\"M173.898 439.404l-166.4-166.4c-9.997-9.997-9.997-26.206 0-36.204l36.203-36.204c9.997-9.998 26.207-9.998 36.204 0L192 312.69 432.095 72.596c9.997-9.997 26.207-9.997 36.204 0l36.203 36.204c9.997 9.997 9.997 26.206 0 36.204l-294.4 294.401c-9.998 9.997-26.207 9.997-36.204-.001z\"><\/path><\/svg>\t\t\t<\/span>\n\t\t\t\t\t\t<span class=\"elementor-button-text\">\u010ci s\u00fa vo va\u0161om vn\u00fatornom alebo strednom alebo vonkaj\u0161om kruhu<\/span>\n\t\t<\/span>\n\t\t\t\t\t<\/a>\n\t\t<\/div>\n\t\t\t\t<\/div>\n\t\t\t\t<\/div>\n\t\t\t\t\t<\/div>\n\t\t\t\t<\/div>\n\t\t<div class=\"elementor-element elementor-element-9c8a16e e-flex e-con-boxed e-con e-child\" data-id=\"9c8a16e\" data-element_type=\"container\" data-settings=\"{&quot;jet_parallax_layout_list&quot;:[],&quot;content_width&quot;:&quot;boxed&quot;}\">\n\t\t\t\t\t<div class=\"e-con-inner\">\n\t\t\t\t<div class=\"elementor-element elementor-element-1c8c4a6 elementor-align-left elementor-widget elementor-widget-button\" data-id=\"1c8c4a6\" data-element_type=\"widget\" data-widget_type=\"button.default\">\n\t\t\t\t<div class=\"elementor-widget-container\">\n\t\t\t\t\t<div class=\"elementor-button-wrapper\">\n\t\t\t<a class=\"elementor-button elementor-size-xs\" role=\"button\">\n\t\t\t\t\t\t<span class=\"elementor-button-content-wrapper\">\n\t\t\t\t\t\t<span class=\"elementor-button-icon elementor-align-icon-left\">\n\t\t\t\t<svg aria-hidden=\"true\" class=\"e-font-icon-svg e-fas-check\" viewbox=\"0 0 512 512\" xmlns=\"http:\/\/www.w3.org\/2000\/svg\"><path d=\"M173.898 439.404l-166.4-166.4c-9.997-9.997-9.997-26.206 0-36.204l36.203-36.204c9.997-9.998 26.207-9.998 36.204 0L192 312.69 432.095 72.596c9.997-9.997 26.207-9.997 36.204 0l36.203 36.204c9.997 9.997 9.997 26.206 0 36.204l-294.4 294.401c-9.998 9.997-26.207 9.997-36.204-.001z\"><\/path><\/svg>\t\t\t<\/span>\n\t\t\t\t\t\t<span class=\"elementor-button-text\">V akej \u00farovni v\u00fdvoja je n\u00e1\u0161 mozog a mozgy druh\u00fdch<\/span>\n\t\t<\/span>\n\t\t\t\t\t<\/a>\n\t\t<\/div>\n\t\t\t\t<\/div>\n\t\t\t\t<\/div>\n\t\t\t\t\t<\/div>\n\t\t\t\t<\/div>\n\t\t<div class=\"elementor-element elementor-element-ce5bead e-flex e-con-boxed e-con e-child\" data-id=\"ce5bead\" data-element_type=\"container\" data-settings=\"{&quot;jet_parallax_layout_list&quot;:[],&quot;content_width&quot;:&quot;boxed&quot;}\">\n\t\t\t\t\t<div class=\"e-con-inner\">\n\t\t\t\t<div class=\"elementor-element elementor-element-5ee574c elementor-align-left elementor-widget elementor-widget-button\" data-id=\"5ee574c\" data-element_type=\"widget\" data-widget_type=\"button.default\">\n\t\t\t\t<div class=\"elementor-widget-container\">\n\t\t\t\t\t<div class=\"elementor-button-wrapper\">\n\t\t\t<a class=\"elementor-button elementor-size-xs\" role=\"button\">\n\t\t\t\t\t\t<span class=\"elementor-button-content-wrapper\">\n\t\t\t\t\t\t<span class=\"elementor-button-icon elementor-align-icon-left\">\n\t\t\t\t<svg aria-hidden=\"true\" class=\"e-font-icon-svg e-fas-check\" viewbox=\"0 0 512 512\" xmlns=\"http:\/\/www.w3.org\/2000\/svg\"><path d=\"M173.898 439.404l-166.4-166.4c-9.997-9.997-9.997-26.206 0-36.204l36.203-36.204c9.997-9.998 26.207-9.998 36.204 0L192 312.69 432.095 72.596c9.997-9.997 26.207-9.997 36.204 0l36.203 36.204c9.997 9.997 9.997 26.206 0 36.204l-294.4 294.401c-9.998 9.997-26.207 9.997-36.204-.001z\"><\/path><\/svg>\t\t\t<\/span>\n\t\t\t\t\t\t<span class=\"elementor-button-text\">A ako to zmeni\u0165 a pracova\u0165 s t\u00fdm<\/span>\n\t\t<\/span>\n\t\t\t\t\t<\/a>\n\t\t<\/div>\n\t\t\t\t<\/div>\n\t\t\t\t<\/div>\n\t\t\t\t\t<\/div>\n\t\t\t\t<\/div>\n\t\t\t\t\t<\/div>\n\t\t\t\t<\/div>\n\t\t<div class=\"elementor-element elementor-element-6ba27529 e-flex e-con-boxed e-con e-parent\" data-id=\"6ba27529\" data-element_type=\"container\" data-settings=\"{&quot;jet_parallax_layout_list&quot;:[],&quot;content_width&quot;:&quot;boxed&quot;}\" data-core-v316-plus=\"true\">\n\t\t\t\t\t<div class=\"e-con-inner\">\n\t\t<div class=\"elementor-element elementor-element-55dd1c50 e-con-full e-flex e-con e-child\" data-id=\"55dd1c50\" data-element_type=\"container\" data-settings=\"{&quot;content_width&quot;:&quot;full&quot;,&quot;jet_parallax_layout_list&quot;:[]}\">\n\t\t\t\t<div class=\"elementor-element elementor-element-72cfeaf0 elementor-widget elementor-widget-heading\" data-id=\"72cfeaf0\" data-element_type=\"widget\" data-widget_type=\"heading.default\">\n\t\t\t\t<div class=\"elementor-widget-container\">\n\t\t\t<h2 class=\"elementor-heading-title elementor-size-default\">Information<\/h2>\t\t<\/div>\n\t\t\t\t<\/div>\n\t\t\t\t<div class=\"elementor-element elementor-element-3ae8f117 elementor-widget elementor-widget-text-editor\" data-id=\"3ae8f117\" data-element_type=\"widget\" data-widget_type=\"text-editor.default\">\n\t\t\t\t<div class=\"elementor-widget-container\">\n\t\t\t\t\t\t\t<p><strong>Predpoklady:<\/strong> absolvovan\u00fd z\u00e1kladn\u00fd semin\u00e1r <strong>DNA1<\/strong>, Pokro\u010dil\u00fd semin\u00e1r <strong>DNA2<\/strong> a <strong>Dig Deeper<\/strong>.<\/p><p><strong>Pre prihl\u00e1senie na kurz<\/strong> je potrebn\u00e9 vyplni\u0165 prihlasovac\u00ed formul\u00e1r.<\/p><p>V pr\u00edpade potreby je mo\u017en\u00e9 po\u017eiada\u0165 o<strong> \u0161tipendium<\/strong>.<\/p><p>V pr\u00edpade ot\u00e1zok \u010di z\u00e1ujmu o \u010fal\u0161ie inform\u00e1cie n\u00e1s kontaktujte na: <strong><a href=\"mailto:registracia@haranta.sk\">registracia@haranta.sk<\/a><\/strong><\/p><p>Po\u010det miest na kurze je <strong>limitovan\u00fd<\/strong>. Va\u0161e miesto bude z\u00e1v\u00e4zne rezervovan\u00e9 po zaslan\u00ed prihlasovacieho formul\u00e1ra a po uhraden\u00ed registra\u010dn\u00e9ho poplatku. Viac inform\u00e1ci\u00ed dostane ka\u017ed\u00fd z\u00e1ujemca do mailu.<\/p>\t\t\t\t\t\t<\/div>\n\t\t\t\t<\/div>\n\t\t\t\t<\/div>\n\t\t<div class=\"elementor-element elementor-element-37784e55 e-con-full e-flex e-con e-child\" data-id=\"37784e55\" data-element_type=\"container\" data-settings=\"{&quot;content_width&quot;:&quot;full&quot;,&quot;jet_parallax_layout_list&quot;:[]}\">\n\t\t\t\t<div class=\"elementor-element elementor-element-5884a10e elementor-widget elementor-widget-heading\" data-id=\"5884a10e\" data-element_type=\"widget\" data-widget_type=\"heading.default\">\n\t\t\t\t<div class=\"elementor-widget-container\">\n\t\t\t<h2 class=\"elementor-heading-title elementor-size-default\">Price<\/h2>\t\t<\/div>\n\t\t\t\t<\/div>\n\t\t\t\t<div class=\"elementor-element elementor-element-2cdf25bb elementor-widget elementor-widget-text-editor\" data-id=\"2cdf25bb\" data-element_type=\"widget\" data-widget_type=\"text-editor.default\">\n\t\t\t\t<div class=\"elementor-widget-container\">\n\t\t\t\t\t\t\t<p><strong>Cena semin\u00e1ra<\/strong> (lektorn\u00e9): <strong><span style=\"color: #d45700;\">360\u20ac<\/span><\/strong><\/p>\n<p><strong>REGISTRATION<\/strong>: <strong style=\"color: #d45700;\">69\u20ac<\/strong><\/p>\n<p><strong>Cena spolu za 2 dni<\/strong> <strong style=\"color: #d45700;\">429\u20ac<\/strong><span style=\"color: #000000; font-weight: 100; text-align: var(--text-align); background-color: var( --e-global-color-vamtam_accent_8 ); letter-spacing: var( --e-global-typography-vamtam_primary_font-letter-spacing ); text-transform: var(--vamtam-primary-font-transform,none);\"> (zah\u0155\u0148a: registr\u00e1ciu, lektorn\u00e9, manu\u00e1l, medzin\u00e1rodn\u00fd certifik\u00e1t, ob\u010derstvenie po\u010das semin\u00e1ra, osobn\u00fa asistenciu.)<\/span><\/p>\t\t\t\t\t\t<\/div>\n\t\t\t\t<\/div>\n\t\t\t\t<div class=\"elementor-element elementor-element-6e03d9d6 elementor-align-left elementor-widget elementor-widget-button\" data-id=\"6e03d9d6\" data-element_type=\"widget\" data-widget_type=\"button.default\">\n\t\t\t\t<div class=\"elementor-widget-container\">\n\t\t\t\t\t<div class=\"elementor-button-wrapper\">\n\t\t\t<a class=\"elementor-button elementor-button-link elementor-size-sm\" href=\"https:\/\/haranta.sk\/en\/course\/thetahealing-vy-a-vas-okruh-blizkych\/\">\n\t\t\t\t\t\t<span class=\"elementor-button-content-wrapper\">\n\t\t\t\t\t\t<span class=\"elementor-button-text\">Register for the course<\/span>\n\t\t<\/span>\n\t\t\t\t\t<\/a>\n\t\t<\/div>\n\t\t\t\t<\/div>\n\t\t\t\t<\/div>\n\t\t\t\t<\/div>\n\t\t\t\t\t<\/div>\n\t\t\t\t<\/div>\n\t\t\t\t\t\t\t<\/div>","protected":false},"excerpt":{"rendered":"<p>Vy a v\u00e1\u0161 okruh bl\u00edzkych Neust\u00e1le rastieme a vyv\u00edjame sa a po\u010das procesu rastu je ve\u013emi d\u00f4le\u017eit\u00e9 ma\u0165 zdrav\u00e9 podporn\u00e9 syst\u00e9my a vz\u0165ahy s \u013eu\u010fmi okolo n\u00e1s. Len s t\u00fdm spr\u00e1vnym podporn\u00fdm t\u00edmom m\u00f4\u017eeme s d\u00f4verou napredova\u0165 \u010falej v \u017eivote Viac o met\u00f3de Tento kurz skuto\u010dne zmen\u00ed v\u00e1\u0161 \u017eivot a priprav\u00ed v\u00e1s na posun vpred&#8230;<\/p>","protected":false},"author":1,"featured_media":0,"parent":992346,"menu_order":0,"comment_status":"closed","ping_status":"closed","template":"","meta":{"pmpro_default_level":"","iawp_total_views":7,"footnotes":""},"class_list":["post-989162","page","type-page","status-publish","hentry","pmpro-has-access"],"acf":[],"_links":{"self":[{"href":"https:\/\/haranta.sk\/en\/wp-json\/wp\/v2\/pages\/989162","targetHints":{"allow":["GET"]}}],"collection":[{"href":"https:\/\/haranta.sk\/en\/wp-json\/wp\/v2\/pages"}],"about":[{"href":"https:\/\/haranta.sk\/en\/wp-json\/wp\/v2\/types\/page"}],"author":[{"embeddable":true,"href":"https:\/\/haranta.sk\/en\/wp-json\/wp\/v2\/users\/1"}],"replies":[{"embeddable":true,"href":"https:\/\/haranta.sk\/en\/wp-json\/wp\/v2\/comments?post=989162"}],"version-history":[{"count":0,"href":"https:\/\/haranta.sk\/en\/wp-json\/wp\/v2\/pages\/989162\/revisions"}],"up":[{"embeddable":true,"href":"https:\/\/haranta.sk\/en\/wp-json\/wp\/v2\/pages\/992346"}],"wp:attachment":[{"href":"https:\/\/haranta.sk\/en\/wp-json\/wp\/v2\/media?parent=989162"}],"curies":[{"name":"wp","href":"https:\/\/api.w.org\/{rel}","templated":true}]}}