{"id":989138,"date":"2023-05-29T21:16:00","date_gmt":"2023-05-29T19:16:00","guid":{"rendered":"http:\/\/haranta.dusanrybar.sk\/?page_id=989138"},"modified":"2023-11-28T20:42:04","modified_gmt":"2023-11-28T19:42:04","slug":"vy-a-stvoritel","status":"publish","type":"page","link":"https:\/\/haranta.sk\/en\/thetahealing\/vy-a-stvoritel\/","title":{"rendered":"Vy a stvorite\u013e"},"content":{"rendered":"<div data-elementor-type=\"wp-page\" data-elementor-id=\"989138\" class=\"elementor elementor-989138\" data-elementor-post-type=\"page\">\n\t\t\t\t\t\t\t\t\t<section class=\"elementor-section elementor-top-section elementor-element elementor-element-3db24ac elementor-section-boxed elementor-section-height-default elementor-section-height-default\" data-id=\"3db24ac\" data-element_type=\"section\" data-settings=\"{&quot;background_background&quot;:&quot;classic&quot;,&quot;jet_parallax_layout_list&quot;:[]}\">\n\t\t\t\t\t\t<div class=\"elementor-container elementor-column-gap-no\">\n\t\t\t\t\t<div class=\"elementor-column elementor-col-100 elementor-top-column elementor-element elementor-element-ffd226d\" data-id=\"ffd226d\" data-element_type=\"column\">\n\t\t\t<div class=\"elementor-widget-wrap elementor-element-populated\">\n\t\t\t\t\t\t\t\t<div class=\"elementor-element elementor-element-8ecf029 elementor-invisible elementor-widget elementor-widget-heading\" data-id=\"8ecf029\" data-element_type=\"widget\" data-settings=\"{&quot;_animation&quot;:&quot;fadeIn&quot;,&quot;_animation_tablet&quot;:&quot;none&quot;,&quot;_animation_mobile&quot;:&quot;none&quot;,&quot;_animation_delay&quot;:300}\" data-widget_type=\"heading.default\">\n\t\t\t\t<div class=\"elementor-widget-container\">\n\t\t\t<h2 class=\"elementor-heading-title elementor-size-default\">Vy a stvorite\u013e<\/h2>\t\t<\/div>\n\t\t\t\t<\/div>\n\t\t\t\t\t<\/div>\n\t\t<\/div>\n\t\t\t\t\t\t\t<\/div>\n\t\t<\/section>\n\t\t\t\t<section class=\"elementor-section elementor-top-section elementor-element elementor-element-d8f0138 elementor-section-boxed elementor-section-height-default elementor-section-height-default\" data-id=\"d8f0138\" data-element_type=\"section\" data-settings=\"{&quot;background_background&quot;:&quot;classic&quot;,&quot;jet_parallax_layout_list&quot;:[]}\">\n\t\t\t\t\t\t<div class=\"elementor-container elementor-column-gap-no\">\n\t\t\t\t\t<div class=\"elementor-column elementor-col-100 elementor-top-column elementor-element elementor-element-4b82a05\" data-id=\"4b82a05\" data-element_type=\"column\">\n\t\t\t<div class=\"elementor-widget-wrap elementor-element-populated\">\n\t\t\t\t\t\t\t\t<div class=\"elementor-element elementor-element-f7de6ec elementor-widget__width-initial elementor-widget elementor-widget-text-editor\" data-id=\"f7de6ec\" data-element_type=\"widget\" data-widget_type=\"text-editor.default\">\n\t\t\t\t<div class=\"elementor-widget-container\">\n\t\t\t\t\t\t\t<p style=\"text-align: center;\">V tomto \u017eivote m\u00e1me dosiahnu\u0165 a\u00a0pochopi\u0165 r\u00f4zne \u00farovne l\u00e1sky: l\u00e1sku k sebe sam\u00e9mu, l\u00e1sku k stvorite\u013eovi, l\u00e1sku k v\u00e1\u0161mu partnerovi, ak\u00e9 je to v\u00a0skuto\u010dnosti milova\u0165 svoju rodinu, l\u00e1sku k\u00a0priate\u013eom a\u00a0l\u00e1sku k svetu. Mus\u00edme by\u0165 schopn\u00ed sa ich nau\u010di\u0165, no ako to m\u00f4\u017eeme zvl\u00e1dnu\u0165, ak m\u00e1me v\u00a0sebe programy, ktor\u00e9 hovoria, \u017ee je to nemo\u017en\u00e9?<\/p>\t\t\t\t\t\t<\/div>\n\t\t\t\t<\/div>\n\t\t\t\t\t<\/div>\n\t\t<\/div>\n\t\t\t\t\t\t\t<\/div>\n\t\t<\/section>\n\t\t\t\t<section class=\"elementor-section elementor-top-section elementor-element elementor-element-3b9dd3d elementor-section-boxed elementor-section-height-default elementor-section-height-default\" data-id=\"3b9dd3d\" data-element_type=\"section\" data-settings=\"{&quot;background_background&quot;:&quot;classic&quot;,&quot;jet_parallax_layout_list&quot;:[]}\">\n\t\t\t\t\t\t<div class=\"elementor-container elementor-column-gap-no\">\n\t\t\t\t\t<div class=\"elementor-column elementor-col-50 elementor-top-column elementor-element elementor-element-5a8cd24\" data-id=\"5a8cd24\" data-element_type=\"column\">\n\t\t\t<div class=\"elementor-widget-wrap elementor-element-populated\">\n\t\t\t\t\t\t\t\t<div class=\"elementor-element elementor-element-440ee84 elementor-invisible elementor-widget elementor-widget-heading\" data-id=\"440ee84\" data-element_type=\"widget\" data-settings=\"{&quot;_animation&quot;:&quot;fadeInLeft&quot;,&quot;_animation_tablet&quot;:&quot;none&quot;,&quot;_animation_mobile&quot;:&quot;none&quot;,&quot;_animation_delay&quot;:300}\" data-widget_type=\"heading.default\">\n\t\t\t\t<div class=\"elementor-widget-container\">\n\t\t\t<h3 class=\"elementor-heading-title elementor-size-default\">More about the method<\/h3>\t\t<\/div>\n\t\t\t\t<\/div>\n\t\t\t\t<div class=\"elementor-element elementor-element-9f06d90 elementor-widget__width-initial elementor-widget-tablet__width-inherit elementor-widget elementor-widget-text-editor\" data-id=\"9f06d90\" data-element_type=\"widget\" data-widget_type=\"text-editor.default\">\n\t\t\t\t<div class=\"elementor-widget-container\">\n\t\t\t\t\t\t\t<p style=\"text-align: center;\">N\u00e1\u0161 \u010fal\u0161\u00ed vz\u0165ahov\u00fd semin\u00e1r je <strong>Vy a Stvorite\u013e<\/strong>, kde v\u00e1m ukazujeme a u\u010d\u00edme v\u00e1s, aby ste porozumeli podprahov\u00e9mu mot\u00edvu vlastn\u00e9ho podvedomia. Ako va\u0161e telo skuto\u010dne pracuje pri rie\u0161en\u00ed probl\u00e9mov a ako vlastne pozn\u00e1 rozdiel medzi komunik\u00e1ciou s energiou Stvorite\u013ea a komunik\u00e1ciou s egom alebo s va\u0161im vy\u0161\u0161\u00edm Ja.<\/p><p style=\"text-align: center;\">Pam\u00e4tajte, \u017ee Stvorite\u013e je energia dokonalej a \u010distej l\u00e1sky. Je to pozn\u00e1vaj\u00faca l\u00e1ska, ktor\u00e1 zmen\u00ed v\u00e1\u0161 \u017eivot. T\u00e1to energia, t\u00e1to \u017eivotn\u00e1 sila, je v\u00a0ka\u017edom at\u00f3me, at\u00f3my s\u00fa s\u00fa\u010das\u0165ou v\u00e1s a s\u00fa\u010das\u0165ou v\u0161etk\u00e9ho okolo v\u00e1s. Nau\u010d\u00edme sa rozdiel v rozli\u0161ovan\u00ed a nau\u010d\u00edte sa pracova\u0165 a presmerova\u0165 va\u0161e podvedomie tak, aby pracovalo pre v\u00e1s.<\/p><p style=\"text-align: center;\">Toto je d\u00f4le\u017eit\u00fd semin\u00e1r, preto\u017ee v\u017edy, ke\u010f u\u010d\u00edm semin\u00e1r, niekto sa v\u017edy sp\u00fdta, ako m\u00e1m vedie\u0165, \u010di odpove\u010f, ktor\u00e1 pr\u00edde, je od Stvorite\u013ea?<\/p><p style=\"text-align: center;\">Tento semin\u00e1r v\u00e1s nau\u010d\u00ed, rozpozn\u00e1va\u0165 vedom\u00fa a\u00a0podvedom\u00fa myse\u013e, roz\u010dlenenie jednotliv\u00fdch \u00farovni podvedomia na \u010fal\u0161ie \u010dasti a\u00a0ich pochopenie. Pochopenie, pre\u010do si vytv\u00e1rame niektor\u00e9 situ\u00e1cie a\u00a0ktor\u00e1 \u010das\u0165 v\u00a0na\u0161om podvedom\u00ed je za to zodpovedn\u00e1 a\u00a0ako to cel\u00e9 funguje. Va\u0161e spojenie so stvorite\u013eom sa v\u00fdrazne vylep\u0161\u00ed a\u00a0r\u00fdchlos\u0165 va\u0161ej pr\u00e1ce na sebe alebo s\u00a0klientom sa ur\u00fdchli.<\/p>\t\t\t\t\t\t<\/div>\n\t\t\t\t<\/div>\n\t\t\t\t\t<\/div>\n\t\t<\/div>\n\t\t\t\t<div class=\"elementor-column elementor-col-50 elementor-top-column elementor-element elementor-element-e9a7486\" data-id=\"e9a7486\" data-element_type=\"column\" data-settings=\"{&quot;background_background&quot;:&quot;classic&quot;,&quot;animation_tablet&quot;:&quot;none&quot;,&quot;animation_mobile&quot;:&quot;none&quot;}\">\n\t\t\t<div class=\"elementor-widget-wrap elementor-element-populated\">\n\t\t\t\t\t\t\t\t<div class=\"vamtam-has-theme-widget-styles elementor-element elementor-element-040478e elementor-invisible elementor-widget elementor-widget-image\" data-id=\"040478e\" data-element_type=\"widget\" data-settings=\"{&quot;_animation&quot;:&quot;imageGrowWithScaleLeft&quot;,&quot;_animation_tablet&quot;:&quot;none&quot;,&quot;_animation_mobile&quot;:&quot;none&quot;}\" data-widget_type=\"image.default\">\n\t\t\t\t<div class=\"elementor-widget-container\">\n\t\t\t\t\t\t\t<div class=\"elementor-image\">\n\t\t\t\t\t\t\t\t\t\t\t<div class=\"vamtam-image-wrapper\">\n\t\t\t\t\t\t\t\t\t\t\t\t\t\t\t\t\t\t\t\t\t<img fetchpriority=\"high\" decoding=\"async\" width=\"2560\" height=\"1152\" src=\"https:\/\/haranta.sk\/wp-content\/uploads\/2023\/08\/IMG20220422152917-scaled.jpg\" class=\"attachment-full size-full wp-image-991085\" alt=\"\" srcset=\"https:\/\/haranta.sk\/wp-content\/uploads\/2023\/08\/IMG20220422152917-scaled.jpg 2560w, https:\/\/haranta.sk\/wp-content\/uploads\/2023\/08\/IMG20220422152917-scaled-630x284.jpg 630w, https:\/\/haranta.sk\/wp-content\/uploads\/2023\/08\/IMG20220422152917-300x135.jpg 300w, https:\/\/haranta.sk\/wp-content\/uploads\/2023\/08\/IMG20220422152917-1024x461.jpg 1024w, https:\/\/haranta.sk\/wp-content\/uploads\/2023\/08\/IMG20220422152917-768x346.jpg 768w, https:\/\/haranta.sk\/wp-content\/uploads\/2023\/08\/IMG20220422152917-1536x691.jpg 1536w, https:\/\/haranta.sk\/wp-content\/uploads\/2023\/08\/IMG20220422152917-2048x922.jpg 2048w, https:\/\/haranta.sk\/wp-content\/uploads\/2023\/08\/IMG20220422152917-1260x567.jpg 1260w\" sizes=\"(max-width: 2560px) 100vw, 2560px\" \/>\t\t\t\t\t\t\t\t\t\t\t\t\t\t\t\t\t\t\t\t\t\t\t\t\t\t<\/div>\n\t\t\t\t\t\t\t\t\t<\/div>\n\t\t\t\t\t\t<\/div>\n\t\t\t\t<\/div>\n\t\t\t\t\t<\/div>\n\t\t<\/div>\n\t\t\t\t\t\t\t<\/div>\n\t\t<\/section>\n\t\t\t\t<section class=\"elementor-section elementor-top-section elementor-element elementor-element-3a8aa5a elementor-section-boxed elementor-section-height-default elementor-section-height-default\" data-id=\"3a8aa5a\" data-element_type=\"section\" data-settings=\"{&quot;background_background&quot;:&quot;classic&quot;,&quot;jet_parallax_layout_list&quot;:[]}\">\n\t\t\t\t\t\t<div class=\"elementor-container elementor-column-gap-no\">\n\t\t\t\t\t<div class=\"elementor-column elementor-col-100 elementor-top-column elementor-element elementor-element-a6e0823\" data-id=\"a6e0823\" data-element_type=\"column\">\n\t\t\t<div class=\"elementor-widget-wrap elementor-element-populated\">\n\t\t\t\t\t\t\t\t<div class=\"elementor-element elementor-element-788769c elementor-invisible elementor-widget elementor-widget-heading\" data-id=\"788769c\" data-element_type=\"widget\" data-settings=\"{&quot;_animation&quot;:&quot;fadeIn&quot;,&quot;_animation_tablet&quot;:&quot;none&quot;,&quot;_animation_mobile&quot;:&quot;none&quot;,&quot;_animation_delay&quot;:300}\" data-widget_type=\"heading.default\">\n\t\t\t\t<div class=\"elementor-widget-container\">\n\t\t\t<h2 class=\"elementor-heading-title elementor-size-default\">T\u00e9my semin\u00e1ru s\u00fa<\/h2>\t\t<\/div>\n\t\t\t\t<\/div>\n\t\t\t\t\t<\/div>\n\t\t<\/div>\n\t\t\t\t\t\t\t<\/div>\n\t\t<\/section>\n\t\t<div class=\"elementor-element elementor-element-02264ce e-flex e-con-boxed e-con e-parent\" data-id=\"02264ce\" data-element_type=\"container\" id=\"zoznam\" data-settings=\"{&quot;background_background&quot;:&quot;classic&quot;,&quot;jet_parallax_layout_list&quot;:[],&quot;content_width&quot;:&quot;boxed&quot;}\" data-core-v316-plus=\"true\">\n\t\t\t\t\t<div class=\"e-con-inner\">\n\t\t<div class=\"elementor-element elementor-element-e3b7157 e-flex e-con-boxed e-con e-child\" data-id=\"e3b7157\" data-element_type=\"container\" data-settings=\"{&quot;jet_parallax_layout_list&quot;:[],&quot;content_width&quot;:&quot;boxed&quot;}\">\n\t\t\t\t\t<div class=\"e-con-inner\">\n\t\t\t\t<div class=\"elementor-element elementor-element-a99daa9 elementor-align-left elementor-widget elementor-widget-button\" data-id=\"a99daa9\" data-element_type=\"widget\" data-widget_type=\"button.default\">\n\t\t\t\t<div class=\"elementor-widget-container\">\n\t\t\t\t\t<div class=\"elementor-button-wrapper\">\n\t\t\t<a class=\"elementor-button elementor-size-xs\" role=\"button\">\n\t\t\t\t\t\t<span class=\"elementor-button-content-wrapper\">\n\t\t\t\t\t\t<span class=\"elementor-button-icon elementor-align-icon-left\">\n\t\t\t\t<svg aria-hidden=\"true\" class=\"e-font-icon-svg e-fas-check\" viewbox=\"0 0 512 512\" xmlns=\"http:\/\/www.w3.org\/2000\/svg\"><path d=\"M173.898 439.404l-166.4-166.4c-9.997-9.997-9.997-26.206 0-36.204l36.203-36.204c9.997-9.998 26.207-9.998 36.204 0L192 312.69 432.095 72.596c9.997-9.997 26.207-9.997 36.204 0l36.203 36.204c9.997 9.997 9.997 26.206 0 36.204l-294.4 294.401c-9.998 9.997-26.207 9.997-36.204-.001z\"><\/path><\/svg>\t\t\t<\/span>\n\t\t\t\t\t\t<span class=\"elementor-button-text\">Vedom\u00e1 a\u00a0podvedom\u00e1 myse\u013e<\/span>\n\t\t<\/span>\n\t\t\t\t\t<\/a>\n\t\t<\/div>\n\t\t\t\t<\/div>\n\t\t\t\t<\/div>\n\t\t\t\t<div class=\"elementor-element elementor-element-d1a2393 elementor-align-left elementor-widget elementor-widget-button\" data-id=\"d1a2393\" data-element_type=\"widget\" data-widget_type=\"button.default\">\n\t\t\t\t<div class=\"elementor-widget-container\">\n\t\t\t\t\t<div class=\"elementor-button-wrapper\">\n\t\t\t<a class=\"elementor-button elementor-size-xs\" role=\"button\">\n\t\t\t\t\t\t<span class=\"elementor-button-content-wrapper\">\n\t\t\t\t\t\t<span class=\"elementor-button-icon elementor-align-icon-left\">\n\t\t\t\t<svg aria-hidden=\"true\" class=\"e-font-icon-svg e-fas-check\" viewbox=\"0 0 512 512\" xmlns=\"http:\/\/www.w3.org\/2000\/svg\"><path d=\"M173.898 439.404l-166.4-166.4c-9.997-9.997-9.997-26.206 0-36.204l36.203-36.204c9.997-9.998 26.207-9.998 36.204 0L192 312.69 432.095 72.596c9.997-9.997 26.207-9.997 36.204 0l36.203 36.204c9.997 9.997 9.997 26.206 0 36.204l-294.4 294.401c-9.998 9.997-26.207 9.997-36.204-.001z\"><\/path><\/svg>\t\t\t<\/span>\n\t\t\t\t\t\t<span class=\"elementor-button-text\">Podprahov\u00e9 mot\u00edvy<\/span>\n\t\t<\/span>\n\t\t\t\t\t<\/a>\n\t\t<\/div>\n\t\t\t\t<\/div>\n\t\t\t\t<\/div>\n\t\t\t\t\t<\/div>\n\t\t\t\t<\/div>\n\t\t<div class=\"elementor-element elementor-element-19c8abe e-flex e-con-boxed e-con e-child\" data-id=\"19c8abe\" data-element_type=\"container\" data-settings=\"{&quot;jet_parallax_layout_list&quot;:[],&quot;content_width&quot;:&quot;boxed&quot;}\">\n\t\t\t\t\t<div class=\"e-con-inner\">\n\t\t\t\t<div class=\"elementor-element elementor-element-bf85c4c elementor-align-left elementor-widget elementor-widget-button\" data-id=\"bf85c4c\" data-element_type=\"widget\" data-widget_type=\"button.default\">\n\t\t\t\t<div class=\"elementor-widget-container\">\n\t\t\t\t\t<div class=\"elementor-button-wrapper\">\n\t\t\t<a class=\"elementor-button elementor-size-xs\" role=\"button\">\n\t\t\t\t\t\t<span class=\"elementor-button-content-wrapper\">\n\t\t\t\t\t\t<span class=\"elementor-button-icon elementor-align-icon-left\">\n\t\t\t\t<svg aria-hidden=\"true\" class=\"e-font-icon-svg e-fas-check\" viewbox=\"0 0 512 512\" xmlns=\"http:\/\/www.w3.org\/2000\/svg\"><path d=\"M173.898 439.404l-166.4-166.4c-9.997-9.997-9.997-26.206 0-36.204l36.203-36.204c9.997-9.998 26.207-9.998 36.204 0L192 312.69 432.095 72.596c9.997-9.997 26.207-9.997 36.204 0l36.203 36.204c9.997 9.997 9.997 26.206 0 36.204l-294.4 294.401c-9.998 9.997-26.207 9.997-36.204-.001z\"><\/path><\/svg>\t\t\t<\/span>\n\t\t\t\t\t\t<span class=\"elementor-button-text\">Rozdiel medzi hlasmi v n\u00e1s a hlasmi z r\u00f4znych \u00farovn\u00ed<\/span>\n\t\t<\/span>\n\t\t\t\t\t<\/a>\n\t\t<\/div>\n\t\t\t\t<\/div>\n\t\t\t\t<\/div>\n\t\t\t\t\t<\/div>\n\t\t\t\t<\/div>\n\t\t<div class=\"elementor-element elementor-element-ebdbf50 e-flex e-con-boxed e-con e-child\" data-id=\"ebdbf50\" data-element_type=\"container\" data-settings=\"{&quot;jet_parallax_layout_list&quot;:[],&quot;content_width&quot;:&quot;boxed&quot;}\">\n\t\t\t\t\t<div class=\"e-con-inner\">\n\t\t\t\t<div class=\"elementor-element elementor-element-98d790b elementor-align-left elementor-widget elementor-widget-button\" data-id=\"98d790b\" data-element_type=\"widget\" data-widget_type=\"button.default\">\n\t\t\t\t<div class=\"elementor-widget-container\">\n\t\t\t\t\t<div class=\"elementor-button-wrapper\">\n\t\t\t<a class=\"elementor-button elementor-size-xs\" role=\"button\">\n\t\t\t\t\t\t<span class=\"elementor-button-content-wrapper\">\n\t\t\t\t\t\t<span class=\"elementor-button-icon elementor-align-icon-left\">\n\t\t\t\t<svg aria-hidden=\"true\" class=\"e-font-icon-svg e-fas-check\" viewbox=\"0 0 512 512\" xmlns=\"http:\/\/www.w3.org\/2000\/svg\"><path d=\"M173.898 439.404l-166.4-166.4c-9.997-9.997-9.997-26.206 0-36.204l36.203-36.204c9.997-9.998 26.207-9.998 36.204 0L192 312.69 432.095 72.596c9.997-9.997 26.207-9.997 36.204 0l36.203 36.204c9.997 9.997 9.997 26.206 0 36.204l-294.4 294.401c-9.998 9.997-26.207 9.997-36.204-.001z\"><\/path><\/svg>\t\t\t<\/span>\n\t\t\t\t\t\t<span class=\"elementor-button-text\">Mnoh\u00e9 \u010fal\u0161ie<\/span>\n\t\t<\/span>\n\t\t\t\t\t<\/a>\n\t\t<\/div>\n\t\t\t\t<\/div>\n\t\t\t\t<\/div>\n\t\t\t\t\t<\/div>\n\t\t\t\t<\/div>\n\t\t\t\t\t<\/div>\n\t\t\t\t<\/div>\n\t\t<div class=\"elementor-element elementor-element-59e8d330 e-flex e-con-boxed e-con e-parent\" data-id=\"59e8d330\" data-element_type=\"container\" data-settings=\"{&quot;jet_parallax_layout_list&quot;:[],&quot;content_width&quot;:&quot;boxed&quot;}\" data-core-v316-plus=\"true\">\n\t\t\t\t\t<div class=\"e-con-inner\">\n\t\t<div class=\"elementor-element elementor-element-7288dedf e-con-full e-flex e-con e-child\" data-id=\"7288dedf\" data-element_type=\"container\" data-settings=\"{&quot;content_width&quot;:&quot;full&quot;,&quot;jet_parallax_layout_list&quot;:[]}\">\n\t\t\t\t<div class=\"elementor-element elementor-element-295d66b2 elementor-widget elementor-widget-heading\" data-id=\"295d66b2\" data-element_type=\"widget\" data-widget_type=\"heading.default\">\n\t\t\t\t<div class=\"elementor-widget-container\">\n\t\t\t<h2 class=\"elementor-heading-title elementor-size-default\">Information<\/h2>\t\t<\/div>\n\t\t\t\t<\/div>\n\t\t\t\t<div class=\"elementor-element elementor-element-4a694ff elementor-widget elementor-widget-text-editor\" data-id=\"4a694ff\" data-element_type=\"widget\" data-widget_type=\"text-editor.default\">\n\t\t\t\t<div class=\"elementor-widget-container\">\n\t\t\t\t\t\t\t<p><strong>Predpoklady:<\/strong> absolvovan\u00fd z\u00e1kladn\u00fd semin\u00e1r <strong>DNA1<\/strong>, Pokro\u010dil\u00fd semin\u00e1r <strong>DNA2 <\/strong>a <strong>Dig Deeper<\/strong>.<\/p><p><strong>Pre prihl\u00e1senie na kurz<\/strong> je potrebn\u00e9 vyplni\u0165 prihlasovac\u00ed formul\u00e1r.<\/p><p>V pr\u00edpade potreby je mo\u017en\u00e9 po\u017eiada\u0165 o<strong> \u0161tipendium<\/strong>.<\/p><p>V pr\u00edpade ot\u00e1zok \u010di z\u00e1ujmu o \u010fal\u0161ie inform\u00e1cie n\u00e1s kontaktujte na: <strong><a href=\"mailto:registracia@haranta.sk\">registracia@haranta.sk<\/a><\/strong><\/p><p>Po\u010det miest na kurze je <strong>limitovan\u00fd<\/strong>. Va\u0161e miesto bude z\u00e1v\u00e4zne rezervovan\u00e9 po zaslan\u00ed prihlasovacieho formul\u00e1ra a po uhraden\u00ed registra\u010dn\u00e9ho poplatku. Viac inform\u00e1ci\u00ed dostane ka\u017ed\u00fd z\u00e1ujemca do mailu.<\/p>\t\t\t\t\t\t<\/div>\n\t\t\t\t<\/div>\n\t\t\t\t<\/div>\n\t\t<div class=\"elementor-element elementor-element-2260abbd e-con-full e-flex e-con e-child\" data-id=\"2260abbd\" data-element_type=\"container\" data-settings=\"{&quot;content_width&quot;:&quot;full&quot;,&quot;jet_parallax_layout_list&quot;:[]}\">\n\t\t\t\t<div class=\"elementor-element elementor-element-1efe8e7b elementor-widget elementor-widget-heading\" data-id=\"1efe8e7b\" data-element_type=\"widget\" data-widget_type=\"heading.default\">\n\t\t\t\t<div class=\"elementor-widget-container\">\n\t\t\t<h2 class=\"elementor-heading-title elementor-size-default\">Price<\/h2>\t\t<\/div>\n\t\t\t\t<\/div>\n\t\t\t\t<div class=\"elementor-element elementor-element-cef3c67 elementor-widget elementor-widget-text-editor\" data-id=\"cef3c67\" data-element_type=\"widget\" data-widget_type=\"text-editor.default\">\n\t\t\t\t<div class=\"elementor-widget-container\">\n\t\t\t\t\t\t\t<p><strong>Cena semin\u00e1ra<\/strong> (lektorn\u00e9): <strong><span style=\"color: #d45700;\">360\u20ac<\/span><\/strong><\/p>\n<p><strong>REGISTRATION<\/strong>: <strong style=\"color: #d45700;\">69\u20ac<\/strong><\/p>\n<p><strong>Cena spolu za 2 dni<\/strong> <strong style=\"color: #d45700;\">429\u20ac<\/strong><span style=\"font-weight: 100; color: #000000;\">&nbsp;(zah\u0155\u0148a: registr\u00e1ciu, lektorn\u00e9, medzin\u00e1rodn\u00fd certifik\u00e1t a knihu od Vianny Stibal, ob\u010derstvenie po\u010das semin\u00e1ra, osobn\u00fa asistenciu.)<\/span><\/p>\t\t\t\t\t\t<\/div>\n\t\t\t\t<\/div>\n\t\t\t\t<div class=\"elementor-element elementor-element-b311ef9 elementor-align-left elementor-widget elementor-widget-button\" data-id=\"b311ef9\" data-element_type=\"widget\" data-widget_type=\"button.default\">\n\t\t\t\t<div class=\"elementor-widget-container\">\n\t\t\t\t\t<div class=\"elementor-button-wrapper\">\n\t\t\t<a class=\"elementor-button elementor-button-link elementor-size-sm\" href=\"https:\/\/haranta.sk\/en\/course\/thetahealing-vy-a-stvoritel\/\">\n\t\t\t\t\t\t<span class=\"elementor-button-content-wrapper\">\n\t\t\t\t\t\t<span class=\"elementor-button-text\">Register for the course<\/span>\n\t\t<\/span>\n\t\t\t\t\t<\/a>\n\t\t<\/div>\n\t\t\t\t<\/div>\n\t\t\t\t<\/div>\n\t\t\t\t<\/div>\n\t\t\t\t\t<\/div>\n\t\t\t\t<\/div>\n\t\t\t\t\t\t\t<\/div>","protected":false},"excerpt":{"rendered":"<p>Vy a stvorite\u013e V tomto \u017eivote m\u00e1me dosiahnu\u0165 a\u00a0pochopi\u0165 r\u00f4zne \u00farovne l\u00e1sky: l\u00e1sku k sebe sam\u00e9mu, l\u00e1sku k stvorite\u013eovi, l\u00e1sku k v\u00e1\u0161mu partnerovi, ak\u00e9 je to v\u00a0skuto\u010dnosti milova\u0165 svoju rodinu, l\u00e1sku k\u00a0priate\u013eom a\u00a0l\u00e1sku k svetu. Mus\u00edme by\u0165 schopn\u00ed sa ich nau\u010di\u0165, no ako to m\u00f4\u017eeme zvl\u00e1dnu\u0165, ak m\u00e1me v\u00a0sebe programy, ktor\u00e9 hovoria, \u017ee je to&#8230;<\/p>","protected":false},"author":1,"featured_media":0,"parent":992346,"menu_order":0,"comment_status":"closed","ping_status":"closed","template":"","meta":{"pmpro_default_level":"","iawp_total_views":4,"footnotes":""},"class_list":["post-989138","page","type-page","status-publish","hentry","pmpro-has-access"],"acf":[],"_links":{"self":[{"href":"https:\/\/haranta.sk\/en\/wp-json\/wp\/v2\/pages\/989138","targetHints":{"allow":["GET"]}}],"collection":[{"href":"https:\/\/haranta.sk\/en\/wp-json\/wp\/v2\/pages"}],"about":[{"href":"https:\/\/haranta.sk\/en\/wp-json\/wp\/v2\/types\/page"}],"author":[{"embeddable":true,"href":"https:\/\/haranta.sk\/en\/wp-json\/wp\/v2\/users\/1"}],"replies":[{"embeddable":true,"href":"https:\/\/haranta.sk\/en\/wp-json\/wp\/v2\/comments?post=989138"}],"version-history":[{"count":0,"href":"https:\/\/haranta.sk\/en\/wp-json\/wp\/v2\/pages\/989138\/revisions"}],"up":[{"embeddable":true,"href":"https:\/\/haranta.sk\/en\/wp-json\/wp\/v2\/pages\/992346"}],"wp:attachment":[{"href":"https:\/\/haranta.sk\/en\/wp-json\/wp\/v2\/media?parent=989138"}],"curies":[{"name":"wp","href":"https:\/\/api.w.org\/{rel}","templated":true}]}}