{"id":989131,"date":"2023-05-29T21:04:19","date_gmt":"2023-05-29T19:04:19","guid":{"rendered":"http:\/\/haranta.dusanrybar.sk\/?page_id=989131"},"modified":"2025-07-18T11:28:21","modified_gmt":"2025-07-18T09:28:21","slug":"dig-deeper","status":"publish","type":"page","link":"https:\/\/haranta.sk\/en\/thetahealing\/dig-deeper\/","title":{"rendered":"Dig Deeper"},"content":{"rendered":"<div data-elementor-type=\"wp-page\" data-elementor-id=\"989131\" class=\"elementor elementor-989131\" data-elementor-post-type=\"page\">\n\t\t\t\t\t\t\t\t\t<section class=\"elementor-section elementor-top-section elementor-element elementor-element-7c2e38d elementor-section-boxed elementor-section-height-default elementor-section-height-default\" data-id=\"7c2e38d\" data-element_type=\"section\" data-settings=\"{&quot;background_background&quot;:&quot;classic&quot;,&quot;jet_parallax_layout_list&quot;:[]}\">\n\t\t\t\t\t\t<div class=\"elementor-container elementor-column-gap-no\">\n\t\t\t\t\t<div class=\"elementor-column elementor-col-100 elementor-top-column elementor-element elementor-element-dc05f9b\" data-id=\"dc05f9b\" data-element_type=\"column\">\n\t\t\t<div class=\"elementor-widget-wrap elementor-element-populated\">\n\t\t\t\t\t\t\t\t<div class=\"elementor-element elementor-element-9f1da07 elementor-invisible elementor-widget elementor-widget-heading\" data-id=\"9f1da07\" data-element_type=\"widget\" data-settings=\"{&quot;_animation&quot;:&quot;fadeIn&quot;,&quot;_animation_tablet&quot;:&quot;none&quot;,&quot;_animation_mobile&quot;:&quot;none&quot;,&quot;_animation_delay&quot;:300}\" data-widget_type=\"heading.default\">\n\t\t\t\t<div class=\"elementor-widget-container\">\n\t\t\t<h2 class=\"elementor-heading-title elementor-size-default\">Dig Deeper<\/h2>\t\t<\/div>\n\t\t\t\t<\/div>\n\t\t\t\t\t<\/div>\n\t\t<\/div>\n\t\t\t\t\t\t\t<\/div>\n\t\t<\/section>\n\t\t\t\t<section class=\"elementor-section elementor-top-section elementor-element elementor-element-a6bbff2 elementor-section-boxed elementor-section-height-default elementor-section-height-default\" data-id=\"a6bbff2\" data-element_type=\"section\" data-settings=\"{&quot;background_background&quot;:&quot;classic&quot;,&quot;jet_parallax_layout_list&quot;:[]}\">\n\t\t\t\t\t\t<div class=\"elementor-container elementor-column-gap-no\">\n\t\t\t\t\t<div class=\"elementor-column elementor-col-100 elementor-top-column elementor-element elementor-element-644f28d\" data-id=\"644f28d\" data-element_type=\"column\">\n\t\t\t<div class=\"elementor-widget-wrap elementor-element-populated\">\n\t\t\t\t\t\t\t\t<div class=\"elementor-element elementor-element-844fe28 elementor-widget__width-initial elementor-widget elementor-widget-text-editor\" data-id=\"844fe28\" data-element_type=\"widget\" data-widget_type=\"text-editor.default\">\n\t\t\t\t<div class=\"elementor-widget-container\">\n\t\t\t\t\t\t\t<p style=\"text-align: center;\">Jeden z\u00a0najd\u00f4le\u017eitej\u0161\u00edch semin\u00e1rov <strong>The ThetaHealing\u00ae<\/strong>, kde sa nau\u010d\u00edte techniky, ako efekt\u00edvnej\u0161ie a\u00a0r\u00fdchlej\u0161ie dok\u00e1\u017eete odhali\u0165 u\u00a0klientov alebo u\u00a0seba podstatu probl\u00e9mu, ktor\u00fd rie\u0161ite a\u00a0hravo si s\u00a0n\u00edm porad\u00edte.<\/p>\t\t\t\t\t\t<\/div>\n\t\t\t\t<\/div>\n\t\t\t\t\t<\/div>\n\t\t<\/div>\n\t\t\t\t\t\t\t<\/div>\n\t\t<\/section>\n\t\t\t\t<section class=\"elementor-section elementor-top-section elementor-element elementor-element-aafbc68 elementor-section-boxed elementor-section-height-default elementor-section-height-default\" data-id=\"aafbc68\" data-element_type=\"section\" data-settings=\"{&quot;background_background&quot;:&quot;classic&quot;,&quot;jet_parallax_layout_list&quot;:[]}\">\n\t\t\t\t\t\t<div class=\"elementor-container elementor-column-gap-no\">\n\t\t\t\t\t<div class=\"elementor-column elementor-col-50 elementor-top-column elementor-element elementor-element-24270bc\" data-id=\"24270bc\" data-element_type=\"column\">\n\t\t\t<div class=\"elementor-widget-wrap elementor-element-populated\">\n\t\t\t\t\t\t\t\t<div class=\"elementor-element elementor-element-c770dc9 elementor-invisible elementor-widget elementor-widget-heading\" data-id=\"c770dc9\" data-element_type=\"widget\" data-settings=\"{&quot;_animation&quot;:&quot;fadeInLeft&quot;,&quot;_animation_tablet&quot;:&quot;none&quot;,&quot;_animation_mobile&quot;:&quot;none&quot;,&quot;_animation_delay&quot;:300}\" data-widget_type=\"heading.default\">\n\t\t\t\t<div class=\"elementor-widget-container\">\n\t\t\t<h3 class=\"elementor-heading-title elementor-size-default\">More about the method<\/h3>\t\t<\/div>\n\t\t\t\t<\/div>\n\t\t\t\t<div class=\"elementor-element elementor-element-0c7d7dd elementor-widget__width-initial elementor-widget-tablet__width-inherit elementor-widget elementor-widget-text-editor\" data-id=\"0c7d7dd\" data-element_type=\"widget\" data-widget_type=\"text-editor.default\">\n\t\t\t\t<div class=\"elementor-widget-container\">\n\t\t\t\t\t\t\t<p style=\"text-align: center;\">Met\u00f3da <strong>ThetaHealing<\/strong> je \u00fa\u017easn\u00fdm n\u00e1strojom, ktor\u00fd n\u00e1m v\u010faka technike \u201edolovania\u201c umo\u017e\u0148uje dosta\u0165 sa a\u017e ku kore\u0148om na\u0161ich probl\u00e9mov. Tento pr\u00edstup zalo\u017een\u00fd na rozpr\u00e1van\u00ed o\u00a0udalostiach umo\u017e\u0148uje \u013eahko objavi\u0165 unikaj\u00face a hlbok\u00e9 podvedom\u00e9 my\u0161lienky a presved\u010denia, ktor\u00e9 n\u00e1s m\u00f4\u017eu blokova\u0165, a\u00a0n\u00e1sledne ich technikou <strong>ThetaHealing<\/strong>\u00a0prostredn\u00edctvom bezpodmiene\u010dnej l\u00e1sky a\u00a0pr\u00e1ce s\u00a0presved\u010deniami a\u00a0pocitmi odstr\u00e1ni\u0165.<\/p><p style=\"text-align: center;\">Semin\u00e1r je navrhnut\u00fd tak, aby v\u0161etci terapeuti met\u00f3dy <strong>ThetaHealing<\/strong> dobre zvl\u00e1dli t\u00fato d\u00f4le\u017eit\u00fa techniku. Z\u00edskate sol\u00eddne z\u00e1klady, tipy a techniky, ktor\u00e9 potrebujete na to, aby ste si mohli by\u0165 ist\u00ed, \u017ee sa v\u00e1m u\u00a0svojich klientov podar\u00ed vydolova\u0165 k\u013e\u00fa\u010dov\u00e9 z\u00e1kladn\u00e9 presved\u010denia. Ak sa v\u00e1m nepodar\u00ed \u00faspe\u0161ne identifikova\u0165 skuto\u010dn\u00e9 srdce a p\u00f4vod probl\u00e9mu, nebudete vedie\u0165 ak\u00e9 presved\u010denie zmeni\u0165. To m\u00f4\u017ee sp\u00f4sobi\u0165, \u017ee zmeny, ktor\u00e9 urob\u00edte bud\u00fa iba do\u010dasn\u00e9 a\u00a0neodstr\u00e1nen\u00e9 negat\u00edvne presved\u010denia bud\u00fa prek\u00e1\u017ekou skuto\u010dn\u00e9mu uzdraveniu.<\/p><p style=\"text-align: center;\">Tento semin\u00e1r v\u00e1m umo\u017en\u00ed pom\u00f4c\u0165\u00a0svojim klientom pochopi\u0165 svoje vlastn\u00e9 spr\u00e1vanie a \u017eivot, a\u00a0urobi\u0165 lie\u010div\u00e9 zmeny, v\u010faka ktor\u00fdm bud\u00fa ma\u0165 po skon\u010den\u00ed terapie pocit jasnosti a vyrovnanosti.<\/p>\t\t\t\t\t\t<\/div>\n\t\t\t\t<\/div>\n\t\t\t\t\t<\/div>\n\t\t<\/div>\n\t\t\t\t<div class=\"elementor-column elementor-col-50 elementor-top-column elementor-element elementor-element-bb8354e\" data-id=\"bb8354e\" data-element_type=\"column\" data-settings=\"{&quot;background_background&quot;:&quot;classic&quot;,&quot;animation_tablet&quot;:&quot;none&quot;,&quot;animation_mobile&quot;:&quot;none&quot;}\">\n\t\t\t<div class=\"elementor-widget-wrap elementor-element-populated\">\n\t\t\t\t\t\t\t\t<div class=\"vamtam-has-theme-widget-styles elementor-element elementor-element-c50228e elementor-invisible elementor-widget elementor-widget-image\" data-id=\"c50228e\" data-element_type=\"widget\" data-settings=\"{&quot;_animation&quot;:&quot;imageGrowWithScaleLeft&quot;,&quot;_animation_tablet&quot;:&quot;none&quot;,&quot;_animation_mobile&quot;:&quot;none&quot;}\" data-widget_type=\"image.default\">\n\t\t\t\t<div class=\"elementor-widget-container\">\n\t\t\t\t\t\t\t<div class=\"elementor-image\">\n\t\t\t\t\t\t\t\t\t\t\t<div class=\"vamtam-image-wrapper\">\n\t\t\t\t\t\t\t\t\t\t\t\t\t\t\t\t\t\t\t\t\t<img decoding=\"async\" width=\"256\" height=\"175\" src=\"https:\/\/haranta.sk\/wp-content\/uploads\/2023\/08\/dig-deeper.jpg\" class=\"attachment-full size-full wp-image-991081\" alt=\"\" \/>\t\t\t\t\t\t\t\t\t\t\t\t\t\t\t\t\t\t\t\t\t\t\t\t\t\t<\/div>\n\t\t\t\t\t\t\t\t\t<\/div>\n\t\t\t\t\t\t<\/div>\n\t\t\t\t<\/div>\n\t\t\t\t\t<\/div>\n\t\t<\/div>\n\t\t\t\t\t\t\t<\/div>\n\t\t<\/section>\n\t\t<div class=\"elementor-element elementor-element-19faa7b0 e-flex e-con-boxed e-con e-parent\" data-id=\"19faa7b0\" data-element_type=\"container\" data-settings=\"{&quot;jet_parallax_layout_list&quot;:[],&quot;content_width&quot;:&quot;boxed&quot;}\" data-core-v316-plus=\"true\">\n\t\t\t\t\t<div class=\"e-con-inner\">\n\t\t<div class=\"elementor-element elementor-element-25c180b0 e-con-full e-flex e-con e-child\" data-id=\"25c180b0\" data-element_type=\"container\" data-settings=\"{&quot;content_width&quot;:&quot;full&quot;,&quot;jet_parallax_layout_list&quot;:[]}\">\n\t\t\t\t<div class=\"elementor-element elementor-element-459f015b elementor-widget elementor-widget-heading\" data-id=\"459f015b\" data-element_type=\"widget\" data-widget_type=\"heading.default\">\n\t\t\t\t<div class=\"elementor-widget-container\">\n\t\t\t<h2 class=\"elementor-heading-title elementor-size-default\">Information<\/h2>\t\t<\/div>\n\t\t\t\t<\/div>\n\t\t\t\t<div class=\"elementor-element elementor-element-559d77d7 elementor-widget elementor-widget-text-editor\" data-id=\"559d77d7\" data-element_type=\"widget\" data-widget_type=\"text-editor.default\">\n\t\t\t\t<div class=\"elementor-widget-container\">\n\t\t\t\t\t\t\t<p><strong>Predpoklady:<\/strong> absolvovan\u00fd z\u00e1kladn\u00fd semin\u00e1r<strong> DNA1<\/strong> a Pokro\u010dil\u00fd semin\u00e1r<strong> DNA2<\/strong>.<\/p><p><strong>Pre prihl\u00e1senie na kurz<\/strong> je potrebn\u00e9 vyplni\u0165 prihlasovac\u00ed formul\u00e1r.<\/p><p>V pr\u00edpade potreby je mo\u017en\u00e9 po\u017eiada\u0165 o<strong> \u0161tipendium<\/strong>.<\/p><p>V pr\u00edpade ot\u00e1zok \u010di z\u00e1ujmu o \u010fal\u0161ie inform\u00e1cie n\u00e1s kontaktujte na: <strong><a href=\"mailto:registracia@haranta.sk\">registracia@haranta.sk<\/a><\/strong><\/p><p>Po\u010det miest na kurze je <strong>limitovan\u00fd<\/strong>. Va\u0161e miesto bude z\u00e1v\u00e4zne rezervovan\u00e9 po zaslan\u00ed prihlasovacieho formul\u00e1ra a po uhraden\u00ed registra\u010dn\u00e9ho poplatku. Viac inform\u00e1ci\u00ed dostane ka\u017ed\u00fd z\u00e1ujemca do mailu.<\/p>\t\t\t\t\t\t<\/div>\n\t\t\t\t<\/div>\n\t\t\t\t<\/div>\n\t\t<div class=\"elementor-element elementor-element-7bfe7eb e-con-full e-flex e-con e-child\" data-id=\"7bfe7eb\" data-element_type=\"container\" data-settings=\"{&quot;content_width&quot;:&quot;full&quot;,&quot;jet_parallax_layout_list&quot;:[]}\">\n\t\t\t\t<div class=\"elementor-element elementor-element-77412f6a elementor-widget elementor-widget-heading\" data-id=\"77412f6a\" data-element_type=\"widget\" data-widget_type=\"heading.default\">\n\t\t\t\t<div class=\"elementor-widget-container\">\n\t\t\t<h2 class=\"elementor-heading-title elementor-size-default\">Price<\/h2>\t\t<\/div>\n\t\t\t\t<\/div>\n\t\t\t\t<div class=\"elementor-element elementor-element-36fec713 elementor-widget elementor-widget-text-editor\" data-id=\"36fec713\" data-element_type=\"widget\" data-widget_type=\"text-editor.default\">\n\t\t\t\t<div class=\"elementor-widget-container\">\n\t\t\t\t\t\t\t<p><strong>Cena semin\u00e1ra<\/strong> (lektorn\u00e9): <strong><span style=\"color: #d45700;\">360\u20ac<\/span><\/strong><\/p>\n<p><strong>REGISTRATION<\/strong>: <strong style=\"color: #d45700;\">80\u20ac<\/strong><\/p>\n<p><strong>Cena spolu za 2 dni<\/strong> <strong style=\"color: #d45700;\">440\u20ac<\/strong><span style=\"color: #000000; font-weight: 100; text-align: var(--text-align); background-color: var( --e-global-color-vamtam_accent_8 ); letter-spacing: var( --e-global-typography-vamtam_primary_font-letter-spacing ); text-transform: var(--vamtam-primary-font-transform,none);\">&nbsp;(zah\u0155\u0148a: registr\u00e1ciu, lektorn\u00e9, medzin\u00e1rodn\u00fd certifik\u00e1t a knihu od Vianny Stibal, ob\u010derstvenie po\u010das semin\u00e1ra, osobn\u00fa asistenciu.)<\/span><\/p>\t\t\t\t\t\t<\/div>\n\t\t\t\t<\/div>\n\t\t\t\t<div class=\"elementor-element elementor-element-a060582 elementor-align-left elementor-widget elementor-widget-button\" data-id=\"a060582\" data-element_type=\"widget\" data-widget_type=\"button.default\">\n\t\t\t\t<div class=\"elementor-widget-container\">\n\t\t\t\t\t<div class=\"elementor-button-wrapper\">\n\t\t\t<a class=\"elementor-button elementor-button-link elementor-size-sm\" href=\"https:\/\/haranta.sk\/en\/course\/thetahealing-dig-deeper\/\">\n\t\t\t\t\t\t<span class=\"elementor-button-content-wrapper\">\n\t\t\t\t\t\t<span class=\"elementor-button-text\">Register for the course<\/span>\n\t\t<\/span>\n\t\t\t\t\t<\/a>\n\t\t<\/div>\n\t\t\t\t<\/div>\n\t\t\t\t<\/div>\n\t\t\t\t<\/div>\n\t\t\t\t\t<\/div>\n\t\t\t\t<\/div>\n\t\t\t\t\t\t\t<\/div>","protected":false},"excerpt":{"rendered":"<p>Dig Deeper Jeden z\u00a0najd\u00f4le\u017eitej\u0161\u00edch semin\u00e1rov ThetaHealing\u00ae, kde sa nau\u010d\u00edte techniky, ako efekt\u00edvnej\u0161ie a\u00a0r\u00fdchlej\u0161ie dok\u00e1\u017eete odhali\u0165 u\u00a0klientov alebo u\u00a0seba podstatu probl\u00e9mu, ktor\u00fd rie\u0161ite a\u00a0hravo si s\u00a0n\u00edm porad\u00edte. Viac o met\u00f3de Met\u00f3da ThetaHealing je \u00fa\u017easn\u00fdm n\u00e1strojom, ktor\u00fd n\u00e1m v\u010faka technike \u201edolovania\u201c umo\u017e\u0148uje dosta\u0165 sa a\u017e ku kore\u0148om na\u0161ich probl\u00e9mov. Tento pr\u00edstup zalo\u017een\u00fd na rozpr\u00e1van\u00ed o\u00a0udalostiach umo\u017e\u0148uje \u013eahko&#8230;<\/p>","protected":false},"author":1,"featured_media":0,"parent":992346,"menu_order":0,"comment_status":"closed","ping_status":"closed","template":"","meta":{"pmpro_default_level":"","iawp_total_views":6,"footnotes":""},"class_list":["post-989131","page","type-page","status-publish","hentry","pmpro-has-access"],"acf":[],"_links":{"self":[{"href":"https:\/\/haranta.sk\/en\/wp-json\/wp\/v2\/pages\/989131","targetHints":{"allow":["GET"]}}],"collection":[{"href":"https:\/\/haranta.sk\/en\/wp-json\/wp\/v2\/pages"}],"about":[{"href":"https:\/\/haranta.sk\/en\/wp-json\/wp\/v2\/types\/page"}],"author":[{"embeddable":true,"href":"https:\/\/haranta.sk\/en\/wp-json\/wp\/v2\/users\/1"}],"replies":[{"embeddable":true,"href":"https:\/\/haranta.sk\/en\/wp-json\/wp\/v2\/comments?post=989131"}],"version-history":[{"count":4,"href":"https:\/\/haranta.sk\/en\/wp-json\/wp\/v2\/pages\/989131\/revisions"}],"predecessor-version":[{"id":993549,"href":"https:\/\/haranta.sk\/en\/wp-json\/wp\/v2\/pages\/989131\/revisions\/993549"}],"up":[{"embeddable":true,"href":"https:\/\/haranta.sk\/en\/wp-json\/wp\/v2\/pages\/992346"}],"wp:attachment":[{"href":"https:\/\/haranta.sk\/en\/wp-json\/wp\/v2\/media?parent=989131"}],"curies":[{"name":"wp","href":"https:\/\/api.w.org\/{rel}","templated":true}]}}