{"id":178,"date":"2021-02-11T15:39:37","date_gmt":"2021-02-11T15:39:37","guid":{"rendered":"https:\/\/ativo.vamtam.com\/?page_id=178"},"modified":"2023-11-28T03:33:09","modified_gmt":"2023-11-28T02:33:09","slug":"blog","status":"publish","type":"page","link":"https:\/\/haranta.sk\/en\/blog\/","title":{"rendered":"Blog"},"content":{"rendered":"<div data-elementor-type=\"wp-page\" data-elementor-id=\"178\" class=\"elementor elementor-178\" data-elementor-post-type=\"page\">\n\t\t\t\t\t\t\t\t\t<section class=\"elementor-section elementor-top-section elementor-element elementor-element-63ba172 elementor-section-boxed elementor-section-height-default elementor-section-height-default\" data-id=\"63ba172\" data-element_type=\"section\" data-settings=\"{&quot;background_background&quot;:&quot;classic&quot;,&quot;jet_parallax_layout_list&quot;:[]}\">\n\t\t\t\t\t\t<div class=\"elementor-container elementor-column-gap-no\">\n\t\t\t\t\t<div class=\"elementor-column elementor-col-100 elementor-top-column elementor-element elementor-element-e399d27\" data-id=\"e399d27\" data-element_type=\"column\">\n\t\t\t<div class=\"elementor-widget-wrap elementor-element-populated\">\n\t\t\t\t\t\t\t\t<div class=\"elementor-element elementor-element-a2cd0e4 elementor-invisible elementor-widget elementor-widget-heading\" data-id=\"a2cd0e4\" data-element_type=\"widget\" data-settings=\"{&quot;_animation&quot;:&quot;fadeIn&quot;,&quot;_animation_tablet&quot;:&quot;none&quot;,&quot;_animation_mobile&quot;:&quot;none&quot;,&quot;_animation_delay&quot;:300}\" data-widget_type=\"heading.default\">\n\t\t\t\t<div class=\"elementor-widget-container\">\n\t\t\t<h2 class=\"elementor-heading-title elementor-size-default\">Blog<\/h2>\t\t<\/div>\n\t\t\t\t<\/div>\n\t\t\t\t\t<\/div>\n\t\t<\/div>\n\t\t\t\t\t\t\t<\/div>\n\t\t<\/section>\n\t\t\t\t<section class=\"elementor-section elementor-top-section elementor-element elementor-element-ef4ed77 elementor-hidden-phone elementor-section-boxed elementor-section-height-default elementor-section-height-default\" data-id=\"ef4ed77\" data-element_type=\"section\" data-settings=\"{&quot;jet_parallax_layout_list&quot;:[]}\">\n\t\t\t\t\t\t<div class=\"elementor-container elementor-column-gap-no\">\n\t\t\t\t\t<div class=\"elementor-column elementor-col-100 elementor-top-column elementor-element elementor-element-08a5127\" data-id=\"08a5127\" data-element_type=\"column\">\n\t\t\t<div class=\"elementor-widget-wrap elementor-element-populated\">\n\t\t\t\t\t\t\t\t<div class=\"vamtam-has-theme-widget-styles elementor-element elementor-element-eb78481 elementor-grid-1 elementor-posts--thumbnail-right elementor-grid-tablet-1 elementor-posts--align-center elementor-grid-mobile-1 elementor-widget elementor-widget-posts\" data-id=\"eb78481\" data-element_type=\"widget\" data-settings=\"{&quot;classic_columns&quot;:&quot;1&quot;,&quot;classic_columns_tablet&quot;:&quot;1&quot;,&quot;classic_row_gap&quot;:{&quot;unit&quot;:&quot;px&quot;,&quot;size&quot;:30,&quot;sizes&quot;:[]},&quot;classic_columns_mobile&quot;:&quot;1&quot;,&quot;classic_row_gap_laptop&quot;:{&quot;unit&quot;:&quot;px&quot;,&quot;size&quot;:&quot;&quot;,&quot;sizes&quot;:[]},&quot;classic_row_gap_tablet_extra&quot;:{&quot;unit&quot;:&quot;px&quot;,&quot;size&quot;:&quot;&quot;,&quot;sizes&quot;:[]},&quot;classic_row_gap_tablet&quot;:{&quot;unit&quot;:&quot;px&quot;,&quot;size&quot;:&quot;&quot;,&quot;sizes&quot;:[]},&quot;classic_row_gap_mobile_extra&quot;:{&quot;unit&quot;:&quot;px&quot;,&quot;size&quot;:&quot;&quot;,&quot;sizes&quot;:[]},&quot;classic_row_gap_mobile&quot;:{&quot;unit&quot;:&quot;px&quot;,&quot;size&quot;:&quot;&quot;,&quot;sizes&quot;:[]}}\" data-widget_type=\"posts.classic\">\n\t\t\t\t<div class=\"elementor-widget-container\">\n\t\t\t\t\t<div class=\"elementor-posts-container elementor-posts elementor-posts--skin-classic elementor-grid\">\n\t\t\t\t<article class=\"elementor-post elementor-grid-item post-990605 post type-post status-publish format-standard has-post-thumbnail hentry category-nezaradene pmpro-has-access\">\n\t\t\t\t<a class=\"elementor-post__thumbnail__link\" href=\"https:\/\/haranta.sk\/en\/sloboda-vo-vztahoch\/\" tabindex=\"-1\" >\n\t\t\t<div class=\"elementor-post__thumbnail\"><img fetchpriority=\"high\" decoding=\"async\" width=\"1024\" height=\"576\" src=\"https:\/\/haranta.sk\/wp-content\/uploads\/2023\/06\/1200_AdobeStock_64465700-1024x576-1.jpg\" class=\"attachment-full size-full wp-image-990853\" alt=\"\" srcset=\"https:\/\/haranta.sk\/wp-content\/uploads\/2023\/06\/1200_AdobeStock_64465700-1024x576-1.jpg 1024w, https:\/\/haranta.sk\/wp-content\/uploads\/2023\/06\/1200_AdobeStock_64465700-1024x576-1-630x354.jpg 630w, https:\/\/haranta.sk\/wp-content\/uploads\/2023\/06\/1200_AdobeStock_64465700-1024x576-1-300x169.jpg 300w, https:\/\/haranta.sk\/wp-content\/uploads\/2023\/06\/1200_AdobeStock_64465700-1024x576-1-768x432.jpg 768w\" sizes=\"(max-width: 1024px) 100vw, 1024px\" \/><\/div>\n\t\t<\/a>\n\t\t\t\t<div class=\"elementor-post__text\">\n\t\t\t\t<h3 class=\"elementor-post__title\">\n\t\t\t<a href=\"https:\/\/haranta.sk\/en\/sloboda-vo-vztahoch\/\" >\n\t\t\t\tSLOBODA VO VZ\u0164AHOCH\t\t\t<\/a>\n\t\t<\/h3>\n\t\t\t\t<div class=\"elementor-post__excerpt\">\n\t\t\t<p>\u010co treba robi\u0165 pre zdrav\u00fd vz\u0165ah? Nie, nemysl\u00edm t\u00fdm otvoren\u00fd vz\u0165ah, kde si obidvaja z&nbsp;partnerov robia, \u010do chc\u00fa a s k\u00fdm chc\u00fa. Aj ke\u010f ak sa tak dohodn\u00fa a vyhovuje im to, \u017eiadne ods\u00fadenie. Je to ka\u017ed\u00e9ho slobodn\u00e1 vo\u013eba. No toto je myslen\u00e9 v&nbsp;hlb\u0161om zmysle, a&nbsp;to tak, \u017ee na to, aby sme mohli ma\u0165 zdrav\u00fd vz\u0165ah, ktor\u00fd sa dok\u00e1\u017ee rozv\u00edja\u0165, ktor\u00fd sa rozvinie na \u010faleko vy\u0161\u0161iu \u00farove\u0148 ako si vieme predstavi\u0165, tak jedn\u00fdm zo z\u00e1kladn\u00fdch predpokladov je pr\u00e1ve ma\u0165 slobodu<\/p>\n\t\t<\/div>\n\t\t\n\t\t<a class=\"elementor-post__read-more\" href=\"https:\/\/haranta.sk\/en\/sloboda-vo-vztahoch\/\" aria-label=\"Read more about SLOBODA VO VZ\u0164AHOCH\" tabindex=\"-1\" >\n\t\t\tZobrazi\u0165 viac\t\t<\/a>\n\n\t\t\t\t<\/div>\n\t\t\t\t<\/article>\n\t\t\t\t<\/div>\n\t\t\n\t\t\t\t<\/div>\n\t\t\t\t<\/div>\n\t\t\t\t\t<\/div>\n\t\t<\/div>\n\t\t\t\t\t\t\t<\/div>\n\t\t<\/section>\n\t\t\t\t<section class=\"elementor-section elementor-top-section elementor-element elementor-element-4351efe elementor-section-boxed elementor-section-height-default elementor-section-height-default\" data-id=\"4351efe\" data-element_type=\"section\" data-settings=\"{&quot;jet_parallax_layout_list&quot;:[]}\">\n\t\t\t\t\t\t<div class=\"elementor-container elementor-column-gap-no\">\n\t\t\t\t\t<div class=\"elementor-column elementor-col-100 elementor-top-column elementor-element elementor-element-7daa571\" data-id=\"7daa571\" data-element_type=\"column\">\n\t\t\t<div class=\"elementor-widget-wrap elementor-element-populated\">\n\t\t\t\t\t\t\t\t<div class=\"vamtam-has-theme-widget-styles elementor-element elementor-element-58a7b0c elementor-grid-3 elementor-grid-tablet-2 elementor-grid-mobile-1 elementor-posts--thumbnail-top elementor-card-shadow-yes elementor-posts__hover-gradient elementor-widget elementor-widget-posts\" data-id=\"58a7b0c\" data-element_type=\"widget\" data-settings=\"{&quot;pagination_type&quot;:&quot;numbers_and_prev_next&quot;,&quot;cards_columns&quot;:&quot;3&quot;,&quot;cards_columns_tablet&quot;:&quot;2&quot;,&quot;cards_columns_mobile&quot;:&quot;1&quot;,&quot;cards_row_gap&quot;:{&quot;unit&quot;:&quot;px&quot;,&quot;size&quot;:35,&quot;sizes&quot;:[]},&quot;cards_row_gap_laptop&quot;:{&quot;unit&quot;:&quot;px&quot;,&quot;size&quot;:&quot;&quot;,&quot;sizes&quot;:[]},&quot;cards_row_gap_tablet_extra&quot;:{&quot;unit&quot;:&quot;px&quot;,&quot;size&quot;:&quot;&quot;,&quot;sizes&quot;:[]},&quot;cards_row_gap_tablet&quot;:{&quot;unit&quot;:&quot;px&quot;,&quot;size&quot;:&quot;&quot;,&quot;sizes&quot;:[]},&quot;cards_row_gap_mobile_extra&quot;:{&quot;unit&quot;:&quot;px&quot;,&quot;size&quot;:&quot;&quot;,&quot;sizes&quot;:[]},&quot;cards_row_gap_mobile&quot;:{&quot;unit&quot;:&quot;px&quot;,&quot;size&quot;:&quot;&quot;,&quot;sizes&quot;:[]}}\" data-widget_type=\"posts.cards\">\n\t\t\t\t<div class=\"elementor-widget-container\">\n\t\t\t\t\t<div class=\"elementor-posts-container elementor-posts elementor-posts--skin-cards elementor-grid\">\n\t\t\t\t<article class=\"elementor-post elementor-grid-item post-990607 post type-post status-publish format-standard has-post-thumbnail hentry category-nezaradene pmpro-has-access\">\n\t\t\t<div class=\"elementor-post__card\">\n\t\t\t\t<a class=\"elementor-post__thumbnail__link\" href=\"https:\/\/haranta.sk\/en\/zamilovanost\/\" tabindex=\"-1\" ><div class=\"elementor-post__thumbnail\"><img decoding=\"async\" width=\"300\" height=\"225\" src=\"https:\/\/haranta.sk\/wp-content\/uploads\/2023\/06\/800_AdobeStock_126003071-300x225.jpg\" class=\"attachment-medium size-medium wp-image-990852\" alt=\"\" srcset=\"https:\/\/haranta.sk\/wp-content\/uploads\/2023\/06\/800_AdobeStock_126003071-300x225.jpg 300w, https:\/\/haranta.sk\/wp-content\/uploads\/2023\/06\/800_AdobeStock_126003071-630x473.jpg 630w, https:\/\/haranta.sk\/wp-content\/uploads\/2023\/06\/800_AdobeStock_126003071-768x576.jpg 768w, https:\/\/haranta.sk\/wp-content\/uploads\/2023\/06\/800_AdobeStock_126003071.jpg 800w\" sizes=\"(max-width: 300px) 100vw, 300px\" \/><\/div><\/a>\n\t\t\t\t<div class=\"elementor-post__badge\">Nezaraden\u00e9<\/div>\n\t\t\t\t<div class=\"elementor-post__text\">\n\t\t\t\t<h3 class=\"elementor-post__title\">\n\t\t\t<a href=\"https:\/\/haranta.sk\/en\/zamilovanost\/\" >\n\t\t\t\tZAMILOVANOS\u0164\t\t\t<\/a>\n\t\t<\/h3>\n\t\t\t\t<div class=\"elementor-post__excerpt\">\n\t\t\t<p>Zamilovanos\u0165 alebo \u010do m\u00f4\u017ee za probl\u00e9my v na\u0161ich vz\u0165ahoch?&nbsp; \u010co je d\u00f4vodom, \u017ee veci v&nbsp;partnerstve, \u010do n\u00e1m vyhovovali, s\u00fa pre n\u00e1s \u010dasom neprijate\u013en\u00e9? Pre\u010do sa<\/p>\n\t\t<\/div>\n\t\t\t\t\t<div class=\"elementor-post__read-more-wrapper\">\n\t\t\n\t\t<a class=\"elementor-post__read-more\" href=\"https:\/\/haranta.sk\/en\/zamilovanost\/\" aria-label=\"Read more about ZAMILOVANOS\u0164\" tabindex=\"-1\" >\n\t\t\t\u010c\u00edta\u0165 viac\t\t<\/a>\n\n\t\t\t\t\t<\/div>\n\t\t\t\t<\/div>\n\t\t\t\t<div class=\"elementor-post__meta-data\">\n\t\t\t\t\t<span class=\"elementor-post-date\">\n\t\t\t19. June 2023\t\t<\/span>\n\t\t\t\t<span class=\"elementor-post-avatar\">\n\t\t\tNo Comments\t\t<\/span>\n\t\t\t\t<\/div>\n\t\t\t\t\t<\/div>\n\t\t<\/article>\n\t\t\t\t<article class=\"elementor-post elementor-grid-item post-990605 post type-post status-publish format-standard has-post-thumbnail hentry category-nezaradene pmpro-has-access\">\n\t\t\t<div class=\"elementor-post__card\">\n\t\t\t\t<a class=\"elementor-post__thumbnail__link\" href=\"https:\/\/haranta.sk\/en\/sloboda-vo-vztahoch\/\" tabindex=\"-1\" ><div class=\"elementor-post__thumbnail\"><img decoding=\"async\" width=\"300\" height=\"169\" src=\"https:\/\/haranta.sk\/wp-content\/uploads\/2023\/06\/1200_AdobeStock_64465700-1024x576-1-300x169.jpg\" class=\"attachment-medium size-medium wp-image-990853\" alt=\"\" srcset=\"https:\/\/haranta.sk\/wp-content\/uploads\/2023\/06\/1200_AdobeStock_64465700-1024x576-1-300x169.jpg 300w, https:\/\/haranta.sk\/wp-content\/uploads\/2023\/06\/1200_AdobeStock_64465700-1024x576-1-630x354.jpg 630w, https:\/\/haranta.sk\/wp-content\/uploads\/2023\/06\/1200_AdobeStock_64465700-1024x576-1-768x432.jpg 768w, https:\/\/haranta.sk\/wp-content\/uploads\/2023\/06\/1200_AdobeStock_64465700-1024x576-1.jpg 1024w\" sizes=\"(max-width: 300px) 100vw, 300px\" \/><\/div><\/a>\n\t\t\t\t<div class=\"elementor-post__badge\">Nezaraden\u00e9<\/div>\n\t\t\t\t<div class=\"elementor-post__text\">\n\t\t\t\t<h3 class=\"elementor-post__title\">\n\t\t\t<a href=\"https:\/\/haranta.sk\/en\/sloboda-vo-vztahoch\/\" >\n\t\t\t\tSLOBODA VO VZ\u0164AHOCH\t\t\t<\/a>\n\t\t<\/h3>\n\t\t\t\t<div class=\"elementor-post__excerpt\">\n\t\t\t<p>\u010co treba robi\u0165 pre zdrav\u00fd vz\u0165ah? Nie, nemysl\u00edm t\u00fdm otvoren\u00fd vz\u0165ah, kde si obidvaja z&nbsp;partnerov robia, \u010do chc\u00fa a s k\u00fdm chc\u00fa. Aj ke\u010f ak<\/p>\n\t\t<\/div>\n\t\t\t\t\t<div class=\"elementor-post__read-more-wrapper\">\n\t\t\n\t\t<a class=\"elementor-post__read-more\" href=\"https:\/\/haranta.sk\/en\/sloboda-vo-vztahoch\/\" aria-label=\"Read more about SLOBODA VO VZ\u0164AHOCH\" tabindex=\"-1\" >\n\t\t\t\u010c\u00edta\u0165 viac\t\t<\/a>\n\n\t\t\t\t\t<\/div>\n\t\t\t\t<\/div>\n\t\t\t\t<div class=\"elementor-post__meta-data\">\n\t\t\t\t\t<span class=\"elementor-post-date\">\n\t\t\t19. June 2023\t\t<\/span>\n\t\t\t\t<span class=\"elementor-post-avatar\">\n\t\t\tNo Comments\t\t<\/span>\n\t\t\t\t<\/div>\n\t\t\t\t\t<\/div>\n\t\t<\/article>\n\t\t\t\t<article class=\"elementor-post elementor-grid-item post-990603 post type-post status-publish format-standard has-post-thumbnail hentry category-nezaradene pmpro-has-access\">\n\t\t\t<div class=\"elementor-post__card\">\n\t\t\t\t<a class=\"elementor-post__thumbnail__link\" href=\"https:\/\/haranta.sk\/en\/dobra-zienka-alebo-potvora\/\" tabindex=\"-1\" ><div class=\"elementor-post__thumbnail\"><img loading=\"lazy\" decoding=\"async\" width=\"300\" height=\"169\" src=\"https:\/\/haranta.sk\/wp-content\/uploads\/2023\/06\/800_AdobeStock_244552751-1024x576-1-300x169.jpg\" class=\"attachment-medium size-medium wp-image-990854\" alt=\"\" srcset=\"https:\/\/haranta.sk\/wp-content\/uploads\/2023\/06\/800_AdobeStock_244552751-1024x576-1-300x169.jpg 300w, https:\/\/haranta.sk\/wp-content\/uploads\/2023\/06\/800_AdobeStock_244552751-1024x576-1-630x354.jpg 630w, https:\/\/haranta.sk\/wp-content\/uploads\/2023\/06\/800_AdobeStock_244552751-1024x576-1-768x432.jpg 768w, https:\/\/haranta.sk\/wp-content\/uploads\/2023\/06\/800_AdobeStock_244552751-1024x576-1.jpg 1024w\" sizes=\"(max-width: 300px) 100vw, 300px\" \/><\/div><\/a>\n\t\t\t\t<div class=\"elementor-post__badge\">Nezaraden\u00e9<\/div>\n\t\t\t\t<div class=\"elementor-post__text\">\n\t\t\t\t<h3 class=\"elementor-post__title\">\n\t\t\t<a href=\"https:\/\/haranta.sk\/en\/dobra-zienka-alebo-potvora\/\" >\n\t\t\t\tDOBR\u00c1 \u017dIENKA ALEBO POTVORA\t\t\t<\/a>\n\t\t<\/h3>\n\t\t\t\t<div class=\"elementor-post__excerpt\">\n\t\t\t<p>Pre\u010do m\u00e1me tak\u00e9to presved\u010denia a nastavenia? Mnohokr\u00e1t sa v mojej pr\u00e1ci stret\u00e1vam s&nbsp;t\u00fdm, \u017ee mi \u010di u\u017e mu\u017ei, alebo \u017eeny povedia, \u017ee k\u00fdm sa spr\u00e1vali<\/p>\n\t\t<\/div>\n\t\t\t\t\t<div class=\"elementor-post__read-more-wrapper\">\n\t\t\n\t\t<a class=\"elementor-post__read-more\" href=\"https:\/\/haranta.sk\/en\/dobra-zienka-alebo-potvora\/\" aria-label=\"Read more about DOBR\u00c1 \u017dIENKA ALEBO POTVORA\" tabindex=\"-1\" >\n\t\t\t\u010c\u00edta\u0165 viac\t\t<\/a>\n\n\t\t\t\t\t<\/div>\n\t\t\t\t<\/div>\n\t\t\t\t<div class=\"elementor-post__meta-data\">\n\t\t\t\t\t<span class=\"elementor-post-date\">\n\t\t\t19. June 2023\t\t<\/span>\n\t\t\t\t<span class=\"elementor-post-avatar\">\n\t\t\tNo Comments\t\t<\/span>\n\t\t\t\t<\/div>\n\t\t\t\t\t<\/div>\n\t\t<\/article>\n\t\t\t\t<article class=\"elementor-post elementor-grid-item post-990601 post type-post status-publish format-standard has-post-thumbnail hentry category-nezaradene pmpro-has-access\">\n\t\t\t<div class=\"elementor-post__card\">\n\t\t\t\t<a class=\"elementor-post__thumbnail__link\" href=\"https:\/\/haranta.sk\/en\/najvyssia-tvoriva-energia-ako-ju-objavit-a-pracovat-s-nou\/\" tabindex=\"-1\" ><div class=\"elementor-post__thumbnail\"><img loading=\"lazy\" decoding=\"async\" width=\"300\" height=\"169\" src=\"https:\/\/haranta.sk\/wp-content\/uploads\/2023\/06\/1200_AdobeStock_145485660-1024x576-1-300x169.jpg\" class=\"attachment-medium size-medium wp-image-990855\" alt=\"\" srcset=\"https:\/\/haranta.sk\/wp-content\/uploads\/2023\/06\/1200_AdobeStock_145485660-1024x576-1-300x169.jpg 300w, https:\/\/haranta.sk\/wp-content\/uploads\/2023\/06\/1200_AdobeStock_145485660-1024x576-1-630x354.jpg 630w, https:\/\/haranta.sk\/wp-content\/uploads\/2023\/06\/1200_AdobeStock_145485660-1024x576-1-768x432.jpg 768w, https:\/\/haranta.sk\/wp-content\/uploads\/2023\/06\/1200_AdobeStock_145485660-1024x576-1.jpg 1024w\" sizes=\"(max-width: 300px) 100vw, 300px\" \/><\/div><\/a>\n\t\t\t\t<div class=\"elementor-post__badge\">Nezaraden\u00e9<\/div>\n\t\t\t\t<div class=\"elementor-post__text\">\n\t\t\t\t<h3 class=\"elementor-post__title\">\n\t\t\t<a href=\"https:\/\/haranta.sk\/en\/najvyssia-tvoriva-energia-ako-ju-objavit-a-pracovat-s-nou\/\" >\n\t\t\t\tNAJVY\u0160\u0160IA TVORIV\u00c1 ENERGIA\t\t\t<\/a>\n\t\t<\/h3>\n\t\t\t\t<div class=\"elementor-post__excerpt\">\n\t\t\t<p>Ako n\u00e1js\u0165 tvoriv\u00fa energiu a vn\u00fatorn\u00fa harm\u00f3niu a naplnenie v&nbsp;dne\u0161nom r\u00fdchlom kolobehu \u017eivota? Ako n\u00e1js\u0165 t\u00fa najlep\u0161iu cestu pre seba, ktor\u00e1 n\u00e1m umo\u017en\u00ed s&nbsp;l\u00e1skou, pokojom<\/p>\n\t\t<\/div>\n\t\t\t\t\t<div class=\"elementor-post__read-more-wrapper\">\n\t\t\n\t\t<a class=\"elementor-post__read-more\" href=\"https:\/\/haranta.sk\/en\/najvyssia-tvoriva-energia-ako-ju-objavit-a-pracovat-s-nou\/\" aria-label=\"Read more about NAJVY\u0160\u0160IA TVORIV\u00c1 ENERGIA\" tabindex=\"-1\" >\n\t\t\t\u010c\u00edta\u0165 viac\t\t<\/a>\n\n\t\t\t\t\t<\/div>\n\t\t\t\t<\/div>\n\t\t\t\t<div class=\"elementor-post__meta-data\">\n\t\t\t\t\t<span class=\"elementor-post-date\">\n\t\t\t19. June 2023\t\t<\/span>\n\t\t\t\t<span class=\"elementor-post-avatar\">\n\t\t\tNo Comments\t\t<\/span>\n\t\t\t\t<\/div>\n\t\t\t\t\t<\/div>\n\t\t<\/article>\n\t\t\t\t<article class=\"elementor-post elementor-grid-item post-990599 post type-post status-publish format-standard has-post-thumbnail hentry category-nezaradene pmpro-has-access\">\n\t\t\t<div class=\"elementor-post__card\">\n\t\t\t\t<a class=\"elementor-post__thumbnail__link\" href=\"https:\/\/haranta.sk\/en\/som-dobra-matka\/\" tabindex=\"-1\" ><div class=\"elementor-post__thumbnail\"><img loading=\"lazy\" decoding=\"async\" width=\"300\" height=\"169\" src=\"https:\/\/haranta.sk\/wp-content\/uploads\/2023\/06\/1200_people-2566854_1920-1024x576-1-300x169.jpg\" class=\"attachment-medium size-medium wp-image-990856\" alt=\"\" srcset=\"https:\/\/haranta.sk\/wp-content\/uploads\/2023\/06\/1200_people-2566854_1920-1024x576-1-300x169.jpg 300w, https:\/\/haranta.sk\/wp-content\/uploads\/2023\/06\/1200_people-2566854_1920-1024x576-1-630x354.jpg 630w, https:\/\/haranta.sk\/wp-content\/uploads\/2023\/06\/1200_people-2566854_1920-1024x576-1-768x432.jpg 768w, https:\/\/haranta.sk\/wp-content\/uploads\/2023\/06\/1200_people-2566854_1920-1024x576-1.jpg 1024w\" sizes=\"(max-width: 300px) 100vw, 300px\" \/><\/div><\/a>\n\t\t\t\t<div class=\"elementor-post__badge\">Nezaraden\u00e9<\/div>\n\t\t\t\t<div class=\"elementor-post__text\">\n\t\t\t\t<h3 class=\"elementor-post__title\">\n\t\t\t<a href=\"https:\/\/haranta.sk\/en\/som-dobra-matka\/\" >\n\t\t\t\tSOM DOBR\u00c1 MATKA?\t\t\t<\/a>\n\t\t<\/h3>\n\t\t\t\t<div class=\"elementor-post__excerpt\">\n\t\t\t<p>Mnoho \u017eien si kladie ot\u00e1zku \u2013 som dobr\u00e1 matka? V&nbsp;mnoh\u00fdch situ\u00e1ci\u00e1ch \u017eena niekde v sebe na pozad\u00ed c\u00edti, \u017ee si nie je ist\u00e1 t\u00fdm, \u010di<\/p>\n\t\t<\/div>\n\t\t\t\t\t<div class=\"elementor-post__read-more-wrapper\">\n\t\t\n\t\t<a class=\"elementor-post__read-more\" href=\"https:\/\/haranta.sk\/en\/som-dobra-matka\/\" aria-label=\"Read more about SOM DOBR\u00c1 MATKA?\" tabindex=\"-1\" >\n\t\t\t\u010c\u00edta\u0165 viac\t\t<\/a>\n\n\t\t\t\t\t<\/div>\n\t\t\t\t<\/div>\n\t\t\t\t<div class=\"elementor-post__meta-data\">\n\t\t\t\t\t<span class=\"elementor-post-date\">\n\t\t\t19. June 2023\t\t<\/span>\n\t\t\t\t<span class=\"elementor-post-avatar\">\n\t\t\tNo Comments\t\t<\/span>\n\t\t\t\t<\/div>\n\t\t\t\t\t<\/div>\n\t\t<\/article>\n\t\t\t\t<article class=\"elementor-post elementor-grid-item post-990597 post type-post status-publish format-standard has-post-thumbnail hentry category-nezaradene pmpro-has-access\">\n\t\t\t<div class=\"elementor-post__card\">\n\t\t\t\t<a class=\"elementor-post__thumbnail__link\" href=\"https:\/\/haranta.sk\/en\/ako-na-sebe-pracujeme\/\" tabindex=\"-1\" ><div class=\"elementor-post__thumbnail\"><img loading=\"lazy\" decoding=\"async\" width=\"300\" height=\"225\" src=\"https:\/\/haranta.sk\/wp-content\/uploads\/2023\/06\/800_AdobeStock_158863522-300x225.jpg\" class=\"attachment-medium size-medium wp-image-990857\" alt=\"\" srcset=\"https:\/\/haranta.sk\/wp-content\/uploads\/2023\/06\/800_AdobeStock_158863522-300x225.jpg 300w, https:\/\/haranta.sk\/wp-content\/uploads\/2023\/06\/800_AdobeStock_158863522-630x473.jpg 630w, https:\/\/haranta.sk\/wp-content\/uploads\/2023\/06\/800_AdobeStock_158863522-768x576.jpg 768w, https:\/\/haranta.sk\/wp-content\/uploads\/2023\/06\/800_AdobeStock_158863522.jpg 800w\" sizes=\"(max-width: 300px) 100vw, 300px\" \/><\/div><\/a>\n\t\t\t\t<div class=\"elementor-post__badge\">Nezaraden\u00e9<\/div>\n\t\t\t\t<div class=\"elementor-post__text\">\n\t\t\t\t<h3 class=\"elementor-post__title\">\n\t\t\t<a href=\"https:\/\/haranta.sk\/en\/ako-na-sebe-pracujeme\/\" >\n\t\t\t\tAKO NA SEBE PRACUJEME?\t\t\t<\/a>\n\t\t<\/h3>\n\t\t\t\t<div class=\"elementor-post__excerpt\">\n\t\t\t<p>Pr\u00e1ca na sebe m\u00f4\u017ee by\u0165 v&nbsp;r\u00f4znych oblastiach Niekto na sebe pracuje fyzicky, in\u00fd sa star\u00e1 o&nbsp;to, \u010do konzumuje, \u010fal\u0161\u00ed ako vyzer\u00e1 a&nbsp;potom \u010fal\u0161\u00ed, ktor\u00ed sa<\/p>\n\t\t<\/div>\n\t\t\t\t\t<div class=\"elementor-post__read-more-wrapper\">\n\t\t\n\t\t<a class=\"elementor-post__read-more\" href=\"https:\/\/haranta.sk\/en\/ako-na-sebe-pracujeme\/\" aria-label=\"Read more about AKO NA SEBE PRACUJEME?\" tabindex=\"-1\" >\n\t\t\t\u010c\u00edta\u0165 viac\t\t<\/a>\n\n\t\t\t\t\t<\/div>\n\t\t\t\t<\/div>\n\t\t\t\t<div class=\"elementor-post__meta-data\">\n\t\t\t\t\t<span class=\"elementor-post-date\">\n\t\t\t19. June 2023\t\t<\/span>\n\t\t\t\t<span class=\"elementor-post-avatar\">\n\t\t\tNo Comments\t\t<\/span>\n\t\t\t\t<\/div>\n\t\t\t\t\t<\/div>\n\t\t<\/article>\n\t\t\t\t<\/div>\n\t\t\n\t\t\t\t<div class=\"e-load-more-anchor\" data-page=\"1\" data-max-page=\"6\" data-next-page=\"https:\/\/haranta.sk\/en\/wp-json\/wp\/v2\/pages\/178\/page\/2\/\"><\/div>\n\t\t\t\t<nav class=\"elementor-pagination\" aria-label=\"Pagination\">\n\t\t\t<span class=\"page-numbers prev\"><\/span>\n<span aria-current=\"page\" class=\"page-numbers current\"><span class=\"elementor-screen-only\">Page<\/span>1<\/span>\n<a class=\"page-numbers\" href=\"https:\/\/haranta.sk\/en\/wp-json\/wp\/v2\/pages\/178\/page\/2\/\"><span class=\"elementor-screen-only\">Page<\/span>2<\/a>\n<a class=\"page-numbers\" href=\"https:\/\/haranta.sk\/en\/wp-json\/wp\/v2\/pages\/178\/page\/3\/\"><span class=\"elementor-screen-only\">Page<\/span>3<\/a>\n<a class=\"page-numbers\" href=\"https:\/\/haranta.sk\/en\/wp-json\/wp\/v2\/pages\/178\/page\/4\/\"><span class=\"elementor-screen-only\">Page<\/span>4<\/a>\n<a class=\"page-numbers\" href=\"https:\/\/haranta.sk\/en\/wp-json\/wp\/v2\/pages\/178\/page\/5\/\"><span class=\"elementor-screen-only\">Page<\/span>5<\/a>\n<a class=\"page-numbers next\" href=\"https:\/\/haranta.sk\/en\/wp-json\/wp\/v2\/pages\/178\/page\/2\/\"><\/a>\t\t<\/nav>\n\t\t\t\t<\/div>\n\t\t\t\t<\/div>\n\t\t\t\t\t<\/div>\n\t\t<\/div>\n\t\t\t\t\t\t\t<\/div>\n\t\t<\/section>\n\t\t\t\t\t\t\t<\/div>","protected":false},"excerpt":{"rendered":"<p>Blog<\/p>","protected":false},"author":1,"featured_media":0,"parent":0,"menu_order":0,"comment_status":"closed","ping_status":"closed","template":"","meta":{"pmpro_default_level":"","iawp_total_views":20,"footnotes":""},"class_list":["post-178","page","type-page","status-publish","hentry","pmpro-has-access"],"acf":[],"_links":{"self":[{"href":"https:\/\/haranta.sk\/en\/wp-json\/wp\/v2\/pages\/178","targetHints":{"allow":["GET"]}}],"collection":[{"href":"https:\/\/haranta.sk\/en\/wp-json\/wp\/v2\/pages"}],"about":[{"href":"https:\/\/haranta.sk\/en\/wp-json\/wp\/v2\/types\/page"}],"author":[{"embeddable":true,"href":"https:\/\/haranta.sk\/en\/wp-json\/wp\/v2\/users\/1"}],"replies":[{"embeddable":true,"href":"https:\/\/haranta.sk\/en\/wp-json\/wp\/v2\/comments?post=178"}],"version-history":[{"count":0,"href":"https:\/\/haranta.sk\/en\/wp-json\/wp\/v2\/pages\/178\/revisions"}],"wp:attachment":[{"href":"https:\/\/haranta.sk\/en\/wp-json\/wp\/v2\/media?parent=178"}],"curies":[{"name":"wp","href":"https:\/\/api.w.org\/{rel}","templated":true}]}}