{"id":172,"date":"2021-02-11T15:38:20","date_gmt":"2021-02-11T15:38:20","guid":{"rendered":"https:\/\/ativo.vamtam.com\/?page_id=172"},"modified":"2026-04-19T23:04:55","modified_gmt":"2026-04-19T21:04:55","slug":"o-nas","status":"publish","type":"page","link":"https:\/\/haranta.sk\/en\/o-nas\/","title":{"rendered":"Our Vision"},"content":{"rendered":"\t\t<div data-elementor-type=\"wp-page\" data-elementor-id=\"172\" class=\"elementor elementor-172\" data-elementor-post-type=\"page\">\n\t\t\t\t\t\t\t\t\t<section class=\"elementor-section elementor-top-section elementor-element elementor-element-3d6b8fc elementor-section-boxed elementor-section-height-default elementor-section-height-default\" data-id=\"3d6b8fc\" data-element_type=\"section\" data-settings=\"{&quot;animation&quot;:&quot;none&quot;,&quot;animation_tablet&quot;:&quot;none&quot;,&quot;animation_mobile&quot;:&quot;none&quot;,&quot;jet_parallax_layout_list&quot;:[]}\">\n\t\t\t\t\t\t<div class=\"elementor-container elementor-column-gap-no\">\n\t\t\t\t\t<div class=\"elementor-column elementor-col-100 elementor-top-column elementor-element elementor-element-37251ee\" data-id=\"37251ee\" data-element_type=\"column\" data-settings=\"{&quot;animation&quot;:&quot;none&quot;}\">\n\t\t\t<div class=\"elementor-widget-wrap elementor-element-populated\">\n\t\t\t\t\t\t\t\t<div class=\"elementor-element elementor-element-893514c elementor-invisible elementor-widget elementor-widget-text-editor\" data-id=\"893514c\" data-element_type=\"widget\" data-settings=\"{&quot;_animation&quot;:&quot;fadeIn&quot;,&quot;_animation_tablet&quot;:&quot;none&quot;,&quot;_animation_mobile&quot;:&quot;none&quot;,&quot;_animation_delay&quot;:300}\" data-widget_type=\"text-editor.default\">\n\t\t\t\t<div class=\"elementor-widget-container\">\n\t\t\t\t\t\t\t<p data-pm-slice=\"1 1 [&quot;bullet_list&quot;,{},&quot;list_item&quot;,{}]\">Sprev\u00e1dzame v\u00e1s na ceste sp\u00e4\u0165 k v\u00e1\u0161mu prav\u00e9mu ja prostredn\u00edctvom autentick\u00fdch u\u010den\u00ed a modern\u00fdch n\u00e1strojov s pr\u00e1cou s energiou.<br \/><br \/><\/p><p data-pm-slice=\"1 1 [&quot;bullet_list&quot;,{},&quot;list_item&quot;,{}]\">N\u00e1\u0161 projekt sa zrodil z hlbokej t\u00fa\u017eby zdie\u013ea\u0165 autentick\u00e9 duchovn\u00e9 cesty, ktor\u00e9 ved\u00fa k skuto\u010dn\u00fdm vn\u00fatorn\u00fdm zmen\u00e1m.<br \/>Ver\u00edme, \u017ee ka\u017ed\u00fd m\u00e1 potenci\u00e1l \u017ei\u0165 \u017eivot v harm\u00f3nii, radosti a hlbokom napojen\u00ed.<\/p>\t\t\t\t\t\t<\/div>\n\t\t\t\t<\/div>\n\t\t\t\t\t<\/div>\n\t\t<\/div>\n\t\t\t\t\t\t\t<\/div>\n\t\t<\/section>\n\t\t\t\t<section class=\"elementor-section elementor-top-section elementor-element elementor-element-db50bfc elementor-section-boxed elementor-section-height-default elementor-section-height-default\" data-id=\"db50bfc\" data-element_type=\"section\" data-settings=\"{&quot;background_background&quot;:&quot;classic&quot;,&quot;jet_parallax_layout_list&quot;:[]}\">\n\t\t\t\t\t\t<div class=\"elementor-container elementor-column-gap-no\">\n\t\t\t\t\t<div class=\"elementor-column elementor-col-50 elementor-top-column elementor-element elementor-element-f96dd17\" data-id=\"f96dd17\" data-element_type=\"column\" data-settings=\"{&quot;background_background&quot;:&quot;classic&quot;}\">\n\t\t\t<div class=\"elementor-widget-wrap elementor-element-populated\">\n\t\t\t\t\t\t\t\t<div class=\"vamtam-has-theme-widget-styles elementor-element elementor-element-0c6af05 elementor-invisible elementor-widget elementor-widget-image\" data-id=\"0c6af05\" data-element_type=\"widget\" data-settings=\"{&quot;_animation&quot;:&quot;pulse&quot;,&quot;_animation_tablet&quot;:&quot;none&quot;,&quot;_animation_mobile&quot;:&quot;none&quot;,&quot;_animation_delay&quot;:600}\" data-e-bg-lazyload=\".elementor-widget-container\" data-widget_type=\"image.default\">\n\t\t\t\t<div class=\"elementor-widget-container\">\n\t\t\t\t\t\t\t<div class=\"elementor-image\">\n\t\t\t\t\t\t\t\t\t\t\t\t\t\t\t\t\t\t\t\t\t<img fetchpriority=\"high\" decoding=\"async\" width=\"980\" height=\"1033\" src=\"https:\/\/haranta.sk\/wp-content\/uploads\/2026\/03\/Aryadeva-fotka-vysek.png\" class=\"elementor-animation-grow attachment-full size-full wp-image-994224\" alt=\"\" srcset=\"https:\/\/haranta.sk\/wp-content\/uploads\/2026\/03\/Aryadeva-fotka-vysek.png 980w, https:\/\/haranta.sk\/wp-content\/uploads\/2026\/03\/Aryadeva-fotka-vysek-285x300.png 285w, https:\/\/haranta.sk\/wp-content\/uploads\/2026\/03\/Aryadeva-fotka-vysek-971x1024.png 971w, https:\/\/haranta.sk\/wp-content\/uploads\/2026\/03\/Aryadeva-fotka-vysek-768x810.png 768w, https:\/\/haranta.sk\/wp-content\/uploads\/2026\/03\/Aryadeva-fotka-vysek-11x12.png 11w, https:\/\/haranta.sk\/wp-content\/uploads\/2026\/03\/Aryadeva-fotka-vysek-630x664.png 630w\" sizes=\"(max-width: 980px) 100vw, 980px\" \/>\t\t\t\t\t\t\t\t\t\t\t\t\t\t\t\t\t\t\t\t\t\t\t\t<\/div>\n\t\t\t\t\t\t<\/div>\n\t\t\t\t<\/div>\n\t\t\t\t\t<\/div>\n\t\t<\/div>\n\t\t\t\t<div class=\"elementor-column elementor-col-50 elementor-top-column elementor-element elementor-element-487ad37 trainer-text-wrapper\" data-id=\"487ad37\" data-element_type=\"column\">\n\t\t\t<div class=\"elementor-widget-wrap elementor-element-populated\">\n\t\t\t\t\t\t\t\t<div class=\"elementor-element elementor-element-e88e135 elementor-widget elementor-widget-heading\" data-id=\"e88e135\" data-element_type=\"widget\" data-widget_type=\"heading.default\">\n\t\t\t\t<div class=\"elementor-widget-container\">\n\t\t\t<h4 class=\"elementor-heading-title elementor-size-default\">Aryadeva<br>(Miroslav Haranta)<\/h4>\t\t<\/div>\n\t\t\t\t<\/div>\n\t\t\t\t<div class=\"elementor-element elementor-element-8bf3d05 elementor-widget elementor-widget-text-editor\" data-id=\"8bf3d05\" data-element_type=\"widget\" data-widget_type=\"text-editor.default\">\n\t\t\t\t<div class=\"elementor-widget-container\">\n\t\t\t\t\t\t\t<p>Founder of Vijaya spiritual school<br \/>Tantra, Yoga and meditation\u00a0teacher\u00a0<br \/>Certificate of Science | Master of ThetaHealing<\/p>\t\t\t\t\t\t<\/div>\n\t\t\t\t<\/div>\n\t\t\t\t<div class=\"elementor-element elementor-element-610fbe0 elementor-widget elementor-widget-text-editor\" data-id=\"610fbe0\" data-element_type=\"widget\" data-widget_type=\"text-editor.default\">\n\t\t\t\t<div class=\"elementor-widget-container\">\n\t\t\t\t\t\t\t<p><span style=\"font-weight: 400;\">Je terapeut, lektor a spisovate\u013e. Pracuje s klientmi na ich osobnom rozvoji a objavovan\u00ed sam\u00fdch seba, lie\u010dbe chor\u00f4b, strachov, odstra\u0148ovan\u00ed tr\u00e1um a bolest\u00ed. Aby boli zmeny trval\u00e9, pracuje s nimi hlavne cez ich podvedomie, kde ich r\u00f4znymi n\u00e1strojmi zbavuje star\u00fdch negat\u00edvnych a \u010dastokr\u00e1t hlbok\u00fdch presved\u010den\u00ed. Venuje sa problematike partnerstvu,&#8230;<\/span><\/p>\t\t\t\t\t\t<\/div>\n\t\t\t\t<\/div>\n\t\t\t\t<div class=\"elementor-element elementor-element-55552d7 elementor-align-left elementor-widget elementor-widget-button\" data-id=\"55552d7\" data-element_type=\"widget\" data-widget_type=\"button.default\">\n\t\t\t\t<div class=\"elementor-widget-container\">\n\t\t\t\t\t<div class=\"elementor-button-wrapper\">\n\t\t\t<a class=\"elementor-button elementor-button-link elementor-size-sm\" href=\"\/miroslav-haranta\">\n\t\t\t\t\t\t<span class=\"elementor-button-content-wrapper\">\n\t\t\t\t\t\t<span class=\"elementor-button-text\">Viac o Aryadeva...<\/span>\n\t\t<\/span>\n\t\t\t\t\t<\/a>\n\t\t<\/div>\n\t\t\t\t<\/div>\n\t\t\t\t<\/div>\n\t\t\t\t\t<\/div>\n\t\t<\/div>\n\t\t\t\t\t\t\t<\/div>\n\t\t<\/section>\n\t\t\t\t<section class=\"elementor-section elementor-top-section elementor-element elementor-element-6c9f232 elementor-reverse-mobile elementor-section-boxed elementor-section-height-default elementor-section-height-default\" data-id=\"6c9f232\" data-element_type=\"section\" data-settings=\"{&quot;background_background&quot;:&quot;classic&quot;,&quot;jet_parallax_layout_list&quot;:[]}\">\n\t\t\t\t\t\t<div class=\"elementor-container elementor-column-gap-no\">\n\t\t\t\t\t<div class=\"elementor-column elementor-col-50 elementor-top-column elementor-element elementor-element-cbe03d8 trainer-text-wrapper\" data-id=\"cbe03d8\" data-element_type=\"column\">\n\t\t\t<div class=\"elementor-widget-wrap elementor-element-populated\">\n\t\t\t\t\t\t\t\t<div class=\"elementor-element elementor-element-12a5036 elementor-widget elementor-widget-heading\" data-id=\"12a5036\" data-element_type=\"widget\" data-widget_type=\"heading.default\">\n\t\t\t\t<div class=\"elementor-widget-container\">\n\t\t\t<h4 class=\"elementor-heading-title elementor-size-default\">Kamyani <br>(Katar\u00edna Balog)<\/h4>\t\t<\/div>\n\t\t\t\t<\/div>\n\t\t\t\t<div class=\"elementor-element elementor-element-540fcbe elementor-widget elementor-widget-text-editor\" data-id=\"540fcbe\" data-element_type=\"widget\" data-widget_type=\"text-editor.default\">\n\t\t\t\t<div class=\"elementor-widget-container\">\n\t\t\t\t\t\t\t<p>Founder of Vijaya spiritual school<br \/><span style=\"font-style: normal; font-variant-ligatures: normal; font-variant-caps: normal; font-weight: 400; font-size: 16px; font-family: Archivo, Arial; letter-spacing: 0.3px;\">Tantra, Yoga and meditation\u00a0teacher\u00a0<br \/><\/span><span style=\"font-weight: 400; letter-spacing: 0.3px;\">Certificate of Science | Master of ThetaHealing,\u00a0<\/span><\/p>\t\t\t\t\t\t<\/div>\n\t\t\t\t<\/div>\n\t\t\t\t<div class=\"elementor-element elementor-element-f42cb3a elementor-widget elementor-widget-text-editor\" data-id=\"f42cb3a\" data-element_type=\"widget\" data-widget_type=\"text-editor.default\">\n\t\t\t\t<div class=\"elementor-widget-container\">\n\t\t\t\t\t\t\t<p>Je terapeutka, mentorka v oblasti sexuality a vz\u0165ahov, medzin\u00e1rodne certifikovan\u00e1 in\u0161truktorka ThetaHealing a certifikovan\u00e1 u\u010dite\u013eka autentickej Tantry.<\/p><p>Spolo\u010dne so svoj\u00edm partnerom vyu\u010duje a vedie kurzy autentickej Tantry (tantrick\u00e9 mas\u00e1\u017ee, tantrick\u00e1 sexualita), kurzy jogy a ThetaHealing\u00ae, ako aj z\u00e1\u017eitkov\u00e9 semin\u00e1re pre p\u00e1ry a jednotlivcov.<\/p>\t\t\t\t\t\t<\/div>\n\t\t\t\t<\/div>\n\t\t\t\t<div class=\"elementor-element elementor-element-0b4249e elementor-align-left elementor-widget elementor-widget-button\" data-id=\"0b4249e\" data-element_type=\"widget\" data-widget_type=\"button.default\">\n\t\t\t\t<div class=\"elementor-widget-container\">\n\t\t\t\t\t<div class=\"elementor-button-wrapper\">\n\t\t\t<a class=\"elementor-button elementor-button-link elementor-size-sm\" href=\"\/katarina-sayana-balog\">\n\t\t\t\t\t\t<span class=\"elementor-button-content-wrapper\">\n\t\t\t\t\t\t<span class=\"elementor-button-text\">Viac o Kamyani...<\/span>\n\t\t<\/span>\n\t\t\t\t\t<\/a>\n\t\t<\/div>\n\t\t\t\t<\/div>\n\t\t\t\t<\/div>\n\t\t\t\t\t<\/div>\n\t\t<\/div>\n\t\t\t\t<div class=\"elementor-column elementor-col-50 elementor-top-column elementor-element elementor-element-1c4dca2\" data-id=\"1c4dca2\" data-element_type=\"column\" data-settings=\"{&quot;background_background&quot;:&quot;classic&quot;}\">\n\t\t\t<div class=\"elementor-widget-wrap elementor-element-populated\">\n\t\t\t\t\t\t\t\t<div class=\"vamtam-has-theme-widget-styles elementor-element elementor-element-121a175 elementor-invisible elementor-widget elementor-widget-image\" data-id=\"121a175\" data-element_type=\"widget\" data-settings=\"{&quot;_animation&quot;:&quot;pulse&quot;,&quot;_animation_tablet&quot;:&quot;none&quot;,&quot;_animation_mobile&quot;:&quot;none&quot;,&quot;_animation_delay&quot;:600}\" data-e-bg-lazyload=\".elementor-widget-container\" data-widget_type=\"image.default\">\n\t\t\t\t<div class=\"elementor-widget-container\">\n\t\t\t\t\t\t\t<div class=\"elementor-image\">\n\t\t\t\t\t\t\t\t\t\t\t\t\t\t\t\t\t\t\t\t\t<img decoding=\"async\" width=\"1400\" height=\"1476\" src=\"https:\/\/haranta.sk\/wp-content\/uploads\/2026\/03\/Kamyani-profilova.png\" class=\"elementor-animation-grow attachment-full size-full wp-image-994228\" alt=\"\" srcset=\"https:\/\/haranta.sk\/wp-content\/uploads\/2026\/03\/Kamyani-profilova.png 1400w, https:\/\/haranta.sk\/wp-content\/uploads\/2026\/03\/Kamyani-profilova-285x300.png 285w, https:\/\/haranta.sk\/wp-content\/uploads\/2026\/03\/Kamyani-profilova-971x1024.png 971w, https:\/\/haranta.sk\/wp-content\/uploads\/2026\/03\/Kamyani-profilova-768x810.png 768w, https:\/\/haranta.sk\/wp-content\/uploads\/2026\/03\/Kamyani-profilova-11x12.png 11w, https:\/\/haranta.sk\/wp-content\/uploads\/2026\/03\/Kamyani-profilova-1260x1328.png 1260w, https:\/\/haranta.sk\/wp-content\/uploads\/2026\/03\/Kamyani-profilova-630x664.png 630w\" sizes=\"(max-width: 1400px) 100vw, 1400px\" \/>\t\t\t\t\t\t\t\t\t\t\t\t\t\t\t\t\t\t\t\t\t\t\t\t<\/div>\n\t\t\t\t\t\t<\/div>\n\t\t\t\t<\/div>\n\t\t\t\t\t<\/div>\n\t\t<\/div>\n\t\t\t\t\t\t\t<\/div>\n\t\t<\/section>\n\t\t\t\t<section class=\"elementor-section elementor-top-section elementor-element elementor-element-38ae46b elementor-section-boxed elementor-section-height-default elementor-section-height-default\" data-id=\"38ae46b\" data-element_type=\"section\" data-settings=\"{&quot;jet_parallax_layout_list&quot;:[]}\">\n\t\t\t\t\t\t<div class=\"elementor-container elementor-column-gap-no\">\n\t\t\t\t\t<div class=\"elementor-column elementor-col-100 elementor-top-column elementor-element elementor-element-d56f151\" data-id=\"d56f151\" data-element_type=\"column\">\n\t\t\t<div class=\"elementor-widget-wrap elementor-element-populated\">\n\t\t\t\t\t\t\t\t<div class=\"elementor-element elementor-element-aa6f8fc elementor-testimonial--skin-default elementor-testimonial--layout-image_inline elementor-testimonial--align-center elementor-arrows-yes elementor-widget elementor-widget-testimonial-carousel\" data-id=\"aa6f8fc\" data-element_type=\"widget\" data-settings=\"{&quot;autoplay_speed&quot;:7000,&quot;show_arrows&quot;:&quot;yes&quot;,&quot;speed&quot;:500,&quot;autoplay&quot;:&quot;yes&quot;,&quot;loop&quot;:&quot;yes&quot;,&quot;pause_on_hover&quot;:&quot;yes&quot;,&quot;pause_on_interaction&quot;:&quot;yes&quot;,&quot;space_between&quot;:{&quot;unit&quot;:&quot;px&quot;,&quot;size&quot;:10,&quot;sizes&quot;:[]},&quot;space_between_laptop&quot;:{&quot;unit&quot;:&quot;px&quot;,&quot;size&quot;:10,&quot;sizes&quot;:[]},&quot;space_between_tablet_extra&quot;:{&quot;unit&quot;:&quot;px&quot;,&quot;size&quot;:10,&quot;sizes&quot;:[]},&quot;space_between_tablet&quot;:{&quot;unit&quot;:&quot;px&quot;,&quot;size&quot;:10,&quot;sizes&quot;:[]},&quot;space_between_mobile_extra&quot;:{&quot;unit&quot;:&quot;px&quot;,&quot;size&quot;:10,&quot;sizes&quot;:[]},&quot;space_between_mobile&quot;:{&quot;unit&quot;:&quot;px&quot;,&quot;size&quot;:10,&quot;sizes&quot;:[]}}\" data-widget_type=\"testimonial-carousel.default\">\n\t\t\t\t<div class=\"elementor-widget-container\">\n\t\t\t\t\t<div class=\"elementor-swiper\">\n\t\t\t<div class=\"elementor-main-swiper swiper\">\n\t\t\t\t<div class=\"swiper-wrapper\">\n\t\t\t\t\t\t\t\t\t\t\t<div class=\"swiper-slide\">\n\t\t\t\t\t\t\t\t\t<div class=\"elementor-testimonial\">\n\t\t\t\t\t\t\t<div class=\"elementor-testimonial__content\">\n\t\t\t\t\t<div class=\"elementor-testimonial__text\">\n\t\t\t\t\t\tAk nedok\u00e1\u017eeme by\u0165 slobodn\u00ed sami v sebe, ako m\u00f4\u017eeme da\u0165 slobodu svojmu partnerovi a de\u0165om? \u010co im potom v skuto\u010dnosti d\u00e1vame okrem z\u00e1vislosti?\t\t\t\t\t<\/div>\n\t\t\t\t\t\t\t\t\t<\/div>\n\t\t\t\t\t\t<div class=\"elementor-testimonial__footer\">\n\t\t\t\t\t\t\t\t\t<div class=\"elementor-testimonial__image\">\n\t\t\t\t\t\t<img decoding=\"async\" src=\"https:\/\/haranta.sk\/wp-content\/uploads\/2023\/03\/m-haranta-foto-front.jpg\" alt=\"Miroslav Haranta Foto\">\n\t\t\t\t\t\t\t\t\t\t\t<\/div>\n\t\t\t\t\t\t\t\t<cite class=\"elementor-testimonial__cite\"><span class=\"elementor-testimonial__name\">Aryadeva<\/span><span class=\"elementor-testimonial__title\">terapeut, spisovate\u013e<\/span><\/cite>\t\t\t<\/div>\n\t\t<\/div>\n\t\t\t\t\t\t\t\t<\/div>\n\t\t\t\t\t\t\t\t\t\t\t<div class=\"swiper-slide\">\n\t\t\t\t\t\t\t\t\t<div class=\"elementor-testimonial\">\n\t\t\t\t\t\t\t<div class=\"elementor-testimonial__content\">\n\t\t\t\t\t<div class=\"elementor-testimonial__text\">\n\t\t\t\t\t\tPartnerstvo sa nerovn\u00e1 sex, vlastn\u00edctvo, pohltenie, doplnenie, istotu, strach z opustenia, z\u00e1vislos\u0165, uctievanie, nevera, nesloboda, manipul\u00e1cia podriadenie,...\n\nPartnerstvo sa rovn\u00e1 re\u0161pekt, podpora, sloboda, pr\u00eddavok, po\u010d\u00favanie, neha, v\u00e1\u0161e\u0148, z\u00e1ujem, bl\u00edzkos\u0165, tolerancia, prijatie, pochopenie, rovnos\u0165,...\t\t\t\t\t<\/div>\n\t\t\t\t\t\t\t\t\t<\/div>\n\t\t\t\t\t\t<div class=\"elementor-testimonial__footer\">\n\t\t\t\t\t\t\t\t\t<div class=\"elementor-testimonial__image\">\n\t\t\t\t\t\t<img decoding=\"async\" src=\"https:\/\/haranta.sk\/wp-content\/uploads\/2023\/03\/m-haranta-foto-front.jpg\" alt=\"Miroslav Haranta Foto\">\n\t\t\t\t\t\t\t\t\t\t\t<\/div>\n\t\t\t\t\t\t\t\t<cite class=\"elementor-testimonial__cite\"><span class=\"elementor-testimonial__name\">Aryadeva<\/span><span class=\"elementor-testimonial__title\">terapeut, spisovate\u013e<\/span><\/cite>\t\t\t<\/div>\n\t\t<\/div>\n\t\t\t\t\t\t\t\t<\/div>\n\t\t\t\t\t\t\t\t\t\t\t<div class=\"swiper-slide\">\n\t\t\t\t\t\t\t\t\t<div class=\"elementor-testimonial\">\n\t\t\t\t\t\t\t<div class=\"elementor-testimonial__content\">\n\t\t\t\t\t<div class=\"elementor-testimonial__text\">\n\t\t\t\t\t\tPartnerstvo je ako kv\u00e1sok, pokia\u013e ho \u017eiv\u00edte a star\u00e1te sa o neho prekypuje, no a prestanete, r\u00fdchlo zahynie.\t\t\t\t\t<\/div>\n\t\t\t\t\t\t\t\t\t<\/div>\n\t\t\t\t\t\t<div class=\"elementor-testimonial__footer\">\n\t\t\t\t\t\t\t\t\t<div class=\"elementor-testimonial__image\">\n\t\t\t\t\t\t<img decoding=\"async\" src=\"https:\/\/haranta.sk\/wp-content\/uploads\/2023\/03\/m-haranta-foto-front.jpg\" alt=\"Miroslav Haranta Foto\">\n\t\t\t\t\t\t\t\t\t\t\t<\/div>\n\t\t\t\t\t\t\t\t<cite class=\"elementor-testimonial__cite\"><span class=\"elementor-testimonial__name\">Aryadeva<\/span><span class=\"elementor-testimonial__title\">terapeut, spisovate\u013e<\/span><\/cite>\t\t\t<\/div>\n\t\t<\/div>\n\t\t\t\t\t\t\t\t<\/div>\n\t\t\t\t\t\t\t\t\t\t\t<div class=\"swiper-slide\">\n\t\t\t\t\t\t\t\t\t<div class=\"elementor-testimonial\">\n\t\t\t\t\t\t\t<div class=\"elementor-testimonial__content\">\n\t\t\t\t\t<div class=\"elementor-testimonial__text\">\n\t\t\t\t\t\tAk sa prestaneme v rozhovore sna\u017ei\u0165 nie\u010do poveda\u0165 a za\u010dneme po\u010d\u00fava\u0165, zist\u00edme, \u017ee m\u00e1me zrazu priestor naozaj po\u010d\u00fava\u0165 a vn\u00edma\u0165.\t\t\t\t\t<\/div>\n\t\t\t\t\t\t\t\t\t<\/div>\n\t\t\t\t\t\t<div class=\"elementor-testimonial__footer\">\n\t\t\t\t\t\t\t\t\t<div class=\"elementor-testimonial__image\">\n\t\t\t\t\t\t<img decoding=\"async\" src=\"https:\/\/haranta.sk\/wp-content\/uploads\/2023\/03\/m-haranta-foto-front.jpg\" alt=\"Miroslav Haranta Foto\">\n\t\t\t\t\t\t\t\t\t\t\t<\/div>\n\t\t\t\t\t\t\t\t<cite class=\"elementor-testimonial__cite\"><span class=\"elementor-testimonial__name\">Aryadeva<\/span><span class=\"elementor-testimonial__title\">terapeut, spisovate\u013e<\/span><\/cite>\t\t\t<\/div>\n\t\t<\/div>\n\t\t\t\t\t\t\t\t<\/div>\n\t\t\t\t\t\t\t\t\t<\/div>\n\t\t\t\t\t\t\t\t\t\t\t\t\t\t\t\t\t\t\t\t<div class=\"elementor-swiper-button elementor-swiper-button-prev\" role=\"button\" tabindex=\"0\">\n\t\t\t\t\t\t\t<svg aria-hidden=\"true\" class=\"e-font-icon-svg e-eicon-chevron-left\" viewBox=\"0 0 1000 1000\" xmlns=\"http:\/\/www.w3.org\/2000\/svg\"><path d=\"M646 125C629 125 613 133 604 142L308 442C296 454 292 471 292 487 292 504 296 521 308 533L604 854C617 867 629 875 646 875 663 875 679 871 692 858 704 846 713 829 713 812 713 796 708 779 692 767L438 487 692 225C700 217 708 204 708 187 708 171 704 154 692 142 675 129 663 125 646 125Z\"><\/path><\/svg>\t\t\t\t\t\t\t<span class=\"elementor-screen-only\">Previous<\/span>\n\t\t\t\t\t\t<\/div>\n\t\t\t\t\t\t<div class=\"elementor-swiper-button elementor-swiper-button-next\" role=\"button\" tabindex=\"0\">\n\t\t\t\t\t\t\t<svg aria-hidden=\"true\" class=\"e-font-icon-svg e-eicon-chevron-right\" viewBox=\"0 0 1000 1000\" xmlns=\"http:\/\/www.w3.org\/2000\/svg\"><path d=\"M696 533C708 521 713 504 713 487 713 471 708 454 696 446L400 146C388 133 375 125 354 125 338 125 325 129 313 142 300 154 292 171 292 187 292 204 296 221 308 233L563 492 304 771C292 783 288 800 288 817 288 833 296 850 308 863 321 871 338 875 354 875 371 875 388 867 400 854L696 533Z\"><\/path><\/svg>\t\t\t\t\t\t\t<span class=\"elementor-screen-only\">Next<\/span>\n\t\t\t\t\t\t<\/div>\n\t\t\t\t\t\t\t\t\t\t\t\t<\/div>\n\t\t<\/div>\n\t\t\t\t<\/div>\n\t\t\t\t<\/div>\n\t\t\t\t\t<\/div>\n\t\t<\/div>\n\t\t\t\t\t\t\t<\/div>\n\t\t<\/section>\n\t\t\t\t\t\t\t<\/div>\n\t\t","protected":false},"excerpt":{"rendered":"<p>Sprev\u00e1dzame v\u00e1s na ceste sp\u00e4\u0165 k v\u00e1\u0161mu prav\u00e9mu ja prostredn\u00edctvom autentick\u00fdch u\u010den\u00ed a modern\u00fdch n\u00e1strojov s pr\u00e1cou s energiou. N\u00e1\u0161 projekt sa zrodil z hlbokej t\u00fa\u017eby zdie\u013ea\u0165 autentick\u00e9 duchovn\u00e9 cesty, ktor\u00e9 ved\u00fa k skuto\u010dn\u00fdm vn\u00fatorn\u00fdm zmen\u00e1m.Ver\u00edme, \u017ee ka\u017ed\u00fd m\u00e1 potenci\u00e1l \u017ei\u0165 \u017eivot v harm\u00f3nii, radosti a hlbokom napojen\u00ed. Aryadeva(Miroslav Haranta) Founder of Vijaya spiritual schoolTantra,&#8230;<\/p>","protected":false},"author":1,"featured_media":0,"parent":0,"menu_order":0,"comment_status":"closed","ping_status":"closed","template":"","meta":{"pmpro_default_level":"","iawp_total_views":169,"footnotes":""},"class_list":["post-172","page","type-page","status-publish","hentry","pmpro-has-access"],"acf":[],"_links":{"self":[{"href":"https:\/\/haranta.sk\/en\/wp-json\/wp\/v2\/pages\/172","targetHints":{"allow":["GET"]}}],"collection":[{"href":"https:\/\/haranta.sk\/en\/wp-json\/wp\/v2\/pages"}],"about":[{"href":"https:\/\/haranta.sk\/en\/wp-json\/wp\/v2\/types\/page"}],"author":[{"embeddable":true,"href":"https:\/\/haranta.sk\/en\/wp-json\/wp\/v2\/users\/1"}],"replies":[{"embeddable":true,"href":"https:\/\/haranta.sk\/en\/wp-json\/wp\/v2\/comments?post=172"}],"version-history":[{"count":46,"href":"https:\/\/haranta.sk\/en\/wp-json\/wp\/v2\/pages\/172\/revisions"}],"predecessor-version":[{"id":994507,"href":"https:\/\/haranta.sk\/en\/wp-json\/wp\/v2\/pages\/172\/revisions\/994507"}],"wp:attachment":[{"href":"https:\/\/haranta.sk\/en\/wp-json\/wp\/v2\/media?parent=172"}],"curies":[{"name":"wp","href":"https:\/\/api.w.org\/{rel}","templated":true}]}}